{"id":3251,"date":"2024-01-08T11:33:24","date_gmt":"2024-01-08T10:33:24","guid":{"rendered":"https:\/\/wordpress.nibis.de\/hmo\/?page_id=3251"},"modified":"2026-03-27T08:54:16","modified_gmt":"2026-03-27T07:54:16","slug":"das-sind-wir","status":"publish","type":"page","link":"https:\/\/wordpress.nibis.de\/hmo\/das-sind-wir\/","title":{"rendered":"Das sind wir"},"content":{"rendered":"\n<p>Hallo, wir sind Andre Merz und Daniela Schl\u00f6mer, Schulsozialarbeiter an der Heinrich-Middendorf-Oberschule und m\u00f6chten uns mit diesem Steckbrief bei Ihnen\/bei Euch vorstellen:<\/p>\n\n\n<div class=\"wp-block-image\">\n<figure class=\"aligncenter size-full\"><img loading=\"lazy\" decoding=\"async\" width=\"409\" height=\"506\" src=\"https:\/\/wordpress.nibis.de\/hmo\/files\/2024\/01\/Andre_Merz.png\" alt=\"\" class=\"wp-image-3255\" \/><\/figure>\n<\/div>\n\n\n<ul class=\"wp-block-list\">\n<li><strong>Name<\/strong>:&nbsp; &nbsp;&nbsp;&nbsp;&nbsp;&nbsp;&nbsp; Andre Merz<\/li>\n\n\n\n<li><strong>Beruf<\/strong>: &nbsp;&nbsp;&nbsp;&nbsp;&nbsp;&nbsp;&nbsp;&nbsp; Diplom-P\u00e4dagoge, systemischer Familienberater, Tischlermeister<\/li>\n\n\n\n<li><strong>Alter<\/strong>:&nbsp;&nbsp;&nbsp;&nbsp;&nbsp;&nbsp;&nbsp;&nbsp;&nbsp;&nbsp; 53<\/li>\n\n\n\n<li><strong>Kinder<\/strong>: &nbsp;&nbsp;&nbsp;&nbsp;&nbsp;&nbsp; 2 (18 und 20 Jahre alt)<\/li>\n\n\n\n<li><strong>Haustiere<\/strong>:   Yala, 9 Jahre alte Labraski-H\u00fcndin<\/li>\n\n\n\n<li><strong>Hobbys<\/strong>:&nbsp;&nbsp;&nbsp;&nbsp;&nbsp; Volleyball, Motorradfahren, Skifahren, Live-Konzerte<\/li>\n\n\n\n<li><strong>Musik<\/strong>:&nbsp;&nbsp;&nbsp;&nbsp;&nbsp;&nbsp;&nbsp;&nbsp; Alligatoah, Kraftklub, Madsen, Faun<\/li>\n\n\n\n<li><strong>Was ich gar nicht kann<\/strong>: Singen<\/li>\n\n\n\n<li><strong>Lieblingsfilm<\/strong>:&nbsp;&nbsp;&nbsp; &nbsp;&nbsp;&nbsp;&nbsp;&nbsp;&nbsp;&nbsp;&nbsp;&nbsp;&nbsp;&nbsp;&nbsp;&nbsp; Braveheart, Forrest Gump<\/li>\n\n\n\n<li><strong>Lieblingsserie<\/strong>:&nbsp; &nbsp;&nbsp;&nbsp;&nbsp;&nbsp;&nbsp;&nbsp;&nbsp;&nbsp;&nbsp;&nbsp;&nbsp;&nbsp; Breaking Bad<\/li>\n\n\n\n<li><strong>Lieblingspodcast<\/strong>: &nbsp;&nbsp;&nbsp;&nbsp;&nbsp;&nbsp;&nbsp;&nbsp;&nbsp; \u201eBratwurst und Baklava\u201c und \u201eLanz und Precht\u201c<\/li>\n\n\n\n<li><strong>Lieblingsessen<\/strong>:&nbsp;&nbsp;&nbsp;&nbsp;&nbsp;&nbsp;&nbsp;&nbsp;&nbsp;&nbsp;&nbsp;&nbsp;&nbsp;&nbsp; Alles was Nudeln hat<\/li>\n\n\n\n<li><strong>Was ich gerne mehr machen w\u00fcrde<\/strong>: mehr Reisen und neue L\u00e4nder erkunden<\/li>\n\n\n\n<li><strong>Was ich nicht gut finde<\/strong>:&nbsp;&nbsp;&nbsp;&nbsp;&nbsp; Ungerechtigkeit und Ignoranz<\/li>\n\n\n\n<li><strong>Besondere F\u00e4higkeit<\/strong>: &nbsp;&nbsp;&nbsp;&nbsp;&nbsp;&nbsp;&nbsp;&nbsp;&nbsp; Kann gut zuh\u00f6ren und arbeitet ressourcen- und l\u00f6sungsorientiert<\/li>\n<\/ul>\n\n\n\n<ul class=\"wp-block-list\">\n<li><strong>Meine gr\u00f6\u00dfte Schw\u00e4che<\/strong>:&nbsp;&nbsp;&nbsp; 300g Milka-Schokolade Toffee- ganze Nuss<\/li>\n\n\n\n<li><strong>Mein Motto<\/strong>:<\/li>\n<\/ul>\n\n\n\n<p class=\"has-text-align-center\">Wenn Du immer wieder das tust, <\/p>\n\n\n\n<p class=\"has-text-align-center\">was Du immer schon getan hast,<\/p>\n\n\n\n<p class=\"has-text-align-center\">dann wirst Du immer wieder das bekommen,<\/p>\n\n\n\n<p class=\"has-text-align-center\">was Du immer schon bekommen hast.<\/p>\n\n\n\n<p class=\"has-text-align-center\">Wenn Du etwas anderes haben willst,<\/p>\n\n\n\n<p class=\"has-text-align-center\">musst Du etwas anderes tun!<\/p>\n\n\n\n<p class=\"has-text-align-center\">Und wenn das, was Du tust, Dich nicht weiterbringt,<\/p>\n\n\n\n<p class=\"has-text-align-center\">dann tu etwas v\u00f6llig Anderes \u2013<\/p>\n\n\n\n<p class=\"has-text-align-center\">statt mehr vom gleichen Falschen!<\/p>\n\n\n\n<p class=\"has-text-align-center\"><em>Paul&nbsp; Watzlawick, Philosoph, 1921 \u2013 2007<\/em><\/p>\n\n\n\n<p>\u00a0<\/p>\n<p>\u00a0<\/p>\n\n\n\n<figure class=\"wp-block-image size-full\"><img loading=\"lazy\" decoding=\"async\" width=\"945\" height=\"972\" src=\"https:\/\/wordpress.nibis.de\/hmo\/files\/2026\/03\/image-1.png\" alt=\"\" class=\"wp-image-4687\" srcset=\"https:\/\/wordpress.nibis.de\/hmo\/files\/2026\/03\/image-1.png 945w, https:\/\/wordpress.nibis.de\/hmo\/files\/2026\/03\/image-1-768x790.png 768w, https:\/\/wordpress.nibis.de\/hmo\/files\/2026\/03\/image-1-100x103.png 100w\" sizes=\"auto, (max-width: 945px) 100vw, 945px\" \/><\/figure>\n\n\n\n\n\n<ul>\n<li><strong>Name<\/strong>: Daniela Schl\u00f6mer<\/li>\n<li><strong>Beruf<\/strong>: Heilp\u00e4dagogin<\/li>\n<li><strong>Alter<\/strong>: 31\u00a0\u00a0\u00a0\u00a0\u00a0\u00a0\u00a0\u00a0<\/li>\n<li><strong>Kinder<\/strong>: \/<\/li>\n<li><strong>Haustiere<\/strong>: \/<\/li>\n<li><strong>Hobbys<\/strong>: Fitnessstudio, Camping, 3D-Druck<\/li>\n<li><strong>Musik<\/strong>: Die \u00c4rzte, Montreal, Ton Steine Scherben<\/li>\n<li><strong>Was ich gar nicht kann<\/strong>: Singen und Klatschen gleichzeitig<\/li>\n<li><strong>Lieblingsfilm<\/strong>: \/<\/li>\n<li><strong>Lieblingsserie<\/strong>: Friends<\/li>\n<li><strong>Lieblingspodcast<\/strong>: Trashologinnen<\/li>\n<li><strong>Lieblingsessen<\/strong>: selbstgemachte Burger<\/li>\n<li><strong>Was ich gerne mehr machen w\u00fcrde<\/strong>: mit unserem T4 unterwegs sein<\/li>\n<li><strong>Was ich nicht gut finde<\/strong>: L\u00fcgen und Ungerechtigkeit<\/li>\n<li><strong>Besondere F\u00e4higkeit<\/strong>: ich bin organisiert, kann gut zuh\u00f6ren<\/li>\n<li><strong>Meine gr\u00f6\u00dfte Schw\u00e4che<\/strong>: Vollmilchschokolade aus dem K\u00fchlschrank<\/li>\n<li><strong>Mein Motto<\/strong>: Ich bin ohne Motto unterwegs<\/li>\n<\/ul>\n<p>\u00a0<\/p>\n<p>\u00a0<\/p>\n<p>\u00a0<\/p>\n","protected":false},"excerpt":{"rendered":"<p>Hallo, wir sind Andre Merz und Daniela Schl\u00f6mer, Schulsozialarbeiter an der Heinrich-Middendorf-Oberschule und m\u00f6chten uns mit diesem Steckbrief bei Ihnen\/bei Euch vorstellen: Wenn Du immer wieder das tust, was Du <a class=\"more-link\" href=\"https:\/\/wordpress.nibis.de\/hmo\/das-sind-wir\/\">Continue Reading &rarr;<\/a><\/p>\n","protected":false},"author":9193876,"featured_media":0,"parent":0,"menu_order":0,"comment_status":"closed","ping_status":"closed","template":"","meta":{"footnotes":""},"class_list":["post-3251","page","type-page","status-publish","hentry"],"_links":{"self":[{"href":"https:\/\/wordpress.nibis.de\/hmo\/wp-json\/wp\/v2\/pages\/3251","targetHints":{"allow":["GET"]}}],"collection":[{"href":"https:\/\/wordpress.nibis.de\/hmo\/wp-json\/wp\/v2\/pages"}],"about":[{"href":"https:\/\/wordpress.nibis.de\/hmo\/wp-json\/wp\/v2\/types\/page"}],"author":[{"embeddable":true,"href":"https:\/\/wordpress.nibis.de\/hmo\/wp-json\/wp\/v2\/users\/9193876"}],"replies":[{"embeddable":true,"href":"https:\/\/wordpress.nibis.de\/hmo\/wp-json\/wp\/v2\/comments?post=3251"}],"version-history":[{"count":4,"href":"https:\/\/wordpress.nibis.de\/hmo\/wp-json\/wp\/v2\/pages\/3251\/revisions"}],"predecessor-version":[{"id":4688,"href":"https:\/\/wordpress.nibis.de\/hmo\/wp-json\/wp\/v2\/pages\/3251\/revisions\/4688"}],"wp:attachment":[{"href":"https:\/\/wordpress.nibis.de\/hmo\/wp-json\/wp\/v2\/media?parent=3251"}],"curies":[{"name":"wp","href":"https:\/\/api.w.org\/{rel}","templated":true}]}}