{"id":3293,"date":"2024-02-05T11:53:34","date_gmt":"2024-02-05T10:53:34","guid":{"rendered":"https:\/\/wordpress.nibis.de\/hmo\/?page_id=3293"},"modified":"2025-10-29T11:27:43","modified_gmt":"2025-10-29T10:27:43","slug":"unsere-berufsorientierungsangebote","status":"publish","type":"page","link":"https:\/\/wordpress.nibis.de\/hmo\/unsere-berufsorientierungsangebote\/","title":{"rendered":"Unsere Berufsorientierungsangebote"},"content":{"rendered":"\n<header class=\"entry-header\"><b>Unser gemeinsamer Weg in das Berufsleben<\/b><\/header>\n<div class=\"entry-content\">\n<p>Unsere berufliche Vorbereitung ist vielseitig aufgebaut, und sie beinhaltet verschiedene Elemente, um eine optimale Vorbereitung sicherzustellen. Ma\u00dfnahmen, die zu diesem Zweck ergriffen werden,\u00a0 umfassen:<\/p>\n<details open=\"open\">\u00a0\u00a0\n<summary>Jahrgang 7<\/summary>\n<p>Ab der 7. Klasse unterrichten wir die Sch\u00fcler*innen im Fach Wirtschaft, um ihnen wichtige Kenntnisse und F\u00e4higkeiten in diesem Bereich zu vermitteln. Zudem k\u00f6nnen die Sch\u00fcler*innen am Zukunftstag teilnehmen und erleben an diesem Tag einen \u201eSchnuppertag\u201c in einem Betrieb ihrer Wahl. Ziel ist, dadurch die Zukunftsperspektiven f\u00fcr Kinder und Jugendliche zu verbessern. M\u00e4dchen und Jungen sollen dazu angeregt werden, die traditionell unterschiedlichen Berufswelterfahrungen zu \u00fcberpr\u00fcfen und mit ihrer Lebenslaufplanung zu verbinden.\u00a0\u00a0<\/p>\n<\/details><details open=\"open\">\u00a0\u00a0\u00a0\n<summary>Jahrgang 8<\/summary>\n\u00a0\u00a0\n<p><strong>Die Potenzialanalyse<\/strong><\/p>\n<p>Die Potenzialanalyse wertet sowohl Einzel- als auch Gruppenaufgaben aus und bietet Einblicke in die individuellen St\u00e4rken und Interessen sowie Entwicklungsbereiche der Sch\u00fclerinnen und Sch\u00fcler. Diese Resultate dienen zur Dokumentation der individuellen Lernentwicklung und liefern erste Anhaltspunkte f\u00fcr eine berufliche Orientierung. Im Rahmen eines Auswertungsgespr\u00e4chs werden die Ergebnisse mit den Sch\u00fclerinnen und Sch\u00fclern sowie gegebenenfalls ihren Erziehungsberechtigten ausf\u00fchrlich er\u00f6rtert.<\/p>\n<p><strong>Profilfindungswoche an der BBS Papenburg<\/strong><\/p>\n<p>Zur Profilfindung zu Beginn des 2. Halbjahres im 8. Jahrgang haben unsere Sch\u00fclerinnen und Sch\u00fcler die Gelegenheit, an einer Profilfindungswoche an der BBS Papenburg teilzunehmen. W\u00e4hrend dieser Woche k\u00f6nnen die Sch\u00fcler verschiedene Module ausw\u00e4hlen, um mindestens zwei Profilf\u00e4cher genauer zu erkunden. Dabei steht die praktische Erfahrung im Vordergrund, wodurch die Sch\u00fcler die M\u00f6glichkeit haben, Einblicke in verschiedene Ausbildungsberufe und schulische Ausbildungsm\u00f6glichkeiten zu gewinnen, und sich mit dem regionalen Arbeitsmarkt vertraut zu machen.<\/p>\n<p>Das Hauptziel besteht darin, dass die Sch\u00fcler in den Klassen 9 und 10 ein passendes Profilfach ausw\u00e4hlen k\u00f6nnen. Die zur Auswahl stehenden Wahlpflichtprofilf\u00e4cher sind Wirtschaft, Technik, Gesundheit und Soziales, sowie die Fortsetzung des Fremdsprachenprofils Franz\u00f6sisch.<\/p>\n<p><strong>Berufswahlpass<\/strong><\/p>\n<p>Die Sch\u00fclerinnen und Sch\u00fcler erfassen ihren individuellen Fortschritt bei der Berufs- und Studienorientierung in einem Berufswahlpass oder Berufswahlordner. Lehrerinnen und Lehrer unterst\u00fctzen und begleiten diesen Prozess von der 8. Klasse bis zur Schulabschlussklasse. Dies erm\u00f6glicht den Sch\u00fclern, vor ihrem Schulaustritt eine fundierte Entscheidung hinsichtlich ihrer zuk\u00fcnftigen Ausbildungsberufe oder der weiterf\u00fchrenden schulischen Bildung zu treffen.<\/p>\n<p><strong>Praktikum<\/strong><\/p>\n<p>Das erste Sch\u00fclerbetriebspraktikum erstreckt sich \u00fcber zehn aufeinanderfolgende Schultage und wird normalerweise in einem Unternehmen oder einer anderen geeigneten Einrichtung absolviert. Dieses Blockpraktikum findet im 8. Jahrgang direkt nach den Osterferien statt und ist in den Lehrplan des Fachs Wirtschaft integriert. Die Lehrkr\u00e4fte im Fach Wirtschaft sind die Ansprechpartner f\u00fcr die Sch\u00fclerinnen und Sch\u00fcler w\u00e4hrend ihres Praktikums.<\/p>\n<p><strong>Zusammenarbeit mit der Agentur f\u00fcr Arbeit<\/strong><\/p>\n<p>Die Schule pflegt eine enge Zusammenarbeit mit ihrer zugewiesenen Berufsberaterin Frau Pielage. Diese wird nach M\u00f6glichkeit in den Unterricht integriert und hat regelm\u00e4\u00dfig Gelegenheit, mit den Sch\u00fclerinnen und Sch\u00fclern \u00fcber ihren individuellen Berufs- und Studienorientierungsprozess zu sprechen und bietet Unterst\u00fctzung an.<\/p>\n<p>Zus\u00e4tzlich werden den Sch\u00fclerinnen und Sch\u00fclern Informationsmaterialien bereitgestellt, die von der Agentur f\u00fcr Arbeit ver\u00f6ffentlicht werden. Dazu geh\u00f6ren unter anderem die Brosch\u00fcren \u201cPlanet-Beruf\u201d und das Ausbildungsverzeichnis \u201cBeruf Aktuell\u201d, die im Unterricht verwendet werden.<\/p>\n<p><strong>Ausbildungsmesse Chance Azubi<\/strong><\/p>\n<p>Der Besuch der Ausbildungsmesse Chance Azubi im Jahrgang 8 dient dazu, erste Kontakte zu Firmen zu kn\u00fcpfen und den regionalen Ausbildungsmarkt kennenzulernen. Die Teilnahme f\u00fcr den Jahrgang 8 ist freiwillig.<\/p>\n<\/details><details open=\"open\">\n<summary>Jahrgang 9<\/summary>\n<p><strong>Praktikum<\/strong><\/p>\n<p>Das zweite Sch\u00fclerbetriebspraktikum erstreckt sich \u00fcber zehn aufeinanderfolgende Schultage und wird normalerweise in einem Unternehmen oder einer anderen geeigneten Einrichtung absolviert. Dieses Blockpraktikum findet im 9. Jahrgang direkt nach den Herbstferien statt und ist in den Lehrplan des Fachs Wirtschaft integriert. Die Lehrkr\u00e4fte im Fach Wirtschaft sind die Ansprechpartner f\u00fcr die Sch\u00fclerinnen und Sch\u00fcler w\u00e4hrend ihres Praktikums.<\/p>\n<p><strong>Ausbildungsmesse Chance Azubi<\/strong><\/p>\n<p>Die Sch\u00fclerinnen und Sch\u00fcler der Jahrgangsstufe 9 nehmen an der\u00a0<a href=\"https:\/\/www.bib-emsland.de\/das_ist_die_bib_emsland\/herzlich_willkommen_zur_bib_emsland.html\">Berufsinformationsb\u00f6rse (BIB)<\/a>\u00a0der BBS Papenburg sowie an der\u00a0<a href=\"http:\/\/www.chance-azubi.de\/\">Ausbildungsmesse \u201cChance Azubi\u201d<\/a>, die in unserer Schule stattfindet, teil. Dank einer gezielten Vorbereitung haben die Sch\u00fcler*innen die M\u00f6glichkeit, verschiedene Berufe entsprechend ihrer Interessen zu erkunden, mit \u00f6rtlichen Unternehmen in Kontakt zu treten und nach Praktikumspl\u00e4tzen oder Ausbildungsm\u00f6glichkeiten Ausschau zu halten. Der Termin f\u00fcr die Chance Azubi ist i.d.R. Mitte Januar.<\/p>\n<p><strong>BBS Infoabend<\/strong><\/p>\n<p>Vor der Ausgabe der Halbjahreszeugnisse f\u00fcr die 9. und 10. Klasse veranstaltet die\u00a0<a href=\"http:\/\/www.bbs-papenburg.de\/\">BBS Papenburg<\/a>\u00a0einen Informationsabend an der HMO. Hierbei werden den Eltern und Sch\u00fclern Einblicke in die verschiedenen Schulformen, ihre Lehrinhalte und die jeweiligen Zugangsvoraussetzungen vermittelt. W\u00e4hrend dieser Veranstaltung haben Eltern und Sch\u00fcler die Gelegenheit, gezielte Fragen zu stellen. Die Teilnahme f\u00fcr den JG 9 ist insbesondere f\u00fcr Abschlusssch\u00fcler*innen eine \u201ePflichtveranstaltung\u201c.<\/p>\n<p><strong>Zusammenarbeit mit der Agentur f\u00fcr Arbeit<\/strong><\/p>\n<p>Schule und Berufsberatung der Bundesagentur f\u00fcr Arbeit arbeiten gemeinsam im Rahmen des Berufs- und Studienorientierungsprozesses, um das gemeinsame Ziel zu erreichen, allen Sch\u00fclerinnen und Sch\u00fclern einen m\u00f6glichst reibungslosen und erfolgreichen \u00dcbergang in eine Ausbildung, ein Studium oder weiterf\u00fchrende Bildungsm\u00f6glichkeiten zu erm\u00f6glichen. Die Berufsberatung wird jeden Mittwoch direkt in der Schule durchgef\u00fchrt. Gerne d\u00fcrfen auch Eltern an den Beratungsgespr\u00e4chen teilnehmen. Die Kontaktdaten von Frau Pielage finden Sie ebenfalls auf unserer Schulhomepage.<\/p>\n<p><strong>Berufsorientierungstag<\/strong><\/p>\n<p>Der Berufsorientierungstag bietet den Sch\u00fcler*innen theoretische und praktische Einblicke in die Ausbildungsm\u00f6glichkeiten und T\u00e4tigkeiten verschiedenster Berufsbilder in den Bereichen Wirtschaft, Industrie, Handwerk, Gesundheit und Soziales sowie Banken und Versicherungen. Hierzu l\u00e4dt die HMO verschiedene Unternehmen aus unserer Region ein und informiert die Sch\u00fcler*innen \u00fcber die m\u00f6glichen Berufsbilder sowie Unternehmen. Der Tag ist so gestaltet, dass die Sch\u00fcler*innen nach einer kurzen Begr\u00fc\u00dfung mit einem Unternehmensvertreter in die jeweiligen Betriebe fahren. Dort lernen die Sch\u00fcler*innen das Berufsbild kennen und k\u00f6nnen sich vor Ort einen Eindruck von dem Unternehmen verschaffen. Im Unterricht wird der Berufsorientierungstag vor- und nachbereitet und der Berufsorientierungstag verhalf schon einigen Sch\u00fcler*innen auf diese Weise in die Ausbildung.<\/p>\n<p><strong>Weitere Angebote<\/strong><\/p>\n<p>In Zusammenarbeit mit au\u00dferschulischen Partnern sowie organisiert von den Fachschaften werden an unserer Schule Betriebserkundungen sowie Projekttage angeboten. Beispielhaft kann hier auf einem\u00a0<a href=\"https:\/\/wordpress.nibis.de\/hmo\/aktuelles\/expertenbefragung-zum-thema-start-in-die-berufswelt-im-jahrgang-8\/\">Expertentalk<\/a>\u00a0mit der Ems-Achse verwiesen werden oder auch auf das Bewerbungstraining in Zusammenarbeit mit der AOK Niedersachsen. \u00a0 \u00a0 \u00a0 \u00a0 \u00a0 \u00a0\u00a0<\/p>\n<\/details><details open=\"open\">\u00a0\u00a0\u00a0\n<summary>Jahrgang 10<\/summary>\n\u00a0\u00a0\n<p><strong>Praktikum<\/strong><\/p>\n<p>Das dritte Sch\u00fclerbetriebspraktikum erstreckt sich \u00fcber einen Zeitraum von zehn aufeinanderfolgenden Schultagen und wird in der Regel in einem Unternehmen oder einer anderen geeigneten Einrichtung absolviert. Dieses Blockpraktikum findet im 10. Jahrgang unmittelbar vor den Herbstferien statt und ist fest in den Lehrplan des Fachs Wirtschaft integriert. W\u00e4hrend des Praktikums dienen die Lehrkr\u00e4fte im Fach Wirtschaft als zentrale Ansprechpartner f\u00fcr die Sch\u00fclerinnen und Sch\u00fcler, um ihnen bei Fragen und Anliegen zur Seite zu stehen.<\/p>\n<p><strong>Ausbildungsmesse Chance Azubi<\/strong><\/p>\n<p>Die Sch\u00fclerinnen und Sch\u00fcler der Jahrgangsstufe 10 nehmen an der\u00a0<a href=\"https:\/\/www.bib-emsland.de\/das_ist_die_bib_emsland\/herzlich_willkommen_zur_bib_emsland.html\">Berufsinformationsb\u00f6rse<\/a>\u00a0(BIB) der BBS Papenburg sowie an der\u00a0<a href=\"http:\/\/www.chance-azubi.de\/\">Ausbildungsmesse \u201cChance Azubi\u201d<\/a>, die in unserer Schule stattfindet, teil. Durch eine gezielte Vorbereitung erhalten die Sch\u00fclerinnen und Sch\u00fcler die M\u00f6glichkeit, verschiedene Berufsfelder entsprechend ihrer Interessen zu erkunden, Kontakt mit \u00f6rtlichen Unternehmen aufzunehmen und nach Praktikumspl\u00e4tzen oder Ausbildungsm\u00f6glichkeiten zu suchen. Der Termin f\u00fcr die \u201cChance Azubi\u201d liegt in der Regel in der Mitte des Monats Januar.<\/p>\n<p><strong>BBS Infoabend<\/strong><\/p>\n<p>Vor der Ausgabe der Halbjahreszeugnisse f\u00fcr die 10. Klasse organisiert die\u00a0<a href=\"http:\/\/www.bbs-papenburg.de\/\">BBS Papenburg<\/a>\u00a0einen Informationsabend an der HMO. Bei dieser Veranstaltung erhalten Eltern und Sch\u00fcler Einblicke in die verschiedenen Schulformen, ihre Lehrinhalte sowie die jeweiligen Zugangsvoraussetzungen. W\u00e4hrend des Informationsabends haben Eltern und Sch\u00fcler die M\u00f6glichkeit, gezielte Fragen zu stellen und weitere Informationen zu erhalten.<\/p>\n<p><strong>Zusammenarbeit mit der Agentur f\u00fcr Arbeit<\/strong><\/p>\n<p>Schule und die Berufsberatung der Bundesagentur f\u00fcr Arbeit arbeiten eng zusammen im Rahmen des Berufs- und Studienorientierungsprozesses, um das gemeinsame Ziel zu verfolgen, allen Sch\u00fclerinnen und Sch\u00fclern einen m\u00f6glichst reibungslosen und erfolgreichen \u00dcbergang in eine Ausbildung, ein Studium oder weiterf\u00fchrende Bildungsm\u00f6glichkeiten zu erm\u00f6glichen. Die Berufsberatung findet jeden Mittwoch direkt in der Schule statt, und Eltern sind herzlich eingeladen, an den Beratungsgespr\u00e4chen teilzunehmen. Die Kontaktdaten von Frau Pielage sind ebenfalls auf unserer Schulhomepage verf\u00fcgbar.<\/p>\n<p><strong>Berufsorientierungstag<\/strong><\/p>\n<p>Der Berufsorientierungstag bietet Sch\u00fclerinnen und Sch\u00fclern die Gelegenheit, sowohl theoretische als auch praktische Einblicke in verschiedene Berufsfelder zu erhalten, die in den Bereichen Wirtschaft, Industrie, Handwerk, Gesundheit und Soziales sowie Banken und Versicherungen angesiedelt sind. Hierf\u00fcr werden von der HMO verschiedene regionale Unternehmen eingeladen, die den Sch\u00fclerinnen und Sch\u00fclern Informationen \u00fcber m\u00f6gliche Berufsbilder und ihre Betriebe bereitstellen.<\/p>\n<p>Der Tag ist so strukturiert, dass die Sch\u00fclerinnen und Sch\u00fcler nach einer kurzen Begr\u00fc\u00dfung mit einem Vertreter des Unternehmens zu den jeweiligen Betrieben fahren. Dort haben sie die Gelegenheit, das Berufsfeld n\u00e4her kennenzulernen und sich vor Ort einen Eindruck von der Unternehmensumgebung zu verschaffen. Im Unterricht wird der Berufsorientierungstag vor- und nachbereitet, und in der Vergangenheit hat dieser Tag bereits einigen Sch\u00fclerinnen und Sch\u00fclern geholfen, ihre berufliche Ausbildungswahl besser zu treffen.<\/p>\n<p><strong>Weitere Angebote<\/strong><\/p>\n<p>In Zusammenarbeit mit au\u00dferschulischen Partnern sowie organisiert von den Fachschaften werden an unserer Schule Betriebserkundungen sowie Projekttage angeboten. Beispielhaft kann hier auf einem\u00a0<a href=\"https:\/\/wordpress.nibis.de\/hmo\/aktuelles\/expertenbefragung-zum-thema-start-in-die-berufswelt-im-jahrgang-8\/\">Expertentalk<\/a>\u00a0mit der Ems-Achse verwiesen werden\u00a0oder auch auf das Bewerbungstraining in Zusammenarbeit mit der AOK Niedersachsen.\u00a0\u00a0\u00a0\u00a0\u00a0\u00a0\u00a0\u00a0\u00a0\u00a0\u00a0\u00a0\u00a0\u00a0<\/p>\n<\/details>\n<p>\u00a0<\/p>\n<p><strong>Unser vollst\u00e4ndiges Berufsorientierungskonzept:<\/strong><\/p>\n<\/div>\n<p>\u00a0<\/p>\n\n\n\n<div data-wp-interactive=\"core\/file\" class=\"wp-block-file\"><object data-wp-bind--hidden=\"!state.hasPdfPreview\" hidden class=\"wp-block-file__embed\" data=\"https:\/\/wordpress.nibis.de\/hmo\/files\/2025\/10\/Bewerbung_HMO_Guetesiegel.pdf\" type=\"application\/pdf\" style=\"width:100%;height:600px\" aria-label=\"Einbettung von Einbettung von Bewerbung_HMO_Guetesiegel..\"><\/object><a id=\"wp-block-file--media-7bfa7585-9e4b-4d58-bca2-bb524f5fb850\" href=\"https:\/\/wordpress.nibis.de\/hmo\/files\/2025\/10\/Bewerbung_HMO_Guetesiegel.pdf\">Bewerbung_HMO_Guetesiegel<\/a><a href=\"https:\/\/wordpress.nibis.de\/hmo\/files\/2025\/10\/Bewerbung_HMO_Guetesiegel.pdf\" class=\"wp-block-file__button\" download aria-describedby=\"wp-block-file--media-7bfa7585-9e4b-4d58-bca2-bb524f5fb850\">Herunterladen<\/a><\/div>\n","protected":false},"excerpt":{"rendered":"<p>Unser gemeinsamer Weg in das Berufsleben Unsere berufliche Vorbereitung ist vielseitig aufgebaut, und sie beinhaltet verschiedene Elemente, um eine optimale Vorbereitung sicherzustellen. Ma\u00dfnahmen, die zu diesem Zweck ergriffen werden,\u00a0 umfassen: <a class=\"more-link\" href=\"https:\/\/wordpress.nibis.de\/hmo\/unsere-berufsorientierungsangebote\/\">Continue Reading &rarr;<\/a><\/p>\n","protected":false},"author":9193876,"featured_media":0,"parent":0,"menu_order":0,"comment_status":"closed","ping_status":"closed","template":"","meta":{"footnotes":""},"class_list":["post-3293","page","type-page","status-publish","hentry"],"_links":{"self":[{"href":"https:\/\/wordpress.nibis.de\/hmo\/wp-json\/wp\/v2\/pages\/3293","targetHints":{"allow":["GET"]}}],"collection":[{"href":"https:\/\/wordpress.nibis.de\/hmo\/wp-json\/wp\/v2\/pages"}],"about":[{"href":"https:\/\/wordpress.nibis.de\/hmo\/wp-json\/wp\/v2\/types\/page"}],"author":[{"embeddable":true,"href":"https:\/\/wordpress.nibis.de\/hmo\/wp-json\/wp\/v2\/users\/9193876"}],"replies":[{"embeddable":true,"href":"https:\/\/wordpress.nibis.de\/hmo\/wp-json\/wp\/v2\/comments?post=3293"}],"version-history":[{"count":18,"href":"https:\/\/wordpress.nibis.de\/hmo\/wp-json\/wp\/v2\/pages\/3293\/revisions"}],"predecessor-version":[{"id":3973,"href":"https:\/\/wordpress.nibis.de\/hmo\/wp-json\/wp\/v2\/pages\/3293\/revisions\/3973"}],"wp:attachment":[{"href":"https:\/\/wordpress.nibis.de\/hmo\/wp-json\/wp\/v2\/media?parent=3293"}],"curies":[{"name":"wp","href":"https:\/\/api.w.org\/{rel}","templated":true}]}}