{"id":3605,"date":"2024-10-24T11:45:54","date_gmt":"2024-10-24T09:45:54","guid":{"rendered":"https:\/\/wordpress.nibis.de\/hmo\/?page_id=3605"},"modified":"2025-02-06T20:17:43","modified_gmt":"2025-02-06T19:17:43","slug":"podcast-der-medienscouts","status":"publish","type":"page","link":"https:\/\/wordpress.nibis.de\/hmo\/podcast-der-medienscouts\/","title":{"rendered":"Podcast &#8211; Mediendorf"},"content":{"rendered":"\n<div class=\"wp-block-image\"><figure class=\"alignright size-full is-resized\"><img loading=\"lazy\" decoding=\"async\" src=\"https:\/\/wordpress.nibis.de\/hmo\/files\/2025\/01\/mediendorf-Logo-1.jpg\" alt=\"\" class=\"wp-image-3678\" width=\"305\" height=\"305\" \/><\/figure><\/div>\n\n\n\n<p>Moin,<\/p>\n\n\n\n<p>wir sind die Medienscouts der Heinrich-Middendorf-Oberschule Aschendorf und wir erstellen regelm\u00e4\u00dfig den <a href=\"https:\/\/www.schul-internetradio.de\/portal\/seiten\/heinrich-middendorf-oberschule-aschendorf-900000197-10061.html?rubrik=900000160\" data-type=\"URL\" data-id=\"https:\/\/www.schul-internetradio.de\/portal\/seiten\/heinrich-middendorf-oberschule-aschendorf-900000197-10061.html?rubrik=900000160\">Podcast: Mediendorf<\/a>.<\/p>\n\n\n\n<p>Dieser wurde mit technischem Knowhow und Kreativit\u00e4t produziert. Jeden Monat gibt es ein Tool des Monats, ein Fazit des Monats und ein monatliches Zitat.<\/p>\n\n\n\n<p>Die vorgestellten Tools werden mit den Podcasts auf dieser Seite hochgeladen. Diese eignen sich besonders f\u00fcr Klassenzeiten oder Methodentage.<\/p>\n\n\n\n<p>Diese Themen werden euch erwarten:<\/p>\n\n\n\n<ul class=\"wp-block-list\"><li>Cybermobbing<ul><li>KI<\/li><\/ul><ul><li>Datenschutz<\/li><\/ul><ul><li>Appberechtigung<\/li><\/ul><ul><li>Kettenbriefe<\/li><\/ul><ul><li>Gefahren im Internet<\/li><\/ul><\/li><\/ul>\n\n\n\n<p>Und vieles mehr, <a href=\"https:\/\/www.schul-internetradio.de\/portal\/seiten\/heinrich-middendorf-oberschule-aschendorf-900000197-10061.html?rubrik=900000160\">h\u00f6rt gerne rein<\/a>!<\/p>\n\n\n\n<p>24.10.24 von Emily und Malin<\/p>\n\n\n","protected":false},"excerpt":{"rendered":"<p>Moin, wir sind die Medienscouts der Heinrich-Middendorf-Oberschule Aschendorf und wir erstellen regelm\u00e4\u00dfig den Podcast: Mediendorf. Dieser wurde mit technischem Knowhow und Kreativit\u00e4t produziert. Jeden Monat gibt es ein Tool des <a class=\"more-link\" href=\"https:\/\/wordpress.nibis.de\/hmo\/podcast-der-medienscouts\/\">Continue Reading &rarr;<\/a><\/p>\n","protected":false},"author":9193876,"featured_media":0,"parent":0,"menu_order":0,"comment_status":"closed","ping_status":"closed","template":"","meta":{"footnotes":""},"class_list":["post-3605","page","type-page","status-publish","hentry"],"_links":{"self":[{"href":"https:\/\/wordpress.nibis.de\/hmo\/wp-json\/wp\/v2\/pages\/3605","targetHints":{"allow":["GET"]}}],"collection":[{"href":"https:\/\/wordpress.nibis.de\/hmo\/wp-json\/wp\/v2\/pages"}],"about":[{"href":"https:\/\/wordpress.nibis.de\/hmo\/wp-json\/wp\/v2\/types\/page"}],"author":[{"embeddable":true,"href":"https:\/\/wordpress.nibis.de\/hmo\/wp-json\/wp\/v2\/users\/9193876"}],"replies":[{"embeddable":true,"href":"https:\/\/wordpress.nibis.de\/hmo\/wp-json\/wp\/v2\/comments?post=3605"}],"version-history":[{"count":5,"href":"https:\/\/wordpress.nibis.de\/hmo\/wp-json\/wp\/v2\/pages\/3605\/revisions"}],"predecessor-version":[{"id":3697,"href":"https:\/\/wordpress.nibis.de\/hmo\/wp-json\/wp\/v2\/pages\/3605\/revisions\/3697"}],"wp:attachment":[{"href":"https:\/\/wordpress.nibis.de\/hmo\/wp-json\/wp\/v2\/media?parent=3605"}],"curies":[{"name":"wp","href":"https:\/\/api.w.org\/{rel}","templated":true}]}}