{"id":378,"date":"2018-12-11T15:03:13","date_gmt":"2018-12-11T14:03:13","guid":{"rendered":"http:\/\/wordpress.nibis.de\/hmo\/?page_id=378"},"modified":"2025-02-16T15:42:51","modified_gmt":"2025-02-16T14:42:51","slug":"impressum-2","status":"publish","type":"page","link":"https:\/\/wordpress.nibis.de\/hmo\/impressum-2\/","title":{"rendered":"Impressum"},"content":{"rendered":"<p>Land Niedersachsen (Diensteanbieter im Sinne des Telemediengesetzes)<br \/>\nDas Land Niedersachsen ist eine juristische Person des \u00f6ffentlichen Rechts<br \/>\nvertreten durch<br \/>\nSchulleitung:<br \/>\nSandra Schulte, Schulleiterin<br \/>\nDaniel Meisner, kommissarischer stellvertretender Schulleiter<\/p>\n<p>Heinrich-Middendorf-Oberschule Aschendorf<br \/>\nBokeler Str. 26<br \/>\n26871 Aschendorf<br \/>\n(Tel.) 04962 \/ 906860<br \/>\n(Fax) 04962 \/ 9068620<br \/>\nE-Mail: &#x73;&#x65;&#x6b;&#114;&#101;&#116;ar&#x69;&#x61;&#x74;&#x40;&#104;&#101;in&#x72;&#x69;&#x63;&#x68;&#45;&#109;id&#x64;&#x65;&#x6e;&#x64;&#111;&#114;&#102;-o&#x62;&#x65;&#x72;&#x73;&#99;&#104;ul&#x65;&#x2e;&#x65;&#x75;<\/p>\n<p><strong>Haftungsausschluss<\/strong><\/p>\n<p><strong>1. Inhalt unseres Onlineangebotes<\/strong><br \/>\nDie Heinrich-Middendorf-Oberschule Aschendorf \u00fcbernimmt keinerlei Gew\u00e4hr f\u00fcr die Aktualit\u00e4t, Korrektheit, Vollst\u00e4ndigkeit oder Qualit\u00e4t der bereitgestellten Informationen. Haftungsanspr\u00fcche gegen den Autor, welche sich auf Sch\u00e4den materieller oder ideeller Art beziehen, die durch die Nutzung oder Nichtnutzung der dargebotenen Informationen bzw. durch die Nutzung fehlerhafter und unvollst\u00e4ndiger Informationen verursacht wurden, sind grunds\u00e4tzlich ausgeschlossen, sofern seitens des Autors kein nachweislich vors\u00e4tzliches oder grob fahrl\u00e4ssiges Verschulden vorliegt.<br \/>\nAlle Angebote sind freibleibend und unverbindlich. Der Autor beh\u00e4lt es sich ausdr\u00fccklich vor, Teile der Seiten oder das gesamte Angebot ohne gesonderte Ank\u00fcndigung zu ver\u00e4ndern, zu erg\u00e4nzen, zu l\u00f6schen oder die Ver\u00f6ffentlichung zeitweise oder endg\u00fcltig einzustellen.<\/p>\n<p><strong>2. Verweise und Links<\/strong><br \/>\nBei direkten oder indirekten Verweisen auf fremde Webseiten (&#8222;Hyperlinks&#8220;), die au\u00dferhalb des Verantwortungsbereiches des Autors liegen, w\u00fcrde eine Haftungsverpflichtung ausschlie\u00dflich in dem Fall in Kraft treten, in dem der Autor von den Inhalten Kenntnis hat und es ihm technisch m\u00f6glich und zumutbar w\u00e4re, die Nutzung im Falle rechtswidriger Inhalte zu verhindern.<br \/>\nDer Autor erkl\u00e4rt hiermit ausdr\u00fccklich, dass zum Zeitpunkt der Linksetzung keine illegalen Inhalte auf den zu verlinkenden Seiten erkennbar waren. Auf die aktuelle und zuk\u00fcnftige Gestaltung, die Inhalte oder die Urheberschaft der verlinkten\/verkn\u00fcpften Seiten hat der Autor keinerlei Einfluss. Deshalb distanziert er sich hiermit ausdr\u00fccklich von allen Inhalten aller verlinkten \/verkn\u00fcpften Seiten, die nach der Linksetzung ver\u00e4ndert wurden. Diese Feststellung gilt f\u00fcr alle innerhalb des eigenen Internetangebotes gesetzten Links und Verweise sowie f\u00fcr Fremdeintr\u00e4ge in vom Autor eingerichteten G\u00e4steb\u00fcchern, Diskussionsforen, Linkverzeichnissen, Mailinglisten und in allen anderen Formen von Datenbanken, auf deren Inhalt externe Schreibzugriffe m\u00f6glich sind. F\u00fcr illegale, fehlerhafte oder unvollst\u00e4ndige Inhalte und insbesondere f\u00fcr Sch\u00e4den, die aus der Nutzung oder Nichtnutzung solcherart dargebotener Informationen entstehen, haftet allein der Anbieter der Seite, auf welche verwiesen wurde, nicht derjenige, der \u00fcber Links auf die jeweilige Ver\u00f6ffentlichung lediglich verweist.<\/p>\n<p><strong>3. Urheber- und Kennzeichenrecht<\/strong><br \/>\nDer Autor ist bestrebt, in allen Publikationen die Urheberrechte der verwendeten Bilder, Grafiken, Tondokumente, Videosequenzen und Texte zu beachten, von ihm selbst erstellte Bilder, Grafiken, Tondokumente, Videosequenzen und Texte zu nutzen oder auf lizenzfreie Grafiken, Tondokumente, Videosequenzen und Texte zur\u00fcckzugreifen.<br \/>\nAlle innerhalb des Internetangebotes genannten und ggf. durch Dritte gesch\u00fctzten Marken- und Warenzeichen unterliegen uneingeschr\u00e4nkt den Bestimmungen des jeweils g\u00fcltigen Kennzeichenrechts und den Besitzrechten der jeweiligen eingetragenen Eigent\u00fcmer. Allein aufgrund der blo\u00dfen Nennung ist nicht der Schluss zu ziehen, dass Markenzeichen nicht durch Rechte Dritter gesch\u00fctzt sind.<br \/>\nDas Copyright f\u00fcr ver\u00f6ffentlichte, vom Autor selbst erstellte Objekte bleibt allein beim Autor der Seiten. Eine Vervielf\u00e4ltigung oder Verwendung solcher Grafiken, Tondokumente, Videosequenzen und Texte in anderen elektronischen oder gedruckten Publikationen ist ohne ausdr\u00fcckliche Zustimmung des Autors nicht gestattet.<br \/>\nDie Dokumente und Informationen d\u00fcrfen nur f\u00fcr pers\u00f6nliche, interne, nichtkommerzielle Informationszwecke genutzt werden. Dies umfasst das Betrachten. In keinem Fall d\u00fcrfen die Dokumente ver\u00e4ndert werden. Sofern nicht anderweitig in Zusammenhang mit einem bestimmten Abschnitt, einer Datei oder einem Dokument dieser Publikation zu verstehen gegeben, umfasst dieses, das Dokument zu betrachten, zu reproduzieren, zu drucken und zu verteilen<br \/>\nElemente, d.h. Layout, Design und Struktur dieser Publikation sind (geistiges) Eigentum der Heinrich-Middendorf-Oberschule bzw. des Autors und d\u00fcrfen weder im Ganzen noch in Teilen kopiert oder imitiert werden. Dies schlie\u00dft insbesondere, aber nicht ausschlie\u00dflich, eine Verwendung derartiger Elemente in Webangeboten Dritter aus.<\/p>\n<p><strong>4. Datenschutz<\/strong><br \/>\nSofern innerhalb des Internetangebotes die M\u00f6glichkeit zur Eingabe pers\u00f6nlicher oder gesch\u00e4ftlicher Daten (Emailadressen, Namen, Anschriften) besteht, so erfolgt die Preisgabe dieser Daten seitens des Nutzers auf ausdr\u00fccklich freiwilliger Basis.<br \/>\nIhre E-Mails und die online versendbaren Formulare werden ohne zus\u00e4tzliche Verschl\u00fcsselungstechniken weitergeleitet. Alle gesendeten Informationen k\u00f6nnen daher unter Umst\u00e4nden w\u00e4hrend der \u00dcbermittlung von Dritten eingesehen werden.<br \/>\nDie Nutzung der im Rahmen des Impressums oder vergleichbarer Angaben ver\u00f6ffentlichten Kontaktdaten wie Postanschriften, Telefon- und Faxnummern sowie Emailadressen durch Dritte zur \u00dcbersendung von nicht ausdr\u00fccklich angeforderten Informationen ist nicht gestattet. Rechtliche Schritte gegen die Versender von sogenannten Spam-Mails bei Verst\u00f6\u00dfen gegen dieses Verbot sind ausdr\u00fccklich vorbehalten.<br \/>\nDurch den Besuch unserer Internetseiten erkl\u00e4ren Sie sich damit einverstanden, dass die IP-Adresse des anfordernden Rechners, Datum und Uhrzeit der Anforderungen, der Name der angeforderten Datei, die URL, von der aus die Datei angefordert wurde sowie Informationen \u00fcber verwendeten Browser und das Betriebssystem ermittelt und gespeichert werden. Eine Auswertung dieser Daten erfolgt nur in anonymisierter Form und ausschlie\u00dflich f\u00fcr interne statistische Erhebungen.<br \/>\nZudem werden zur Steigerung der Benutzerfreundlichkeit sogenannte Cookies verwendet, in welchen Sitzungsdaten des Benutzers tempor\u00e4r auf der eigenen Festplatte gespeichert werden. Au\u00dferdem werden an einigen Stellen aktive Inhalte (z.B. JAVA-Scripts, Java-Applets) zur Optimierung der Darstellung verwendet. Beide der oben beschriebenen Ma\u00dfnahmen lassen sich durch entsprechende Einstellungen Ihres Browsers unterbinden.<\/p>\n<p><strong>5. \u00c4nderung dieser Bestimmungen<\/strong><br \/>\nDer Betreiber beh\u00e4lt sich das Recht vor, diese rechtlichen Hinweise ohne Ank\u00fcndigung zu \u00e4ndern.<\/p>\n<p><strong>6. Rechtswirksamkeit<\/strong><br \/>\nSofern Teile oder einzelne Formulierungen dieses Textes der geltenden Rechtslage nicht, nicht mehr oder nicht vollst\u00e4ndig entsprechen sollten, bleiben die \u00fcbrigen Teile des Dokumentes in ihrem Inhalt und ihrer G\u00fcltigkeit davon unber\u00fchrt.<\/p>\n","protected":false},"excerpt":{"rendered":"<p>Land Niedersachsen (Diensteanbieter im Sinne des Telemediengesetzes) Das Land Niedersachsen ist eine juristische Person des \u00f6ffentlichen Rechts vertreten durch Schulleitung: Sandra Schulte, Schulleiterin Daniel Meisner, kommissarischer stellvertretender Schulleiter Heinrich-Middendorf-Oberschule Aschendorf <a class=\"more-link\" href=\"https:\/\/wordpress.nibis.de\/hmo\/impressum-2\/\">Continue Reading &rarr;<\/a><\/p>\n","protected":false},"author":930,"featured_media":0,"parent":0,"menu_order":0,"comment_status":"closed","ping_status":"closed","template":"","meta":{"footnotes":""},"class_list":["post-378","page","type-page","status-publish","hentry"],"_links":{"self":[{"href":"https:\/\/wordpress.nibis.de\/hmo\/wp-json\/wp\/v2\/pages\/378","targetHints":{"allow":["GET"]}}],"collection":[{"href":"https:\/\/wordpress.nibis.de\/hmo\/wp-json\/wp\/v2\/pages"}],"about":[{"href":"https:\/\/wordpress.nibis.de\/hmo\/wp-json\/wp\/v2\/types\/page"}],"author":[{"embeddable":true,"href":"https:\/\/wordpress.nibis.de\/hmo\/wp-json\/wp\/v2\/users\/930"}],"replies":[{"embeddable":true,"href":"https:\/\/wordpress.nibis.de\/hmo\/wp-json\/wp\/v2\/comments?post=378"}],"version-history":[{"count":9,"href":"https:\/\/wordpress.nibis.de\/hmo\/wp-json\/wp\/v2\/pages\/378\/revisions"}],"predecessor-version":[{"id":3704,"href":"https:\/\/wordpress.nibis.de\/hmo\/wp-json\/wp\/v2\/pages\/378\/revisions\/3704"}],"wp:attachment":[{"href":"https:\/\/wordpress.nibis.de\/hmo\/wp-json\/wp\/v2\/media?parent=378"}],"curies":[{"name":"wp","href":"https:\/\/api.w.org\/{rel}","templated":true}]}}