{"id":615,"date":"2019-01-09T13:17:42","date_gmt":"2019-01-09T12:17:42","guid":{"rendered":"http:\/\/wordpress.nibis.de\/hmo\/?page_id=615"},"modified":"2019-01-11T12:18:22","modified_gmt":"2019-01-11T11:18:22","slug":"foerderverein","status":"publish","type":"page","link":"https:\/\/wordpress.nibis.de\/hmo\/foerderverein\/","title":{"rendered":"F\u00f6rderverein"},"content":{"rendered":"<p><img loading=\"lazy\" decoding=\"async\" class=\"aligncenter size-large wp-image-616\" src=\"http:\/\/wordpress.nibis.de\/hmo\/files\/2019\/01\/Foerderverein-1018x675.jpg\" alt=\"\" width=\"688\" height=\"456\" srcset=\"https:\/\/wordpress.nibis.de\/hmo\/files\/2019\/01\/Foerderverein.jpg 1018w, https:\/\/wordpress.nibis.de\/hmo\/files\/2019\/01\/Foerderverein-768x509.jpg 768w\" sizes=\"auto, (max-width: 688px) 100vw, 688px\" \/><\/p>\n<div>Ansprechpartner im F\u00f6rderverein (v. l.): Hans Cloppenburg (Kassenwart), Claus Huth (Schulleiter), Marion Terhalle (Gesch\u00e4ftsf\u00fchrerin), Hermann-Josef Meyering (2. Vorsitzender), Clemens Scheumann (1. Vorsitzender), Helmut Lampe (Beisitzer), Elke Faivre (Schulelternratsvorsitzende) und Paul Thoben (Beisitzer)<\/div>\n<div><span style=\"color: #ffffff\">m<\/span><\/div>\n<div><\/div>\n<ul>\n<li><a href=\"http:\/\/wordpress.nibis.de\/hmo\/files\/2019\/01\/Praesentation_Foerderverein.pdf\" target=\"_blank\" rel=\"noopener\">Pr\u00e4sentation des F\u00f6rdervereins<\/a><\/li>\n<li><a href=\"http:\/\/wordpress.nibis.de\/hmo\/files\/2019\/01\/hmo-foerderverein-beitrittserklaerung-zw.pdf\" target=\"_blank\" rel=\"noopener\">Beitrittserkl\u00e4rung<\/a><\/li>\n<li><a href=\"http:\/\/www.foerderverein-hmo.de\/\" target=\"_blank\" rel=\"noopener\">Homepage des F\u00f6rdervereins<\/a><\/li>\n<\/ul>\n","protected":false},"excerpt":{"rendered":"<p>Ansprechpartner im F\u00f6rderverein (v. l.): Hans Cloppenburg (Kassenwart), Claus Huth (Schulleiter), Marion Terhalle (Gesch\u00e4ftsf\u00fchrerin), Hermann-Josef Meyering (2. Vorsitzender), Clemens Scheumann (1. Vorsitzender), Helmut Lampe (Beisitzer), Elke Faivre (Schulelternratsvorsitzende) und Paul <a class=\"more-link\" href=\"https:\/\/wordpress.nibis.de\/hmo\/foerderverein\/\">Continue Reading &rarr;<\/a><\/p>\n","protected":false},"author":930,"featured_media":0,"parent":0,"menu_order":0,"comment_status":"closed","ping_status":"closed","template":"","meta":{"footnotes":""},"class_list":["post-615","page","type-page","status-publish","hentry"],"_links":{"self":[{"href":"https:\/\/wordpress.nibis.de\/hmo\/wp-json\/wp\/v2\/pages\/615","targetHints":{"allow":["GET"]}}],"collection":[{"href":"https:\/\/wordpress.nibis.de\/hmo\/wp-json\/wp\/v2\/pages"}],"about":[{"href":"https:\/\/wordpress.nibis.de\/hmo\/wp-json\/wp\/v2\/types\/page"}],"author":[{"embeddable":true,"href":"https:\/\/wordpress.nibis.de\/hmo\/wp-json\/wp\/v2\/users\/930"}],"replies":[{"embeddable":true,"href":"https:\/\/wordpress.nibis.de\/hmo\/wp-json\/wp\/v2\/comments?post=615"}],"version-history":[{"count":5,"href":"https:\/\/wordpress.nibis.de\/hmo\/wp-json\/wp\/v2\/pages\/615\/revisions"}],"predecessor-version":[{"id":636,"href":"https:\/\/wordpress.nibis.de\/hmo\/wp-json\/wp\/v2\/pages\/615\/revisions\/636"}],"wp:attachment":[{"href":"https:\/\/wordpress.nibis.de\/hmo\/wp-json\/wp\/v2\/media?parent=615"}],"curies":[{"name":"wp","href":"https:\/\/api.w.org\/{rel}","templated":true}]}}