{"id":103,"date":"2017-03-27T10:17:06","date_gmt":"2017-03-27T08:17:06","guid":{"rendered":"http:\/\/wordpress.nibis.de\/hsleer\/?page_id=103"},"modified":"2022-03-08T12:00:15","modified_gmt":"2022-03-08T11:00:15","slug":"bausteintage","status":"publish","type":"page","link":"https:\/\/wordpress.nibis.de\/hsleer\/unsere-schule\/bausteintage\/","title":{"rendered":"Bausteintage"},"content":{"rendered":"<p>Bausteintage sind ein wichtiger Bestandteil unseres Schullebens. Jedes Schuljahr beginnt mit der <strong>Einf\u00fchrungswoche<\/strong>, dem ersten Baustein. Weitere Bausteine zu den Themen <strong>Suchtpr\u00e4vention<\/strong>, <strong>lesen<\/strong> und <strong>Mathematik<\/strong> folgen in unregelm\u00e4\u00dfigen Abst\u00e4nden.<\/p>\n\n\n<p><a href=\"https:\/\/wordpress.nibis.de\/hsleer\/files\/2022\/03\/Jahresplanung-der-Bausteintage-fuer-alle-Jahrgaenge.pdf\">Jahresplanung der Bausteintage f\u00fcr alle Jahrg\u00e4nge<\/a><\/p>\n","protected":false},"excerpt":{"rendered":"<p>Bausteintage sind ein wichtiger Bestandteil unseres Schullebens. Jedes Schuljahr beginnt mit der Einf\u00fchrungswoche, dem ersten Baustein. Weitere Bausteine zu den Themen Suchtpr\u00e4vention, lesen und Mathematik folgen in unregelm\u00e4\u00dfigen Abst\u00e4nden. Jahresplanung der Bausteintage f\u00fcr alle Jahrg\u00e4nge<\/p>\n","protected":false},"author":1358,"featured_media":0,"parent":24,"menu_order":5,"comment_status":"closed","ping_status":"closed","template":"","meta":{"footnotes":""},"class_list":["post-103","page","type-page","status-publish","hentry","without-featured-image"],"_links":{"self":[{"href":"https:\/\/wordpress.nibis.de\/hsleer\/wp-json\/wp\/v2\/pages\/103","targetHints":{"allow":["GET"]}}],"collection":[{"href":"https:\/\/wordpress.nibis.de\/hsleer\/wp-json\/wp\/v2\/pages"}],"about":[{"href":"https:\/\/wordpress.nibis.de\/hsleer\/wp-json\/wp\/v2\/types\/page"}],"author":[{"embeddable":true,"href":"https:\/\/wordpress.nibis.de\/hsleer\/wp-json\/wp\/v2\/users\/1358"}],"replies":[{"embeddable":true,"href":"https:\/\/wordpress.nibis.de\/hsleer\/wp-json\/wp\/v2\/comments?post=103"}],"version-history":[{"count":2,"href":"https:\/\/wordpress.nibis.de\/hsleer\/wp-json\/wp\/v2\/pages\/103\/revisions"}],"predecessor-version":[{"id":498,"href":"https:\/\/wordpress.nibis.de\/hsleer\/wp-json\/wp\/v2\/pages\/103\/revisions\/498"}],"up":[{"embeddable":true,"href":"https:\/\/wordpress.nibis.de\/hsleer\/wp-json\/wp\/v2\/pages\/24"}],"wp:attachment":[{"href":"https:\/\/wordpress.nibis.de\/hsleer\/wp-json\/wp\/v2\/media?parent=103"}],"curies":[{"name":"wp","href":"https:\/\/api.w.org\/{rel}","templated":true}]}}