{"id":28,"date":"2017-03-10T08:45:00","date_gmt":"2017-03-10T07:45:00","guid":{"rendered":"http:\/\/wordpress.nibis.de\/hsleer\/?page_id=28"},"modified":"2022-11-24T12:24:08","modified_gmt":"2022-11-24T11:24:08","slug":"buecherei","status":"publish","type":"page","link":"https:\/\/wordpress.nibis.de\/hsleer\/unsere-schule\/buecherei\/","title":{"rendered":"B\u00fccherei"},"content":{"rendered":"<p>Seit dem Jahr 2015 befindet sich in unserer Schule auch eine eigene B\u00fccherei im Raum F1.<\/p>\n<p>Hier findet ihr viele fesselnde B\u00fccher.<\/p>\n<p>Die B\u00fccherei wird von Frau Kuhnke geleitet und kann nach Absprache mit ihr besucht werden.<\/p>\n<p>Die B\u00fccher werden in der Schule gelesen, also in der B\u00fccherei oder im Klassenraum.<\/p>\n","protected":false},"excerpt":{"rendered":"<p>Seit dem Jahr 2015 befindet sich in unserer Schule auch eine eigene B\u00fccherei im Raum F1. Hier findet ihr viele fesselnde B\u00fccher. Die B\u00fccherei wird von Frau Kuhnke geleitet und kann nach Absprache mit ihr besucht werden. Die B\u00fccher werden in der Schule gelesen, also in der B\u00fccherei oder im Klassenraum.<\/p>\n","protected":false},"author":1358,"featured_media":0,"parent":24,"menu_order":2,"comment_status":"closed","ping_status":"closed","template":"","meta":{"footnotes":""},"class_list":["post-28","page","type-page","status-publish","hentry","without-featured-image"],"_links":{"self":[{"href":"https:\/\/wordpress.nibis.de\/hsleer\/wp-json\/wp\/v2\/pages\/28","targetHints":{"allow":["GET"]}}],"collection":[{"href":"https:\/\/wordpress.nibis.de\/hsleer\/wp-json\/wp\/v2\/pages"}],"about":[{"href":"https:\/\/wordpress.nibis.de\/hsleer\/wp-json\/wp\/v2\/types\/page"}],"author":[{"embeddable":true,"href":"https:\/\/wordpress.nibis.de\/hsleer\/wp-json\/wp\/v2\/users\/1358"}],"replies":[{"embeddable":true,"href":"https:\/\/wordpress.nibis.de\/hsleer\/wp-json\/wp\/v2\/comments?post=28"}],"version-history":[{"count":4,"href":"https:\/\/wordpress.nibis.de\/hsleer\/wp-json\/wp\/v2\/pages\/28\/revisions"}],"predecessor-version":[{"id":658,"href":"https:\/\/wordpress.nibis.de\/hsleer\/wp-json\/wp\/v2\/pages\/28\/revisions\/658"}],"up":[{"embeddable":true,"href":"https:\/\/wordpress.nibis.de\/hsleer\/wp-json\/wp\/v2\/pages\/24"}],"wp:attachment":[{"href":"https:\/\/wordpress.nibis.de\/hsleer\/wp-json\/wp\/v2\/media?parent=28"}],"curies":[{"name":"wp","href":"https:\/\/api.w.org\/{rel}","templated":true}]}}