{"id":36,"date":"2017-03-10T08:47:36","date_gmt":"2017-03-10T07:47:36","guid":{"rendered":"http:\/\/wordpress.nibis.de\/hsleer\/?page_id=36"},"modified":"2025-01-14T07:45:21","modified_gmt":"2025-01-14T06:45:21","slug":"das-kollegium","status":"publish","type":"page","link":"https:\/\/wordpress.nibis.de\/hsleer\/das-kollegium\/","title":{"rendered":"Das Kollegium"},"content":{"rendered":"\n<p>Besch\u00e4ftigte an der Gutenbergschule<\/p>\n<p style=\"text-align: left\">Herr Liesen (Schulleiter)<br>\nHerr Heppner (Stellv. Schulleiter)<br>Herr Adams <br> Frau Adrian<br> Herr Akbulut <br> Frau Baumann<br>Herr Beck<br>Herr Finke<br>Herr Heyen<br>Herr J\u00fcrgens<br>Frau Kuhnke<br>Frau Hagemann<br>Frau Koop<br>Frau Matter<br>Herr Meyer<br>Frau Onken-Balck<br>Herr Siemers<br>Frau Simon<br>Frau Tapper<br>Frau Thiesbrummel<br>Frau Veenker<br>Herr Wallenstein<br>Herr Wessels<br>Frau Wieclaw<br>Frau Ziegler<br>Herr Zoetman<br>Frau Sch\u00fcler (F\u00f6rderschullehrerin)<br>Frau Kl\u00f6ver (F\u00f6rderschullehrerin)<br>Frau Wille (F\u00f6rderschullehrerin)<br>Frau Janssen (Sekret\u00e4rin)<br>Frau Lehrke (Verwaltung)<br>Herr Zahrt (Hausmeister)<br>Herr de Vries (Schulassistent)<br>Frau Halfwassen (Sozialp\u00e4dagogin)<br>Frau Pagel-Eule (Sozialp\u00e4dagogin)<br>Frau M\u00fcller (Sozialp\u00e4dagogin)<br>Frau Enneking (Berufsorientierung)<br><\/p>\n\n\n\n<p><\/p>\n","protected":false},"excerpt":{"rendered":"<p>Besch\u00e4ftigte an der Gutenbergschule Herr Liesen (Schulleiter) Herr Heppner (Stellv. Schulleiter)Herr Adams Frau Adrian Herr Akbulut Frau BaumannHerr BeckHerr FinkeHerr HeyenHerr J\u00fcrgensFrau KuhnkeFrau HagemannFrau KoopFrau MatterHerr MeyerFrau Onken-BalckHerr SiemersFrau SimonFrau TapperFrau ThiesbrummelFrau VeenkerHerr WallensteinHerr WesselsFrau WieclawFrau ZieglerHerr ZoetmanFrau Sch\u00fcler (F\u00f6rderschullehrerin)Frau Kl\u00f6ver (F\u00f6rderschullehrerin)Frau Wille (F\u00f6rderschullehrerin)Frau Janssen (Sekret\u00e4rin)Frau Lehrke (Verwaltung)Herr Zahrt (Hausmeister)Herr de Vries (Schulassistent)Frau Halfwassen (Sozialp\u00e4dagogin)Frau &hellip; <a href=\"https:\/\/wordpress.nibis.de\/hsleer\/das-kollegium\/\" class=\"more-link\">Weiterlesen <span class=\"screen-reader-text\">Das Kollegium<\/span><\/a><\/p>\n","protected":false},"author":1358,"featured_media":0,"parent":0,"menu_order":5,"comment_status":"closed","ping_status":"closed","template":"","meta":{"footnotes":""},"class_list":["post-36","page","type-page","status-publish","hentry","without-featured-image"],"_links":{"self":[{"href":"https:\/\/wordpress.nibis.de\/hsleer\/wp-json\/wp\/v2\/pages\/36","targetHints":{"allow":["GET"]}}],"collection":[{"href":"https:\/\/wordpress.nibis.de\/hsleer\/wp-json\/wp\/v2\/pages"}],"about":[{"href":"https:\/\/wordpress.nibis.de\/hsleer\/wp-json\/wp\/v2\/types\/page"}],"author":[{"embeddable":true,"href":"https:\/\/wordpress.nibis.de\/hsleer\/wp-json\/wp\/v2\/users\/1358"}],"replies":[{"embeddable":true,"href":"https:\/\/wordpress.nibis.de\/hsleer\/wp-json\/wp\/v2\/comments?post=36"}],"version-history":[{"count":26,"href":"https:\/\/wordpress.nibis.de\/hsleer\/wp-json\/wp\/v2\/pages\/36\/revisions"}],"predecessor-version":[{"id":718,"href":"https:\/\/wordpress.nibis.de\/hsleer\/wp-json\/wp\/v2\/pages\/36\/revisions\/718"}],"wp:attachment":[{"href":"https:\/\/wordpress.nibis.de\/hsleer\/wp-json\/wp\/v2\/media?parent=36"}],"curies":[{"name":"wp","href":"https:\/\/api.w.org\/{rel}","templated":true}]}}