{"id":366,"date":"2021-03-18T08:47:14","date_gmt":"2021-03-18T07:47:14","guid":{"rendered":"https:\/\/wordpress.nibis.de\/hsleer\/?page_id=366"},"modified":"2025-03-14T09:57:57","modified_gmt":"2025-03-14T08:57:57","slug":"anmeldung","status":"publish","type":"page","link":"https:\/\/wordpress.nibis.de\/hsleer\/anmeldung\/","title":{"rendered":"Anmeldung"},"content":{"rendered":"\n<p>F\u00fcr die Anmeldung ben\u00f6tigen Sie Ausdrucke der &#8222;Anmeldung-Kl.-5-10&#8220; sowie die &#8222;Best\u00e4tigung Kenntnisnahme Schulordnung&#8220;. Diese sind auch in der Schule erh\u00e4ltlich. Die &#8222;Schulordnung&#8220; sowie die &#8222;Belehrungen-und-Verordnungen-Gutenbergschule&#8220; m\u00fcssen nicht ausgedruckt, aber gelesen werden.<\/p>\n\n\n\n<p>Bitte bringen Sie zur Anmeldung den Impfausweis sowie das letzte Zeugnis mit.<\/p>\n\n\n\n<div class=\"wp-block-file\"><a id=\"wp-block-file--media-73982655-5ad6-47d8-85d9-7b6826859392\" href=\"https:\/\/wordpress.nibis.de\/hsleer\/files\/2025\/03\/01-Anmeldung-Kl.-5-10-Formular-2025-2026-13.03.2025-neu.pdf\">Anmeldung-Kl.-5-10<\/a><a href=\"https:\/\/wordpress.nibis.de\/hsleer\/files\/2025\/03\/01-Anmeldung-Kl.-5-10-Formular-2025-2026-13.03.2025-neu.pdf\" class=\"wp-block-file__button\" download aria-describedby=\"wp-block-file--media-73982655-5ad6-47d8-85d9-7b6826859392\">Herunterladen<\/a><\/div>\n\n\n\n<div class=\"wp-block-group\"><div class=\"wp-block-group__inner-container is-layout-flow wp-block-group-is-layout-flow\">\n<div class=\"wp-block-file\"><a id=\"wp-block-file--media-66fabad2-31c7-489d-8c76-cb37d94914f0\" href=\"https:\/\/wordpress.nibis.de\/hsleer\/files\/2023\/06\/Schulordnung.pdf\">Schulordnung<\/a><a href=\"https:\/\/wordpress.nibis.de\/hsleer\/files\/2023\/06\/Schulordnung.pdf\" class=\"wp-block-file__button\" download aria-describedby=\"wp-block-file--media-66fabad2-31c7-489d-8c76-cb37d94914f0\">Herunterladen<\/a><\/div>\n<\/div><\/div>\n\n\n\n<div class=\"wp-block-file\"><a id=\"wp-block-file--media-649d5d4c-9925-49e6-9fe3-145ac3635582\" href=\"https:\/\/wordpress.nibis.de\/hsleer\/files\/2023\/06\/Belehrungen-und-Verordnungen-Gutenbergschule.pdf\">Belehrungen-und-Verordnungen-Gutenbergschule<\/a><a href=\"https:\/\/wordpress.nibis.de\/hsleer\/files\/2023\/06\/Belehrungen-und-Verordnungen-Gutenbergschule.pdf\" class=\"wp-block-file__button\" download aria-describedby=\"wp-block-file--media-649d5d4c-9925-49e6-9fe3-145ac3635582\">Herunterladen<\/a><\/div>\n\n\n","protected":false},"excerpt":{"rendered":"<p>F\u00fcr die Anmeldung ben\u00f6tigen Sie Ausdrucke der &#8222;Anmeldung-Kl.-5-10&#8220; sowie die &#8222;Best\u00e4tigung Kenntnisnahme Schulordnung&#8220;. Diese sind auch in der Schule erh\u00e4ltlich. Die &#8222;Schulordnung&#8220; sowie die &#8222;Belehrungen-und-Verordnungen-Gutenbergschule&#8220; m\u00fcssen nicht ausgedruckt, aber gelesen werden. Bitte bringen Sie zur Anmeldung den Impfausweis sowie das letzte Zeugnis mit.<\/p>\n","protected":false},"author":1358,"featured_media":0,"parent":0,"menu_order":2,"comment_status":"closed","ping_status":"closed","template":"","meta":{"footnotes":""},"class_list":["post-366","page","type-page","status-publish","hentry","without-featured-image"],"_links":{"self":[{"href":"https:\/\/wordpress.nibis.de\/hsleer\/wp-json\/wp\/v2\/pages\/366","targetHints":{"allow":["GET"]}}],"collection":[{"href":"https:\/\/wordpress.nibis.de\/hsleer\/wp-json\/wp\/v2\/pages"}],"about":[{"href":"https:\/\/wordpress.nibis.de\/hsleer\/wp-json\/wp\/v2\/types\/page"}],"author":[{"embeddable":true,"href":"https:\/\/wordpress.nibis.de\/hsleer\/wp-json\/wp\/v2\/users\/1358"}],"replies":[{"embeddable":true,"href":"https:\/\/wordpress.nibis.de\/hsleer\/wp-json\/wp\/v2\/comments?post=366"}],"version-history":[{"count":21,"href":"https:\/\/wordpress.nibis.de\/hsleer\/wp-json\/wp\/v2\/pages\/366\/revisions"}],"predecessor-version":[{"id":723,"href":"https:\/\/wordpress.nibis.de\/hsleer\/wp-json\/wp\/v2\/pages\/366\/revisions\/723"}],"wp:attachment":[{"href":"https:\/\/wordpress.nibis.de\/hsleer\/wp-json\/wp\/v2\/media?parent=366"}],"curies":[{"name":"wp","href":"https:\/\/api.w.org\/{rel}","templated":true}]}}