{"id":1313,"date":"2023-08-25T07:32:59","date_gmt":"2023-08-25T05:32:59","guid":{"rendered":"https:\/\/wordpress.nibis.de\/hsm\/?page_id=1313"},"modified":"2023-09-07T16:50:40","modified_gmt":"2023-09-07T14:50:40","slug":"beratungslehrkraft","status":"publish","type":"page","link":"https:\/\/wordpress.nibis.de\/hsm\/beratungslehrkraft\/","title":{"rendered":"Beratungslehrkraft"},"content":{"rendered":"\n<p><strong>Du w\u00fcnschst dir Hilfe und Unterst\u00fctzung bei Problemen wie \u2026<\/strong><\/p>\n\n\n\n<p>\u2026 schlechten Leistungen in der Schule<\/p>\n\n\n\n<p>\u2026 Konzentrations- und Lernproblemen<\/p>\n\n\n\n<p>\u2026 Verhaltensproblemen<\/p>\n\n\n\n<p>\u2026 Mobbing<\/p>\n\n\n\n<p>\u2026 Angst, z.B. vor Klassenarbeiten<\/p>\n\n\n\n<p>\u2026 Konflikte mit Mitsch\u00fclern oder Lehrern<\/p>\n\n\n\n<p>\u2026 Krisen im Zusammenhang mit famili\u00e4ren oder pers\u00f6nlichen Problemen<\/p>\n\n\n\n<p>\u2026 Fragen zur beruflichen Zukunft<\/p>\n\n\n\n<p><strong>In vertraulichen Gespr\u00e4chen suchen wir in ruhiger Atmosph\u00e4re gemeinsam nach Hilfen und L\u00f6sungen.<\/strong><\/p>\n\n\n\n<p><strong>Meine Beratung ist offen f\u00fcr<\/strong><\/p>\n\n\n\n<ul class=\"wp-block-list\"><li><strong>Sch\u00fclerinnen &amp; Sch\u00fcler<\/strong><\/li><li><strong>Eltern und<\/strong><\/li><li><strong>Lehrkr\u00e4fte<\/strong><\/li><\/ul>\n\n\n\n<p><strong>Du findest mich in meinem Beratungszimmer oder du schreibst mir eine Mail: &#98;&#x65;r&#x61;&#x74;&#117;&#x6e;g&#x40;&#x68;&#115;&#x2d;m&#x65;&#x69;&#110;&#x65;r&#x73;&#x65;&#110;&#x2e;s&#x63;&#x68;&#117;&#x6c;e<\/strong><\/p>\n\n\n<figure class=\"wp-block-image size-large is-resized\">\n<figure id=\"attachment_1342\" aria-describedby=\"caption-attachment-1342\" style=\"width: 355px\" class=\"wp-caption aligncenter\"><img loading=\"lazy\" decoding=\"async\" class=\"wp-image-1342\" src=\"https:\/\/wordpress.nibis.de\/hsm\/files\/2023\/09\/M-Schumacher-708x1024.jpg\" alt=\"\" width=\"355\" height=\"513\" srcset=\"https:\/\/wordpress.nibis.de\/hsm\/files\/2023\/09\/M-Schumacher-708x1024.jpg 708w, https:\/\/wordpress.nibis.de\/hsm\/files\/2023\/09\/M-Schumacher-207x300.jpg 207w, https:\/\/wordpress.nibis.de\/hsm\/files\/2023\/09\/M-Schumacher-768x1111.jpg 768w, https:\/\/wordpress.nibis.de\/hsm\/files\/2023\/09\/M-Schumacher.jpg 1020w\" sizes=\"auto, (max-width: 355px) 100vw, 355px\" \/><figcaption id=\"caption-attachment-1342\" class=\"wp-caption-text\">Melanie Schumacher<\/figcaption><\/figure>\n<\/figure>","protected":false},"excerpt":{"rendered":"<p>Du w\u00fcnschst dir Hilfe und Unterst\u00fctzung bei Problemen wie \u2026 \u2026 schlechten Leistungen in der Schule \u2026 Konzentrations- und Lernproblemen \u2026 Verhaltensproblemen \u2026 Mobbing \u2026 Angst, z.B. vor Klassenarbeiten \u2026 Konflikte mit Mitsch\u00fclern oder Lehrern \u2026 Krisen im Zusammenhang mit famili\u00e4ren oder pers\u00f6nlichen Problemen \u2026 Fragen zur beruflichen Zukunft In vertraulichen Gespr\u00e4chen suchen wir in &hellip; <a href=\"https:\/\/wordpress.nibis.de\/hsm\/beratungslehrkraft\/\" class=\"more-link\"><span class=\"screen-reader-text\">Beratungslehrkraft<\/span> weiterlesen <span class=\"meta-nav\">&rarr;<\/span><\/a><\/p>\n","protected":false},"author":9192962,"featured_media":0,"parent":0,"menu_order":0,"comment_status":"closed","ping_status":"closed","template":"","meta":{"footnotes":""},"class_list":["post-1313","page","type-page","status-publish","hentry"],"_links":{"self":[{"href":"https:\/\/wordpress.nibis.de\/hsm\/wp-json\/wp\/v2\/pages\/1313","targetHints":{"allow":["GET"]}}],"collection":[{"href":"https:\/\/wordpress.nibis.de\/hsm\/wp-json\/wp\/v2\/pages"}],"about":[{"href":"https:\/\/wordpress.nibis.de\/hsm\/wp-json\/wp\/v2\/types\/page"}],"author":[{"embeddable":true,"href":"https:\/\/wordpress.nibis.de\/hsm\/wp-json\/wp\/v2\/users\/9192962"}],"replies":[{"embeddable":true,"href":"https:\/\/wordpress.nibis.de\/hsm\/wp-json\/wp\/v2\/comments?post=1313"}],"version-history":[{"count":3,"href":"https:\/\/wordpress.nibis.de\/hsm\/wp-json\/wp\/v2\/pages\/1313\/revisions"}],"predecessor-version":[{"id":1344,"href":"https:\/\/wordpress.nibis.de\/hsm\/wp-json\/wp\/v2\/pages\/1313\/revisions\/1344"}],"wp:attachment":[{"href":"https:\/\/wordpress.nibis.de\/hsm\/wp-json\/wp\/v2\/media?parent=1313"}],"curies":[{"name":"wp","href":"https:\/\/api.w.org\/{rel}","templated":true}]}}