{"id":1346,"date":"2023-11-30T06:42:53","date_gmt":"2023-11-30T05:42:53","guid":{"rendered":"https:\/\/wordpress.nibis.de\/hsm\/?page_id=1346"},"modified":"2024-01-11T07:35:44","modified_gmt":"2024-01-11T06:35:44","slug":"schuelerinnen-fuer-schuelerinnen","status":"publish","type":"page","link":"https:\/\/wordpress.nibis.de\/hsm\/schuelerinnen-fuer-schuelerinnen\/","title":{"rendered":"Sch\u00fclerInnen f\u00fcr Sch\u00fclerInnen"},"content":{"rendered":"\n<figure class=\"wp-block-image size-large is-resized\"><img loading=\"lazy\" decoding=\"async\" src=\"https:\/\/wordpress.nibis.de\/hsm\/files\/2024\/01\/Konzept1-1-724x1024.jpg\" alt=\"\" class=\"wp-image-1369\" width=\"882\" height=\"1247\" srcset=\"https:\/\/wordpress.nibis.de\/hsm\/files\/2024\/01\/Konzept1-1-724x1024.jpg 724w, https:\/\/wordpress.nibis.de\/hsm\/files\/2024\/01\/Konzept1-1-212x300.jpg 212w, https:\/\/wordpress.nibis.de\/hsm\/files\/2024\/01\/Konzept1-1-768x1086.jpg 768w, https:\/\/wordpress.nibis.de\/hsm\/files\/2024\/01\/Konzept1-1-1086x1536.jpg 1086w, https:\/\/wordpress.nibis.de\/hsm\/files\/2024\/01\/Konzept1-1-1448x2048.jpg 1448w, https:\/\/wordpress.nibis.de\/hsm\/files\/2024\/01\/Konzept1-1-scaled.jpg 1810w\" sizes=\"auto, (max-width: 882px) 100vw, 882px\" \/><\/figure>\n\n\n\n<figure class=\"wp-block-image size-large is-resized\"><img loading=\"lazy\" decoding=\"async\" src=\"https:\/\/wordpress.nibis.de\/hsm\/files\/2024\/01\/Konzept2-1-724x1024.jpg\" alt=\"\" class=\"wp-image-1370\" width=\"839\" height=\"1187\" srcset=\"https:\/\/wordpress.nibis.de\/hsm\/files\/2024\/01\/Konzept2-1-724x1024.jpg 724w, https:\/\/wordpress.nibis.de\/hsm\/files\/2024\/01\/Konzept2-1-212x300.jpg 212w, https:\/\/wordpress.nibis.de\/hsm\/files\/2024\/01\/Konzept2-1-768x1086.jpg 768w, https:\/\/wordpress.nibis.de\/hsm\/files\/2024\/01\/Konzept2-1-1086x1536.jpg 1086w, https:\/\/wordpress.nibis.de\/hsm\/files\/2024\/01\/Konzept2-1-1448x2048.jpg 1448w, https:\/\/wordpress.nibis.de\/hsm\/files\/2024\/01\/Konzept2-1-scaled.jpg 1810w\" sizes=\"auto, (max-width: 839px) 100vw, 839px\" \/><\/figure>\n\n\n\n<p><a href=\"https:\/\/wordpress.nibis.de\/hsm\/files\/2024\/01\/Konzept-SchuelerInnen-fuer-SchuelerInnen.pdf\" target=\"_blank\" rel=\"noreferrer noopener\">Flyer als pdf<\/a><\/p>\n\n\n\n<p><a rel=\"noreferrer noopener\" href=\"https:\/\/wordpress.nibis.de\/hsm\/files\/2024\/01\/Anmeldung-Nachhilfe-GeberIn-NEU-.pdf\" target=\"_blank\">Anmeldung Nachhilfe-Geber<\/a><\/p>\n\n\n\n<p><a href=\"https:\/\/wordpress.nibis.de\/hsm\/files\/2024\/01\/Anmeldung-Nachhilfe-NehmerIn-NEU.pdf\">Anmeldung Nachhilfe-Nehmer<\/a><\/p>\n","protected":false},"excerpt":{"rendered":"<p>Flyer als pdf Anmeldung Nachhilfe-Geber Anmeldung Nachhilfe-Nehmer<\/p>\n","protected":false},"author":9192962,"featured_media":0,"parent":0,"menu_order":0,"comment_status":"closed","ping_status":"closed","template":"","meta":{"footnotes":""},"class_list":["post-1346","page","type-page","status-publish","hentry"],"_links":{"self":[{"href":"https:\/\/wordpress.nibis.de\/hsm\/wp-json\/wp\/v2\/pages\/1346","targetHints":{"allow":["GET"]}}],"collection":[{"href":"https:\/\/wordpress.nibis.de\/hsm\/wp-json\/wp\/v2\/pages"}],"about":[{"href":"https:\/\/wordpress.nibis.de\/hsm\/wp-json\/wp\/v2\/types\/page"}],"author":[{"embeddable":true,"href":"https:\/\/wordpress.nibis.de\/hsm\/wp-json\/wp\/v2\/users\/9192962"}],"replies":[{"embeddable":true,"href":"https:\/\/wordpress.nibis.de\/hsm\/wp-json\/wp\/v2\/comments?post=1346"}],"version-history":[{"count":7,"href":"https:\/\/wordpress.nibis.de\/hsm\/wp-json\/wp\/v2\/pages\/1346\/revisions"}],"predecessor-version":[{"id":1375,"href":"https:\/\/wordpress.nibis.de\/hsm\/wp-json\/wp\/v2\/pages\/1346\/revisions\/1375"}],"wp:attachment":[{"href":"https:\/\/wordpress.nibis.de\/hsm\/wp-json\/wp\/v2\/media?parent=1346"}],"curies":[{"name":"wp","href":"https:\/\/api.w.org\/{rel}","templated":true}]}}