{"id":16,"date":"2019-02-12T13:21:21","date_gmt":"2019-02-12T12:21:21","guid":{"rendered":"https:\/\/wordpress.nibis.de\/hsm\/?page_id=16"},"modified":"2021-01-28T16:52:17","modified_gmt":"2021-01-28T15:52:17","slug":"test-2","status":"publish","type":"page","link":"https:\/\/wordpress.nibis.de\/hsm\/","title":{"rendered":"Die  Schule  f\u00fcr  alle!"},"content":{"rendered":"\n<div class=\"wp-block-group\"><div class=\"wp-block-group__inner-container is-layout-flow wp-block-group-is-layout-flow\">\n<figure class=\"wp-block-image is-resized\"><a href=\"https:\/\/wordpress.nibis.de\/hsm\/files\/2021\/01\/Flyer-HSM-2021-01-28-08_33_57-1.pdf\"><img loading=\"lazy\" decoding=\"async\" src=\"https:\/\/wordpress.nibis.de\/hsm\/files\/2019\/05\/HSM-Index-1024x550.jpg\" alt=\"\" class=\"wp-image-713\" width=\"722\" height=\"387\" srcset=\"https:\/\/wordpress.nibis.de\/hsm\/files\/2019\/05\/HSM-Index-1024x550.jpg 1024w, https:\/\/wordpress.nibis.de\/hsm\/files\/2019\/05\/HSM-Index-300x161.jpg 300w, https:\/\/wordpress.nibis.de\/hsm\/files\/2019\/05\/HSM-Index-768x413.jpg 768w, https:\/\/wordpress.nibis.de\/hsm\/files\/2019\/05\/HSM-Index.jpg 1448w\" sizes=\"auto, (max-width: 722px) 100vw, 722px\" \/><\/a><figcaption><strong>Herzlich willkommen<\/strong>!<\/figcaption><\/figure>\n<\/div><\/div>\n\n\n\n<figure class=\"wp-block-image size-large is-resized\"><img loading=\"lazy\" decoding=\"async\" src=\"https:\/\/wordpress.nibis.de\/hsm\/files\/2021\/01\/learning.gif\" alt=\"\" class=\"wp-image-1017\" width=\"112\" height=\"84\" \/><\/figure>\n\n\n<p><span style=\"color: #339966\"><em><strong>NEWS<\/strong><\/em><\/span><\/p>\n\n\n<div class=\"wp-block-group has-black-color has-text-color\"><div class=\"wp-block-group__inner-container is-layout-flow wp-block-group-is-layout-flow\">\n<div class=\"wp-block-group has-black-color has-text-color\"><div class=\"wp-block-group__inner-container is-layout-flow wp-block-group-is-layout-flow\"><ul class=\"wp-block-latest-posts__list has-dates wp-block-latest-posts\"><li><a class=\"wp-block-latest-posts__post-title\" href=\"https:\/\/wordpress.nibis.de\/hsm\/infobrief-der-mensa\/\">Infobrief der Mensa<\/a><time datetime=\"2025-09-09T11:18:53+02:00\" class=\"wp-block-latest-posts__post-date\">9. September 2025<\/time><\/li>\n<li><a class=\"wp-block-latest-posts__post-title\" href=\"https:\/\/wordpress.nibis.de\/hsm\/fuer-den-start-ins-neue-schuljahr\/\">F\u00fcr den Start ins neue Schuljahr<\/a><time datetime=\"2025-05-21T08:34:06+02:00\" class=\"wp-block-latest-posts__post-date\">21. Mai 2025<\/time><\/li>\n<li><a class=\"wp-block-latest-posts__post-title\" href=\"https:\/\/wordpress.nibis.de\/hsm\/pimp-my-classroom-ii\/\">Pimp my classroom II<\/a><time datetime=\"2025-03-05T09:11:10+01:00\" class=\"wp-block-latest-posts__post-date\">5. M\u00e4rz 2025<\/time><\/li>\n<li><a class=\"wp-block-latest-posts__post-title\" href=\"https:\/\/wordpress.nibis.de\/hsm\/wir-fuer-demokratie\/\">Wir f\u00fcr Demokratie<\/a><time datetime=\"2025-02-25T10:40:39+01:00\" class=\"wp-block-latest-posts__post-date\">25. Februar 2025<\/time><\/li>\n<li><a class=\"wp-block-latest-posts__post-title\" href=\"https:\/\/wordpress.nibis.de\/hsm\/jugendtreffs-der-samtgemeinde\/\">Jugendtreffs der Samtgemeinde<\/a><time datetime=\"2024-04-22T17:03:46+02:00\" class=\"wp-block-latest-posts__post-date\">22. April 2024<\/time><\/li>\n<li><a class=\"wp-block-latest-posts__post-title\" href=\"https:\/\/wordpress.nibis.de\/hsm\/antrag-busfahrkarte\/\">Antrag Busfahrkarte<\/a><time datetime=\"2024-04-15T18:48:26+02:00\" class=\"wp-block-latest-posts__post-date\">15. April 2024<\/time><\/li>\n<li><a class=\"wp-block-latest-posts__post-title\" href=\"https:\/\/wordpress.nibis.de\/hsm\/schuelerinnen-fuer-schuelerinnen\/\">Sch\u00fclerInnen f\u00fcr Sch\u00fclerInnen<\/a><time datetime=\"2023-11-30T06:57:11+01:00\" class=\"wp-block-latest-posts__post-date\">30. November 2023<\/time><\/li>\n<li><a class=\"wp-block-latest-posts__post-title\" href=\"https:\/\/wordpress.nibis.de\/hsm\/beratungsteam-stellt-sich-neu-auf\/\">Beratungsteam stellt sich neu auf<\/a><time datetime=\"2023-08-25T08:09:51+02:00\" class=\"wp-block-latest-posts__post-date\">25. August 2023<\/time><\/li>\n<li><a class=\"wp-block-latest-posts__post-title\" href=\"https:\/\/wordpress.nibis.de\/hsm\/pimp-my-classroom\/\">PIMP MY CLASSROOM<\/a><time datetime=\"2023-06-20T21:39:01+02:00\" class=\"wp-block-latest-posts__post-date\">20. Juni 2023<\/time><\/li>\n<li><a class=\"wp-block-latest-posts__post-title\" href=\"https:\/\/wordpress.nibis.de\/hsm\/wir-setzen-ein-zeichen-fuer-den-frieden-auf-der-welt\/\">WIR SETZEN EIN ZEICHEN F\u00dcR DEN FRIEDEN AUF DER WELT<\/a><time datetime=\"2022-03-20T15:53:23+01:00\" class=\"wp-block-latest-posts__post-date\">20. M\u00e4rz 2022<\/time><\/li>\n<li><a class=\"wp-block-latest-posts__post-title\" href=\"https:\/\/wordpress.nibis.de\/hsm\/schulanmeldung-ukraine\/\">Schulanmeldung (Ukraine)<\/a><time datetime=\"2022-03-16T16:08:35+01:00\" class=\"wp-block-latest-posts__post-date\">16. M\u00e4rz 2022<\/time><\/li>\n<li><a class=\"wp-block-latest-posts__post-title\" href=\"https:\/\/wordpress.nibis.de\/hsm\/beratungsstelle-fuer-kinder-und-jugendliche\/\">Beratungsstelle f\u00fcr Kinder und Jugendliche<\/a><time datetime=\"2021-02-19T08:39:11+01:00\" class=\"wp-block-latest-posts__post-date\">19. Februar 2021<\/time><\/li>\n<li><a class=\"wp-block-latest-posts__post-title\" href=\"https:\/\/wordpress.nibis.de\/hsm\/info-berufsberatung\/\">Angebote der Berufsberatung<\/a><time datetime=\"2021-01-18T11:47:31+01:00\" class=\"wp-block-latest-posts__post-date\">18. Januar 2021<\/time><\/li>\n<li><a class=\"wp-block-latest-posts__post-title\" href=\"https:\/\/wordpress.nibis.de\/hsm\/krankheitssymptome-darf-mein-kind-zur-schule\/\">Krankheitssymptome-Darf mein Kind zur Schule?<\/a><time datetime=\"2020-09-23T15:39:17+02:00\" class=\"wp-block-latest-posts__post-date\">23. September 2020<\/time><\/li>\n<li><a class=\"wp-block-latest-posts__post-title\" href=\"https:\/\/wordpress.nibis.de\/hsm\/staerker-als-gewalt\/\">St\u00e4rker als Gewalt<\/a><time datetime=\"2020-05-09T09:58:10+02:00\" class=\"wp-block-latest-posts__post-date\">9. Mai 2020<\/time><\/li>\n<\/ul><\/div><\/div>\n<\/div><\/div>\n\n\n\n<figure class=\"wp-block-image size-large is-resized\"><img loading=\"lazy\" decoding=\"async\" src=\"https:\/\/wordpress.nibis.de\/hsm\/files\/2021\/01\/dots.gif\" alt=\"\" class=\"wp-image-1021\" width=\"57\" height=\"37\" \/><\/figure>\n","protected":false},"excerpt":{"rendered":"<p>NEWS<\/p>\n","protected":false},"author":9192962,"featured_media":0,"parent":0,"menu_order":0,"comment_status":"closed","ping_status":"closed","template":"","meta":{"footnotes":""},"class_list":["post-16","page","type-page","status-publish","hentry"],"_links":{"self":[{"href":"https:\/\/wordpress.nibis.de\/hsm\/wp-json\/wp\/v2\/pages\/16","targetHints":{"allow":["GET"]}}],"collection":[{"href":"https:\/\/wordpress.nibis.de\/hsm\/wp-json\/wp\/v2\/pages"}],"about":[{"href":"https:\/\/wordpress.nibis.de\/hsm\/wp-json\/wp\/v2\/types\/page"}],"author":[{"embeddable":true,"href":"https:\/\/wordpress.nibis.de\/hsm\/wp-json\/wp\/v2\/users\/9192962"}],"replies":[{"embeddable":true,"href":"https:\/\/wordpress.nibis.de\/hsm\/wp-json\/wp\/v2\/comments?post=16"}],"version-history":[{"count":71,"href":"https:\/\/wordpress.nibis.de\/hsm\/wp-json\/wp\/v2\/pages\/16\/revisions"}],"predecessor-version":[{"id":1092,"href":"https:\/\/wordpress.nibis.de\/hsm\/wp-json\/wp\/v2\/pages\/16\/revisions\/1092"}],"wp:attachment":[{"href":"https:\/\/wordpress.nibis.de\/hsm\/wp-json\/wp\/v2\/media?parent=16"}],"curies":[{"name":"wp","href":"https:\/\/api.w.org\/{rel}","templated":true}]}}