{"id":322,"date":"2019-02-13T22:47:48","date_gmt":"2019-02-13T21:47:48","guid":{"rendered":"https:\/\/wordpress.nibis.de\/hsm\/?page_id=322"},"modified":"2024-11-24T17:53:08","modified_gmt":"2024-11-24T16:53:08","slug":"projekt-liberia","status":"publish","type":"page","link":"https:\/\/wordpress.nibis.de\/hsm\/projekt-liberia\/","title":{"rendered":"Projekt Liberia"},"content":{"rendered":"\n<p>School&#8217;s graduation program<\/p>\n\n\n\n<figure class=\"wp-block-gallery has-nested-images columns-default is-cropped wp-block-gallery-1 is-layout-flex wp-block-gallery-is-layout-flex\">\n<figure class=\"wp-block-image size-large is-style-tw-rounded-corners\"><img loading=\"lazy\" decoding=\"async\" width=\"1024\" height=\"683\" data-id=\"1451\" src=\"https:\/\/wordpress.nibis.de\/hsm\/files\/2024\/11\/Collegeabschluss1-1024x683.jpg\" alt=\"\" class=\"wp-image-1451\" srcset=\"https:\/\/wordpress.nibis.de\/hsm\/files\/2024\/11\/Collegeabschluss1-1024x683.jpg 1024w, https:\/\/wordpress.nibis.de\/hsm\/files\/2024\/11\/Collegeabschluss1-300x200.jpg 300w, https:\/\/wordpress.nibis.de\/hsm\/files\/2024\/11\/Collegeabschluss1-768x512.jpg 768w, https:\/\/wordpress.nibis.de\/hsm\/files\/2024\/11\/Collegeabschluss1.jpg 1152w\" sizes=\"auto, (max-width: 1024px) 100vw, 1024px\" \/><figcaption>Collegeabschluss<\/figcaption><\/figure>\n\n\n\n<figure class=\"wp-block-image size-large is-style-tw-rounded-corners\"><img loading=\"lazy\" decoding=\"async\" width=\"484\" height=\"1024\" data-id=\"1455\" src=\"https:\/\/wordpress.nibis.de\/hsm\/files\/2024\/11\/Sicherheitspersonal-484x1024.jpg\" alt=\"\" class=\"wp-image-1455\" srcset=\"https:\/\/wordpress.nibis.de\/hsm\/files\/2024\/11\/Sicherheitspersonal-484x1024.jpg 484w, https:\/\/wordpress.nibis.de\/hsm\/files\/2024\/11\/Sicherheitspersonal-142x300.jpg 142w, https:\/\/wordpress.nibis.de\/hsm\/files\/2024\/11\/Sicherheitspersonal.jpg 605w\" sizes=\"auto, (max-width: 484px) 100vw, 484px\" \/><figcaption>Sicherheitspersonal<\/figcaption><\/figure>\n\n\n\n<figure class=\"wp-block-image size-large\"><img loading=\"lazy\" decoding=\"async\" width=\"1024\" height=\"682\" data-id=\"1452\" src=\"https:\/\/wordpress.nibis.de\/hsm\/files\/2024\/11\/Collegeabschluss2-1024x682.jpg\" alt=\"\" class=\"wp-image-1452\" srcset=\"https:\/\/wordpress.nibis.de\/hsm\/files\/2024\/11\/Collegeabschluss2-1024x682.jpg 1024w, https:\/\/wordpress.nibis.de\/hsm\/files\/2024\/11\/Collegeabschluss2-300x200.jpg 300w, https:\/\/wordpress.nibis.de\/hsm\/files\/2024\/11\/Collegeabschluss2-768x512.jpg 768w, https:\/\/wordpress.nibis.de\/hsm\/files\/2024\/11\/Collegeabschluss2.jpg 1280w\" sizes=\"auto, (max-width: 1024px) 100vw, 1024px\" \/><figcaption>Collegeabschluss<\/figcaption><\/figure>\n\n\n\n<figure class=\"wp-block-image size-large\"><img loading=\"lazy\" decoding=\"async\" width=\"1024\" height=\"682\" data-id=\"1454\" src=\"https:\/\/wordpress.nibis.de\/hsm\/files\/2024\/11\/Diana-E.-Davies-Leiterin-des-Projekts-in-Liberia-1024x682.jpg\" alt=\"\" class=\"wp-image-1454\" srcset=\"https:\/\/wordpress.nibis.de\/hsm\/files\/2024\/11\/Diana-E.-Davies-Leiterin-des-Projekts-in-Liberia-1024x682.jpg 1024w, https:\/\/wordpress.nibis.de\/hsm\/files\/2024\/11\/Diana-E.-Davies-Leiterin-des-Projekts-in-Liberia-300x200.jpg 300w, https:\/\/wordpress.nibis.de\/hsm\/files\/2024\/11\/Diana-E.-Davies-Leiterin-des-Projekts-in-Liberia-768x512.jpg 768w, https:\/\/wordpress.nibis.de\/hsm\/files\/2024\/11\/Diana-E.-Davies-Leiterin-des-Projekts-in-Liberia.jpg 1280w\" sizes=\"auto, (max-width: 1024px) 100vw, 1024px\" \/><figcaption>Diana E. Davies &#8211; Leiterin des Projekts in Liberia<\/figcaption><\/figure>\n<\/figure>\n\n\n\n<figure class=\"wp-block-video\"><video height=\"478\" style=\"aspect-ratio: 848 \/ 478;\" width=\"848\" controls src=\"https:\/\/wordpress.nibis.de\/hsm\/files\/2024\/11\/Schools-graduation-program.mp4\"><\/video><figcaption>School&#8217;s graduation program<\/figcaption><\/figure>\n\n\n\n<div class=\"wp-block-image\"><figure class=\"aligncenter is-resized\"><img loading=\"lazy\" decoding=\"async\" src=\"https:\/\/wordpress.nibis.de\/hsm\/files\/2019\/02\/wsb_208x291_UrkundeHS-Meinersen.jpg\" alt=\"\" class=\"wp-image-513\" width=\"243\" height=\"342\" \/><\/figure><\/div>\n\n\n\n<p>Im Februar 2011 entschloss sich die Klasse 6.1 eine Schulpatenschaft f\u00fcr ein Kind aus Liberia (West-Afrika) zu \u00fcbernehmen. Die Sch\u00fclerInnen und die KlassenlehrerInnen geben 60 Cent im Monat, so dass mit 120 Euro der Schulbesuch f\u00fcr Soma Dukuly gesichert werden kann. Eine solche Schulpatenschaft ist auf 5 \u2013 8 Jahre angelegt und soll somit nachhaltig Bildung f\u00fcr \u00e4rmere M\u00e4dchen erm\u00f6glichen. Diesem gutem Beispiel sind die Lehrkr\u00e4fte der HS Meinersen, der Schulsozialp\u00e4dagoge, die Berufsberater, der Hausmeister und die Schulsekret\u00e4rin gefolgt und haben eine Schulpatenschaft f\u00fcr Irena Siekeh \u00fcbernommen. <br \/><br \/>Zum Schuljahr 2011 \/ 2012 habe ich die Klasse 8.2 in Mathematik \u00fcbernommen. Es fiel mir auf, dass die meisten Sch\u00fclerInnen ihre Pfandflaschen achtlos in den M\u00fcll warfen. Daraufhin machte ich der Klasse 8.2 den Vorschlag eine Ausbildungspatenschaft zu \u00fcbernehmen und f\u00fcr ein M\u00e4dchen aus Liberia zu sammeln. Dieser Sammlung schlossen sich die Klasse 7.1 (vorher 6.1) und Teile der Klasse 9.2 an. Inzwischen sammeln auch die Lehrer. Bereits nach vier Monaten konnten wir im Dezember 2011 f\u00fcr Jennet Kpoto die 18 Monate dauernde Ausbildung zur Krankenschwester bezahlen. <br \/><br \/>Im Mai war es dann soweit und wir konnten die zweite Patenschaft f\u00fcr Odell T. Dukuly \u00fcbernehmen. Am 4.6.2012 gewannen wir beim Gemeinschafts-Preis der Braunschweiger Zeitung den 3. Preis und erhielten 1000 Euro. Mit den bereits gesammelten 89 Euro und einer Privatspende konnten wir am 12.06.2012 f\u00fcnf weitere Ausbildungspatenschaften finanzieren. <br \/><br \/>In diesem Zusammenhang noch einmal vielen Dank an alle Beteiligten und an Frau Meyer (Leiterin der Schulmensa), welche sich spontan entschloss allen beteiligten Jugendlichen ein Eis auszugeben. <br \/><br \/>Wir sammeln \u00fcbrigens flei\u00dfig weiter, um Menschen eine Chance zu geben ihr Leben eigenverantwortlich zu gestalten! <br \/><br \/><\/p>\n<div align=\"justify\">Herr Breselge <br \/>Leiter des Liberia-Projekts<\/div>\n","protected":false},"excerpt":{"rendered":"<p>School&#8217;s graduation program Im Februar 2011 entschloss sich die Klasse 6.1 eine Schulpatenschaft f\u00fcr ein Kind aus Liberia (West-Afrika) zu \u00fcbernehmen. Die Sch\u00fclerInnen und die KlassenlehrerInnen geben 60 Cent im Monat, so dass mit 120 Euro der Schulbesuch f\u00fcr Soma Dukuly gesichert werden kann. Eine solche Schulpatenschaft ist auf 5 \u2013 8 Jahre angelegt und &hellip; <a href=\"https:\/\/wordpress.nibis.de\/hsm\/projekt-liberia\/\" class=\"more-link\"><span class=\"screen-reader-text\">Projekt Liberia<\/span> weiterlesen <span class=\"meta-nav\">&rarr;<\/span><\/a><\/p>\n","protected":false},"author":9192962,"featured_media":0,"parent":0,"menu_order":0,"comment_status":"closed","ping_status":"closed","template":"","meta":{"footnotes":""},"class_list":["post-322","page","type-page","status-publish","hentry"],"_links":{"self":[{"href":"https:\/\/wordpress.nibis.de\/hsm\/wp-json\/wp\/v2\/pages\/322","targetHints":{"allow":["GET"]}}],"collection":[{"href":"https:\/\/wordpress.nibis.de\/hsm\/wp-json\/wp\/v2\/pages"}],"about":[{"href":"https:\/\/wordpress.nibis.de\/hsm\/wp-json\/wp\/v2\/types\/page"}],"author":[{"embeddable":true,"href":"https:\/\/wordpress.nibis.de\/hsm\/wp-json\/wp\/v2\/users\/9192962"}],"replies":[{"embeddable":true,"href":"https:\/\/wordpress.nibis.de\/hsm\/wp-json\/wp\/v2\/comments?post=322"}],"version-history":[{"count":8,"href":"https:\/\/wordpress.nibis.de\/hsm\/wp-json\/wp\/v2\/pages\/322\/revisions"}],"predecessor-version":[{"id":1457,"href":"https:\/\/wordpress.nibis.de\/hsm\/wp-json\/wp\/v2\/pages\/322\/revisions\/1457"}],"wp:attachment":[{"href":"https:\/\/wordpress.nibis.de\/hsm\/wp-json\/wp\/v2\/media?parent=322"}],"curies":[{"name":"wp","href":"https:\/\/api.w.org\/{rel}","templated":true}]}}