{"id":350,"date":"2019-02-13T22:51:49","date_gmt":"2019-02-13T21:51:49","guid":{"rendered":"https:\/\/wordpress.nibis.de\/hsm\/?page_id=350"},"modified":"2025-05-27T11:44:07","modified_gmt":"2025-05-27T09:44:07","slug":"schulsozialarbeit","status":"publish","type":"page","link":"https:\/\/wordpress.nibis.de\/hsm\/schulsozialarbeit\/","title":{"rendered":"Schulsozialarbeit"},"content":{"rendered":"<div>\n<div><strong>Die Schulsozialarbeit an der HS Meinersen umfasst u.a. folgende Aufgabenbereiche:<\/strong><\/div>\n<ul>\n<li>Einzelfallhilfen<\/li>\n<li>Gruppenarbeit (Jungen\/M\u00e4dchen)<\/li>\n<li>Arbeit mit Klassen (Seminare, Sozial- und Konflikttraining)<\/li>\n<li>Pr\u00e4ventionsangebote (z.B. zu den Themen Gewalt, Sucht, Medien)<\/li>\n<li>Durchf\u00fchrung von Angeboten im Ganztag<\/li>\n<li>Beratungsangebote f\u00fcr Sch\u00fcler, Eltern und Lehrkr\u00e4fte<\/li>\n<li>Vernetzung mit dem Jugendamt, der Polizei, der Jugendf\u00f6rderung und den Schulen des Schulzentrums<\/li>\n<li>Krisenintervention<\/li>\n<\/ul>\n<\/div>\n\n\n<div class=\"wp-block-columns is-layout-flex wp-container-core-columns-is-layout-abceabcf wp-block-columns-is-layout-flex\">\n<div class=\"wp-block-column is-layout-flow wp-block-column-is-layout-flow\" style=\"--col-width:50%;flex-basis:50%\">\n<figure class=\"wp-block-image is-resized is-style-rounded\"><img loading=\"lazy\" decoding=\"async\" src=\"https:\/\/wordpress.nibis.de\/hsm\/files\/2025\/05\/sozpaed-Frau-Kranich.png\" alt=\"Dieses Bild hat ein leeres Alt-Attribut. Der Dateiname ist sozpaed-Frau-Kranich.png\" width=\"236\" height=\"307\" \/><figcaption>Frau Kranich<\/figcaption><\/figure>\n<\/div>\n\n\n\n<div class=\"wp-block-column is-layout-flow wp-block-column-is-layout-flow\" style=\"--col-width:50%;flex-basis:50%\">\n<div class=\"wp-block-image is-style-rounded\"><figure class=\"aligncenter size-full is-resized\"><img loading=\"lazy\" decoding=\"async\" src=\"https:\/\/wordpress.nibis.de\/hsm\/files\/2025\/05\/Bernd-Mayer.jpg\" alt=\"\" class=\"wp-image-1498\" width=\"195\" height=\"293\" srcset=\"https:\/\/wordpress.nibis.de\/hsm\/files\/2025\/05\/Bernd-Mayer.jpg 323w, https:\/\/wordpress.nibis.de\/hsm\/files\/2025\/05\/Bernd-Mayer-200x300.jpg 200w\" sizes=\"auto, (max-width: 195px) 100vw, 195px\" \/><figcaption>Bernd Mayer<\/figcaption><\/figure><\/div>\n<\/div>\n<\/div>\n\n\n\n<div class=\"wp-block-columns is-layout-flex wp-container-core-columns-is-layout-abceabcf wp-block-columns-is-layout-flex\">\n<div class=\"wp-block-column is-layout-flow wp-block-column-is-layout-flow\">\n<p>Seit M\u00e4rz 2025 neu dazugekommen:<br \/><br \/>Frau Kranich<br \/>Am Gajenberg 3,<br \/><span style=\"font-size: revert\">38536 Meinersen<\/span><\/p>\n<p>Telefon: 05372- 97 91 74 (\u00fcber Hr. Mayer) <br \/>E-Mail:\u00a0<br \/><a href=\"&#x6d;&#97;i&#x6c;&#116;o&#x3a;&#65;&#46;&#x4b;&#114;a&#x6e;&#105;c&#x68;&#x40;H&#x53;&#x2d;&#77;&#x65;&#x69;&#110;&#x65;&#x72;&#115;e&#x6e;&#46;S&#x63;&#104;u&#x6c;&#101;\">&#x41;&#x2e;&#x4b;&#x72;&#97;&#110;&#105;ch&#x40;&#x48;&#x53;&#x2d;&#x4d;&#101;&#105;&#110;er&#x73;&#x65;&#x6e;&#x2e;&#x53;&#99;&#104;&#117;le<\/a><br \/>B\u00fcrozeiten w\u00e4hrend der Schulzeit: 7.30 Uhr bis 13:30 Uhr<br \/><br \/><strong>Die Aufgabenbereiche werden zus\u00e4tzlich von Frau Kranich<\/strong> wahrgenommen:<br \/>&#8211; Einzelfallhilfen und individuelle Sozialtrainings<br \/>&#8211; Gruppenarbeit (Jungen\/M\u00e4dchen)<br \/>&#8211; Durchf\u00fchrung von Angeboten im Ganztag<br \/>&#8211; Beratungsangebote f\u00fcr Sch\u00fcler, Eltern und Lehrkr\u00e4fte<br \/>&#8211; Krisenintervention<br \/>&#8211; Trainingsraumbetreuung<br \/>&#8211; Kreative Pausenangebote w\u00e4hrend der unterrichtsfreien Zeit<br \/>&#8211; Verantwortlich f\u00fcr Ma\u00dfnahmen im Rahmen des SCP (Startchancenprogramm)<br \/><br \/><\/p>\n<\/div>\n\n\n\n<div class=\"wp-block-column is-layout-flow wp-block-column-is-layout-flow\">\n<p><strong>Kontakt<\/strong><\/p>\n<ul>\n<li>Bernd Mayer<\/li>\n<li>Am Gajenberg 3, <br \/>38536 Meinersen<\/li>\n<li>Telefon: 05372- 97 91 74<\/li>\n<li>E-Mail: <br \/><a class=\"moz-txt-link-abbreviated\" href=\"&#x6d;&#x61;&#x69;&#x6c;&#116;&#111;&#58;B&#46;&#x4d;&#x61;&#x79;&#x65;&#x72;&#64;&#72;&#83;-M&#x65;&#x69;&#x6e;&#x65;&#x72;&#115;&#101;&#110;&#46;S&#x63;&#x68;&#x75;&#x6c;&#x65;\">&#x42;&#x2e;&#x4d;&#x61;&#x79;&#101;&#114;&#64;&#72;S-M&#x65;&#x69;&#x6e;&#x65;&#x72;&#x73;&#101;&#110;&#46;Sch&#x75;&#x6c;&#x65;<\/a><\/li>\n<li>B\u00fcrozeiten w\u00e4hrend der Schulzeit: 7.30 Uhr bis 16 Uhr<\/li>\n<\/ul>\n<\/div>\n<\/div>\n\n\n\n<div class=\"components-resizable-box__container\">\n<div>\u00a0<\/div>\n<\/div>\n\n\n\n<div class=\"components-drop-zone\" data-is-drop-zone=\"true\">&nbsp;<\/div>\n\n\n\n<div class=\"block-list-appender wp-block\" data-block=\"true\">\n<div class=\"block-editor-default-block-appender\" data-root-client-id=\"\">\u00a0<\/div>\n<\/div>\n\n\n\n\n","protected":false},"excerpt":{"rendered":"<p>Die Schulsozialarbeit an der HS Meinersen umfasst u.a. folgende Aufgabenbereiche: Einzelfallhilfen Gruppenarbeit (Jungen\/M\u00e4dchen) Arbeit mit Klassen (Seminare, Sozial- und Konflikttraining) Pr\u00e4ventionsangebote (z.B. zu den Themen Gewalt, Sucht, Medien) Durchf\u00fchrung von Angeboten im Ganztag Beratungsangebote f\u00fcr Sch\u00fcler, Eltern und Lehrkr\u00e4fte Vernetzung mit dem Jugendamt, der Polizei, der Jugendf\u00f6rderung und den Schulen des Schulzentrums Krisenintervention Seit M\u00e4rz &hellip; <a href=\"https:\/\/wordpress.nibis.de\/hsm\/schulsozialarbeit\/\" class=\"more-link\"><span class=\"screen-reader-text\">Schulsozialarbeit<\/span> weiterlesen <span class=\"meta-nav\">&rarr;<\/span><\/a><\/p>\n","protected":false},"author":9192962,"featured_media":0,"parent":0,"menu_order":0,"comment_status":"closed","ping_status":"closed","template":"","meta":{"footnotes":""},"class_list":["post-350","page","type-page","status-publish","hentry"],"_links":{"self":[{"href":"https:\/\/wordpress.nibis.de\/hsm\/wp-json\/wp\/v2\/pages\/350","targetHints":{"allow":["GET"]}}],"collection":[{"href":"https:\/\/wordpress.nibis.de\/hsm\/wp-json\/wp\/v2\/pages"}],"about":[{"href":"https:\/\/wordpress.nibis.de\/hsm\/wp-json\/wp\/v2\/types\/page"}],"author":[{"embeddable":true,"href":"https:\/\/wordpress.nibis.de\/hsm\/wp-json\/wp\/v2\/users\/9192962"}],"replies":[{"embeddable":true,"href":"https:\/\/wordpress.nibis.de\/hsm\/wp-json\/wp\/v2\/comments?post=350"}],"version-history":[{"count":16,"href":"https:\/\/wordpress.nibis.de\/hsm\/wp-json\/wp\/v2\/pages\/350\/revisions"}],"predecessor-version":[{"id":1503,"href":"https:\/\/wordpress.nibis.de\/hsm\/wp-json\/wp\/v2\/pages\/350\/revisions\/1503"}],"wp:attachment":[{"href":"https:\/\/wordpress.nibis.de\/hsm\/wp-json\/wp\/v2\/media?parent=350"}],"curies":[{"name":"wp","href":"https:\/\/api.w.org\/{rel}","templated":true}]}}