{"id":108,"date":"2016-01-17T11:04:40","date_gmt":"2016-01-17T10:04:40","guid":{"rendered":"http:\/\/wordpress.nibis.de\/hsvechel\/?page_id=108"},"modified":"2016-01-17T11:04:40","modified_gmt":"2016-01-17T10:04:40","slug":"leitbild","status":"publish","type":"page","link":"https:\/\/wordpress.nibis.de\/hsvechel\/leitbild\/","title":{"rendered":"Leitbild"},"content":{"rendered":"<p>Unser <strong>Leitbild<\/strong><\/p>\n<p><strong>Wir statten unsere Sch\u00fclerinnen und Sch\u00fcler mit F\u00e4higkeiten aus, ihr sp\u00e4teres Leben selbstbestimmt und verantwortungsbewusst zu gestalten.<\/strong><\/p>\n<p><strong>Leitsatz 1<\/strong><\/p>\n<p>Wir legen besonderen Wert auf toleranten, respektvollen und freundlichen Umgang miteinander<\/p>\n<p><strong>Leitsatz 2<\/strong><\/p>\n<p>Wir f\u00f6rdern unsere Sch\u00fcler nach ihren unterschiedlichen Begabungen. Dabei ber\u00fccksichtigen wir die jeweiligen Voraussetzungen und st\u00e4rken ihre Pers\u00f6nlichkeit.<\/p>\n<p><strong>Leitsatz 3<\/strong><\/p>\n<p>Wir legen Wert darauf, dass unsere Sch\u00fcler eigenverantwortlich und selbstst\u00e4ndig lernen.<\/p>\n<p><strong>Leitsatz 4<\/strong><\/p>\n<p>Wir begleiten und unterst\u00fctzen unsere Sch\u00fcler bei der gezielten Berufsvorbereitung.<\/p>\n<p><strong>Leitsatz 5<\/strong><\/p>\n<p>Wir bauen an einer Schule, an der jeder Sch\u00fcler einen Abschluss erreicht.<\/p>\n<p><strong>Leitsatz 6<\/strong><\/p>\n<p>Wir formen eine Schule, an der Sch\u00fcler, Eltern und alle an Schule Beteiligten Hand in Hand zusammenarbeiten.<\/p>\n<p><strong>Leitsatz 7<\/strong><\/p>\n<p>Wir alle verfolgen unser Motto &#8222;Lebenslanges Lernen&#8220; (Alle Mitarbeiter dieser Schule sorgen durch regelm\u00e4\u00dfige Fortbildung f\u00fcr ein positives Lernklima und eine erfolgreiche Unterrichtsarbeit).<\/p>\n","protected":false},"excerpt":{"rendered":"<p>Unser Leitbild Wir statten unsere Sch\u00fclerinnen und Sch\u00fcler mit F\u00e4higkeiten aus, ihr sp\u00e4teres Leben selbstbestimmt und verantwortungsbewusst zu gestalten. Leitsatz 1 Wir legen besonderen Wert auf toleranten, respektvollen und freundlichen Umgang miteinander Leitsatz 2 Wir f\u00f6rdern unsere Sch\u00fcler nach ihren &hellip; <a href=\"https:\/\/wordpress.nibis.de\/hsvechel\/leitbild\/\">Weiterlesen <span class=\"meta-nav\">&rarr;<\/span><\/a><\/p>\n","protected":false},"author":713,"featured_media":0,"parent":0,"menu_order":0,"comment_status":"closed","ping_status":"closed","template":"","meta":{"footnotes":""},"class_list":["post-108","page","type-page","status-publish","hentry"],"_links":{"self":[{"href":"https:\/\/wordpress.nibis.de\/hsvechel\/wp-json\/wp\/v2\/pages\/108","targetHints":{"allow":["GET"]}}],"collection":[{"href":"https:\/\/wordpress.nibis.de\/hsvechel\/wp-json\/wp\/v2\/pages"}],"about":[{"href":"https:\/\/wordpress.nibis.de\/hsvechel\/wp-json\/wp\/v2\/types\/page"}],"author":[{"embeddable":true,"href":"https:\/\/wordpress.nibis.de\/hsvechel\/wp-json\/wp\/v2\/users\/713"}],"replies":[{"embeddable":true,"href":"https:\/\/wordpress.nibis.de\/hsvechel\/wp-json\/wp\/v2\/comments?post=108"}],"version-history":[{"count":1,"href":"https:\/\/wordpress.nibis.de\/hsvechel\/wp-json\/wp\/v2\/pages\/108\/revisions"}],"predecessor-version":[{"id":111,"href":"https:\/\/wordpress.nibis.de\/hsvechel\/wp-json\/wp\/v2\/pages\/108\/revisions\/111"}],"wp:attachment":[{"href":"https:\/\/wordpress.nibis.de\/hsvechel\/wp-json\/wp\/v2\/media?parent=108"}],"curies":[{"name":"wp","href":"https:\/\/api.w.org\/{rel}","templated":true}]}}