{"id":146,"date":"2016-03-09T10:22:07","date_gmt":"2016-03-09T09:22:07","guid":{"rendered":"http:\/\/wordpress.nibis.de\/hsvechel\/?page_id=146"},"modified":"2024-09-16T08:06:18","modified_gmt":"2024-09-16T06:06:18","slug":"wir-ueber-uns","status":"publish","type":"page","link":"https:\/\/wordpress.nibis.de\/hsvechel\/wir-ueber-uns\/","title":{"rendered":"Wir \u00fcber uns"},"content":{"rendered":"<p><strong>WIR \u00fcber UNS<\/strong><\/p>\n<p><strong>\u00a0<\/strong><strong>Wir\u2026\u2026<\/strong><\/p>\n<p>&#8211; f\u00f6rdern und fordern jeden Sch\u00fcler<\/p>\n<p>&#8211; l\u00f6sen Probleme<\/p>\n<p>&#8211; haben ein \u201eoffenes Ohr\u201c<\/p>\n<p>&#8211; verstehen Schule als Lebensraum<\/p>\n<p>&#8211; sorgen f\u00fcr ein gutes Miteinander<\/p>\n<p>&#8211; holen Eltern ins \u201eBoot\u201c<\/p>\n<p><strong>\u00a0<\/strong><\/p>\n<p><strong>Wir\u2026\u2026.<\/strong><\/p>\n<p>&#8211; sind ein aktives, innovatives Kollegium<\/p>\n<p>&#8211; arbeiten stets im Team<\/p>\n<p>&#8211; nehmen uns Zeit<\/p>\n<p>&#8211; sind vielf\u00e4ltig engagiert<\/p>\n<p>&#8211; haben unterschiedliche Schwerpunkte<\/p>\n<p>&#8211; haben Spa\u00df an unserer Arbeit<\/p>\n<p>&#8211; sind neugierig und interessiert<\/p>\n<p>&#8211; sind verst\u00e4ndnisvoll und hilfsbereit<\/p>\n<p><strong>Wir bieten\u2026&#8230;<\/strong><\/p>\n<p>&#8211; EDV-Raum<\/p>\n<p>&#8211; moderner Kunstraum<\/p>\n<p>&#8211; voll ausgestatteter Musikraum<\/p>\n<p>&#8211; moderner naturwissenschaftlicher Fachraum auf neuestem technischen Stand<\/p>\n<p>&#8211; neue Lehrk\u00fcche mit modernsten Ger\u00e4ten<\/p>\n<p>&#8211; neu ausgestatteter Kunstraum<\/p>\n<p>&#8211; modernster Technikraum (3 D-Drucker)<\/p>\n<p>&#8211; gro\u00dfer Maschinenpark zur Holzbearbeitung<\/p>\n<p>&#8211; moderner Werkraum<\/p>\n<p>&#8211; moderne Aula f\u00fcr Auff\u00fchrungen, B\u00fchnenbereich mit Licht- und Tontechnik<\/p>\n<p>&#8211; W-Lan im gesamten Geb\u00e4ude, moderne, sanierte Klassenr\u00e4ume mit interaktiven Tafeln und PCs in jedem Klassenraum<\/p>\n<p>&#8211; barrierefreier und behindertengerechter Ausbau der Schule (Fahrstuhl, Behinderten WC)<\/p>\n<p>&#8211; Schlie\u00dff\u00e4cher f\u00fcr alle Sch\u00fcler<\/p>\n<p>&#8211; 2 Sporthallen, 1 Hallenbad<\/p>\n<p>&#8211; Kreissportanlage mit Fu\u00dfballfeldern und Beach-Volleyball-Anlage<\/p>\n<p>&#8211; eigener Schulgarten<\/p>\n<p>&#8211; Aufenthalt in den Pausen in den zwei lichtdurchfluteten Aulen und auf dem Schulhof<\/p>\n<p>&#8211; Schulwald in Wierthe<\/p>\n<p>&#8211; eigene Cafeteria im Geb\u00e4ude mit kleinen Snacks<\/p>\n<p>&#8211; Mensa mit t\u00e4glich frisch zubereiteten Speisen und im gleichen Geb\u00e4ude die<\/p>\n<p>&#8211; Kreisbibliothek, mit der eng zusammengearbeitet wird<\/p>\n<p>&#8211; enge Zusammenarbeit mit der Grundschule, der Realschule und des Gymnasiums in Form von Kooperationen und im Bereich des Ganztags<\/p>\n<p><strong>\u00a0<\/strong><strong>\u00a0<\/strong><\/p>\n<p><strong>Das macht uns aus:<\/strong><\/p>\n<p>&#8211; kleine Klassen (max. 17 Sch\u00fcler)<\/p>\n<p>&#8211; Projekttage zum Methodentraining<\/p>\n<p>&#8211; Lernplaner f\u00fcr alle Sch\u00fcler<\/p>\n<p>&#8211; schuleigene Kommunikationsplattform (I-Serv)<\/p>\n<p>&#8211; Einf\u00fchrung in EDV-Wissen<\/p>\n<p>&#8211; Erwerb individueller und sozialer Kompetenzen in Arbeitsgemeinschaften und Projekten<\/p>\n<p>&#8211; Methodentage<\/p>\n<p>&#8211; gezielte Beratungs- und Unterst\u00fctzungsangebote (Sozialarbeiter\/Beratungslehrer\/SV-Lehrer\/Patenschaften (Gro\u00dfe helfen Kleinen)<\/p>\n<p>&#8211; Wahlpflichtkurse zur individuellen Schwerpunktbildung<\/p>\n<p>&#8211; freiwillige Ganztagsschule an drei Tagen (Sport, Musik, Kunst, Sprachen und vieles mehr)<\/p>\n<p>&#8211; schuleigene Sanit\u00e4ter mit Ausbildung in der Schule<\/p>\n<p>&#8211; Hausaufgabenbetreuung<\/p>\n<p>&#8211; Trainingskurse in den Hauptf\u00e4chern<\/p>\n<p>&#8211; Weiterf\u00fchrung der Lernbeobachtung aus der Grundschule<\/p>\n<p>&#8211; Klassenlehrer- und Elternsprechtage<\/p>\n<p>&#8211; t\u00e4gliche Unterst\u00fctzung im Unterricht durch F\u00f6rderschulkollegen<\/p>\n<p>&#8211; gezielte Berufsvorbereitung<\/p>\n<p>&#8211; Kompetenzfeststellungsverfahren<\/p>\n<p>&#8211; enge Zusammenarbeit mit externen Beratern der Arbeitsagentur und der Betriebe<\/p>\n<p>&#8211; hoher Anteil an Praxistagen (Betriebspraktika)<\/p>\n<p>&#8211; Berufseinstiegsbegleitung (externe Fachberater im Haus)<\/p>\n<p>&#8211; regelm\u00e4\u00dfige Teilnahme an Wettbewerben<\/p>\n<p>&#8211; Kooperationen mit au\u00dferschulischen Lernorten<\/p>\n<p>&#8211; Partnerschule mit Sch\u00fcleraustausch in Finnland<\/p>\n<p>&#8211; Partnerschule in Namibia<\/p>\n<p>&#8211; aktive SV-Arbeit (Sch\u00fclervertretung gestaltet Schule mit)<\/p>\n<p>&#8211; gezielte Vorbereitung auf Abschl\u00fcsse und Pr\u00fcfungen<\/p>\n<p>&#8211; Unterst\u00fctzung im Bewerbungsverfahren und individuelle Beratung<\/p>\n<p>&#8211; Ausstellungen und Pr\u00e4sentation von Sch\u00fclerprojekten<\/p>\n<p>&#8211; Praktikumsausstellung<\/p>\n<p><strong>Das kann man bei uns erwerben:<\/strong><\/p>\n<p>&#8211; Sekundarabschluss I: Hauptschulabschluss<\/p>\n<p>&#8211; Sekundarabschluss I: Realschulabschluss<\/p>\n<p>&#8211; erweiterter Realschulabschluss<\/p>\n<p>Sabine Wenzel<\/p>\n<p>(Rektorin)<\/p>\n","protected":false},"excerpt":{"rendered":"<p>WIR \u00fcber UNS \u00a0Wir\u2026\u2026 &#8211; f\u00f6rdern und fordern jeden Sch\u00fcler &#8211; l\u00f6sen Probleme &#8211; haben ein \u201eoffenes Ohr\u201c &#8211; verstehen Schule als Lebensraum &#8211; sorgen f\u00fcr ein gutes Miteinander &#8211; holen Eltern ins \u201eBoot\u201c \u00a0 Wir\u2026\u2026. &#8211; sind ein aktives, &hellip; <a href=\"https:\/\/wordpress.nibis.de\/hsvechel\/wir-ueber-uns\/\">Weiterlesen <span class=\"meta-nav\">&rarr;<\/span><\/a><\/p>\n","protected":false},"author":713,"featured_media":0,"parent":0,"menu_order":0,"comment_status":"closed","ping_status":"closed","template":"","meta":{"footnotes":""},"class_list":["post-146","page","type-page","status-publish","hentry"],"_links":{"self":[{"href":"https:\/\/wordpress.nibis.de\/hsvechel\/wp-json\/wp\/v2\/pages\/146","targetHints":{"allow":["GET"]}}],"collection":[{"href":"https:\/\/wordpress.nibis.de\/hsvechel\/wp-json\/wp\/v2\/pages"}],"about":[{"href":"https:\/\/wordpress.nibis.de\/hsvechel\/wp-json\/wp\/v2\/types\/page"}],"author":[{"embeddable":true,"href":"https:\/\/wordpress.nibis.de\/hsvechel\/wp-json\/wp\/v2\/users\/713"}],"replies":[{"embeddable":true,"href":"https:\/\/wordpress.nibis.de\/hsvechel\/wp-json\/wp\/v2\/comments?post=146"}],"version-history":[{"count":7,"href":"https:\/\/wordpress.nibis.de\/hsvechel\/wp-json\/wp\/v2\/pages\/146\/revisions"}],"predecessor-version":[{"id":3393,"href":"https:\/\/wordpress.nibis.de\/hsvechel\/wp-json\/wp\/v2\/pages\/146\/revisions\/3393"}],"wp:attachment":[{"href":"https:\/\/wordpress.nibis.de\/hsvechel\/wp-json\/wp\/v2\/media?parent=146"}],"curies":[{"name":"wp","href":"https:\/\/api.w.org\/{rel}","templated":true}]}}