{"id":204,"date":"2016-04-24T19:35:58","date_gmt":"2016-04-24T17:35:58","guid":{"rendered":"http:\/\/wordpress.nibis.de\/hsvechel\/?page_id=204"},"modified":"2026-01-27T09:07:28","modified_gmt":"2026-01-27T08:07:28","slug":"schulleitung","status":"publish","type":"page","link":"https:\/\/wordpress.nibis.de\/hsvechel\/schulleitung\/","title":{"rendered":"Schulleitung"},"content":{"rendered":"<h3 style=\"text-align: right\" align=\"center\"><span style=\"color: #000000;font-family: Verdana\">Unsere Schulleitung liegt in den H\u00e4nden von<\/span><\/h3>\n<h3 align=\"center\"><span style=\"color: #000000\"> <a style=\"color: #000000\" href=\"http:\/\/wordpress.nibis.de\/hsvechel\/files\/2016\/04\/IMG_5609.jpg\"><img loading=\"lazy\" decoding=\"async\" class=\"wp-image-870 alignleft\" src=\"http:\/\/wordpress.nibis.de\/hsvechel\/files\/2016\/04\/IMG_5609.jpg\" alt=\"\" width=\"213\" height=\"284\" srcset=\"https:\/\/wordpress.nibis.de\/hsvechel\/files\/2016\/04\/IMG_5609.jpg 450w, https:\/\/wordpress.nibis.de\/hsvechel\/files\/2016\/04\/IMG_5609-225x300.jpg 225w\" sizes=\"auto, (max-width: 213px) 100vw, 213px\" \/><\/a><strong>Frau Wenzel.<\/strong><\/span><\/h3>\n<h4 style=\"text-align: right\"><span style=\"color: #000000\">(Termine k\u00f6nnen \u00fcber das Sekretariat vereinbart werden.)<\/span><\/h4>\n\n","protected":false},"excerpt":{"rendered":"<p>Unsere Schulleitung liegt in den H\u00e4nden von Frau Wenzel. (Termine k\u00f6nnen \u00fcber das Sekretariat vereinbart werden.)<\/p>\n","protected":false},"author":713,"featured_media":0,"parent":0,"menu_order":0,"comment_status":"closed","ping_status":"closed","template":"","meta":{"footnotes":""},"class_list":["post-204","page","type-page","status-publish","hentry"],"_links":{"self":[{"href":"https:\/\/wordpress.nibis.de\/hsvechel\/wp-json\/wp\/v2\/pages\/204","targetHints":{"allow":["GET"]}}],"collection":[{"href":"https:\/\/wordpress.nibis.de\/hsvechel\/wp-json\/wp\/v2\/pages"}],"about":[{"href":"https:\/\/wordpress.nibis.de\/hsvechel\/wp-json\/wp\/v2\/types\/page"}],"author":[{"embeddable":true,"href":"https:\/\/wordpress.nibis.de\/hsvechel\/wp-json\/wp\/v2\/users\/713"}],"replies":[{"embeddable":true,"href":"https:\/\/wordpress.nibis.de\/hsvechel\/wp-json\/wp\/v2\/comments?post=204"}],"version-history":[{"count":14,"href":"https:\/\/wordpress.nibis.de\/hsvechel\/wp-json\/wp\/v2\/pages\/204\/revisions"}],"predecessor-version":[{"id":3746,"href":"https:\/\/wordpress.nibis.de\/hsvechel\/wp-json\/wp\/v2\/pages\/204\/revisions\/3746"}],"wp:attachment":[{"href":"https:\/\/wordpress.nibis.de\/hsvechel\/wp-json\/wp\/v2\/media?parent=204"}],"curies":[{"name":"wp","href":"https:\/\/api.w.org\/{rel}","templated":true}]}}