{"id":2057,"date":"2021-11-02T11:52:52","date_gmt":"2021-11-02T10:52:52","guid":{"rendered":"https:\/\/wordpress.nibis.de\/hsvechel\/?page_id=2057"},"modified":"2026-03-09T07:54:03","modified_gmt":"2026-03-09T06:54:03","slug":"anmeldung","status":"publish","type":"page","link":"https:\/\/wordpress.nibis.de\/hsvechel\/anmeldung\/","title":{"rendered":"Anmeldung"},"content":{"rendered":"\n<p><span style=\"color: #000080\"><strong><em><span style=\"text-decoration: underline\">Anmeldung f\u00fcr Klasse 5\u00a0 \u00a0 \u00a0 \u00a0Schuljahr 2026\/2027<\/span><\/em><\/strong><\/span><\/p>\n<p><span style=\"color: #000080\">Herzlich Willkommen auf unserer Homepage.<\/span><\/p>\n<p><span style=\"color: #000080\">Hier finden Sie alle notwendigen Anmeldeunterlagen. Eine Anmeldung an unserer Albert-Schweitzer-Hauptschule kann gern pers\u00f6nlich in der Zeit von 7:30 Uhr bis 11 Uhr (oder nach vorheriger Terminvereinbarung) vorgenommen werden. Die Unterlagen k\u00f6nnen pers\u00f6nlich abgeholt oder aber vorab heruntergeladen werden.<\/span><\/p>\n<p><em><span style=\"color: #000080\">Zum Kennenlernen unserer Schule finden im Fr\u00fchjahr 2026 mit allen vierten Klassen der Grundschulen der Gemeinde Vechelde MINT-Tage statt.<\/span> <br \/><\/em><\/p>\n<p><a href=\"https:\/\/wordpress.nibis.de\/hsvechel\/files\/2026\/03\/1-Anmeldebogen-SJ-2026_27.pdf\">1) Anmeldebogen SJ 2026_27<\/a><\/p>\n<p><a href=\"https:\/\/wordpress.nibis.de\/hsvechel\/files\/2026\/03\/2-Vollmacht-bzgl.-schulischer-Belange.pdf\">2) Vollmacht bzgl. schulischer Belange<\/a><\/p>\n<p><a href=\"https:\/\/wordpress.nibis.de\/hsvechel\/files\/2026\/03\/3-Anmeldung-zur-entgeltlichen-Ausleihe-von-Lernmitteln.pdf\">3) Anmeldung zur entgeltlichen Ausleihe von Lernmitteln<\/a><\/p>\n<p><a href=\"https:\/\/wordpress.nibis.de\/hsvechel\/files\/2026\/03\/4-Information-zur-Lernmittelausleihe-Bankverbindung.pdf\">4) Information zur Lernmittelausleihe (Bankverbindung)<\/a><\/p>\n<p><a href=\"https:\/\/wordpress.nibis.de\/hsvechel\/files\/2026\/03\/5-Rauchverbot_-Drogen-und-Alkoholverbot.pdf\">5) Rauchverbot_ Drogen- und Alkoholverbot<\/a><\/p>\n<p><a href=\"https:\/\/wordpress.nibis.de\/hsvechel\/files\/2026\/03\/6-Infektionsschutz-deutsch.pdf\">6) Infektionsschutz (deutsch)<\/a><\/p>\n<p><a href=\"https:\/\/wordpress.nibis.de\/hsvechel\/files\/2026\/03\/7-Nutzungsordnung-I-Serv.pdf\">7) Nutzungsordnung I-Serv<\/a><\/p>\n<p><a href=\"https:\/\/wordpress.nibis.de\/hsvechel\/files\/2026\/03\/8-Waffenverbot.pdf\">8) Waffenverbot<\/a><\/p>\n<p><a href=\"https:\/\/wordpress.nibis.de\/hsvechel\/files\/2026\/03\/9-Krankmeldung-Schueler.pdf\">9) Krankmeldung Sch\u00fcler<\/a><\/p>\n<p><a href=\"https:\/\/wordpress.nibis.de\/hsvechel\/files\/2026\/03\/10-Schulordnung.pdf\">10) Schulordnung<\/a><\/p>\n<p><a href=\"https:\/\/wordpress.nibis.de\/hsvechel\/files\/2026\/03\/11-Liebe-Eltern.pdf\">11) Liebe Eltern<\/a><\/p>\n<p><a href=\"https:\/\/wordpress.nibis.de\/hsvechel\/files\/2026\/03\/12-Unterrichtszeiten.pdf\">12) Unterrichtszeiten<\/a><\/p>\n<p><a href=\"https:\/\/wordpress.nibis.de\/hsvechel\/files\/2026\/03\/13-Mensa-Max-Anmeldedaten.pdf\">13) Mensa Max (Anmeldedaten)<\/a><\/p>\n<p><span style=\"color: #000080\">F\u00fcr die Schulmensa ben\u00f6tigen die Sch\u00fcler einen Zugang zum Online-Bestellsystem MensaMax.\u00a0 Eine Anmeldung erfolgt selbstst\u00e4ndig. \u00dcber dieses System wird das Essen bezahlt, bestellt oder evtl. storniert. Den entsprechenden Mensa-Chip erhalten die Kinder &#8211; nach vorheriger Anmeldung &#8211; im Sekretariat unserer Schule.<\/span><\/p>\n<p><span style=\"color: #000080\"><strong>Weitere Unterlagen werden zur Anmeldung ben\u00f6tigt:<\/strong><\/span><\/p>\n<ul>\n<li><span style=\"color: #000080\">Geburtsurkunde (Kopie)<\/span><\/li>\n<li><span style=\"color: #000080\">Nachweis der zweifachen Masernschutzimpfung (Impfausweis \/ Impfnachweis)<\/span><\/li>\n<li><span style=\"color: #000080\">Zeugnis des 1. Halbjahres, Klasse 4<\/span><\/li>\n<li><span style=\"color: #000080\">Unterlagen \u00fcber einen evtl. sonderp\u00e4dagogischen F\u00f6rderbedarf<\/span><\/li>\n<li><span style=\"color: #000080\">ggfs. Erkl\u00e4rung zur Sorgeberechtigung (Sorgerechtsurteil)<\/span><\/li>\n<li><span style=\"color: #000080\">bei Leistungsempf\u00e4ngern: Kopie des aktuellen Leistungsbescheides<\/span><\/li>\n<li><span style=\"color: #000080\">Schulbescheinigungen ab 3 schulpflichtigen Kindern (Minderung der Lermittelgeb\u00fchr um 20 %)<\/span><\/li>\n<\/ul>\n<p><span style=\"color: #000080\">Bei R\u00fcckfragen stehen wir Ihnen gern zur Verf\u00fcgung.<\/span><\/p>\n<p><span style=\"color: #000080\">Wir freuen uns auf Ihr Kind!<\/span><\/p>\n<p><span style=\"color: #000080\">Um unsere Schule vorab etwas kennenzulernen laden wir Sie gern auf eine Reise durch unsere Schule (Pr\u00e4sentation) ein.<\/span><\/p>\n<p><a href=\"https:\/\/wordpress.nibis.de\/hsvechel\/files\/2024\/01\/ASH-Wir-stellen-uns-vor.pdf\">ASH, Wir stellen uns vor<\/a><\/p>\n","protected":false},"excerpt":{"rendered":"<p>Anmeldung f\u00fcr Klasse 5\u00a0 \u00a0 \u00a0 \u00a0Schuljahr 2026\/2027 Herzlich Willkommen auf unserer Homepage. Hier finden Sie alle notwendigen Anmeldeunterlagen. Eine Anmeldung an unserer Albert-Schweitzer-Hauptschule kann gern pers\u00f6nlich in der Zeit von 7:30 Uhr bis 11 Uhr (oder nach vorheriger Terminvereinbarung) &hellip; <a href=\"https:\/\/wordpress.nibis.de\/hsvechel\/anmeldung\/\">Weiterlesen <span class=\"meta-nav\">&rarr;<\/span><\/a><\/p>\n","protected":false},"author":713,"featured_media":0,"parent":0,"menu_order":0,"comment_status":"closed","ping_status":"closed","template":"","meta":{"footnotes":""},"class_list":["post-2057","page","type-page","status-publish","hentry"],"_links":{"self":[{"href":"https:\/\/wordpress.nibis.de\/hsvechel\/wp-json\/wp\/v2\/pages\/2057","targetHints":{"allow":["GET"]}}],"collection":[{"href":"https:\/\/wordpress.nibis.de\/hsvechel\/wp-json\/wp\/v2\/pages"}],"about":[{"href":"https:\/\/wordpress.nibis.de\/hsvechel\/wp-json\/wp\/v2\/types\/page"}],"author":[{"embeddable":true,"href":"https:\/\/wordpress.nibis.de\/hsvechel\/wp-json\/wp\/v2\/users\/713"}],"replies":[{"embeddable":true,"href":"https:\/\/wordpress.nibis.de\/hsvechel\/wp-json\/wp\/v2\/comments?post=2057"}],"version-history":[{"count":58,"href":"https:\/\/wordpress.nibis.de\/hsvechel\/wp-json\/wp\/v2\/pages\/2057\/revisions"}],"predecessor-version":[{"id":3825,"href":"https:\/\/wordpress.nibis.de\/hsvechel\/wp-json\/wp\/v2\/pages\/2057\/revisions\/3825"}],"wp:attachment":[{"href":"https:\/\/wordpress.nibis.de\/hsvechel\/wp-json\/wp\/v2\/media?parent=2057"}],"curies":[{"name":"wp","href":"https:\/\/api.w.org\/{rel}","templated":true}]}}