{"id":256,"date":"2016-05-17T10:55:33","date_gmt":"2016-05-17T08:55:33","guid":{"rendered":"http:\/\/wordpress.nibis.de\/hsvechel\/?page_id=256"},"modified":"2026-03-16T08:09:53","modified_gmt":"2026-03-16T07:09:53","slug":"schulelternrat","status":"publish","type":"page","link":"https:\/\/wordpress.nibis.de\/hsvechel\/schulelternrat\/","title":{"rendered":"Schulvorstand"},"content":{"rendered":"<table style=\"height: 66px;width: 99.0578%;border-style: none\">\n<tbody>\n<tr style=\"height: 184px\">\n<td style=\"width: 8.88889%;height: 167px;text-align: left\">\u00a0<\/td>\n<td style=\"width: 102.993%;height: 167px\" align=\"left\" valign=\"top\">\n<h4 style=\"text-align: left\" align=\"left\"><span style=\"font-family: Verdana;color: #000000\"><b>Lehrervertretung:<\/b><\/span><\/h4>\n<h5><span style=\"font-family: Verdana;color: #000000\">Frau Boldering<\/span><\/h5>\n<h5><span style=\"font-family: Verdana;color: #000000\">Frau Kie\u00dfling<\/span><\/h5>\n<h5><span style=\"font-family: Verdana;color: #000000\">Fau Pietz<\/span><\/h5>\n<h4 style=\"text-align: left\"><span style=\"color: #000000\"><strong>Elternvertretung<\/strong>:<\/span><\/h4>\n<h5 style=\"text-align: left\">Frau Severitt<\/h5>\n<h4><span style=\"color: #000000\"><strong>Sch\u00fclervertretung:<\/strong><\/span><\/h4>\n<h5>J.-L. Severitt<\/h5>\n<h5>N. Mekvabidze<\/h5>\n<h4><span style=\"color: #000000\"><b>Vertretung<\/b><b> Landkreis Peine (Schultr\u00e4ger):<\/b><\/span><\/h4>\n<h5><span style=\"color: #000000\">Frau Lodwick<\/span><\/h5>\n<\/td>\n<td style=\"width: 1.50602%;height: 167px\" align=\"left\" valign=\"top\">\u00a0<\/td>\n<td style=\"width: 39.1417%;height: 167px\" align=\"left\" valign=\"top\">\u00a0<\/td>\n<\/tr>\n<\/tbody>\n<\/table>\n<p><span style=\"color: #000066;font-family: Verdana;font-size: medium\">\u00a0<\/span><\/p>\n\n","protected":false},"excerpt":{"rendered":"<p>\u00a0 Lehrervertretung: Frau Boldering Frau Kie\u00dfling Fau Pietz Elternvertretung: Frau Severitt Sch\u00fclervertretung: J.-L. Severitt N. Mekvabidze Vertretung Landkreis Peine (Schultr\u00e4ger): Frau Lodwick \u00a0 \u00a0 \u00a0<\/p>\n","protected":false},"author":713,"featured_media":0,"parent":0,"menu_order":0,"comment_status":"closed","ping_status":"closed","template":"","meta":{"footnotes":""},"class_list":["post-256","page","type-page","status-publish","hentry"],"_links":{"self":[{"href":"https:\/\/wordpress.nibis.de\/hsvechel\/wp-json\/wp\/v2\/pages\/256","targetHints":{"allow":["GET"]}}],"collection":[{"href":"https:\/\/wordpress.nibis.de\/hsvechel\/wp-json\/wp\/v2\/pages"}],"about":[{"href":"https:\/\/wordpress.nibis.de\/hsvechel\/wp-json\/wp\/v2\/types\/page"}],"author":[{"embeddable":true,"href":"https:\/\/wordpress.nibis.de\/hsvechel\/wp-json\/wp\/v2\/users\/713"}],"replies":[{"embeddable":true,"href":"https:\/\/wordpress.nibis.de\/hsvechel\/wp-json\/wp\/v2\/comments?post=256"}],"version-history":[{"count":45,"href":"https:\/\/wordpress.nibis.de\/hsvechel\/wp-json\/wp\/v2\/pages\/256\/revisions"}],"predecessor-version":[{"id":3835,"href":"https:\/\/wordpress.nibis.de\/hsvechel\/wp-json\/wp\/v2\/pages\/256\/revisions\/3835"}],"wp:attachment":[{"href":"https:\/\/wordpress.nibis.de\/hsvechel\/wp-json\/wp\/v2\/media?parent=256"}],"curies":[{"name":"wp","href":"https:\/\/api.w.org\/{rel}","templated":true}]}}