{"id":368,"date":"2016-09-30T12:54:58","date_gmt":"2016-09-30T10:54:58","guid":{"rendered":"http:\/\/wordpress.nibis.de\/hsvechel\/?page_id=368"},"modified":"2021-11-17T09:54:45","modified_gmt":"2021-11-17T08:54:45","slug":"schulwald","status":"publish","type":"page","link":"https:\/\/wordpress.nibis.de\/hsvechel\/schulwald\/","title":{"rendered":"Schulwald"},"content":{"rendered":"<p><a href=\"http:\/\/www.zukunftwald.de\"><img decoding=\"async\" src=\"https:\/\/image.jimcdn.com\/app\/cms\/image\/transf\/dimension=160x10000:format=jpg\/path\/sd820ddac6b1e28a3\/image\/i48de040ebbdc7622\/version\/1474279996\/image.jpg\" alt=\"https:\/\/image.jimcdn.com\/app\/cms\/image\/transf\/dimension=160x10000:format=jpg\/path\/sd820ddac6b1e28a3\/image\/i48de040ebbdc7622\/version\/1474279996\/image.jpg\" \/><\/a>\/<\/p>\n<p><a href=\"http:\/\/wordpress.nibis.de\/hsvechel\/files\/2016\/09\/schulwald2.jpg\">\u00a0<\/a><strong>Spatenstich<\/strong> <strong>Waldprojekt<\/strong><\/p>\n<p>Am Dienstag, dem <strong>6.11.2012<\/strong> fand auf der zuk\u00fcnftigen <strong>Waldfl\u00e4che bei Wierthe<\/strong> der <strong>erste Spatenstich<\/strong> f\u00fcr das Projekt <strong>\u201ePflanzt B\u00e4ume statt Worte \u2013 Schulw\u00e4lder in Niedersachsen\u201c<\/strong> statt. <strong>Frau Wenzel, Frau Schwartz <\/strong>und einige <strong>Sch\u00fcler der Klasse 7a<\/strong> waren vor Ort. Musikalisch wurde die Veranstaltung durch den <strong>Bl\u00e4serchor des Gymnasiums<\/strong> untermalt.<\/p>\n<p><strong>Landwirtschaftsminister Lindemann<\/strong> sowie der <strong>B\u00fcrgermeister<\/strong> der Gemeinde Vechelde, <strong>Herr Marotz<\/strong>, hielten kurze Ansprachen und schworen die Versammelten auf die <strong>Gemeinschaftsaktion des Schulzentrums <\/strong>Vechelde ein. Im Anschluss konnten mit Hilfe der <strong>Auszubildenden des Forstamtes<\/strong> die ersten <strong>Eichen gepflanzt <\/strong>werden. Alle drei <strong>Schulleiter<\/strong>, <strong>Projektinitiator H\u00fcsing<\/strong> und die anwesenden Sch\u00fcler konnten gleich ihre <strong>F\u00e4higkeiten am Spaten<\/strong> beweisen.<\/p>\n","protected":false},"excerpt":{"rendered":"<p>\/ \u00a0Spatenstich Waldprojekt Am Dienstag, dem 6.11.2012 fand auf der zuk\u00fcnftigen Waldfl\u00e4che bei Wierthe der erste Spatenstich f\u00fcr das Projekt \u201ePflanzt B\u00e4ume statt Worte \u2013 Schulw\u00e4lder in Niedersachsen\u201c statt. Frau Wenzel, Frau Schwartz und einige Sch\u00fcler der Klasse 7a waren &hellip; <a href=\"https:\/\/wordpress.nibis.de\/hsvechel\/schulwald\/\">Weiterlesen <span class=\"meta-nav\">&rarr;<\/span><\/a><\/p>\n","protected":false},"author":713,"featured_media":0,"parent":0,"menu_order":0,"comment_status":"closed","ping_status":"closed","template":"","meta":{"footnotes":""},"class_list":["post-368","page","type-page","status-publish","hentry"],"_links":{"self":[{"href":"https:\/\/wordpress.nibis.de\/hsvechel\/wp-json\/wp\/v2\/pages\/368","targetHints":{"allow":["GET"]}}],"collection":[{"href":"https:\/\/wordpress.nibis.de\/hsvechel\/wp-json\/wp\/v2\/pages"}],"about":[{"href":"https:\/\/wordpress.nibis.de\/hsvechel\/wp-json\/wp\/v2\/types\/page"}],"author":[{"embeddable":true,"href":"https:\/\/wordpress.nibis.de\/hsvechel\/wp-json\/wp\/v2\/users\/713"}],"replies":[{"embeddable":true,"href":"https:\/\/wordpress.nibis.de\/hsvechel\/wp-json\/wp\/v2\/comments?post=368"}],"version-history":[{"count":6,"href":"https:\/\/wordpress.nibis.de\/hsvechel\/wp-json\/wp\/v2\/pages\/368\/revisions"}],"predecessor-version":[{"id":2213,"href":"https:\/\/wordpress.nibis.de\/hsvechel\/wp-json\/wp\/v2\/pages\/368\/revisions\/2213"}],"wp:attachment":[{"href":"https:\/\/wordpress.nibis.de\/hsvechel\/wp-json\/wp\/v2\/media?parent=368"}],"curies":[{"name":"wp","href":"https:\/\/api.w.org\/{rel}","templated":true}]}}