{"id":659,"date":"2017-06-23T09:45:47","date_gmt":"2017-06-23T07:45:47","guid":{"rendered":"http:\/\/wordpress.nibis.de\/hsvechel\/?page_id=659"},"modified":"2025-01-08T11:03:27","modified_gmt":"2025-01-08T10:03:27","slug":"berufsorientierung-an-der-albert-schweitzer-hauptschule-2","status":"publish","type":"page","link":"https:\/\/wordpress.nibis.de\/hsvechel\/berufsorientierung-an-der-albert-schweitzer-hauptschule-2\/","title":{"rendered":"Berufsorientierung an der Albert-Schweitzer-Hauptschule"},"content":{"rendered":"<p>Die Berufsorientierung versteht sich gerade in den unteren Jahrg\u00e4ngen als Aufgabe aller F\u00e4cher.\u00a0 Zeitlich nimmt sie in den Jahrg\u00e4ngen 8, 9 und 10 den gr\u00f6\u00dften Raum ein. In dieser Zeit finden auch die Praktika statt. In den Wahlpflichtkursen legen die Sch\u00fcler ihre Schwerpunkte.<\/p>\n<p>Ansprechpartner und Fachleitung BO: Herr Kleinert<\/p>\n<p><strong><u>Jahrgang 5<\/u><\/strong>\u00a0\u00a0\u00a0 \u00a0 \u00a0\u00a0\u00a0\u00a0\u00a0\u00a0\u00a0\u00a0\u00a0\u00a0\u00a0\u00a0\u00a0\u00a0\u00a0\u00a0\u00a0\u00a0\u00a0\u00a0\u00a0\u00a0\u00a0\u00a0\u00a0\u00a0\u00a0\u00a0\u00a0\u00a0\u00a0\u00a0\u00a0\u00a0\u00a0\u00a0\u00a0\u00a0\u00a0\u00a0\u00a0\u00a0\u00a0\u00a0\u00a0\u00a0\u00a0\u00a0\u00a0\u00a0\u00a0\u00a0\u00a0\u00a0\u00a0\u00a0<\/p>\n<p>Zukunftstag: Teilnahme freiwillig<\/p>\n<p>Bescheinigung aufheben, die Sch\u00fcler suchen sich die Stelle selbst, Eltern unterst\u00fctzen ihr Kind<\/p>\n<p>\u00a0\u00a0\u00a0\u00a0\u00a0\u00a0\u00a0\u00a0\u00a0\u00a0\u00a0\u00a0\u00a0\u00a0\u00a0\u00a0\u00a0\u00a0\u00a0\u00a0\u00a0\u00a0\u00a0\u00a0\u00a0\u00a0\u00a0\u00a0\u00a0\u00a0\u00a0\u00a0\u00a0\u00a0\u00a0 \u2026\u2026\u2026\u2026\u2026\u2026\u2026\u2026\u2026\u2026\u2026\u2026\u2026\u2026\u2026\u2026\u2026\u2026\u2026\u2026<\/p>\n<p><strong><u>Jahrgang <\/u><\/strong><strong><u>6<\/u><\/strong>\u00a0\u00a0\u00a0<\/p>\n<p>wie Jahrgang 5\u00a0\u00a0\u00a0\u00a0 \u00a0\u00a0\u00a0\u00a0\u00a0\u00a0\u00a0\u00a0\u00a0\u00a0\u00a0\u00a0\u00a0\u00a0\u00a0\u00a0\u00a0\u00a0\u00a0\u00a0\u00a0\u00a0\u00a0\u00a0\u00a0\u00a0\u00a0\u00a0\u00a0\u00a0\u00a0\u00a0\u00a0\u00a0\u00a0\u00a0\u00a0\u00a0\u00a0\u00a0\u00a0\u00a0\u00a0\u00a0\u00a0\u00a0\u00a0\u00a0\u00a0\u00a0\u00a0\u00a0\u00a0\u00a0\u00a0\u00a0\u00a0\u00a0\u00a0\u00a0\u00a0\u00a0\u00a0\u00a0\u00a0\u00a0\u00a0\u00a0\u00a0\u00a0\u00a0\u00a0\u00a0\u00a0\u00a0<\/p>\n<p>\u00a0\u00a0\u00a0\u00a0\u00a0\u00a0\u00a0\u00a0\u00a0\u00a0\u00a0\u00a0\u00a0\u00a0\u00a0\u00a0\u00a0\u00a0\u00a0\u00a0\u00a0\u00a0\u00a0\u00a0\u00a0\u00a0\u00a0\u00a0\u00a0\u00a0\u00a0\u00a0\u00a0\u00a0\u00a0 \u2026\u2026\u2026\u2026\u2026\u2026\u2026\u2026\u2026\u2026\u2026\u2026\u2026\u2026\u2026\u2026\u2026\u2026\u2026\u2026<\/p>\n<p><strong><u>Jahrgang <\/u><\/strong><strong><u>7<\/u><\/strong><\/p>\n<p>neues Unterrichtsfach: Wirtschaft<\/p>\n<p>Zukunftstag<\/p>\n<p>Neueinf\u00fchrung&gt; Berufswahlpass\u00a0<\/p>\n<p>Belehrung&gt; Infektionsschutz \u00fcber das Gesundheitsamt Peine<\/p>\n<p>Tipp: s\u00e4mtliche berufsrelevanten Unterlagen abheften<\/p>\n<p>\u00a0\u00a0\u00a0\u00a0\u00a0\u00a0\u00a0\u00a0\u00a0\u00a0\u00a0\u00a0\u00a0\u00a0\u00a0\u00a0\u00a0\u00a0\u00a0\u00a0\u00a0\u00a0\u00a0\u00a0\u00a0\u00a0\u00a0\u00a0\u00a0\u00a0\u00a0\u00a0\u00a0\u00a0\u00a0 \u2026\u2026\u2026\u2026\u2026\u2026\u2026\u2026\u2026\u2026\u2026\u2026\u2026\u2026\u2026\u2026\u2026\u2026\u2026\u2026.<\/p>\n<p><strong><u>Jahrgang 8<\/u><\/strong><\/p>\n<p>\u00a03 Fachpraxistage<\/p>\n<p>Profil-AC (Kompetenzfeststellungsverfahren)\u00a0\u00a0\u00a0\u00a0\u00a0\u00a0\u00a0\u00a0\u00a0\u00a0\u00a0\u00a0\u00a0\u00a0\u00a0\u00a0\u00a0\u00a0\u00a0\u00a0\u00a0\u00a0\u00a0\u00a0\u00a0\u00a0\u00a0\u00a0\u00a0\u00a0\u00a0\u00a0\u00a0 \u00a0\u00a0\u00a0\u00a0\u00a0\u00a0\u00a0\u00a0\u00a0\u00a0<\/p>\n<p>\u00a0Zukunftstag<\/p>\n<p>Jobb\u00f6rse Ilsede<\/p>\n<p>Berufswahlpass\u00a0\u00a0<\/p>\n<p>\u00a0\u00a0\u00a0\u00a0\u00a0\u00a0\u00a0\u00a0\u00a0\u00a0\u00a0\u00a0\u00a0\u00a0\u00a0\u00a0\u00a0\u00a0\u00a0\u00a0\u00a0\u00a0\u00a0\u00a0\u00a0\u00a0\u00a0\u00a0\u00a0\u00a0\u00a0\u00a0\u00a0\u00a0\u00a0\u00a0\u00a0\u00a0\u00a0\u00a0\u00a0\u00a0\u00a0\u00a0\u00a0\u00a0\u00a0\u00a0\u00a0\u00a0\u00a0\u00a0\u00a0\u00a0\u00a0\u00a0\u00a0\u00a0\u00a0\u00a0\u00a0\u00a0<\/p>\n<p>2.Halbjahr: 2-w\u00f6chiges Praktikum (vor den Osterferien)<\/p>\n<p>Hinweise:<\/p>\n<p>den Praktikumsplatz suchen sich die Sch\u00fcler m\u00f6glichst im ersten Halbjahr selber, die Eltern unterst\u00fctzen bei der Suche (ausschlie\u00dflich Gro\u00dfraum Peine)<\/p>\n<p>Unterlagen, Bescheinigungen etc. aufheben und abheften<\/p>\n<p>Pr\u00e4sentation, Tagesberichte, Materialien \u00fcber den Betrieb sammeln<\/p>\n<p>Wichtig: in Jahrgang 8 bereits den Praktikumsplatz f\u00fcr Jg 9 suchen<\/p>\n<p>\u00a0\u00a0\u00a0\u00a0\u00a0\u00a0\u00a0\u00a0\u00a0\u00a0\u00a0\u00a0\u00a0\u00a0\u00a0\u00a0\u00a0\u00a0\u00a0\u00a0\u00a0\u00a0\u00a0\u00a0\u00a0\u00a0\u00a0\u00a0\u00a0\u00a0\u00a0\u00a0\u00a0\u00a0\u00a0\u00a0\u00a0\u00a0\u00a0\u00a0\u00a0 \u2026\u2026\u2026\u2026\u2026\u2026\u2026\u2026\u2026\u2026\u2026\u2026\u2026\u2026\u2026\u2026\u2026\u2026\u2026\u2026\u2026\u2026\u2026\u2026\u2026\u2026<\/p>\n<p><strong><u>Jahrgang 9<\/u><\/strong><strong>\u00a0\u00a0\u00a0 \u00a0\u00a0 <\/strong>\u00a0\u00a0\u00a0\u00a0\u00a0\u00a0\u00a0\u00a0\u00a0\u00a0\u00a0\u00a0\u00a0\u00a0\u00a0\u00a0\u00a0\u00a0\u00a0\u00a0\u00a0\u00a0\u00a0\u00a0\u00a0\u00a0\u00a0\u00a0\u00a0\u00a0\u00a0\u00a0\u00a0\u00a0\u00a0\u00a0\u00a0\u00a0\u00a0\u00a0\u00a0\u00a0\u00a0\u00a0\u00a0\u00a0\u00a0\u00a0\u00a0\u00a0\u00a0\u00a0\u00a0\u00a0\u00a0 \u00a0\u00a0\u00a0\u00a0\u00a0\u00a0\u00a0\u00a0\u00a0\u00a0\u00a0<\/p>\n<ol>\n<li>Halbjahr: kurz nach den Sommerferien\u2192 3-w\u00f6chiges Praktikum<\/li>\n<\/ol>\n<p>Berufswahlpass\u00a0\u00a0\u00a0\u00a0\u00a0\u00a0\u00a0\u00a0\u00a0\u00a0\u00a0\u00a0\u00a0\u00a0\u00a0\u00a0\u00a0\u00a0\u00a0\u00a0\u00a0\u00a0\u00a0\u00a0\u00a0\u00a0\u00a0\u00a0\u00a0\u00a0\u00a0\u00a0\u00a0\u00a0\u00a0\u00a0\u00a0\u00a0\u00a0\u00a0\u00a0\u00a0\u00a0\u00a0<\/p>\n<p>Zukunftstag (mit Blick auf Ausbildungsbetrieb)<\/p>\n<p>Jobb\u00f6rse Ilsede<\/p>\n<p>Berufsberatung: Herr Schulz-Flei\u00dfner\u00a0\u00a0\u00a0\u00a0\u00a0\u00a0\u00a0\u00a0\u00a0\u00a0\u00a0\u00a0\u00a0\u00a0\u00a0\u00a0\u00a0\u00a0\u00a0\u00a0\u00a0\u00a0\u00a0\u00a0\u00a0\u00a0\u00a0\u00a0\u00a0\u00a0\u00a0\u00a0\u00a0<\/p>\n<p>\u00a0BIZ- Braunschweig \u00a0\u00a0\u00a0\u00a0\u00a0\u00a0\u00a0\u00a0\u00a0\u00a0\u00a0\u00a0\u00a0\u00a0\u00a0\u00a0\u00a0\u00a0\u00a0\u00a0\u00a0\u00a0\u00a0\u00a0\u00a0\u00a0\u00a0\u00a0\u00a0\u00a0\u00a0\u00a0\u00a0\u00a0\u00a0\u00a0\u00a0\u00a0\u00a0\u00a0\u00a0\u00a0\u00a0\u00a0\u00a0\u00a0\u00a0\u00a0\u00a0<\/p>\n<p>Hinweise:<\/p>\n<p>die Eltern unterst\u00fctzen bei der Suche um einen Praktikumsplatz<\/p>\n<p>das Praktikum wird nicht in demselben Betrieb wie in Jg 9 absolviert<\/p>\n<p>Ausdehnung auf Betriebe im Raum BS\/SZ\/GF\/WOB nach R\u00fccksprache mit dem Klassenlehrer m\u00f6glich<\/p>\n<p>Wichtig: Praktikumsplatz mit Blick auf eine eventuelle Ausbildungsstelle suchen<\/p>\n<p><strong>\u00a0\u00a0\u00a0\u00a0\u00a0\u00a0\u00a0\u00a0\u00a0\u00a0\u00a0\u00a0\u00a0\u00a0\u00a0\u00a0\u00a0\u00a0\u00a0\u00a0\u00a0\u00a0\u00a0\u00a0\u00a0\u00a0\u00a0\u00a0\u00a0\u00a0\u00a0\u00a0\u00a0\u00a0\u00a0 \u2026\u2026\u2026\u2026\u2026\u2026\u2026\u2026\u2026\u2026\u2026\u2026\u2026\u2026\u2026\u2026\u2026\u2026\u2026\u2026\u2026\u2026\u2026\u2026\u2026<\/strong><\/p>\n<p><strong>\u00a0<\/strong><strong><u>Jahrgang 10 <\/u><\/strong><strong> \u00a0\u00a0\u00a0\u00a0<\/strong>\u00a0\u00a0\u00a0\u00a0\u00a0\u00a0\u00a0\u00a0\u00a0\u00a0\u00a0\u00a0\u00a0\u00a0\u00a0\u00a0\u00a0\u00a0\u00a0\u00a0\u00a0\u00a0\u00a0\u00a0\u00a0\u00a0\u00a0\u00a0\u00a0\u00a0\u00a0\u00a0\u00a0\u00a0\u00a0\u00a0\u00a0\u00a0\u00a0\u00a0\u00a0\u00a0\u00a0\u00a0\u00a0\u00a0\u00a0\u00a0\u00a0\u00a0\u00a0\u00a0\u00a0\u00a0<\/p>\n<ol>\n<li>Halbjahr: 2-w\u00f6chiges Praktikum (bis zu den Herbstferien)<\/li>\n<\/ol>\n<p>Berufswahlpass<\/p>\n<p>Jobb\u00f6rse Ilsede<\/p>\n<p>Zukunftstag (mit Blick auf Ausbildungsbetrieb)<\/p>\n<p>Berufsberatung<\/p>\n<p>BIZ<\/p>\n<p>Hinweise:<\/p>\n<p>Praktikumsbetrieb mit Blick auf Ausbildung w\u00e4hlen<\/p>\n<p>die Sch\u00fcler befinden sich aktiv im Bewerbungsprozess<\/p>\n<p>regelm\u00e4\u00dfige Berufsberatung (Herr Schulz-Flei\u00dfner)\u00a0\u00a0\u00a0\u00a0\u00a0\u00a0\u00a0\u00a0\u00a0\u00a0\u00a0\u00a0\u00a0\u00a0\u00a0\u00a0\u00a0\u00a0\u00a0\u00a0\u00a0\u00a0\u00a0\u00a0\u00a0\u00a0\u00a0\u00a0\u00a0\u00a0\u00a0\u00a0\u00a0\u00a0\u00a0\u00a0\u00a0\u00a0\u00a0\u00a0\u00a0\u00a0\u00a0\u00a0\u00a0\u00a0\u00a0\u00a0\u00a0\u00a0\u00a0\u00a0\u00a0\u00a0\u00a0\u00a0\u00a0<\/p>\n<p>s\u00e4mtliche berufsrelevanten Unterlagen sind Grundlage der Bewerbung\u00a0\u00a0\u00a0 \u00a0 \u00a0\u00a0\u00a0\u00a0\u00a0\u00a0\u00a0\u00a0\u00a0<\/p>\n<p>Beratungstage nach den Halbjahreszeugnissen (Herr Schulz-Flei\u00dfner)<\/p>\n<p>Sch\u00fcler ohne Ausbildungsvertrag-&gt; zeitnahe Anmeldung an der BBS-Peine oder BS\u00a0\u00a0\u00a0\u00a0<\/p>\n<p>Bei allen berufsrelevanten Fragen oder Unklarheiten sprechen Sie bitte mit dem Klassenlehrer, dem Wirtschaftslehrer oder der Fachleitung. Herr Schulz-Flei\u00dfner (Berufsagentur) ist f\u00fcr die Sch\u00fcler und die Eltern ein kompetenter Berater. Der Schulsozialarbeiter hilft in der aktiven Bewerbungsohase.<\/p>\n<p>\u00a0<\/p>\n<p>\u00a0<\/p>\n\n\n<p><\/p>\n","protected":false},"excerpt":{"rendered":"<p>Die Berufsorientierung versteht sich gerade in den unteren Jahrg\u00e4ngen als Aufgabe aller F\u00e4cher.\u00a0 Zeitlich nimmt sie in den Jahrg\u00e4ngen 8, 9 und 10 den gr\u00f6\u00dften Raum ein. In dieser Zeit finden auch die Praktika statt. In den Wahlpflichtkursen legen die &hellip; <a href=\"https:\/\/wordpress.nibis.de\/hsvechel\/berufsorientierung-an-der-albert-schweitzer-hauptschule-2\/\">Weiterlesen <span class=\"meta-nav\">&rarr;<\/span><\/a><\/p>\n","protected":false},"author":713,"featured_media":0,"parent":0,"menu_order":0,"comment_status":"closed","ping_status":"closed","template":"","meta":{"footnotes":""},"class_list":["post-659","page","type-page","status-publish","hentry"],"_links":{"self":[{"href":"https:\/\/wordpress.nibis.de\/hsvechel\/wp-json\/wp\/v2\/pages\/659","targetHints":{"allow":["GET"]}}],"collection":[{"href":"https:\/\/wordpress.nibis.de\/hsvechel\/wp-json\/wp\/v2\/pages"}],"about":[{"href":"https:\/\/wordpress.nibis.de\/hsvechel\/wp-json\/wp\/v2\/types\/page"}],"author":[{"embeddable":true,"href":"https:\/\/wordpress.nibis.de\/hsvechel\/wp-json\/wp\/v2\/users\/713"}],"replies":[{"embeddable":true,"href":"https:\/\/wordpress.nibis.de\/hsvechel\/wp-json\/wp\/v2\/comments?post=659"}],"version-history":[{"count":34,"href":"https:\/\/wordpress.nibis.de\/hsvechel\/wp-json\/wp\/v2\/pages\/659\/revisions"}],"predecessor-version":[{"id":3495,"href":"https:\/\/wordpress.nibis.de\/hsvechel\/wp-json\/wp\/v2\/pages\/659\/revisions\/3495"}],"wp:attachment":[{"href":"https:\/\/wordpress.nibis.de\/hsvechel\/wp-json\/wp\/v2\/media?parent=659"}],"curies":[{"name":"wp","href":"https:\/\/api.w.org\/{rel}","templated":true}]}}