{"id":82,"date":"2016-01-14T15:39:22","date_gmt":"2016-01-14T14:39:22","guid":{"rendered":"http:\/\/wordpress.nibis.de\/hsvechel\/?page_id=82"},"modified":"2024-12-16T10:01:46","modified_gmt":"2024-12-16T09:01:46","slug":"berufsorientierung","status":"publish","type":"page","link":"https:\/\/wordpress.nibis.de\/hsvechel\/berufsorientierung\/","title":{"rendered":"Berufsorientierung"},"content":{"rendered":"<p><span style=\"font-family: Verdana\"><b>Die enge Zusammenarbeit zwischen&#8230;<\/b><\/span><\/p>\n<p>&#8230; dem Fachbereich Wirtschaft und der Bundesagentur f\u00fcr Arbeit sowie den Betrieben vor Ort sowie \u00fcberregional hat sich sehr bew\u00e4hrt.<\/p>\n<p>Viele Sch\u00fclerinnen und Sch\u00fcler konnten durch die Berufsberatung, die Betriebspraktika in Klasse 8 und Klasse 9 ihre Chancen auf den \u00dcbergang in den Ausbildungs- und Arbeitsmarkt verbessern. Unser Schulsozialarbeiter Herr Ostermann unterst\u00fctzt unsere Sch\u00fcler bei der Praktikumssuche, beim Schreiben von Bewerbungen und Vorbereitung von Einstellungstest intensiv.<\/p>\n<p>Ab dem Schuljahr 2025\/2026 findet auch in dem Jahrgang 10 ein 2-w\u00f6chiges Betriebspraktikum statt.<\/p>\n<p>Der regelm\u00e4\u00dfige Besuch von Ausbildungsmessen, Betriebserkundungen und Berufsbildungstage in Jahrgang 8 sind eine fr\u00fchzeitge und intensive Vorbereitung bei der Wahl des zuk\u00fcnftigen Ausbildungsberufs. Somit bekommen unsere Sch\u00fcler die bestm\u00f6gliche Unterst\u00fctzung bei ihrem \u00dcbergang von der Schule in die Berufswelt.<\/p>\n","protected":false},"excerpt":{"rendered":"<p>Die enge Zusammenarbeit zwischen&#8230; &#8230; dem Fachbereich Wirtschaft und der Bundesagentur f\u00fcr Arbeit sowie den Betrieben vor Ort sowie \u00fcberregional hat sich sehr bew\u00e4hrt. Viele Sch\u00fclerinnen und Sch\u00fcler konnten durch die Berufsberatung, die Betriebspraktika in Klasse 8 und Klasse 9 &hellip; <a href=\"https:\/\/wordpress.nibis.de\/hsvechel\/berufsorientierung\/\">Weiterlesen <span class=\"meta-nav\">&rarr;<\/span><\/a><\/p>\n","protected":false},"author":713,"featured_media":0,"parent":0,"menu_order":0,"comment_status":"closed","ping_status":"closed","template":"","meta":{"footnotes":""},"class_list":["post-82","page","type-page","status-publish","hentry"],"_links":{"self":[{"href":"https:\/\/wordpress.nibis.de\/hsvechel\/wp-json\/wp\/v2\/pages\/82","targetHints":{"allow":["GET"]}}],"collection":[{"href":"https:\/\/wordpress.nibis.de\/hsvechel\/wp-json\/wp\/v2\/pages"}],"about":[{"href":"https:\/\/wordpress.nibis.de\/hsvechel\/wp-json\/wp\/v2\/types\/page"}],"author":[{"embeddable":true,"href":"https:\/\/wordpress.nibis.de\/hsvechel\/wp-json\/wp\/v2\/users\/713"}],"replies":[{"embeddable":true,"href":"https:\/\/wordpress.nibis.de\/hsvechel\/wp-json\/wp\/v2\/comments?post=82"}],"version-history":[{"count":9,"href":"https:\/\/wordpress.nibis.de\/hsvechel\/wp-json\/wp\/v2\/pages\/82\/revisions"}],"predecessor-version":[{"id":3477,"href":"https:\/\/wordpress.nibis.de\/hsvechel\/wp-json\/wp\/v2\/pages\/82\/revisions\/3477"}],"wp:attachment":[{"href":"https:\/\/wordpress.nibis.de\/hsvechel\/wp-json\/wp\/v2\/media?parent=82"}],"curies":[{"name":"wp","href":"https:\/\/api.w.org\/{rel}","templated":true}]}}