{"id":832,"date":"2017-12-02T09:20:52","date_gmt":"2017-12-02T08:20:52","guid":{"rendered":"http:\/\/wordpress.nibis.de\/hsvechel\/?page_id=832"},"modified":"2021-11-19T08:39:13","modified_gmt":"2021-11-19T07:39:13","slug":"schulgarten","status":"publish","type":"page","link":"https:\/\/wordpress.nibis.de\/hsvechel\/schulgarten\/","title":{"rendered":"Schulgarten"},"content":{"rendered":"<p><img loading=\"lazy\" decoding=\"async\" class=\"alignnone  wp-image-2217\" src=\"https:\/\/wordpress.nibis.de\/hsvechel\/files\/2021\/11\/85CAC73C-8590-43F7-B5D3-E294BC12BFBC-225x300.jpeg\" alt=\"\" width=\"187\" height=\"249\" srcset=\"https:\/\/wordpress.nibis.de\/hsvechel\/files\/2021\/11\/85CAC73C-8590-43F7-B5D3-E294BC12BFBC-225x300.jpeg 225w, https:\/\/wordpress.nibis.de\/hsvechel\/files\/2021\/11\/85CAC73C-8590-43F7-B5D3-E294BC12BFBC-450x600.jpeg 450w, https:\/\/wordpress.nibis.de\/hsvechel\/files\/2021\/11\/85CAC73C-8590-43F7-B5D3-E294BC12BFBC-768x1024.jpeg 768w, https:\/\/wordpress.nibis.de\/hsvechel\/files\/2021\/11\/85CAC73C-8590-43F7-B5D3-E294BC12BFBC-1152x1536.jpeg 1152w, https:\/\/wordpress.nibis.de\/hsvechel\/files\/2021\/11\/85CAC73C-8590-43F7-B5D3-E294BC12BFBC-1536x2048.jpeg 1536w, https:\/\/wordpress.nibis.de\/hsvechel\/files\/2021\/11\/85CAC73C-8590-43F7-B5D3-E294BC12BFBC-scaled.jpeg 1920w\" sizes=\"auto, (max-width: 187px) 100vw, 187px\" \/> <img loading=\"lazy\" decoding=\"async\" class=\"alignnone  wp-image-2218\" src=\"https:\/\/wordpress.nibis.de\/hsvechel\/files\/2021\/11\/F3C944DF-9B1A-4A01-B47B-A6F5F73A1271-300x225.jpeg\" alt=\"\" width=\"331\" height=\"248\" srcset=\"https:\/\/wordpress.nibis.de\/hsvechel\/files\/2021\/11\/F3C944DF-9B1A-4A01-B47B-A6F5F73A1271-300x225.jpeg 300w, https:\/\/wordpress.nibis.de\/hsvechel\/files\/2021\/11\/F3C944DF-9B1A-4A01-B47B-A6F5F73A1271-800x600.jpeg 800w, https:\/\/wordpress.nibis.de\/hsvechel\/files\/2021\/11\/F3C944DF-9B1A-4A01-B47B-A6F5F73A1271-768x576.jpeg 768w, https:\/\/wordpress.nibis.de\/hsvechel\/files\/2021\/11\/F3C944DF-9B1A-4A01-B47B-A6F5F73A1271-1536x1152.jpeg 1536w, https:\/\/wordpress.nibis.de\/hsvechel\/files\/2021\/11\/F3C944DF-9B1A-4A01-B47B-A6F5F73A1271-2048x1536.jpeg 2048w\" sizes=\"auto, (max-width: 331px) 100vw, 331px\" \/> <img loading=\"lazy\" decoding=\"async\" class=\"alignnone  wp-image-2219\" src=\"https:\/\/wordpress.nibis.de\/hsvechel\/files\/2021\/11\/1D1D3FBF-B85E-4F27-ABAE-8C93CDB2908B-300x225.jpeg\" alt=\"\" width=\"259\" height=\"194\" srcset=\"https:\/\/wordpress.nibis.de\/hsvechel\/files\/2021\/11\/1D1D3FBF-B85E-4F27-ABAE-8C93CDB2908B-300x225.jpeg 300w, https:\/\/wordpress.nibis.de\/hsvechel\/files\/2021\/11\/1D1D3FBF-B85E-4F27-ABAE-8C93CDB2908B-800x600.jpeg 800w, https:\/\/wordpress.nibis.de\/hsvechel\/files\/2021\/11\/1D1D3FBF-B85E-4F27-ABAE-8C93CDB2908B-768x576.jpeg 768w, https:\/\/wordpress.nibis.de\/hsvechel\/files\/2021\/11\/1D1D3FBF-B85E-4F27-ABAE-8C93CDB2908B-1536x1152.jpeg 1536w, https:\/\/wordpress.nibis.de\/hsvechel\/files\/2021\/11\/1D1D3FBF-B85E-4F27-ABAE-8C93CDB2908B-2048x1536.jpeg 2048w\" sizes=\"auto, (max-width: 259px) 100vw, 259px\" \/> <img loading=\"lazy\" decoding=\"async\" class=\"alignnone  wp-image-2220\" src=\"https:\/\/wordpress.nibis.de\/hsvechel\/files\/2021\/11\/0B222962-A629-4E39-A96A-119A7660AEAE-300x225.jpeg\" alt=\"\" width=\"259\" height=\"194\" srcset=\"https:\/\/wordpress.nibis.de\/hsvechel\/files\/2021\/11\/0B222962-A629-4E39-A96A-119A7660AEAE-300x225.jpeg 300w, https:\/\/wordpress.nibis.de\/hsvechel\/files\/2021\/11\/0B222962-A629-4E39-A96A-119A7660AEAE-800x600.jpeg 800w, https:\/\/wordpress.nibis.de\/hsvechel\/files\/2021\/11\/0B222962-A629-4E39-A96A-119A7660AEAE-768x576.jpeg 768w, https:\/\/wordpress.nibis.de\/hsvechel\/files\/2021\/11\/0B222962-A629-4E39-A96A-119A7660AEAE-1536x1152.jpeg 1536w, https:\/\/wordpress.nibis.de\/hsvechel\/files\/2021\/11\/0B222962-A629-4E39-A96A-119A7660AEAE-2048x1536.jpeg 2048w\" sizes=\"auto, (max-width: 259px) 100vw, 259px\" \/><\/p>\n\n\n<p>I<strong>m Schulgarten geht es weiter<\/strong><\/p>\n<p>Mit dem Mai hat auch die Gem\u00fcsesaison begonnen, da keine Nachtfr\u00f6ste mehr zu erwarten sind. Viele Sorten d\u00fcrfen auch schon vor den Eisheiligen in die Erde, doch das bisherige Wetter hat keine gr\u00f6\u00dferen Schulgarteneins\u00e4tze mit den Sch\u00fclerinnen und Sch\u00fclern zugelassen. Endlich aber l\u00e4dt die Sonne zum G\u00e4rtnern ein, darum haben wir mit weiteren Bau- und Pflanzma\u00dfnahmen begonnen.\u00a0<\/p>\n<p>Zuvor wurden neue, arbeitserleichternde Pflanzmethoden ausprobiert:<\/p>\n<p>In den Osterferien wurde durch Frau T\u00fcpker ein Beet am Zaun angelegt, um die sogenannte \u201cNo-Dig-Methode\u201d &#8211; Beete ohne Umgraben &#8211; zu testen. Daf\u00fcr werden umgedrehte Grassoden oder Pappe auf die Grasnarbe gelegt und mit reifem Kompost bedeckt. Durch den Kompost soll sich der unerw\u00fcnschte Rasen schnell zersetzen.<\/p>\n<p>Wenige Wochen sp\u00e4ter zeigt sich: Das funktioniert! Man kann sehr leicht Pflanzl\u00f6cher graben und findet nur noch wenige Rasenreste und Wurzeln.<\/p>\n<p>Die Kollegin Claudia Meike hatte durch Teilung diverse bienenfreundliche Stauden gewonnen und diese dem Schulgarten gestiftet. Das neu angelegte Beet ist nun mit Lavendel, Astern und Topinambur bepflanzt.<\/p>\n<p>Die erfolgreiche Anlage eines Beetes ohne Graben wurde nun auch auf die geplanten Gem\u00fcsebeete angewendet. Die Sch\u00fclerinnen und Sch\u00fcler der 9a bef\u00fcllten zwei erh\u00f6hte Beete mit Erde und Kompost. Weitere Rahmen sollen sternf\u00f6rmig um das Rundbeet aufgestellt werden.\u00a0<\/p>\n<p>Eines der neuen Hochbeete ist als Inkabeet angelegt. Die s\u00fcdamerikanische Mischkultur aus K\u00fcrbis, Bohnen und Mais, auch \u201cDie drei Schwestern\u201d genannt, ist uralt. Alle Gem\u00fcsesorten profitieren voneinander: Die Bohnen k\u00f6nnen am Mais emporranken und reichern gleichzeitig \u00fcber ihre Wurzelkn\u00f6llchen den Boden mit nahrhaften Stickstoffverbindungen an. Diese ben\u00f6tigt besonders der K\u00fcrbis, ein Starkzehrer, der viele N\u00e4hrstoffe verbraucht. Zuckermais, die Kletterbohne \u201cBlaue Hilde\u201d und der Moschusk\u00fcrbis \u201cBlue Ballet\u201d wurden direkt ins Beet ges\u00e4t und werden im Herbst sicherlich einige Kochstunden in der Schulk\u00fcche bereichern.<\/p>\n<p>Das zweite Hochbeet wurde von der Klasse 10b mit Pfl\u00fccksalat, Kohlrabi, Brokkoli und Steckzwiebeln best\u00fcckt. \u00dcber die verwendeten Gem\u00fcsesorten wurde zuvor in der Klasse abgestimmt.<\/p>\n<p>\u00a0<\/p>\n","protected":false},"excerpt":{"rendered":"<p>Im Schulgarten geht es weiter Mit dem Mai hat auch die Gem\u00fcsesaison begonnen, da keine Nachtfr\u00f6ste mehr zu erwarten sind. Viele Sorten d\u00fcrfen auch schon vor den Eisheiligen in die Erde, doch das bisherige Wetter hat keine gr\u00f6\u00dferen Schulgarteneins\u00e4tze mit &hellip; <a href=\"https:\/\/wordpress.nibis.de\/hsvechel\/schulgarten\/\">Weiterlesen <span class=\"meta-nav\">&rarr;<\/span><\/a><\/p>\n","protected":false},"author":713,"featured_media":0,"parent":0,"menu_order":0,"comment_status":"closed","ping_status":"closed","template":"","meta":{"footnotes":""},"class_list":["post-832","page","type-page","status-publish","hentry"],"_links":{"self":[{"href":"https:\/\/wordpress.nibis.de\/hsvechel\/wp-json\/wp\/v2\/pages\/832","targetHints":{"allow":["GET"]}}],"collection":[{"href":"https:\/\/wordpress.nibis.de\/hsvechel\/wp-json\/wp\/v2\/pages"}],"about":[{"href":"https:\/\/wordpress.nibis.de\/hsvechel\/wp-json\/wp\/v2\/types\/page"}],"author":[{"embeddable":true,"href":"https:\/\/wordpress.nibis.de\/hsvechel\/wp-json\/wp\/v2\/users\/713"}],"replies":[{"embeddable":true,"href":"https:\/\/wordpress.nibis.de\/hsvechel\/wp-json\/wp\/v2\/comments?post=832"}],"version-history":[{"count":8,"href":"https:\/\/wordpress.nibis.de\/hsvechel\/wp-json\/wp\/v2\/pages\/832\/revisions"}],"predecessor-version":[{"id":2222,"href":"https:\/\/wordpress.nibis.de\/hsvechel\/wp-json\/wp\/v2\/pages\/832\/revisions\/2222"}],"wp:attachment":[{"href":"https:\/\/wordpress.nibis.de\/hsvechel\/wp-json\/wp\/v2\/media?parent=832"}],"curies":[{"name":"wp","href":"https:\/\/api.w.org\/{rel}","templated":true}]}}