{"id":1080,"date":"2025-06-20T12:22:06","date_gmt":"2025-06-20T10:22:06","guid":{"rendered":"https:\/\/wordpress.nibis.de\/hsvorsfelde\/?page_id=1080"},"modified":"2025-06-20T12:23:41","modified_gmt":"2025-06-20T10:23:41","slug":"anmeldung-ags","status":"publish","type":"page","link":"https:\/\/wordpress.nibis.de\/hsvorsfelde\/anmeldung-ags\/","title":{"rendered":"Anmeldung Arbeitsgemeinschaften"},"content":{"rendered":"<p>Unter dem folgenden Link k\u00f6nnen die\u00a0 Arbeitsgemeinschaften f\u00fcr das 1. Halbjahr angew\u00e4hlt werden. Wichtig: Erst nach der Zuteilung eines Platzes und der Mitteilung des Veranstaltungspasses darf an der AG teilgenommen werden. Bitte am 1. Termin der AG den Veranstaltungspass (Elternbest\u00e4tigungszettel) unterschrieben mitbringen und dem Kursleiter geben. Erh\u00e4lt man einen Platz in einer AG, verpflichtet man sich zur regelm\u00e4\u00dfigen Teilnahme im 1. Halbjahr.<\/p>\n<p><a href=\"https:\/\/szvorsfelde.feripro.de\/programm\/14\/anmeldung\/veranstaltungen\">Zur AG-Anmeldung<\/a><\/p>\n\n\n<p><\/p>\n\n\n\n<p><\/p>\n","protected":false},"excerpt":{"rendered":"<p>Unter dem folgenden Link k\u00f6nnen die\u00a0 Arbeitsgemeinschaften f\u00fcr das 1. Halbjahr angew\u00e4hlt werden. Wichtig: Erst nach der Zuteilung eines Platzes und der Mitteilung des Veranstaltungspasses darf an der AG teilgenommen werden. Bitte am 1. Termin der AG den Veranstaltungspass (Elternbest\u00e4tigungszettel) unterschrieben mitbringen und dem Kursleiter geben. Erh\u00e4lt man einen Platz in einer AG, verpflichtet man &#8230; <a title=\"Anmeldung Arbeitsgemeinschaften\" class=\"read-more\" href=\"https:\/\/wordpress.nibis.de\/hsvorsfelde\/anmeldung-ags\/\" aria-label=\"Mehr Informationen \u00fcber Anmeldung Arbeitsgemeinschaften\">Weiterlesen<\/a><\/p>\n","protected":false},"author":9194434,"featured_media":0,"parent":0,"menu_order":0,"comment_status":"closed","ping_status":"closed","template":"","meta":{"footnotes":""},"class_list":["post-1080","page","type-page","status-publish"],"_links":{"self":[{"href":"https:\/\/wordpress.nibis.de\/hsvorsfelde\/wp-json\/wp\/v2\/pages\/1080","targetHints":{"allow":["GET"]}}],"collection":[{"href":"https:\/\/wordpress.nibis.de\/hsvorsfelde\/wp-json\/wp\/v2\/pages"}],"about":[{"href":"https:\/\/wordpress.nibis.de\/hsvorsfelde\/wp-json\/wp\/v2\/types\/page"}],"author":[{"embeddable":true,"href":"https:\/\/wordpress.nibis.de\/hsvorsfelde\/wp-json\/wp\/v2\/users\/9194434"}],"replies":[{"embeddable":true,"href":"https:\/\/wordpress.nibis.de\/hsvorsfelde\/wp-json\/wp\/v2\/comments?post=1080"}],"version-history":[{"count":2,"href":"https:\/\/wordpress.nibis.de\/hsvorsfelde\/wp-json\/wp\/v2\/pages\/1080\/revisions"}],"predecessor-version":[{"id":1082,"href":"https:\/\/wordpress.nibis.de\/hsvorsfelde\/wp-json\/wp\/v2\/pages\/1080\/revisions\/1082"}],"wp:attachment":[{"href":"https:\/\/wordpress.nibis.de\/hsvorsfelde\/wp-json\/wp\/v2\/media?parent=1080"}],"curies":[{"name":"wp","href":"https:\/\/api.w.org\/{rel}","templated":true}]}}