{"id":202,"date":"2021-09-25T08:22:08","date_gmt":"2021-09-25T06:22:08","guid":{"rendered":"https:\/\/wordpress.nibis.de\/hsvorsfelde\/?page_id=202"},"modified":"2021-09-25T08:22:09","modified_gmt":"2021-09-25T06:22:09","slug":"der-stundenplan","status":"publish","type":"page","link":"https:\/\/wordpress.nibis.de\/hsvorsfelde\/der-stundenplan\/","title":{"rendered":"Der Stundenplan"},"content":{"rendered":"<p><span style=\"font-family: comic sans ms,sans-serif;font-size: 18pt\">Stundenplan<\/span> \u00a0 <strong><span style=\"font-family: comic sans ms,sans-serif;font-size: 14pt\">1.Woche<\/span><\/strong><\/p>\n<table width=\"1028\">\n<tbody>\n<tr style=\"border-color: #030202\">\n<td style=\"border-color: #030202;width: 159px\" width=\"159\"><span style=\"font-family: comic sans ms,sans-serif;font-size: 12pt\">\u00a0<\/span><\/td>\n<td style=\"border-color: #030202;width: 159px\" width=\"165\"><span style=\"font-family: comic sans ms,sans-serif;font-size: 12pt\">Montag<\/span><\/td>\n<td style=\"border-color: #030202;width: 159px\" width=\"165\"><span style=\"font-family: comic sans ms,sans-serif;font-size: 12pt\">Dienstag<\/span><\/td>\n<td style=\"border-color: #030202;width: 159px\" colspan=\"2\" width=\"215\"><span style=\"font-family: comic sans ms,sans-serif;font-size: 12pt\">Mittwoch<\/span><\/td>\n<td style=\"border-color: #030202;width: 159px\" width=\"160\"><span style=\"font-family: comic sans ms,sans-serif;font-size: 12pt\">Donnerstag<\/span><\/td>\n<td style=\"border-color: #030202;width: 159px\" width=\"165\"><span style=\"font-family: comic sans ms,sans-serif;font-size: 12pt\">Freitag<\/span><\/td>\n<\/tr>\n<tr>\n<td style=\"border-color: #030202;width: 159px\" width=\"159\"><span style=\"font-family: comic sans ms,sans-serif;font-size: 12pt\">8:00 \u2013 9:30<\/span><\/td>\n<td style=\"border-color: #030202;width: 159px;background-color: #3895e0\" width=\"165\">\u00a0 <span style=\"font-family: comic sans ms,sans-serif;font-size: 12pt\">Unterricht<\/span><\/td>\n<td style=\"border-color: #030202;width: 159px;background-color: #3895e0\" width=\"165\">\u00a0 <span style=\"font-family: comic sans ms,sans-serif;font-size: 12pt\">Unterricht<\/span><\/td>\n<td style=\"border-color: #030202;width: 159px;background-color: #3895e0\" colspan=\"2\" width=\"215\">\u00a0 <span style=\"font-family: comic sans ms,sans-serif;font-size: 12pt\">Unterricht<\/span><\/td>\n<td style=\"border-color: #030202;width: 159px;background-color: #3895e0\" width=\"160\">\u00a0 <span style=\"font-family: comic sans ms,sans-serif;font-size: 12pt\">Unterricht<\/span><\/td>\n<td style=\"border-color: #030202;width: 159px;background-color: #3895e0\" width=\"165\">\u00a0 <span style=\"font-family: comic sans ms,sans-serif;font-size: 12pt\">Unterricht<\/span><\/td>\n<\/tr>\n<tr>\n<td style=\"border-color: #030202;width: 159px;background-color: #e8d558\" width=\"159\"><span style=\"font-family: comic sans ms,sans-serif;font-size: 12pt\">9:30 \u2013 10:00<\/span><\/td>\n<td style=\"border-color: #030202;width: 159px;background-color: #e8d558\" width=\"165\"><span style=\"font-family: comic sans ms,sans-serif;font-size: 12pt\">gemeinsames Fr\u00fchst\u00fcck<\/span><\/td>\n<td style=\"border-color: #030202;width: 159px;background-color: #e8d558\" width=\"165\"><span style=\"font-family: comic sans ms,sans-serif;font-size: 12pt\">gemeinsames Fr\u00fchst\u00fcck<\/span><\/td>\n<td style=\"border-color: #030202;width: 159px;background-color: #e8d558\" colspan=\"2\" width=\"215\"><span style=\"font-family: comic sans ms,sans-serif;font-size: 12pt\">gemeinsames Fr\u00fchst\u00fcck<\/span><\/td>\n<td style=\"border-color: #030202;width: 159px;background-color: #e8d558\" width=\"160\"><span style=\"font-family: comic sans ms,sans-serif;font-size: 12pt\">gemeinsames Fr\u00fchst\u00fcck<\/span><\/td>\n<td style=\"border-color: #030202;width: 159px;background-color: #e8d558\" width=\"165\"><span style=\"font-family: comic sans ms,sans-serif;font-size: 12pt\">gemeinsames Fr\u00fchst\u00fcck<\/span><\/td>\n<\/tr>\n<tr>\n<td style=\"border-color: #030202;width: 159px\" width=\"159\"><span style=\"font-family: comic sans ms,sans-serif;font-size: 12pt\">10:00 &#8211; 11:00<\/span><\/td>\n<td style=\"border-color: #030202;width: 159px;background-color: #9ecbf0\" rowspan=\"2\" width=\"165\">\u00a0 <span style=\"font-family: comic sans ms,sans-serif;font-size: 12pt\">K\u00fcche<\/span><\/td>\n<td style=\"border-color: #030202;width: 159px;background-color: #9ecbf0\" rowspan=\"2\" width=\"165\">\u00a0 <span style=\"font-family: comic sans ms,sans-serif;font-size: 12pt\">Werkstatt<\/span><\/td>\n<td style=\"border-color: #030202;width: 159px;background-color: #9ecbf0\" colspan=\"2\" rowspan=\"2\" width=\"215\">\u00a0 <span style=\"font-family: comic sans ms,sans-serif;font-size: 12pt\">K\u00fcche<\/span><\/td>\n<td style=\"border-color: #030202;width: 159px;background-color: #9ecbf0\" rowspan=\"2\" width=\"160\"><span style=\"font-family: comic sans ms,sans-serif;font-size: 12pt\">Werkstatt<\/span><\/td>\n<td style=\"border-color: #030202;width: 159px;background-color: #9ecbf0\" rowspan=\"2\" width=\"165\">\u00a0 <span style=\"font-family: comic sans ms,sans-serif;font-size: 12pt\">K\u00fcche<\/span><\/td>\n<\/tr>\n<tr>\n<td style=\"border-color: #030202;width: 159px\" width=\"159\"><span style=\"font-family: comic sans ms,sans-serif;font-size: 12pt\">11:00 \u2013 11:10 kleine Pause<\/span><\/td>\n<\/tr>\n<tr>\n<td style=\"border-color: #030202;width: 159px\" width=\"159\"><span style=\"font-family: comic sans ms,sans-serif;font-size: 12pt\">11:10 \u2013 12:00<\/span><\/td>\n<td style=\"border-color: #030202;width: 159px;background-color: #9ecbf0\" width=\"165\"><span style=\"font-family: comic sans ms,sans-serif;font-size: 12pt\">\u00a0<\/span><\/td>\n<td style=\"border-color: #030202;width: 159px;background-color: #9ecbf0\" width=\"165\"><span style=\"font-family: comic sans ms,sans-serif;font-size: 12pt\">\u00a0<\/span><\/td>\n<td style=\"border-color: #030202;width: 159px;background-color: #9ecbf0\" colspan=\"2\" width=\"215\"><span style=\"font-family: comic sans ms,sans-serif;font-size: 12pt\">\u00a0<\/span><\/td>\n<td style=\"border-color: #030202;width: 159px;background-color: #177d10\" rowspan=\"2\" width=\"160\"><span style=\"font-family: comic sans ms,sans-serif;font-size: 12pt;color: #ffffff\">Sport<\/span> <span style=\"font-family: comic sans ms,sans-serif;font-size: 12pt;color: #ffffff\">Hallensport,Walken oder Schwimmen<\/span><\/td>\n<td style=\"border-color: #030202;width: 159px;background-color: #9ecbf0\" width=\"165\"><span style=\"font-family: comic sans ms,sans-serif;font-size: 12pt\">\u00a0<\/span><\/td>\n<\/tr>\n<tr>\n<td style=\"border-color: #030202;width: 159px\" width=\"159\"><span style=\"font-family: comic sans ms,sans-serif;font-size: 12pt\">12:00 -13:00<\/span><\/td>\n<td style=\"border-color: #030202;width: 159px;background-color: #72b6ed\" width=\"165\"><span style=\"font-family: comic sans ms,sans-serif;font-size: 12pt\">Unterricht Abg\u00e4nger<\/span><\/td>\n<td style=\"border-color: #030202;width: 159px;background-color: #41cc79\" width=\"165\"><span style=\"font-family: comic sans ms,sans-serif;font-size: 12pt\">Putzen<\/span><\/td>\n<td style=\"border-color: #030202;width: 159px;background-color: #72b6ed\" width=\"96\"><span style=\"font-family: comic sans ms,sans-serif;font-size: 12pt\">Unterricht Abg\u00e4nger<\/span><\/td>\n<td style=\"border-color: #030202;width: 159px;background-color: #735d0f\" width=\"119\"><span style=\"font-family: comic sans ms,sans-serif;font-size: 12pt;color: #ffffff\">Kochen<\/span> <span style=\"font-family: comic sans ms,sans-serif;font-size: 12pt;color: #ffffff\">Nicht Abg\u00e4nger<\/span><\/td>\n<td style=\"border-color: #030202;width: 159px\" width=\"165\"><span style=\"font-family: comic sans ms,sans-serif;font-size: 12pt\">\u00a0<\/span><\/td>\n<\/tr>\n<tr>\n<td style=\"border-color: #030202;width: 159px\" width=\"159\"><span style=\"font-family: comic sans ms,sans-serif;font-size: 12pt\">13:00 -13:30<\/span><\/td>\n<td style=\"border-color: #030202;width: 159px\" width=\"165\"><span style=\"font-family: comic sans ms,sans-serif;font-size: 12pt\">\u00a0<\/span><\/td>\n<td style=\"border-color: #030202;width: 159px\" width=\"165\"><span style=\"font-family: comic sans ms,sans-serif;font-size: 12pt\">\u00a0<\/span><\/td>\n<td style=\"border-color: #030202;width: 159px;background-color: #e8d558\" colspan=\"2\" width=\"215\"><span style=\"font-family: comic sans ms,sans-serif;font-size: 12pt\">\u00a0\u00a0 gemeinsames Mittagessen<\/span><\/td>\n<td style=\"border-color: #030202;width: 159px\" width=\"160\"><span style=\"font-family: comic sans ms,sans-serif;font-size: 12pt\">\u00a0<\/span><\/td>\n<td width=\"165\"><span style=\"font-family: comic sans ms,sans-serif;font-size: 12pt\">\u00a0<\/span><\/td>\n<\/tr>\n<tr>\n<td style=\"border-color: #030202;width: 159px\" width=\"158\"><span style=\"font-family: comic sans ms,sans-serif;font-size: 12pt\">\u00a0<\/span><\/td>\n<td style=\"border-color: #030202;width: 159px\" width=\"164\"><span style=\"font-family: comic sans ms,sans-serif;font-size: 12pt\">\u00a0<\/span><\/td>\n<td style=\"border-color: #030202;width: 159px\" width=\"164\"><span style=\"font-family: comic sans ms,sans-serif;font-size: 12pt\">\u00a0<\/span><\/td>\n<td style=\"border-color: #030202;width: 159px\" width=\"97\"><span style=\"font-family: comic sans ms,sans-serif;font-size: 12pt\">\u00a0<\/span><\/td>\n<td style=\"border-color: #030202;width: 159px\" width=\"119\"><span style=\"font-family: comic sans ms,sans-serif;font-size: 12pt\">\u00a0<\/span><\/td>\n<td style=\"border-color: #030202;width: 159px\" width=\"160\"><span style=\"font-family: comic sans ms,sans-serif;font-size: 12pt\">\u00a0<\/span><\/td>\n<td width=\"164\"><span style=\"font-family: comic sans ms,sans-serif;font-size: 12pt\">\u00a0<\/span><\/td>\n<\/tr>\n<\/tbody>\n<\/table>\n<p><strong><span style=\"font-family: comic sans ms,sans-serif;font-size: 14pt\">2.Woche<\/span><\/strong><\/p>\n<table width=\"1020\">\n<tbody>\n<tr>\n<td style=\"border-color: #030202;width: 149px\" width=\"149\"><span style=\"font-family: comic sans ms,sans-serif;font-size: 12pt\">\u00a0<\/span><\/td>\n<td style=\"border-color: #030202;width: 149px\" width=\"158\"><span style=\"font-family: comic sans ms,sans-serif;font-size: 12pt\">Montag<\/span><\/td>\n<td style=\"border-color: #030202;width: 149px\" width=\"158\"><span style=\"font-family: comic sans ms,sans-serif;font-size: 12pt\">Dienstag<\/span><\/td>\n<td style=\"border-color: #030202;width: 149px\" colspan=\"2\" width=\"237\"><span style=\"font-family: comic sans ms,sans-serif;font-size: 12pt\">Mittwoch<\/span><\/td>\n<td style=\"border-color: #030202;width: 149px\" width=\"160\"><span style=\"font-family: comic sans ms,sans-serif;font-size: 12pt\">Donnerstag<\/span><\/td>\n<td style=\"border-color: #030202;width: 149px\" width=\"158\"><span style=\"font-family: comic sans ms,sans-serif;font-size: 12pt\">Freitag<\/span><\/td>\n<\/tr>\n<tr>\n<td style=\"border-color: #030202;width: 149px\" width=\"149\"><span style=\"font-family: comic sans ms,sans-serif;font-size: 12pt\">8:00 \u2013 9:30<\/span><\/td>\n<td style=\"border-color: #030202;width: 149px;background-color: #9ecbf0\" width=\"158\">\u00a0 <span style=\"font-family: comic sans ms,sans-serif;font-size: 12pt\">Werkstatt<\/span><\/td>\n<td style=\"border-color: #030202;width: 149px;background-color: #9ecbf0\" width=\"158\">\u00a0 <span style=\"font-family: comic sans ms,sans-serif;font-size: 12pt\">K\u00fcche<\/span><\/td>\n<td style=\"border-color: #030202;width: 149px;background-color: #9ecbf0\" colspan=\"2\" width=\"237\">\u00a0 <span style=\"font-family: comic sans ms,sans-serif;font-size: 12pt\">Werkstatt<\/span><\/td>\n<td style=\"border-color: #030202;width: 149px;background-color: #9ecbf0\" width=\"160\">\u00a0 <span style=\"font-family: comic sans ms,sans-serif;font-size: 12pt\">K\u00fcche<\/span><\/td>\n<td style=\"border-color: #030202;width: 149px;background-color: #9ecbf0\" width=\"158\">\u00a0 <span style=\"font-family: comic sans ms,sans-serif;font-size: 12pt\">Werkstatt<\/span><\/td>\n<\/tr>\n<tr>\n<td style=\"border-color: #030202;width: 149px;background-color: #e8d558\" width=\"149\"><span style=\"font-family: comic sans ms,sans-serif;font-size: 12pt\">9:30 \u2013 10:00<\/span><\/td>\n<td style=\"border-color: #030202;width: 149px;background-color: #e8d558\" width=\"158\"><span style=\"font-family: comic sans ms,sans-serif;font-size: 12pt\">gemeinsames Fr\u00fchst\u00fcck<\/span><\/td>\n<td style=\"border-color: #030202;width: 149px;background-color: #e8d558\" width=\"158\"><span style=\"font-family: comic sans ms,sans-serif;font-size: 12pt\">gemeinsames Fr\u00fchst\u00fcck<\/span><\/td>\n<td style=\"border-color: #030202;width: 149px;background-color: #e8d558\" colspan=\"2\" width=\"237\"><span style=\"font-family: comic sans ms,sans-serif;font-size: 12pt\">gemeinsames Fr\u00fchst\u00fcck<\/span><\/td>\n<td style=\"border-color: #030202;width: 149px;background-color: #e8d558\" width=\"160\"><span style=\"font-family: comic sans ms,sans-serif;font-size: 12pt\">gemeinsames Fr\u00fchst\u00fcck<\/span><\/td>\n<td style=\"border-color: #030202;width: 149px;background-color: #e8d558\" width=\"158\"><span style=\"font-family: comic sans ms,sans-serif;font-size: 12pt\">gemeinsames Fr\u00fchst\u00fcck<\/span><\/td>\n<\/tr>\n<tr>\n<td style=\"border-color: #030202;width: 149px\" width=\"149\"><span style=\"font-family: comic sans ms,sans-serif;font-size: 12pt\">10:00 &#8211; 11:00<\/span><\/td>\n<td style=\"border-color: #030202;width: 149px;background-color: #3895e0\" rowspan=\"2\" width=\"158\">\u00a0 <span style=\"font-family: comic sans ms,sans-serif;font-size: 12pt\">Unterricht<\/span><\/td>\n<td style=\"border-color: #030202;width: 149px;background-color: #3895e0\" rowspan=\"2\" width=\"158\">\u00a0 <span style=\"font-family: comic sans ms,sans-serif;font-size: 12pt\">Unterricht<\/span><\/td>\n<td style=\"border-color: #030202;width: 149px;background-color: #3895e0\" colspan=\"2\" rowspan=\"2\" width=\"237\">\u00a0 <span style=\"font-family: comic sans ms,sans-serif;font-size: 12pt\">Unterricht<\/span><\/td>\n<td style=\"border-color: #030202;width: 149px;background-color: #3895e0\" rowspan=\"2\" width=\"160\"><span style=\"font-family: comic sans ms,sans-serif;font-size: 12pt\">Unterricht<\/span><\/td>\n<td style=\"border-color: #030202;width: 149px;background-color: #3895e0\" rowspan=\"2\" width=\"158\">\u00a0 <span style=\"font-family: comic sans ms,sans-serif;font-size: 12pt\">Unterricht<\/span><\/td>\n<\/tr>\n<tr>\n<td style=\"border-color: #030202;width: 149px\" width=\"149\"><span style=\"font-family: comic sans ms,sans-serif;font-size: 12pt\">11:00 \u2013 11:10 kleine Pause<\/span><\/td>\n<\/tr>\n<tr>\n<td style=\"border-color: #030202;width: 149px\" width=\"149\"><span style=\"font-family: comic sans ms,sans-serif;font-size: 12pt\">11:10 \u2013 12:00<\/span><\/td>\n<td style=\"border-color: #030202;width: 149px;background-color: #3895e0\" width=\"158\"><span style=\"font-family: comic sans ms,sans-serif;font-size: 12pt\">\u00a0<\/span><\/td>\n<td style=\"border-color: #030202;width: 149px;background-color: #3895e0\" width=\"158\"><span style=\"font-family: comic sans ms,sans-serif;font-size: 12pt\">\u00a0<\/span><\/td>\n<td style=\"border-color: #030202;width: 149px;background-color: #3895e0\" colspan=\"2\" width=\"237\"><span style=\"font-family: comic sans ms,sans-serif;font-size: 12pt\">\u00a0<\/span><\/td>\n<td style=\"border-color: #030202;width: 149px;background-color: #177d10\" rowspan=\"2\" width=\"160\"><span style=\"font-family: comic sans ms,sans-serif;font-size: 12pt;color: #ffffff\">Sport<\/span> <span style=\"font-family: comic sans ms,sans-serif;font-size: 12pt;color: #ffffff\">Hallensport,Walken oder Schwimmen<\/span><\/td>\n<td style=\"border-color: #030202;width: 149px;background-color: #3895e0\" width=\"158\"><span style=\"font-family: comic sans ms,sans-serif;font-size: 12pt\">\u00a0<\/span><\/td>\n<\/tr>\n<tr>\n<td style=\"border-color: #030202;width: 149px\" width=\"149\"><span style=\"font-family: comic sans ms,sans-serif;font-size: 12pt\">12:00 -13:00<\/span><\/td>\n<td style=\"border-color: #030202;width: 149px;background-color: #72b6ed\" width=\"158\"><span style=\"font-family: comic sans ms,sans-serif;font-size: 12pt\">Unterricht Abg\u00e4nger<\/span><\/td>\n<td style=\"border-color: #030202;width: 149px;background-color: #41cc79\" width=\"158\"><span style=\"font-family: comic sans ms,sans-serif;font-size: 12pt\">Putzen<\/span><\/td>\n<td style=\"border-color: #030202;width: 149px;background-color: #72b6ed\" width=\"101\"><span style=\"font-family: comic sans ms,sans-serif;font-size: 12pt\">Unterricht Abg\u00e4nger<\/span><\/td>\n<td style=\"border-color: #030202;width: 149px;background-color: #735d0f\" width=\"136\"><span style=\"font-family: comic sans ms,sans-serif;font-size: 12pt;color: #ffffff\">Kochen<\/span> <span style=\"font-family: comic sans ms,sans-serif;font-size: 12pt;color: #ffffff\">Nicht Abg\u00e4nger<\/span><\/td>\n<td style=\"border-color: #030202;width: 149px\" width=\"158\"><span style=\"font-family: comic sans ms,sans-serif;font-size: 12pt\">\u00a0<\/span><\/td>\n<\/tr>\n<tr>\n<td style=\"border-color: #030202;width: 149px\" width=\"149\"><span style=\"font-family: comic sans ms,sans-serif;font-size: 12pt\">13:00 -13:30<\/span><\/td>\n<td style=\"border-color: #030202;width: 149px\" width=\"158\"><span style=\"font-family: comic sans ms,sans-serif;font-size: 12pt\">\u00a0<\/span><\/td>\n<td style=\"border-color: #030202;width: 149px\" width=\"158\"><span style=\"font-family: comic sans ms,sans-serif;font-size: 12pt\">\u00a0<\/span><\/td>\n<td style=\"border-color: #030202;width: 149px;background-color: #e8d558\" colspan=\"2\" width=\"237\"><span style=\"font-family: comic sans ms,sans-serif;font-size: 12pt\">gemeinsames Mittagessen<\/span><\/td>\n<td style=\"border-color: #030202;width: 149px\" width=\"160\"><span style=\"font-family: comic sans ms,sans-serif;font-size: 12pt\">\u00a0<\/span><\/td>\n<td style=\"border-color: #030202;width: 149px\" width=\"158\"><span style=\"font-family: comic sans ms,sans-serif;font-size: 12pt\">\u00a0<\/span><\/td>\n<\/tr>\n<tr>\n<td style=\"border-color: #030202;width: 149px\" width=\"149\"><span style=\"font-family: comic sans ms,sans-serif;font-size: 12pt\">\u00a0<\/span><\/td>\n<td style=\"border-color: #030202;width: 149px\" width=\"158\"><span style=\"font-family: comic sans ms,sans-serif;font-size: 12pt\">\u00a0<\/span><\/td>\n<td style=\"border-color: #030202;width: 149px\" width=\"158\"><span style=\"font-family: comic sans ms,sans-serif;font-size: 12pt\">\u00a0<\/span><\/td>\n<td style=\"border-color: #030202;width: 149px\" width=\"101\"><span style=\"font-family: comic sans ms,sans-serif;font-size: 12pt\">\u00a0<\/span><\/td>\n<td style=\"border-color: #030202;width: 149px\" width=\"136\"><span style=\"font-family: comic sans ms,sans-serif;font-size: 12pt\">\u00a0<\/span><\/td>\n<td style=\"border-color: #030202;width: 149px\" width=\"160\"><span style=\"font-family: comic sans ms,sans-serif;font-size: 12pt\">\u00a0<\/span><\/td>\n<td style=\"border-color: #030202;width: 149px\" width=\"158\"><span style=\"font-family: comic sans ms,sans-serif;font-size: 10pt\">\u00a0<\/span><\/td>\n<\/tr>\n<\/tbody>\n<\/table>\n<pre><\/pre>\n","protected":false},"excerpt":{"rendered":"<p>Stundenplan \u00a0 1.Woche \u00a0 Montag Dienstag Mittwoch Donnerstag Freitag 8:00 \u2013 9:30 \u00a0 Unterricht \u00a0 Unterricht \u00a0 Unterricht \u00a0 Unterricht \u00a0 Unterricht 9:30 \u2013 10:00 gemeinsames Fr\u00fchst\u00fcck gemeinsames Fr\u00fchst\u00fcck gemeinsames Fr\u00fchst\u00fcck gemeinsames Fr\u00fchst\u00fcck gemeinsames Fr\u00fchst\u00fcck 10:00 &#8211; 11:00 \u00a0 K\u00fcche \u00a0 Werkstatt \u00a0 K\u00fcche Werkstatt \u00a0 K\u00fcche 11:00 \u2013 11:10 kleine Pause 11:10 \u2013 12:00 &#8230; <a title=\"Der Stundenplan\" class=\"read-more\" href=\"https:\/\/wordpress.nibis.de\/hsvorsfelde\/der-stundenplan\/\" aria-label=\"Mehr Informationen \u00fcber Der Stundenplan\">Weiterlesen<\/a><\/p>\n","protected":false},"author":9193776,"featured_media":0,"parent":0,"menu_order":0,"comment_status":"closed","ping_status":"closed","template":"","meta":{"footnotes":""},"class_list":["post-202","page","type-page","status-publish"],"_links":{"self":[{"href":"https:\/\/wordpress.nibis.de\/hsvorsfelde\/wp-json\/wp\/v2\/pages\/202","targetHints":{"allow":["GET"]}}],"collection":[{"href":"https:\/\/wordpress.nibis.de\/hsvorsfelde\/wp-json\/wp\/v2\/pages"}],"about":[{"href":"https:\/\/wordpress.nibis.de\/hsvorsfelde\/wp-json\/wp\/v2\/types\/page"}],"author":[{"embeddable":true,"href":"https:\/\/wordpress.nibis.de\/hsvorsfelde\/wp-json\/wp\/v2\/users\/9193776"}],"replies":[{"embeddable":true,"href":"https:\/\/wordpress.nibis.de\/hsvorsfelde\/wp-json\/wp\/v2\/comments?post=202"}],"version-history":[{"count":1,"href":"https:\/\/wordpress.nibis.de\/hsvorsfelde\/wp-json\/wp\/v2\/pages\/202\/revisions"}],"predecessor-version":[{"id":203,"href":"https:\/\/wordpress.nibis.de\/hsvorsfelde\/wp-json\/wp\/v2\/pages\/202\/revisions\/203"}],"wp:attachment":[{"href":"https:\/\/wordpress.nibis.de\/hsvorsfelde\/wp-json\/wp\/v2\/media?parent=202"}],"curies":[{"name":"wp","href":"https:\/\/api.w.org\/{rel}","templated":true}]}}