{"id":36,"date":"2021-03-18T20:12:59","date_gmt":"2021-03-18T19:12:59","guid":{"rendered":"https:\/\/wordpress.nibis.de\/hsvorsfelde\/?page_id=36"},"modified":"2021-03-18T20:12:59","modified_gmt":"2021-03-18T19:12:59","slug":"schulprogramm","status":"publish","type":"page","link":"https:\/\/wordpress.nibis.de\/hsvorsfelde\/die-schule\/schulprogramm\/","title":{"rendered":"Schulprogramm"},"content":{"rendered":"\n<div class=\"content-sidebar-wrapper\">\n<div class=\"container\">\n<div class=\"row\">\n<div class=\"col-lg-9 col-md-9 col-sm-8 col-xs-12\">\n<article id=\"post-804\" class=\"entry-wrapper entry-wrapper-page post-804 page type-page status-publish hentry\">\n<div class=\"entry-wrapper-inside\">\n<div class=\"entry-content entry-content-page\">\n<p><strong><u>Inklusion an der Hauptschule Vorsfelde<\/u><\/strong><\/p>\n<p>An der Hauptschule Vorsfelde bedeutet <strong>Inklusion<\/strong> die <em>strukturierte Zusammenarbeit<\/em> von Fach- und F\u00f6rderlehrern,<\/p>\n<p>um <em>Ziele<\/em> und <em>Kriterien<\/em> zu <em>definieren<\/em>, <em>F\u00f6rderkonzepte<\/em> zu <em>erstellen<\/em> und gesetzte <em>Ziele im Bereich der inklusiven Beschulung aller Sch\u00fclerInnen<\/em> zu <em>erreichen<\/em>.<\/p>\n<p>\u00a0<\/p>\n<p><strong>Vorwort<\/strong><\/p>\n<p>Der Aufbau eines inklusiven Bildungssystems ist ein wesentlicher Bestandteil der Umsetzung der UN-Behindertenrechtskonvention zur F\u00f6rderung der Chancengleichheit f\u00fcr Menschen mit Beeintr\u00e4chtigungen. Nach ihr haben Kinder mit einem Unterst\u00fctzungsbedarf einen Rechtsanspruch darauf, gemeinsam mit Kindern ohne Unterst\u00fctzungsbedarf wohnortnah unterrichtet zu werden.<\/p>\n<p>Wir, das Kollegium der Hauptschule Vorsfelde, begr\u00fc\u00dfen die Umsetzung dieses Menschenrechts auf gemeinsame Beschulung aller Kinder in Niedersachsen.<\/p>\n<p>Das Leitbild der Hauptschule Vorsfelde macht deutlich: An unserer Schule beruht der Umgang miteinander auf Respekt, Weltoffenheit und Toleranz. Wir wenden uns gegen jegliche Art von Diskriminierung oder gesellschaftlicher Ausgrenzung. Deshalb ist Inklusion ein Weg f\u00fcr uns, diesen Anspruch in unserer t\u00e4glichen Arbeit umzusetzen. Inklusion basiert auf der gleichen Wertsch\u00e4tzung aller Sch\u00fclerinnen und Sch\u00fcler mit all ihren individuellen Unterschieden und f\u00f6rdert die Teilhabe aller Sch\u00fclerinnen und Sch\u00fcler am schulischen Leben.<\/p>\n<p>Wir m\u00f6chten mit unserer Arbeit die Grundlagen f\u00fcr unsere Schulentwicklung legen, die f\u00fcr einen inklusiven Unterricht notwendig sind.<\/p>\n<p>Vielfalt sehen wir nicht als Problem an, sondern als Chance!<\/p>\n<p>Die hier vorgestellten Ziele werden wir anstreben. Wir behalten uns jedoch vor, sie \u2013 wenn n\u00f6tig \u2013 aus den Entwicklungsprozessen heraus anzupassen.<\/p>\n<p>\u00a0<\/p>\n<p>Die Gesamtkonferenz der Hauptschule Vorsfelde hat dieses Konzept am 02.11.2017 genehmigt.<\/p>\n<p><strong>Zielsetzung<\/strong><\/p>\n<p>\u201eManchmal bedarf es nicht vieler Worte, um das Wichtigste zu sagen. Das betrifft auch das Leitbild unserer Schule, bei dem es um unsere Ziele und unser gemeinsames Miteinander geht.\u201c<\/p>\n<p><strong>Lernsituation in den inklusiven Klassen der Hauptschule Vorsfelde<\/strong><\/p>\n<p>Im Rahmen der Integration wurde zun\u00e4chst im Schuljahr 2012\/2013 eine Integrationsklasse eingerichtet und integrativ unterrichtet. Sch\u00fclerinnen und Sch\u00fcler mit einem Bedarf an sonderp\u00e4dagogischer Unterst\u00fctzung in den Bereichen Lernen, Sprache, geistige Entwicklung, sozial-emotionale Entwicklung, k\u00f6rperlich-motorische Entwicklung, Sehen und H\u00f6ren werden seit dem Schuljahr 2013\/2014 an der Hauptschule Vorsfelde inklusiv beschult.<\/p>\n<p><u>Besonderheiten der Klassenbildung<\/u><\/p>\n<p>Pro Jahrgang gibt es eine Inklusionsklasse, in der Sch\u00fclerinnen und Sch\u00fcler mit sonderp\u00e4dagogischem Unterst\u00fctzungsbedarf gemeinsam mit Regelsch\u00fclerinnen und \u2013sch\u00fclern unterrichtet werden. Durch die Zusammenlegung in einer Inklusionsklasse soll eine weitestgehende Doppelsteckung mit den F\u00f6rderschullehrkr\u00e4ften in den Hauptf\u00e4chern gew\u00e4hrleistet werden, damit alle Sch\u00fclerinnen und Sch\u00fcler individuell gef\u00f6rdert und gefordert werden k\u00f6nnen.<\/p>\n<p><strong>Sonderp\u00e4dagogische F\u00f6rderung, Unterst\u00fctzung und Beratung<\/strong><\/p>\n<p>Im Rahmen der Inklusion ist gemeinsames individuelles Lernen aller Sch\u00fclerinnen und Sch\u00fcler gefordert. Dies beinhaltet Entwicklungs- und Arbeitspl\u00e4ne f\u00fcr alle auf der Grundlage eines gemeinsamen Kerncurriculums, kompetenzorientierten Unterrichts und kooperativer F\u00f6rderplanung. Der gemeinsame Unterricht ist die Aufgabe aller beteiligten P\u00e4dagogen. F\u00f6rderschullehrkr\u00e4fte unterst\u00fctzen und beraten Klassen- und Fachlehrkr\u00e4fte im Unterricht, bei der Diagnose und F\u00f6rderplanung, beim Verfahren zur Feststellung eines Bedarfs an sonderp\u00e4dagogischer Unterst\u00fctzung, der Pr\u00e4vention, der Beratung von Eltern\/Sch\u00fclerInnen und bei der Leistungsbewertung durch:<\/p>\n<ul>\n<li>unterrichtsbegleitende Ma\u00dfnahmen im Klassenverband,<\/li>\n<li>sonderp\u00e4dagogische F\u00f6rderung zu Basisqualifikationen,\n<ul>\n<li>B. Lese- und Rechtschreibf\u00f6rderung, Mathematikf\u00f6rderung, Wahrnehmungs- und Konzentrationsf\u00f6rderung<\/li>\n<\/ul>\n<\/li>\n<li>Erstellen\/ Bearbeiten\/ Bereitstellen differenzierter Unterrichtsmaterialien und Lernkontrollen,<\/li>\n<li>sonderp\u00e4dagogische Diagnostik\/ Lernstandserhebungen\/ regelm\u00e4\u00dfige \u00dcberpr\u00fcfung des sonderp\u00e4dagogischen Unterst\u00fctzungsbedarfs,<\/li>\n<li>Prozessbegleitung bei der kooperativen F\u00f6rderplanung\/ Fortschreibung und Evaluation sowie der Dokumentation der individuellen Lernentwicklung,<\/li>\n<li>Mitarbeit bei der Zeugniserstellung\/ Lernentwicklungsberichte\/ Entwicklung und Planung von Unterrichtsinhalten sowie Kriterien der Leistungsfeststellung und \u2013bewertung,<\/li>\n<li>Vorbereitung, Durchf\u00fchrung und Auswertung von Beratungsgespr\u00e4chen mit Kollegen zu inklusiven\/ sonderp\u00e4dagogischen Themen<\/li>\n<li>Vorbereitung, Durchf\u00fchrung und Auswertung von Beratungsgespr\u00e4chen mit Erziehungsberechtigten (gemeinsam mit der Klassenlehrkraft) hinsichtlich der Festlegung von F\u00f6rderzielen, der Lern- und Verhaltensentwicklung, M\u00f6glichkeiten der F\u00f6rderung, au\u00dferschulische Hilfem\u00f6glichkeiten usw.,<\/li>\n<li>Vorbereitung, Durchf\u00fchrung und Auswertung von Beratungsgespr\u00e4chen mit Sch\u00fclerInnen (gemeinsam mit der Klassenlehrkraft),<\/li>\n<li>Verfassen von Schulberichten (gemeinsam mit der Klassenlehrkraft) z.B. bei Antr\u00e4gen f\u00fcr eine Schulbegleitung,<\/li>\n<li>Zusammenarbeit mit anderen Institutionen und Vermittlung von au\u00dferschulischen Unterst\u00fctzungsangeboten sowie<\/li>\n<li>Mitgestaltung des Schullebens, Teilnahme an Konferenzen\/ Dienstbesprechungen\/ Fortbildungen, Ausgestaltung eines inklusiven Bewusstseins.<\/li>\n<\/ul>\n<p><u>Umsetzung der sonderp\u00e4dagogischen F\u00f6rderung an der Hauptschule Vorsfelde<\/u><\/p>\n<p>Im Rahmen der Unterst\u00fctzung von Sch\u00fclerinnen und Sch\u00fclern mit festgestelltem Unterst\u00fctzungsbedarf sind an der Hauptschule Vorsfelde momentan vier F\u00f6rderschullehrkr\u00e4fte der F\u00f6rderschule Friedrich-von-Schiller und eine F\u00f6rderlehrkraft der F\u00f6rderschule Peter-Pan t\u00e4tig. Die sonderp\u00e4dagogische F\u00f6rderung und Unterst\u00fctzung wird aktuell umgesetzt durch:<\/p>\n<ul>\n<li>F\u00f6rderung im Klassenverband,<\/li>\n<li>Einzelf\u00f6rderung,<\/li>\n<li>Begleitung durch Unterst\u00fctzungspersonal sowie<\/li>\n<li>innere und \u00e4u\u00dfere Differenzierung.<\/li>\n<\/ul>\n<p><u>Leistungsbeurteilung\/ Leistungsmessung<\/u><\/p>\n<p>Die Leistungsbeurteilung orientiert sich an der individuellen Lernsituation. Sch\u00fclerinnen und Sch\u00fcler mit sonderp\u00e4dagogischem Unterst\u00fctzungsbedarf im Bereich Lernen und Geistige Entwicklung werden zieldifferent beschult. Daher ber\u00fccksichtigt die Leistungsmessung die Lern- und Leistungsf\u00e4higkeit der Sch\u00fclerinnen und Sch\u00fcler. Sie orientiert sich dabei an den Anforderungen der zu erreichenden Abschl\u00fcsse (F\u00f6rderschulabschluss, Hauptschulabschluss). Der sonderp\u00e4dagogische Unterst\u00fctzungsbedarf und die damit verbundene zieldifferente Beschulung werden durch eine Bemerkung auf dem Zeugnis dokumentiert.<\/p>\n<p><strong>\u00a0<\/strong><\/p>\n<p><strong>Teamstrukturen an der Hauptschule Vorsfelde<\/strong><\/p>\n<p>Bei der Umsetzung unseres Inklusionskonzeptes kommt es vor allem auf die erfolgreiche Teambildung an. Es sind f\u00fcnf wichtige Teamstrukturen in Bezug auf die Inklusion an der Hauptschule Vorsfelde zu nennen.<\/p>\n<p><u>\u00a0<\/u><\/p>\n<p><u>Teamstruktur I: Klassenlehrkraft und F\u00f6rderschullehrkraft<\/u><\/p>\n<p>In Inklusionsklassen an der Hauptschule Vorsfelde bilden eine Regelschullehrkraft und eine F\u00f6rderschullehrkraft ein Team. Sie f\u00fchren eine Klasse gemeinsam (und erf\u00fcllen beide die Rolle der Klassenleitung) und koordinieren nach gemeinsamer Absprache alle organisatorischen Fragen und Aufgaben einer Klassenleitung (Elternabende, Elterngespr\u00e4che usw.). Die Verantwortungsbereiche werden in den Teams besprochen und festgelegt.<\/p>\n<p><u>Teamstruktur II: Fachlehrkr\u00e4fte der Klasse und F\u00f6rderschullehrkraft<\/u><\/p>\n<p>Fach- und F\u00f6rderschullehrkr\u00e4fte arbeiten als Team im Rahmen von Teamteaching zusammen. Die beratende T\u00e4tigkeit der F\u00f6rderschullehrkr\u00e4fte, die Unterst\u00fctzung mit Unterrichtsmaterialien und die gemeinsame Planung sind die Schwerpunkte in dieser Teamstruktur.<\/p>\n<p>Bei der Doppelbesetzung gibt es folgende M\u00f6glichkeiten der gemeinsamen Arbeit in der Klasse:<\/p>\n<ul>\n<li>Halbieren der Klasse mit gleichen oder differenzierten unterrichtlichen Schwerpunkten,<\/li>\n<li>F\u00f6rderung der leistungsschw\u00e4cheren und leistungsst\u00e4rkeren Sch\u00fclerInnen in einer Kleingruppe bzw. einzeln,<\/li>\n<li>gemeinsamer Unterricht im Team.<\/li>\n<\/ul>\n<p><u>Teamstruktur III: Die F\u00f6rderschullehrkr\u00e4fte der Schule<\/u><\/p>\n<p>Zurzeit sind f\u00fcnf F\u00f6rderschullehrkr\u00e4fte an der Hauptschule Vorsfelde t\u00e4tig. Das Thema Beratung spielt f\u00fcr das F\u00f6rderteam an unserer Schule eine zentrale Rolle. Die Beratung bezieht sich auf die aktuellen und pr\u00e4ventiven Problemstellungen im Schulalltag der F\u00f6rderung in den Bereichen Lernen, Sprache, Geistige Entwicklung sowie sozial-emotionale Entwicklung.<\/p>\n<p><u>Teamstruktur IV: Die Schulleitung<\/u><\/p>\n<p>Es findet ein aktiver Austausch zwischen den F\u00f6rderschullehrkr\u00e4ften, den Klassenlehrkr\u00e4ften und der Schulleitung statt. Die aktuellen Fragen der Umsetzung der Inklusion an der Hauptschule Vorsfelde werden besprochen und im Rahmen der Fachkonferenz Inklusion evaluiert.<\/p>\n<p>\u00a0<\/p>\n<p><u>Teamstruktur V: Das gesamte Kollegium<\/u><\/p>\n<p>Inklusive Schule ist ein Thema der gesamten Schule, des gesamten Kollegiums. Die Umsetzung der Inklusion erfordert gemeinsame Absprachen und die Entwicklung von Differenzierungskonzepten im Kollegium. Deswegen ist Inklusion ein st\u00e4ndig wiederkehrendes Thema bei Dienstbesprechungen und Konferenzen.<\/p>\n<p><strong>Besondere p\u00e4dagogische und therapeutische Angebote<\/strong><\/p>\n<ul>\n<li>Sozialarbeiter in der Schule<\/li>\n<li>Hausaufgabenhilfe<\/li>\n<li>spezielle F\u00f6rderung in Pr\u00fcfungsf\u00e4chern<\/li>\n<li>Berufsberatung<\/li>\n<\/ul>\n<p><strong>Vernetzung mit schulischen und au\u00dferschulischen Partnern<\/strong><\/p>\n<ul>\n<li>Einbeziehung der Erziehungsberechtigten<\/li>\n<li>Zusammenarbeit mit den Sozialarbeitern in der Schule<\/li>\n<li>Zusammenarbeit mit den F\u00f6rderschulen<\/li>\n<li>Zusammenarbeit mit dem Lotte-Lemke-Team<\/li>\n<li>Zusammenarbeit mit au\u00dferschulischen Lernorten<\/li>\n<li>Zusammenarbeit im Bereich der Berufsorientierung<\/li>\n<\/ul>\n<\/div>\n<footer class=\"entry-footer entry-footer-single\"><\/footer><\/div>\n<\/article>\n<div id=\"comments\" class=\"comments-area\">\u00a0<\/div>\n<\/div>\n<div class=\"col-lg-3 col-md-3 col-sm-4 col-xs-12\">\n<aside class=\"sidebar sidebar-primary widget-area\" role=\"complementary\">\n<section id=\"tribe-events-list-widget-3\" class=\"widget tribe-events-list-widget\">\n<div class=\"widget-inside\">\n<h3 class=\"widget-title\">Anstehende Veranstaltungen<\/h3>\n<ol class=\"tribe-list-widget\">\n<li class=\"tribe-events-list-widget-events type-tribe_events post-2555 tribe-clearfix\">\n<h4 class=\"tribe-event-title\"><a href=\"http:\/\/hauptschule-vorsfelde.de\/event\/osterferien-7\/\" rel=\"bookmark\">Osterferien<\/a><\/h4>\n<div class=\"tribe-event-duration\"><span class=\"tribe-event-date-start\">Samstag, 27. M\u00e4rz<\/span> &#8211; <span class=\"tribe-event-date-end\">Sonntag, 11. April<\/span><\/div>\n<\/li>\n<li class=\"tribe-events-list-widget-events type-tribe_events post-2553 tribe-clearfix\">\n<h4 class=\"tribe-event-title\"><a href=\"http:\/\/hauptschule-vorsfelde.de\/event\/muendliche-pruefung-englisch-klasse-10\/\" rel=\"bookmark\">M\u00fcndliche Pr\u00fcfung Englisch Klasse 10<\/a><\/h4>\n<div class=\"tribe-event-duration\"><span class=\"tribe-event-date-start\">Montag, 3. Mai<\/span> &#8211; <span class=\"tribe-event-date-end\">Freitag, 21. Mai<\/span><\/div>\n<\/li>\n<li class=\"tribe-events-list-widget-events type-tribe_events post-2557 tribe-clearfix\">\n<h4 class=\"tribe-event-title\"><a href=\"http:\/\/hauptschule-vorsfelde.de\/event\/abschlussarbeit-deutsch-910-2\/\" rel=\"bookmark\">Abschlussarbeit Deutsch 9+10<\/a><\/h4>\n<div class=\"tribe-event-duration\"><span class=\"tribe-event-date-start\">Freitag, 21. Mai<\/span><\/div>\n<\/li>\n<li class=\"tribe-events-list-widget-events type-tribe_events post-2559 tribe-clearfix\">\n<h4 class=\"tribe-event-title\"><a href=\"http:\/\/hauptschule-vorsfelde.de\/event\/abschlussarbeit-englisch-10-2\/\" rel=\"bookmark\">Abschlussarbeit Englisch 10<\/a><\/h4>\n<div class=\"tribe-event-duration\"><span class=\"tribe-event-date-start\">Mittwoch, 26. Mai<\/span><\/div>\n<\/li>\n<li class=\"tribe-events-list-widget-events type-tribe_events post-2561 tribe-clearfix\">\n<h4 class=\"tribe-event-title\"><a href=\"http:\/\/hauptschule-vorsfelde.de\/event\/abschlussarbeit-mathe-910-2\/\" rel=\"bookmark\">Abschlussarbeit Mathe 9+10<\/a><\/h4>\n<div class=\"tribe-event-duration\"><span class=\"tribe-event-date-start\">Freitag, 28. Mai<\/span><\/div>\n<\/li>\n<\/ol>\n<p class=\"tribe-events-widget-link\"><a href=\"http:\/\/hauptschule-vorsfelde.de\/events\/\" rel=\"bookmark\">Alle Veranstaltungen anzeigen<\/a><\/p>\n<\/div>\n<\/section>\n<\/aside>\n<\/div>\n<\/div>\n<\/div>\n<\/div>\n<footer class=\"site-footer\" role=\"contentinfo\">\n<div class=\"footer-tail-sidebars widget-inverse\">\n<div class=\"container\">\n<div class=\"row\">\n<div class=\"col-lg-12 col-md-12 col-sm-12 col-xs-12\">\n<section id=\"text-2\" class=\"widget widget_text\">\n<div class=\"widget-inside\">\n<div class=\"textwidget\">\u00a0<\/div>\n<\/div>\n<\/section>\n<\/div>\n<\/div>\n<\/div>\n<\/div>\n<\/footer>\n","protected":false},"excerpt":{"rendered":"<p>Inklusion an der Hauptschule Vorsfelde An der Hauptschule Vorsfelde bedeutet Inklusion die strukturierte Zusammenarbeit von Fach- und F\u00f6rderlehrern, um Ziele und Kriterien zu definieren, F\u00f6rderkonzepte zu erstellen und gesetzte Ziele im Bereich der inklusiven Beschulung aller Sch\u00fclerInnen zu erreichen. \u00a0 Vorwort Der Aufbau eines inklusiven Bildungssystems ist ein wesentlicher Bestandteil der Umsetzung der UN-Behindertenrechtskonvention zur &#8230; <a title=\"Schulprogramm\" class=\"read-more\" href=\"https:\/\/wordpress.nibis.de\/hsvorsfelde\/die-schule\/schulprogramm\/\" aria-label=\"Mehr Informationen \u00fcber Schulprogramm\">Weiterlesen<\/a><\/p>\n","protected":false},"author":9193776,"featured_media":0,"parent":29,"menu_order":0,"comment_status":"closed","ping_status":"closed","template":"","meta":{"footnotes":""},"class_list":["post-36","page","type-page","status-publish"],"_links":{"self":[{"href":"https:\/\/wordpress.nibis.de\/hsvorsfelde\/wp-json\/wp\/v2\/pages\/36","targetHints":{"allow":["GET"]}}],"collection":[{"href":"https:\/\/wordpress.nibis.de\/hsvorsfelde\/wp-json\/wp\/v2\/pages"}],"about":[{"href":"https:\/\/wordpress.nibis.de\/hsvorsfelde\/wp-json\/wp\/v2\/types\/page"}],"author":[{"embeddable":true,"href":"https:\/\/wordpress.nibis.de\/hsvorsfelde\/wp-json\/wp\/v2\/users\/9193776"}],"replies":[{"embeddable":true,"href":"https:\/\/wordpress.nibis.de\/hsvorsfelde\/wp-json\/wp\/v2\/comments?post=36"}],"version-history":[{"count":1,"href":"https:\/\/wordpress.nibis.de\/hsvorsfelde\/wp-json\/wp\/v2\/pages\/36\/revisions"}],"predecessor-version":[{"id":37,"href":"https:\/\/wordpress.nibis.de\/hsvorsfelde\/wp-json\/wp\/v2\/pages\/36\/revisions\/37"}],"up":[{"embeddable":true,"href":"https:\/\/wordpress.nibis.de\/hsvorsfelde\/wp-json\/wp\/v2\/pages\/29"}],"wp:attachment":[{"href":"https:\/\/wordpress.nibis.de\/hsvorsfelde\/wp-json\/wp\/v2\/media?parent=36"}],"curies":[{"name":"wp","href":"https:\/\/api.w.org\/{rel}","templated":true}]}}