{"id":83,"date":"2021-03-19T14:04:28","date_gmt":"2021-03-19T13:04:28","guid":{"rendered":"https:\/\/wordpress.nibis.de\/hsvorsfelde\/?page_id=83"},"modified":"2021-03-19T14:04:29","modified_gmt":"2021-03-19T13:04:29","slug":"hausaufgaben","status":"publish","type":"page","link":"https:\/\/wordpress.nibis.de\/hsvorsfelde\/elterninformationen\/hausaufgaben\/","title":{"rendered":"Hausaufgaben"},"content":{"rendered":"\n<p>Jeder Sch\u00fcler hat die Pflicht, die im Rahmen der schulischen Ausbildung gestellten Aufgaben <strong>einschlie\u00dflich der Hausaufgaben <\/strong>auszuf\u00fchren.<\/p>\n<p>Die Hausaufgaben dienen der Vertiefung erworbenen Wissens und f\u00f6rdern das selbstst\u00e4ndige Arbeiten und Lernen. Obwohl schriftliche Hausaufgaben nicht direkt bewertet werden, haben Hausaufgaben einen hohen Stellenwert auch bei der Bewertung der Sch\u00fclerleistungen. Sie k\u00f6nnen sowohl m\u00fcndlich als auch schriftlich in Form einer Leistungskontrolle kontrolliert werden.<\/p>\n<p>\u00a0<\/p>\n<h2>Was sind Hausaufgaben ?<\/h2>\n<ul>\n<li><strong>im Unterricht erteilte Aufgaben<\/strong><\/li>\n<li><strong>regelm\u00e4\u00dfige Wiederholung des Unterrichtsstoffes<\/strong><\/li>\n<li><strong>zuverl\u00e4ssiges Bereitstellen der f\u00fcr den Unterricht n\u00f6tigen Arbeitsmaterialien<\/strong><\/li>\n<li><strong>\u00dcberpr\u00fcfung und Vervollst\u00e4ndigung der Fachhefter<\/strong><\/li>\n<\/ul>\n<p><strong>\u00a0<\/strong><\/p>\n<p>Hausaufgaben werden vorzugsweise zu Hause angefertigt. Au\u00dferdem empfehlen wir die Teilnahme an unserer Hausaufgabenbetreuung (Raum 1.22) mit Nachschlagewerken, Internetzugang und anderen Hilfsmitteln, einschlie\u00dflich eines hilfsbereiten Aufsichtslehrers, jeweils Montags bis Donnerstags in der Zeit von 13.30 Uhr \u2013 14.15 Uhr.<\/p>\n","protected":false},"excerpt":{"rendered":"<p>Jeder Sch\u00fcler hat die Pflicht, die im Rahmen der schulischen Ausbildung gestellten Aufgaben einschlie\u00dflich der Hausaufgaben auszuf\u00fchren. Die Hausaufgaben dienen der Vertiefung erworbenen Wissens und f\u00f6rdern das selbstst\u00e4ndige Arbeiten und Lernen. Obwohl schriftliche Hausaufgaben nicht direkt bewertet werden, haben Hausaufgaben einen hohen Stellenwert auch bei der Bewertung der Sch\u00fclerleistungen. Sie k\u00f6nnen sowohl m\u00fcndlich als auch &#8230; <a title=\"Hausaufgaben\" class=\"read-more\" href=\"https:\/\/wordpress.nibis.de\/hsvorsfelde\/elterninformationen\/hausaufgaben\/\" aria-label=\"Mehr Informationen \u00fcber Hausaufgaben\">Weiterlesen<\/a><\/p>\n","protected":false},"author":9193776,"featured_media":0,"parent":56,"menu_order":0,"comment_status":"closed","ping_status":"closed","template":"","meta":{"footnotes":""},"class_list":["post-83","page","type-page","status-publish"],"_links":{"self":[{"href":"https:\/\/wordpress.nibis.de\/hsvorsfelde\/wp-json\/wp\/v2\/pages\/83","targetHints":{"allow":["GET"]}}],"collection":[{"href":"https:\/\/wordpress.nibis.de\/hsvorsfelde\/wp-json\/wp\/v2\/pages"}],"about":[{"href":"https:\/\/wordpress.nibis.de\/hsvorsfelde\/wp-json\/wp\/v2\/types\/page"}],"author":[{"embeddable":true,"href":"https:\/\/wordpress.nibis.de\/hsvorsfelde\/wp-json\/wp\/v2\/users\/9193776"}],"replies":[{"embeddable":true,"href":"https:\/\/wordpress.nibis.de\/hsvorsfelde\/wp-json\/wp\/v2\/comments?post=83"}],"version-history":[{"count":1,"href":"https:\/\/wordpress.nibis.de\/hsvorsfelde\/wp-json\/wp\/v2\/pages\/83\/revisions"}],"predecessor-version":[{"id":84,"href":"https:\/\/wordpress.nibis.de\/hsvorsfelde\/wp-json\/wp\/v2\/pages\/83\/revisions\/84"}],"up":[{"embeddable":true,"href":"https:\/\/wordpress.nibis.de\/hsvorsfelde\/wp-json\/wp\/v2\/pages\/56"}],"wp:attachment":[{"href":"https:\/\/wordpress.nibis.de\/hsvorsfelde\/wp-json\/wp\/v2\/media?parent=83"}],"curies":[{"name":"wp","href":"https:\/\/api.w.org\/{rel}","templated":true}]}}