{"id":89,"date":"2021-03-19T14:08:12","date_gmt":"2021-03-19T13:08:12","guid":{"rendered":"https:\/\/wordpress.nibis.de\/hsvorsfelde\/?page_id=89"},"modified":"2025-06-20T12:46:40","modified_gmt":"2025-06-20T10:46:40","slug":"informiert-sein-und-mitgehalten","status":"publish","type":"page","link":"https:\/\/wordpress.nibis.de\/hsvorsfelde\/elterninformationen\/informiert-sein-und-mitgehalten\/","title":{"rendered":"Informiert sein und mitgestalten"},"content":{"rendered":"\n<p><strong>Informationsm\u00f6glichkeiten :<\/strong><\/p>\n<ul>\n<li>eine Elternversammlung pro Schuljahr, die vom Klassenlehrer einberufen wird, evtl. und bei Bedarf weitere, die die Eltern einberufen k\u00f6nnen<\/li>\n<li>zus\u00e4tzliche Elternversammlungen zu besonderen Schwerpunkten (Drogen, Berufspraktikum),<\/li>\n<li>Information zur Versetzungsgef\u00e4hrdung im Januar, bzw. April<\/li>\n<li>Zeugnisvermerke,<\/li>\n<li>st\u00e4ndige M\u00f6glichkeit der Vereinbarung individueller Gespr\u00e4chstermine per Telefon\/e mail, per itslearning<\/li>\n<li>Mitteilungen im Schulplaner<\/li>\n<li>Elternsprechtage nach den Herbstferien und vor den Osterferien<\/li>\n<\/ul>\n<p><strong>\u00a0<\/strong><\/p>\n<p><strong>Mitgestaltungsm\u00f6glichkeiten <\/strong>ergeben sich f\u00fcr Sie durch die Wahl in die Schulgremien der Elternvertretung:<\/p>\n<p>\u00a0<\/p>\n<ul>\n<li>Klassenelternsprecher, Gesamtelternvertretung<\/li>\n<li>Elternvertreter in der Gesamtkonferenz und der Zeugniskonferenz<\/li>\n<li>Schulvorstand<\/li>\n<\/ul>\n<p>Dar\u00fcber hinaus besteht in Absprache mit den Lehrkr\u00e4ften die M\u00f6glichkeit, bei Klassen- oder Schulveranstaltungen mitzuwirken.<\/p>\n","protected":false},"excerpt":{"rendered":"<p>Informationsm\u00f6glichkeiten : eine Elternversammlung pro Schuljahr, die vom Klassenlehrer einberufen wird, evtl. und bei Bedarf weitere, die die Eltern einberufen k\u00f6nnen zus\u00e4tzliche Elternversammlungen zu besonderen Schwerpunkten (Drogen, Berufspraktikum), Information zur Versetzungsgef\u00e4hrdung im Januar, bzw. April Zeugnisvermerke, st\u00e4ndige M\u00f6glichkeit der Vereinbarung individueller Gespr\u00e4chstermine per Telefon\/e mail, per itslearning Mitteilungen im Schulplaner Elternsprechtage nach den Herbstferien und &#8230; <a title=\"Informiert sein und mitgestalten\" class=\"read-more\" href=\"https:\/\/wordpress.nibis.de\/hsvorsfelde\/elterninformationen\/informiert-sein-und-mitgehalten\/\" aria-label=\"Mehr Informationen \u00fcber Informiert sein und mitgestalten\">Weiterlesen<\/a><\/p>\n","protected":false},"author":9193776,"featured_media":0,"parent":56,"menu_order":0,"comment_status":"closed","ping_status":"closed","template":"","meta":{"footnotes":""},"class_list":["post-89","page","type-page","status-publish"],"_links":{"self":[{"href":"https:\/\/wordpress.nibis.de\/hsvorsfelde\/wp-json\/wp\/v2\/pages\/89","targetHints":{"allow":["GET"]}}],"collection":[{"href":"https:\/\/wordpress.nibis.de\/hsvorsfelde\/wp-json\/wp\/v2\/pages"}],"about":[{"href":"https:\/\/wordpress.nibis.de\/hsvorsfelde\/wp-json\/wp\/v2\/types\/page"}],"author":[{"embeddable":true,"href":"https:\/\/wordpress.nibis.de\/hsvorsfelde\/wp-json\/wp\/v2\/users\/9193776"}],"replies":[{"embeddable":true,"href":"https:\/\/wordpress.nibis.de\/hsvorsfelde\/wp-json\/wp\/v2\/comments?post=89"}],"version-history":[{"count":3,"href":"https:\/\/wordpress.nibis.de\/hsvorsfelde\/wp-json\/wp\/v2\/pages\/89\/revisions"}],"predecessor-version":[{"id":1091,"href":"https:\/\/wordpress.nibis.de\/hsvorsfelde\/wp-json\/wp\/v2\/pages\/89\/revisions\/1091"}],"up":[{"embeddable":true,"href":"https:\/\/wordpress.nibis.de\/hsvorsfelde\/wp-json\/wp\/v2\/pages\/56"}],"wp:attachment":[{"href":"https:\/\/wordpress.nibis.de\/hsvorsfelde\/wp-json\/wp\/v2\/media?parent=89"}],"curies":[{"name":"wp","href":"https:\/\/api.w.org\/{rel}","templated":true}]}}