{"id":91,"date":"2021-03-19T14:09:20","date_gmt":"2021-03-19T13:09:20","guid":{"rendered":"https:\/\/wordpress.nibis.de\/hsvorsfelde\/?page_id=91"},"modified":"2021-03-19T14:09:21","modified_gmt":"2021-03-19T13:09:21","slug":"foerderverein-der-hauptschule-vorsfelde-e-v","status":"publish","type":"page","link":"https:\/\/wordpress.nibis.de\/hsvorsfelde\/elterninformationen\/foerderverein-der-hauptschule-vorsfelde-e-v\/","title":{"rendered":"F\u00d6RDERVEREIN DER HAUPTSCHULE VORSFELDE E. V."},"content":{"rendered":"\n<p>Wie die meisten Schulen verf\u00fcgt auch die Hauptschule Vorsfelde<\/p>\n<p>\u00fcber einen Schulf\u00f6rderverein, der dazu dient, wichtige Bildungs-<\/p>\n<p>und Erziehungsanliegen der Schule zu erm\u00f6glichen. Je mehr<\/p>\n<p>Mitglieder dem F\u00f6rderverein angeh\u00f6ren, desto gr\u00f6\u00dfer sind die<\/p>\n<p>M\u00f6glichkeiten, jeden einzelnen Sch\u00fcler zu f\u00f6rdern. In diesem<\/p>\n<p>Zusammenhang weisen wir an dieser Stelle darauf hin, dass wir<\/p>\n<p>zu einem sp\u00e4teren Zeitpunkt mit der Bitte um Mitgliedschaft im<\/p>\n<p>F\u00f6rderverein an Sie herantreten werden.<\/p>\n","protected":false},"excerpt":{"rendered":"<p>Wie die meisten Schulen verf\u00fcgt auch die Hauptschule Vorsfelde \u00fcber einen Schulf\u00f6rderverein, der dazu dient, wichtige Bildungs- und Erziehungsanliegen der Schule zu erm\u00f6glichen. Je mehr Mitglieder dem F\u00f6rderverein angeh\u00f6ren, desto gr\u00f6\u00dfer sind die M\u00f6glichkeiten, jeden einzelnen Sch\u00fcler zu f\u00f6rdern. In diesem Zusammenhang weisen wir an dieser Stelle darauf hin, dass wir zu einem sp\u00e4teren Zeitpunkt &#8230; <a title=\"F\u00d6RDERVEREIN DER HAUPTSCHULE VORSFELDE E. V.\" class=\"read-more\" href=\"https:\/\/wordpress.nibis.de\/hsvorsfelde\/elterninformationen\/foerderverein-der-hauptschule-vorsfelde-e-v\/\" aria-label=\"Mehr Informationen \u00fcber F\u00d6RDERVEREIN DER HAUPTSCHULE VORSFELDE E. V.\">Weiterlesen<\/a><\/p>\n","protected":false},"author":9193776,"featured_media":0,"parent":56,"menu_order":0,"comment_status":"closed","ping_status":"closed","template":"","meta":{"footnotes":""},"class_list":["post-91","page","type-page","status-publish"],"_links":{"self":[{"href":"https:\/\/wordpress.nibis.de\/hsvorsfelde\/wp-json\/wp\/v2\/pages\/91","targetHints":{"allow":["GET"]}}],"collection":[{"href":"https:\/\/wordpress.nibis.de\/hsvorsfelde\/wp-json\/wp\/v2\/pages"}],"about":[{"href":"https:\/\/wordpress.nibis.de\/hsvorsfelde\/wp-json\/wp\/v2\/types\/page"}],"author":[{"embeddable":true,"href":"https:\/\/wordpress.nibis.de\/hsvorsfelde\/wp-json\/wp\/v2\/users\/9193776"}],"replies":[{"embeddable":true,"href":"https:\/\/wordpress.nibis.de\/hsvorsfelde\/wp-json\/wp\/v2\/comments?post=91"}],"version-history":[{"count":1,"href":"https:\/\/wordpress.nibis.de\/hsvorsfelde\/wp-json\/wp\/v2\/pages\/91\/revisions"}],"predecessor-version":[{"id":92,"href":"https:\/\/wordpress.nibis.de\/hsvorsfelde\/wp-json\/wp\/v2\/pages\/91\/revisions\/92"}],"up":[{"embeddable":true,"href":"https:\/\/wordpress.nibis.de\/hsvorsfelde\/wp-json\/wp\/v2\/pages\/56"}],"wp:attachment":[{"href":"https:\/\/wordpress.nibis.de\/hsvorsfelde\/wp-json\/wp\/v2\/media?parent=91"}],"curies":[{"name":"wp","href":"https:\/\/api.w.org\/{rel}","templated":true}]}}