{"id":142,"date":"2025-04-06T07:31:54","date_gmt":"2025-04-06T05:31:54","guid":{"rendered":"https:\/\/wordpress.nibis.de\/kam-bbs\/?page_id=142"},"modified":"2025-05-14T06:27:25","modified_gmt":"2025-05-14T04:27:25","slug":"ressourcen-managen","status":"publish","type":"page","link":"https:\/\/wordpress.nibis.de\/kam-bbs\/ressourcen-managen\/","title":{"rendered":"Ressourcen managen"},"content":{"rendered":"\n<p>Die Schule managt ihre Ressourcen transparent und nachhaltig.<\/p>\n\n\n\n<h2 class=\"has-text-align-center wp-block-heading\">Ressourcen managen<\/h2>\n\n\n\n<div style=\"text-align: center\"><img loading=\"lazy\" decoding=\"async\" width=\"328\" height=\"187\" src=\"https:\/\/wordpress.nibis.de\/kam-bbs\/files\/2025\/05\/QB-R.png\" alt=\"\" class=\"wp-image-416\" srcset=\"https:\/\/wordpress.nibis.de\/kam-bbs\/files\/2025\/05\/QB-R.png 328w, https:\/\/wordpress.nibis.de\/kam-bbs\/files\/2025\/05\/QB-R-300x171.png 300w\" sizes=\"auto, (max-width: 328px) 100vw, 328px\" \/><\/div>\n\n\n\n<table style=\"height: 278px;border-color: black\" border=\"0\" width=\"658\">\n<tbody>\n<tr>\n<td style=\"background-color: #99cc00;width: 37px;border-color: black;vertical-align: middle\" rowspan=\"7\" width=\"37\">\n<p style=\"text-align: center\"><span style=\"color: #000000\"><strong>R1<\/strong><\/span><\/p>\n<\/td>\n<td style=\"background-color: #99cc00;width: 285px;border-color: black;vertical-align: middle\" width=\"285\"><span style=\"color: #000000\"><strong>Finanzen managen<\/strong><\/span><\/td>\n<\/tr>\n<tr>\n<td style=\"border-color: black;width: 285px;vertical-align: middle\" width=\"285\"><span style=\"color: #000000\"><strong>Die Finanzmittel werden verwaltet und nachhaltig eingesetzt.<\/strong><\/span><\/td>\n<\/tr>\n<tr>\n<td style=\"border-color: black;width: 285px;vertical-align: middle\" width=\"285\"><span style=\"color: #000000\"><strong>Anforderung (A):<\/strong><\/span><br><span style=\"color: #000000\">Die abgestimmten Vorgehensweisen zur Bewirtschaftung der Finanzmittel gen\u00fcgen den rechtlichen Vorgaben.<\/span><\/td>\n<\/tr>\n<tr>\n<td style=\"width: 285px;background-color: #dcdcdc;border-color: black;vertical-align: middle\" width=\"285\"><span style=\"color: #000000\">Der folgende Hinweis dient den Schulen zur <strong>Unterst\u00fctzung bei der Bearbeitung der Kernaufgaben<\/strong>. Dieser ist jedoch <strong>nicht verbindlich<\/strong> und somit <strong>nicht Erlassbestandteil<\/strong>.<\/span><\/td>\n<\/tr>\n<tr>\n<td style=\"border-color: black;width: 285px\" rowspan=\"3\" width=\"285\">\n<ul>\n<li><span style=\"color: #000000\"><em>Ansprechpartnerinnen und Ansprechpartner bei Fragen zum Einsatz und zur Verwendung der Finanzmittel sind innerhalb der Schule bekannt.<\/em><\/span><\/li>\n<\/ul>\n<\/td>\n<\/tr>\n<\/tbody>\n<\/table>\n\n\n\n<hr class=\"wp-block-separator is-style-wide\" \/>\n\n\n\n<table style=\"height: 278px;border-color: black\" border=\"0\" width=\"658\">\n<tbody>\n<tr>\n<td style=\"background-color: #99cc00;width: 37px;border-color: black;vertical-align: middle\" rowspan=\"7\" width=\"37\">\n<p style=\"text-align: center\"><span style=\"color: #000000\"><strong>R2<\/strong><\/span><\/p>\n<\/td>\n<td style=\"background-color: #99cc00;width: 285px;border-color: black;vertical-align: middle\" width=\"285\"><span style=\"color: #000000\"><strong>Material- und Energieeinsatz nachhaltig managen<\/strong><\/span><\/td>\n<\/tr>\n<tr>\n<td style=\"width: 285px;border-color: black;vertical-align: middle\" width=\"285\"><span style=\"color: #000000\"><strong>Der Material- und Energieeinsatz der Schule erfolgt nachhaltig.<\/strong><\/span><\/td>\n<\/tr>\n<tr>\n<td style=\"width: 285px;border-color: black;vertical-align: middle\" width=\"285\"><span style=\"color: #000000\"><strong>Anforderung (A):<\/strong><\/span><br><span style=\"color: #000000\">Abgestimmte Vorgehensweisen f\u00fcr einen nachhaltigen Material- und Energieeinsatz der Schule liegen vor.<\/span><\/td>\n<\/tr>\n<tr>\n<td style=\"width: 285px;background-color: #dcdcdc;border-color: black;vertical-align: middle\" width=\"285\"><span style=\"color: #000000\">Die folgenden Hinweise dienen den Schulen zur <strong>Unterst\u00fctzung bei der Bearbeitung der Kernaufgaben<\/strong>. Sie sind jedoch <strong>nicht verbindlich<\/strong> und somit <strong>nicht Erlassbestandteil<\/strong>.<\/span><\/td>\n<\/tr>\n<tr>\n<td style=\"border-color: black;width: 285px\" rowspan=\"3\" width=\"285\">\n<ul>\n<li><span style=\"color: #000000\"><em>Ein Konzept zum nachhaltigen Material- und Energieeinsatz liegt vor (z. B. Umweltschutz, Fair Trade, Energie einsparen).<\/em><\/span><\/li>\n<li><span style=\"color: #000000\"><em>Die Vorgehensweisen f\u00fcr einen nachhaltigen Material- und Energieeinsatz der Schule sind kommuniziert.<\/em><\/span><\/li>\n<\/ul>\n<\/td>\n<\/tr>\n<\/tbody>\n<\/table>\n\n\n\n<hr class=\"wp-block-separator is-style-wide\" \/>\n\n\n\n<table style=\"height: 278px;border-color: black\" border=\"0\" width=\"658\">\n<tbody>\n<tr>\n<td style=\"background-color: #99cc00;width: 37px;border-color: black;vertical-align: middle\" rowspan=\"7\" width=\"37\">\n<p style=\"text-align: center\"><span style=\"color: #000000\"><strong>R3<\/strong><\/span><\/p>\n<\/td>\n<td style=\"background-color: #99cc00;width: 285px;border-color: black\" width=\"285\"><span style=\"color: #000000\"><strong>Wissen managen<\/strong><\/span><\/td>\n<\/tr>\n<tr>\n<td style=\"border-color: black;width: 285px\" width=\"285\"><span style=\"color: #000000\"><strong>Die Schule schafft eine digitale Infrastruktur, die es erm\u00f6glicht, Informationen zu sammeln, zu strukturieren und zu verteilen.<\/strong><\/span><\/td>\n<\/tr>\n<tr>\n<td style=\"border-color: black;width: 285px\" width=\"285\"><span style=\"color: #000000\"><strong>Anforderung (A):<\/strong><\/span><br><span style=\"color: #000000\">Die Schule nutzt ein Wissensmanagementsystem.<\/span><\/td>\n<\/tr>\n<tr>\n<td style=\"width: 285px;background-color: #dcdcdc;border-color: black;vertical-align: bottom\" width=\"285\"><span style=\"color: #000000\">Die folgenden Hinweise dienen den Schulen zur <strong>Unterst\u00fctzung bei der Bearbeitung der Kernaufgaben<\/strong>. Sie sind jedoch <strong>nicht verbindlich<\/strong> und somit <strong>nicht Erlassbestandteil<\/strong>.<\/span><\/td>\n<\/tr>\n<tr>\n<td style=\"border-color: black;width: 285px\" rowspan=\"3\" width=\"285\">\n<ul>\n<li><em><span style=\"color: #000000\">Die erforderlichen Informationen sind entsprechend den Bedarfen der Schule verwaltet.<\/span><\/em><\/li>\n<li><em><span style=\"color: #000000\">Die Zugriffs- und Nutzungsrechte auf das Wissensmanagementsystem sind geregelt und kommuniziert.<\/span><\/em><\/li>\n<li><em><span style=\"color: #000000\">Urheberrechte und verwandte Schutzrechte sowie Datenschutzkonformit\u00e4t sind sichergestellt.<\/span><\/em><\/li>\n<li><em><span style=\"color: #000000\">Die Anspruchsgruppen (z. B. Sch\u00fclerinnen und Sch\u00fcler, Erziehungs- und Sorgeberechtigte, Partner in der beruflichen Bildung) erhalten die f\u00fcr sie relevanten Informationen.<\/span><\/em><\/li>\n<li><em><span style=\"color: #000000\">Der Internetauftritt der Schule ist gepflegt.<\/span><\/em><\/li>\n<li><em><span style=\"color: #000000\">Es liegt ein Konzept zur \u00d6ffentlichkeitsarbeit (z. B. Social Media, Presseinformationen) vor.<\/span><\/em><\/li>\n<\/ul>\n<\/td>\n<\/tr>\n<\/tbody>\n<\/table>\n\n\n\n<hr class=\"wp-block-separator is-style-wide\" \/>\n\n\n\n<table style=\"height: 278px;border-color: black\" border=\"0\" width=\"658\">\n<tbody>\n<tr>\n<td style=\"background-color: #99cc00;width: 37px;border-color: black;vertical-align: middle\" rowspan=\"7\" width=\"37\">\n<p style=\"text-align: center\"><span style=\"color: #000000\"><strong>R4<\/strong><\/span><\/p>\n<\/td>\n<td style=\"background-color: #99cc00;width: 285px;border-color: black\" width=\"285\"><span style=\"color: #000000\"><strong>Schulische Ausstattung managen<\/strong><\/span><\/td>\n<\/tr>\n<tr>\n<td style=\"border-color: black;width: 285px\" width=\"285\"><span style=\"color: #000000\"><strong>Entsprechend den Erfordernissen wird die schulische Ausstattung gepflegt und laufend aktualisiert.<\/strong><\/span><\/td>\n<\/tr>\n<tr>\n<td style=\"border-color: black;width: 285px\" width=\"285\"><span style=\"color: #000000\"><strong>Anforderung (A):<\/strong><\/span><br><span style=\"color: #000000\">Die schulische Ausstattung erm\u00f6glicht ein gef\u00e4hrdungsfreies, handlungsorientiertes und motivierendes Lernen und Arbeiten.<\/span><\/td>\n<\/tr>\n<tr>\n<td style=\"width: 285px;background-color: #dcdcdc;border-color: black;vertical-align: bottom\" width=\"285\"><span style=\"color: #000000\">Die folgenden Hinweise dienen den Schulen zur <strong>Unterst\u00fctzung bei der Bearbeitung der Kernaufgaben<\/strong>. Sie sind jedoch <strong>nicht verbindlich<\/strong> und somit <strong>nicht Erlassbestandteil<\/strong>.<\/span><\/td>\n<\/tr>\n<tr>\n<td style=\"border-color: black;width: 285px\" rowspan=\"3\" width=\"285\">\n<ul>\n<li><span style=\"color: #000000\"><em>Informationen \u00fcber die Ausstattung der Schule liegen der Schulgemeinschaft vor und sind zug\u00e4nglich.<\/em><\/span><\/li>\n<li><span style=\"color: #000000\"><em>Ein Raumkonzept und ein Medienbildungskonzept liegen vor.<\/em><\/span><\/li>\n<li><span style=\"color: #000000\"><em>Eine entgeltliche Ausleihe von Lernmitteln wird durchgef\u00fchrt.<\/em><\/span><\/li>\n<li><span style=\"color: #000000\"><em>Das Geb\u00e4ude inklusive der Au\u00dfenanlagen ist den schulischen Bed\u00fcrfnissen entsprechend gestaltet (Bezug zum Qualit\u00e4tsbereich \u201eKooperationen entwickeln\u201c, Kernaufgabe K1 \u201eMit dem Schultr\u00e4ger kooperieren\u201c).<\/em><\/span><\/li>\n<\/ul>\n<\/td>\n<\/tr>\n<\/tbody>\n<\/table>\n","protected":false},"excerpt":{"rendered":"<p>Die Schule managt ihre Ressourcen transparent und nachhaltig. Ressourcen managen R1 Finanzen managen Die Finanzmittel werden verwaltet und nachhaltig eingesetzt. Anforderung (A):Die abgestimmten Vorgehensweisen zur Bewirtschaftung der Finanzmittel gen\u00fcgen den rechtlichen Vorgaben. Der folgende Hinweis dient den Schulen zur Unterst\u00fctzung bei der Bearbeitung der Kernaufgaben. Dieser ist jedoch nicht verbindlich und somit nicht Erlassbestandteil. Ansprechpartnerinnen &hellip; <a href=\"https:\/\/wordpress.nibis.de\/kam-bbs\/ressourcen-managen\/\" class=\"more-link\"><span class=\"screen-reader-text\">Ressourcen managen<\/span> weiterlesen <span class=\"meta-nav\">&rarr;<\/span><\/a><\/p>\n","protected":false},"author":9194395,"featured_media":0,"parent":0,"menu_order":0,"comment_status":"closed","ping_status":"closed","template":"","meta":{"footnotes":""},"class_list":["post-142","page","type-page","status-publish","hentry"],"_links":{"self":[{"href":"https:\/\/wordpress.nibis.de\/kam-bbs\/wp-json\/wp\/v2\/pages\/142","targetHints":{"allow":["GET"]}}],"collection":[{"href":"https:\/\/wordpress.nibis.de\/kam-bbs\/wp-json\/wp\/v2\/pages"}],"about":[{"href":"https:\/\/wordpress.nibis.de\/kam-bbs\/wp-json\/wp\/v2\/types\/page"}],"author":[{"embeddable":true,"href":"https:\/\/wordpress.nibis.de\/kam-bbs\/wp-json\/wp\/v2\/users\/9194395"}],"replies":[{"embeddable":true,"href":"https:\/\/wordpress.nibis.de\/kam-bbs\/wp-json\/wp\/v2\/comments?post=142"}],"version-history":[{"count":7,"href":"https:\/\/wordpress.nibis.de\/kam-bbs\/wp-json\/wp\/v2\/pages\/142\/revisions"}],"predecessor-version":[{"id":421,"href":"https:\/\/wordpress.nibis.de\/kam-bbs\/wp-json\/wp\/v2\/pages\/142\/revisions\/421"}],"wp:attachment":[{"href":"https:\/\/wordpress.nibis.de\/kam-bbs\/wp-json\/wp\/v2\/media?parent=142"}],"curies":[{"name":"wp","href":"https:\/\/api.w.org\/{rel}","templated":true}]}}