{"id":152,"date":"2025-04-06T07:34:08","date_gmt":"2025-04-06T05:34:08","guid":{"rendered":"https:\/\/wordpress.nibis.de\/kam-bbs\/?page_id=152"},"modified":"2025-05-14T06:35:18","modified_gmt":"2025-05-14T04:35:18","slug":"kooperationen-entwickeln","status":"publish","type":"page","link":"https:\/\/wordpress.nibis.de\/kam-bbs\/kooperationen-entwickeln\/","title":{"rendered":"Kooperationen entwickeln"},"content":{"rendered":"\n<p>Die Schule entwickelt und gestaltet regionale, \u00fcberregionale und internationale Kooperationen mit ihren Partnern, um nachhaltige Erfolge zu erzielen.<\/p>\n\n\n\n<h2 class=\"has-text-align-center wp-block-heading\">Kooperationen entwickeln<\/h2>\n\n\n\n<div style=\"text-align: center\"><img loading=\"lazy\" decoding=\"async\" width=\"322\" height=\"167\" src=\"https:\/\/wordpress.nibis.de\/kam-bbs\/files\/2025\/05\/QB-K.png\" alt=\"\" class=\"wp-image-422\" srcset=\"https:\/\/wordpress.nibis.de\/kam-bbs\/files\/2025\/05\/QB-K.png 322w, https:\/\/wordpress.nibis.de\/kam-bbs\/files\/2025\/05\/QB-K-300x156.png 300w\" sizes=\"auto, (max-width: 322px) 100vw, 322px\" \/><\/div>\n\n\n\n<table style=\"height: 278px;border-color: black\" border=\"0\" width=\"658\">\n<tbody>\n<tr>\n<td style=\"background-color: #ff99cc;width: 37px;border-color: black;vertical-align: middle\" rowspan=\"7\" width=\"37\">\n<p style=\"text-align: center\"><span style=\"color: #000000\"><strong>K1<\/strong><\/span><\/p>\n<\/td>\n<td style=\"background-color: #ff99cc;width: 285px;border-color: black;vertical-align: middle\" width=\"285\"><span style=\"color: #000000\"><strong>Mit dem Schultr\u00e4ger kooperieren<\/strong><\/span><\/td>\n<\/tr>\n<tr>\n<td style=\"border-color: black;width: 285px;vertical-align: middle\" width=\"285\"><span style=\"color: #000000\"><strong>Die Schule kooperiert systematisch und zielgerichtet mit dem Schultr\u00e4ger. <\/strong><\/span><\/td>\n<\/tr>\n<tr>\n<td style=\"border-color: black;width: 285px;vertical-align: middle\" width=\"285\"><span style=\"color: #000000\"><strong>Anforderung (A):<\/strong><\/span><br><span style=\"color: #000000\">Der Schultr\u00e4ger ist \u00fcber alle wesentlichen schulischen Vorg\u00e4nge informiert.<\/span><\/td>\n<\/tr>\n<tr>\n<td style=\"width: 285px;background-color: #dcdcdc;border-color: black;vertical-align: middle\" width=\"285\"><span style=\"color: #000000\">Die folgenden Hinweise dienen den Schulen zur <strong>Unterst\u00fctzung bei der Bearbeitung der Kernaufgaben<\/strong>. Sie sind jedoch <strong>nicht verbindlich<\/strong> und somit <strong>nicht Erlassbestandteil<\/strong>.<\/span><\/td>\n<\/tr>\n<tr>\n<td style=\"border-color: black;width: 285px\" rowspan=\"3\" width=\"285\">\n<ul>\n<li><em><span style=\"color: #000000\">Verantwortlichkeiten sowie Ansprechpersonen beim Schultr\u00e4ger sind in der Schule bekannt.<\/span><\/em><\/li>\n<li><span style=\"color: #000000\"><em>Regelm\u00e4\u00dfige Kommunikationsroutinen mit dem Schultr\u00e4ger sind vereinbart und implementiert.<\/em><br><\/span><\/li>\n<\/ul>\n<\/td>\n<\/tr>\n<\/tbody>\n<\/table>\n\n\n\n<hr class=\"wp-block-separator is-style-wide\" \/>\n\n\n\n<table style=\"height: 278px;border-color: black\" border=\"0\" width=\"658\">\n<tbody>\n<tr>\n<td style=\"background-color: #ff99cc;width: 37px;border-color: black;vertical-align: middle\" rowspan=\"7\" width=\"37\">\n<p style=\"text-align: center\"><span style=\"color: #000000\"><strong>K2<\/strong><\/span><\/p>\n<\/td>\n<td style=\"background-color: #ff99cc;width: 285px;border-color: black\" width=\"285\"><span style=\"color: #000000\"><strong>Mit Schulen und weiteren Bildungseinrichtungen kooperieren<\/strong><\/span><\/td>\n<\/tr>\n<tr>\n<td style=\"border-color: black;width: 285px\" width=\"285\"><span style=\"color: #000000\"><strong>Die Schule gestaltet systematisch und zielgerichtet Kooperationen mit anderen Schulen und weiteren Bildungseinrichtungen.<\/strong><\/span><\/td>\n<\/tr>\n<tr>\n<td style=\"border-color: black;width: 285px\" width=\"285\"><span style=\"color: #000000\"><strong>Anforderung (A):<\/strong><\/span><br><span style=\"color: #000000\">Es liegen Kooperationsvereinbarungen zwischen den Partnern vor.<\/span><\/td>\n<\/tr>\n<tr>\n<td style=\"width: 285px;background-color: #dcdcdc;border-color: black;vertical-align: bottom\" width=\"285\"><span style=\"color: #000000\">Die folgenden Hinweise dienen den Schulen zur <strong>Unterst\u00fctzung bei der Bearbeitung der Kernaufgaben<\/strong>. Sie sind jedoch <strong>nicht verbindlich<\/strong> und somit <strong>nicht Erlassbestandteil<\/strong>.<\/span><\/td>\n<\/tr>\n<tr>\n<td style=\"border-color: black;width: 285px\" rowspan=\"3\" width=\"285\">\n<ul>\n<li><span style=\"color: #000000\"><em>Die Schule orientiert sich bei der Ausgestaltung der Kooperationen an den Bed\u00fcrfnissen und Interessen ihrer Sch\u00fclerinnen und Sch\u00fcler.<\/em><\/span><\/li>\n<li><span style=\"color: #000000\"><em>Die Schule kooperiert zur F\u00f6rderung der Durchl\u00e4ssigkeit und\/oder zur Differenzierung des Bildungsangebots mit anderen (Partner-)Schulen (Bezug zum Qualit\u00e4tsbereich \u201eBildungsangebote gestalten\u201c).<\/em><\/span><\/li>\n<li><span style=\"color: #000000\"><em>Verantwortlichkeiten und Ansprechpersonen bei den kooperierenden Schulen bzw. weiteren Bildungseinrichtungen sind in der Schule bekannt.<\/em><\/span><\/li>\n<li><span style=\"color: #000000\"><em>Inhalte und Ergebnisse der Kooperationen sind schulweit kommuniziert.<\/em><\/span><\/li>\n<\/ul>\n<\/td>\n<\/tr>\n<\/tbody>\n<\/table>\n\n\n\n<hr class=\"wp-block-separator is-style-wide\" \/>\n\n\n\n<table style=\"height: 278px;border-color: black\" border=\"0\" width=\"658\">\n<tbody>\n<tr>\n<td style=\"background-color: #ff99cc;width: 37px;border-color: black;vertical-align: middle\" rowspan=\"7\" width=\"37\">\n<p style=\"text-align: center\"><span style=\"color: #000000\"><strong>K3<\/strong><\/span><\/p>\n<\/td>\n<td style=\"background-color: #ff99cc;width: 285px;border-color: black\" width=\"285\"><span style=\"color: #000000\"><strong>Mit Partnern der beruflichen Bildung und sonstigen Einrichtungen kooperieren<\/strong><\/span><\/td>\n<\/tr>\n<tr>\n<td style=\"border-color: black;width: 285px\" width=\"285\"><span style=\"color: #000000\"><strong>Die Schule gestaltet systematisch und zielgerichtet Kooperationen mit Partnern der beruflichen Bildung und sonstigen Einrichtungen. <\/strong><\/span><\/td>\n<\/tr>\n<tr>\n<td style=\"border-color: black;width: 285px\" width=\"285\"><span style=\"color: #000000\"><strong>Anforderung (A):<\/strong><\/span><br><span style=\"color: #000000\">Es liegen Absprachen zwischen den Partnern vor.<\/span><\/td>\n<\/tr>\n<tr>\n<td style=\"width: 285px;background-color: #dcdcdc;border-color: black;vertical-align: bottom\" width=\"285\"><span style=\"color: #000000\">Die folgenden Hinweise dienen den Schulen zur <strong>Unterst\u00fctzung bei der Bearbeitung der Kernaufgaben<\/strong>. Sie sind jedoch <strong>nicht verbindlich<\/strong> und somit <strong>nicht Erlassbestandteil<\/strong>.<\/span><\/td>\n<\/tr>\n<tr>\n<td style=\"border-color: black;width: 285px\" rowspan=\"3\" width=\"285\">\n<ul>\n<li><span style=\"color: #000000\"><em>Verantwortlichkeiten und Ansprechpersonen bei den betrieblichen Partnern (z.&nbsp;B. Ausbildungs- und Praktikumsbetriebe) bzw. sonstigen Einrichtungen (z. B. Polizei, Bundeswehr, Jugendberufsagentur, Bundesagentur f\u00fcr Arbeit) sind in der Schule bekannt.<\/em><\/span><\/li>\n<li><span style=\"color: #000000\"><em>Es ist ein Beirat eingerichtet, der die Schule in Angelegenheiten der Zusammenarbeit zwischen Schule und an der beruflichen Bildung beteiligten Einrichtungen ber\u00e4t. Der Beirat ist \u00fcber alle wesentlichen Angelegenheiten der Schule informiert.<\/em><\/span><\/li>\n<li><span style=\"color: #000000\"><em>Inhalte und Ergebnisse der Kooperationen sind schulweit kommuniziert.<\/em><\/span><\/li>\n<\/ul>\n<\/td>\n<\/tr>\n<\/tbody>\n<\/table>\n","protected":false},"excerpt":{"rendered":"<p>Die Schule entwickelt und gestaltet regionale, \u00fcberregionale und internationale Kooperationen mit ihren Partnern, um nachhaltige Erfolge zu erzielen. Kooperationen entwickeln K1 Mit dem Schultr\u00e4ger kooperieren Die Schule kooperiert systematisch und zielgerichtet mit dem Schultr\u00e4ger. Anforderung (A):Der Schultr\u00e4ger ist \u00fcber alle wesentlichen schulischen Vorg\u00e4nge informiert. Die folgenden Hinweise dienen den Schulen zur Unterst\u00fctzung bei der Bearbeitung &hellip; <a href=\"https:\/\/wordpress.nibis.de\/kam-bbs\/kooperationen-entwickeln\/\" class=\"more-link\"><span class=\"screen-reader-text\">Kooperationen entwickeln<\/span> weiterlesen <span class=\"meta-nav\">&rarr;<\/span><\/a><\/p>\n","protected":false},"author":9194395,"featured_media":0,"parent":0,"menu_order":0,"comment_status":"closed","ping_status":"closed","template":"","meta":{"footnotes":""},"class_list":["post-152","page","type-page","status-publish","hentry"],"_links":{"self":[{"href":"https:\/\/wordpress.nibis.de\/kam-bbs\/wp-json\/wp\/v2\/pages\/152","targetHints":{"allow":["GET"]}}],"collection":[{"href":"https:\/\/wordpress.nibis.de\/kam-bbs\/wp-json\/wp\/v2\/pages"}],"about":[{"href":"https:\/\/wordpress.nibis.de\/kam-bbs\/wp-json\/wp\/v2\/types\/page"}],"author":[{"embeddable":true,"href":"https:\/\/wordpress.nibis.de\/kam-bbs\/wp-json\/wp\/v2\/users\/9194395"}],"replies":[{"embeddable":true,"href":"https:\/\/wordpress.nibis.de\/kam-bbs\/wp-json\/wp\/v2\/comments?post=152"}],"version-history":[{"count":7,"href":"https:\/\/wordpress.nibis.de\/kam-bbs\/wp-json\/wp\/v2\/pages\/152\/revisions"}],"predecessor-version":[{"id":429,"href":"https:\/\/wordpress.nibis.de\/kam-bbs\/wp-json\/wp\/v2\/pages\/152\/revisions\/429"}],"wp:attachment":[{"href":"https:\/\/wordpress.nibis.de\/kam-bbs\/wp-json\/wp\/v2\/media?parent=152"}],"curies":[{"name":"wp","href":"https:\/\/api.w.org\/{rel}","templated":true}]}}