{"id":160,"date":"2025-04-06T07:35:37","date_gmt":"2025-04-06T05:35:37","guid":{"rendered":"https:\/\/wordpress.nibis.de\/kam-bbs\/?page_id=160"},"modified":"2025-05-14T06:42:46","modified_gmt":"2025-05-14T04:42:46","slug":"ergebnisse-und-erfolge-bewerten","status":"publish","type":"page","link":"https:\/\/wordpress.nibis.de\/kam-bbs\/ergebnisse-und-erfolge-bewerten\/","title":{"rendered":"Ergebnisse und Erfolge bewerten"},"content":{"rendered":"\n<p>Die Schule \u00fcberpr\u00fcft und bewertet ihre Arbeit und steuert auf dieser Basis die schulischen Prozesse so, dass ausgewogene und nachhaltige Ergebnisse erzielt werden und die Schule erfolgreich weiterentwickelt wird.<\/p>\n\n\n\n<div style=\"text-align: center\"><img loading=\"lazy\" decoding=\"async\" width=\"323\" height=\"161\" src=\"https:\/\/wordpress.nibis.de\/kam-bbs\/files\/2025\/05\/QB-E.png\" alt=\"\" class=\"wp-image-430\" srcset=\"https:\/\/wordpress.nibis.de\/kam-bbs\/files\/2025\/05\/QB-E.png 323w, https:\/\/wordpress.nibis.de\/kam-bbs\/files\/2025\/05\/QB-E-300x150.png 300w\" sizes=\"auto, (max-width: 323px) 100vw, 323px\" \/>\n<\/div>\n\n\n\n<table style=\"height: 278px;border-color: black\" border=\"0\" width=\"658\">\n<tbody>\n<tr>\n<td style=\"background-color: #ffcc99;width: 37px;border-color: black;vertical-align: middle\" rowspan=\"7\" width=\"37\">\n<p style=\"text-align: center\"><span style=\"color: #000000\"><strong>E1<\/strong><\/span><\/p>\n<\/td>\n<td style=\"background-color: #ffcc99;width: 285px;border-color: black\" width=\"285\"><strong><span style=\"color: #000000\">Gestaltung der Bildungsg\u00e4nge bewerten<\/span><\/strong><\/td>\n<\/tr>\n<tr>\n<td style=\"border-color: black;width: 285px\" width=\"285\"><span style=\"color: #000000\"><strong>Die Schule erhebt Daten, bereitet sie auf und leitet die Ergebnisse an die Verantwortlichen und Beteiligten zur \u00dcberpr\u00fcfung und Bewertung weiter.<\/strong><\/span><\/td>\n<\/tr>\n<tr>\n<td style=\"border-color: black;width: 285px\" width=\"285\"><span style=\"color: #000000\"><strong>Anforderung (A):<\/strong><\/span><br><span style=\"color: #000000\">Die Schule legt Kennzahlen zur Ermittlung der Ergebnisse und Erfolge bei der Gestaltung der Bildungsg\u00e4nge fest.<\/span><\/td>\n<\/tr>\n<tr>\n<td style=\"width: 285px;background-color: #dcdcdc;border-color: black;vertical-align: bottom\" width=\"285\"><span style=\"color: #000000\">Die folgenden Hinweise dienen den Schulen zur <strong>Unterst\u00fctzung bei der Bearbeitung der Kernaufgaben<\/strong>. Sie sind jedoch <strong>nicht verbindlich<\/strong> und somit <strong>nicht Erlassbestandteil<\/strong>.<\/span><\/td>\n<\/tr>\n<tr>\n<td style=\"border-color: black;width: 285px\" rowspan=\"3\" width=\"285\">\n<ul>\n<li><em><span style=\"color: #000000\">Die Schule erfasst sach-, fach- und fristgerecht die f\u00fcr die Schulstatistik und weitere statistische Erhebungen (z. B. Abschlusspr\u00fcfungen) erforderlichen Daten.<\/span><\/em><\/li>\n<li><em><span style=\"color: #000000\">Die Verantwortlichen und Beteiligten \u00fcberpr\u00fcfen und bewerten regelm\u00e4\u00dfig die Ergebnisse und Erfolge (z. B. Ergebnisse zentraler Abschlussarbeiten, Schulabschl\u00fcsse, Landeskennzahlen, Sch\u00fcBe-BBS, LeBe-BBS).<\/span><\/em><\/li>\n<li><em><span style=\"color: #000000\">Die Schule bereitet die Daten auf und leitet die Ergebnisse zur weiteren Arbeit an die Verantwortlichen und Beteiligten weiter.<\/span><\/em><\/li>\n<li><em><span style=\"color: #000000\">Es liegen Vereinbarungen zum Umgang mit den Ergebnissen schulweit und\/oder auf Ebene der Bildungsg\u00e4nge vor.<\/span>&nbsp;<\/em><\/li>\n<\/ul>\n<\/td>\n<\/tr>\n<\/tbody>\n<\/table>\n\n\n\n<hr class=\"wp-block-separator is-style-wide\" \/>\n\n\n\n<table style=\"height: 278px;border-color: black\" border=\"0\" width=\"658\">\n<tbody>\n<tr>\n<td style=\"background-color: #ffcc99;width: 37px;border-color: black;vertical-align: middle\" rowspan=\"7\" width=\"37\">\n<p style=\"text-align: center\"><span style=\"color: #000000\"><strong>E2<\/strong><\/span><\/p>\n<\/td>\n<td style=\"background-color: #ffcc99;width: 285px;border-color: black\" width=\"285\"><span style=\"color: #000000\"><strong>Personalmanagement bewerten<\/strong><\/span><\/td>\n<\/tr>\n<tr>\n<td style=\"border-color: black;width: 285px\" width=\"285\"><strong><span style=\"color: #000000\">Die Schule erhebt relevante Daten, bereitet die Ergebnisse auf und leitet diese an die Verantwortlichen und Beteiligten zur \u00dcberpr\u00fcfung und Bewertung weiter.<\/span><\/strong><\/td>\n<\/tr>\n<tr>\n<td style=\"border-color: black;width: 285px\" width=\"285\"><span style=\"color: #000000\"><strong>Anforderung (A):<\/strong><\/span><br><span style=\"color: #000000\">Die Schule legt Kennzahlen zur Ermittlung der Ergebnisse und Erfolge im Personalmanagement fest.<\/span><\/td>\n<\/tr>\n<tr>\n<td style=\"width: 285px;background-color: #dcdcdc;border-color: black;vertical-align: bottom\" width=\"285\"><span style=\"color: #000000\">Die folgenden Hinweise dienen den Schulen zur <strong>Unterst\u00fctzung bei der Bearbeitung der Kernaufgaben<\/strong>. Sie sind jedoch <strong>nicht verbindlich<\/strong> und somit <strong>nicht Erlassbestandteil<\/strong>.<\/span><\/td>\n<\/tr>\n<tr>\n<td style=\"border-color: black;width: 285px\" rowspan=\"3\" width=\"285\">\n<ul>\n<li><em><span style=\"color: #000000\">Die Schule erfasst die f\u00fcr die Schulstatistik erforderlichen Personaldaten.<\/span><\/em><\/li>\n<li><em><span style=\"color: #000000\">Die Verantwortlichen und Beteiligten \u00fcberpr\u00fcfen und bewerten regelm\u00e4\u00dfig die Ergebnisse und Erfolge.<\/span><\/em><\/li>\n<li><em><span style=\"color: #000000\">Es liegen Vereinbarungen zum Umgang mit den Ergebnissen vor.<\/span><\/em><\/li>\n<\/ul>\n<\/td>\n<\/tr>\n<\/tbody>\n<\/table>\n\n\n\n<hr class=\"wp-block-separator is-style-wide\" \/>\n\n\n\n<table style=\"height: 278px;border-color: black\" border=\"0\" width=\"658\">\n<tbody>\n<tr>\n<td style=\"background-color: #ffcc99;width: 37px;border-color: black;vertical-align: middle\" rowspan=\"7\" width=\"37\">\n<p style=\"text-align: center\"><span style=\"color: #000000\"><strong>E3<\/strong><\/span><\/p>\n<\/td>\n<td style=\"background-color: #ffcc99;width: 285px;border-color: black\" width=\"285\"><span style=\"color: #000000\"><strong>Entwicklung der Kooperationen bewerten<\/strong><\/span><\/td>\n<\/tr>\n<tr>\n<td style=\"border-color: black;width: 285px;vertical-align: middle\" width=\"285\"><strong><span style=\"color: #000000\">Die Schule \u00fcberpr\u00fcft und bewertet die Ergebnisse und Erfolge bei der Entwicklung der Kooperationen.<\/span><\/strong><\/td>\n<\/tr>\n<tr>\n<td style=\"border-color: black;width: 285px\" width=\"285\"><span style=\"color: #000000\"><strong>Anforderung (A):<\/strong><\/span><br><span style=\"color: #000000\">Die Schule erfasst regelm\u00e4\u00dfig die erforderlichen Daten und bereitet diese auf, um die Erfolge bei der Entwicklung der Kooperationen zu bewerten.<\/span><\/td>\n<\/tr>\n<tr>\n<td style=\"width: 285px;background-color: #dcdcdc;border-color: black;vertical-align: middle\" width=\"285\"><span style=\"color: #000000\">Die folgenden Hinweise dienen den Schulen zur <strong>Unterst\u00fctzung bei der Bearbeitung der Kernaufgaben<\/strong>. Sie sind jedoch <strong>nicht verbindlich<\/strong> und somit <strong>nicht Erlassbestandteil<\/strong>.<\/span><\/td>\n<\/tr>\n<tr>\n<td style=\"border-color: black;width: 285px\" rowspan=\"3\" width=\"285\">\n<ul>\n<li><em><span style=\"color: #000000\">Die Erhebung und Auswertung der Daten erfolgen entsprechend der Erfordernisse der jeweiligen Kooperation.<\/span><\/em><\/li>\n<li><em><span style=\"color: #000000\">Die Partner, Verantwortlichen und Beteiligten sind \u00fcber die Ergebnisse und Erfolge der Kooperationen informiert.<\/span><\/em><\/li>\n<\/ul>\n<\/td>\n<\/tr>\n<\/tbody>\n<\/table>\n\n\n\n<hr class=\"wp-block-separator is-style-wide\" \/>\n\n\n\n<table style=\"height: 278px;border-color: black\" border=\"0\" width=\"658\">\n<tbody>\n<tr>\n<td style=\"background-color: #ffcc99;width: 37px;border-color: black;vertical-align: middle\" rowspan=\"7\" width=\"37\">\n<p style=\"text-align: center\"><span style=\"color: #000000\"><strong>E4<\/strong><\/span><\/p>\n<\/td>\n<td style=\"background-color: #ffcc99;width: 285px;border-color: black\" width=\"285\"><span style=\"color: #000000\"><strong>Ressourcenmanagement bewerten<\/strong><\/span><\/td>\n<\/tr>\n<tr>\n<td style=\"border-color: black;width: 285px;vertical-align: middle\" width=\"285\"><span style=\"color: #000000\"><strong>Die Schule \u00fcberpr\u00fcft und bewertet die Ergebnisse und Erfolge beim Umgang mit den Ressourcen.<\/strong><\/span><\/td>\n<\/tr>\n<tr>\n<td style=\"border-color: black;width: 285px\" width=\"285\"><span style=\"color: #000000\"><strong>Anforderung (A):<\/strong><\/span><br><span style=\"color: #000000\">Die Schule legt Kennzahlen zur Ermittlung der Ergebnisse und Erfolge im Ressourcenmanagement fest.<\/span><\/td>\n<\/tr>\n<tr>\n<td style=\"width: 285px;background-color: #dcdcdc;border-color: black;vertical-align: middle\" width=\"285\"><span style=\"color: #000000\">Die folgenden Hinweise dienen den Schulen zur <strong>Unterst\u00fctzung bei der Bearbeitung der Kernaufgaben<\/strong>. Sie sind jedoch <strong>nicht verbindlich<\/strong> und somit <strong>nicht Erlassbestandteil<\/strong>.<\/span><\/td>\n<\/tr>\n<tr>\n<td style=\"border-color: black;width: 285px\" rowspan=\"3\" width=\"285\">\n<ul>\n<li><em><span style=\"color: #000000\">Die Schule erfasst regelm\u00e4\u00dfig die erforderlichen ressourcenbezogenen Daten.<\/span><\/em><\/li>\n<li><em><span style=\"color: #000000\">Die Verantwortlichen und Beteiligten sind \u00fcber die Ergebnisse und Erfolge im Ressourcenmanagement informiert.<\/span><\/em><\/li>\n<\/ul>\n<\/td>\n<\/tr>\n<\/tbody>\n<\/table>\n","protected":false},"excerpt":{"rendered":"<p>Die Schule \u00fcberpr\u00fcft und bewertet ihre Arbeit und steuert auf dieser Basis die schulischen Prozesse so, dass ausgewogene und nachhaltige Ergebnisse erzielt werden und die Schule erfolgreich weiterentwickelt wird. E1 Gestaltung der Bildungsg\u00e4nge bewerten Die Schule erhebt Daten, bereitet sie auf und leitet die Ergebnisse an die Verantwortlichen und Beteiligten zur \u00dcberpr\u00fcfung und Bewertung weiter. &hellip; <a href=\"https:\/\/wordpress.nibis.de\/kam-bbs\/ergebnisse-und-erfolge-bewerten\/\" class=\"more-link\"><span class=\"screen-reader-text\">Ergebnisse und Erfolge bewerten<\/span> weiterlesen <span class=\"meta-nav\">&rarr;<\/span><\/a><\/p>\n","protected":false},"author":9194395,"featured_media":0,"parent":0,"menu_order":0,"comment_status":"closed","ping_status":"closed","template":"","meta":{"footnotes":""},"class_list":["post-160","page","type-page","status-publish","hentry"],"_links":{"self":[{"href":"https:\/\/wordpress.nibis.de\/kam-bbs\/wp-json\/wp\/v2\/pages\/160","targetHints":{"allow":["GET"]}}],"collection":[{"href":"https:\/\/wordpress.nibis.de\/kam-bbs\/wp-json\/wp\/v2\/pages"}],"about":[{"href":"https:\/\/wordpress.nibis.de\/kam-bbs\/wp-json\/wp\/v2\/types\/page"}],"author":[{"embeddable":true,"href":"https:\/\/wordpress.nibis.de\/kam-bbs\/wp-json\/wp\/v2\/users\/9194395"}],"replies":[{"embeddable":true,"href":"https:\/\/wordpress.nibis.de\/kam-bbs\/wp-json\/wp\/v2\/comments?post=160"}],"version-history":[{"count":6,"href":"https:\/\/wordpress.nibis.de\/kam-bbs\/wp-json\/wp\/v2\/pages\/160\/revisions"}],"predecessor-version":[{"id":435,"href":"https:\/\/wordpress.nibis.de\/kam-bbs\/wp-json\/wp\/v2\/pages\/160\/revisions\/435"}],"wp:attachment":[{"href":"https:\/\/wordpress.nibis.de\/kam-bbs\/wp-json\/wp\/v2\/media?parent=160"}],"curies":[{"name":"wp","href":"https:\/\/api.w.org\/{rel}","templated":true}]}}