{"id":2,"date":"2025-04-06T06:58:50","date_gmt":"2025-04-06T04:58:50","guid":{"rendered":"https:\/\/wordpress.nibis.de\/kam-bbs\/?page_id=2"},"modified":"2025-04-15T20:31:46","modified_gmt":"2025-04-15T18:31:46","slug":"beispiel-seite","status":"publish","type":"page","link":"https:\/\/wordpress.nibis.de\/kam-bbs\/beispiel-seite\/","title":{"rendered":"Schule leiten"},"content":{"rendered":"\n<p>Die Schulleiterin bzw. der Schulleiter verantwortet unter Einbeziehung aller Interessengruppen das schulische Qualit\u00e4tsmanagement. Im Rahmen demokratischer Prozesse steht sie bzw. er vorbildlich f\u00fcr eine an Werten und Normen orientierte Schulkultur sowie f\u00fcr eine Haltung der Wertsch\u00e4tzung.<\/p>\n\n\n\n<table style=\"margin-left: auto;margin-right: auto;height: 604px\" width=\"394\">\n<tbody>\n<tr>\n<td style=\"text-align: center\" valign=\"MIDDLE\" height=\"20\"><br \/>\n<h2><span style=\"color: #000000\"><strong>Schule leiten<\/strong><\/span><\/h2>\n<\/td>\n<\/tr>\n<tr>\n<td style=\"text-align: center\"><a href=\"https:\/\/wordpress.nibis.de\/kam-bbs\/veraenderungsbedarfe-ermitteln\/\"><img loading=\"lazy\" decoding=\"async\" src=\"https:\/\/wordpress.nibis.de\/kam-bbs\/files\/2025\/04\/Veraenderungsbedarfe-ermitteln.png\" alt=\"\" width=\"380\" height=\"128\" \/><\/a><\/td>\n<\/tr>\n<tr>\n<td style=\"text-align: center\"><a href=\"https:\/\/wordpress.nibis.de\/kam-bbs\/organisation-entwickeln\/\"><img loading=\"lazy\" decoding=\"async\" src=\"https:\/\/wordpress.nibis.de\/kam-bbs\/files\/2025\/04\/Organisation-entwickeln.png\" alt=\"\" width=\"380\" height=\"205\" \/><\/a><\/td>\n<\/tr>\n<tr>\n<td style=\"text-align: center\"><a href=\"https:\/\/wordpress.nibis.de\/kam-bbs\/leitungshandeln-evaluieren\/\"><img loading=\"lazy\" decoding=\"async\" src=\"https:\/\/wordpress.nibis.de\/kam-bbs\/files\/2025\/04\/Leitungshandeln-evaluieren.png\" alt=\"\" width=\"380\" height=\"78\" \/><\/a><\/td>\n<\/tr>\n<tr>\n<td style=\"text-align: center\"><a href=\"https:\/\/wordpress.nibis.de\/kam-bbs\/bildungsgaenge-verwalten\/\"><img loading=\"lazy\" decoding=\"async\" src=\"https:\/\/wordpress.nibis.de\/kam-bbs\/files\/2025\/04\/Bildungsgaenge-verwalten.png\" alt=\"\" width=\"380\" height=\"97\" \/><\/a><\/td>\n<\/tr>\n<\/tbody>\n<\/table>\n","protected":false},"excerpt":{"rendered":"<p>Die Schulleiterin bzw. der Schulleiter verantwortet unter Einbeziehung aller Interessengruppen das schulische Qualit\u00e4tsmanagement. Im Rahmen demokratischer Prozesse steht sie bzw. er vorbildlich f\u00fcr eine an Werten und Normen orientierte Schulkultur sowie f\u00fcr eine Haltung der Wertsch\u00e4tzung. Schule leiten<\/p>\n","protected":false},"author":9194395,"featured_media":0,"parent":0,"menu_order":0,"comment_status":"closed","ping_status":"open","template":"","meta":{"footnotes":""},"class_list":["post-2","page","type-page","status-publish","hentry"],"_links":{"self":[{"href":"https:\/\/wordpress.nibis.de\/kam-bbs\/wp-json\/wp\/v2\/pages\/2","targetHints":{"allow":["GET"]}}],"collection":[{"href":"https:\/\/wordpress.nibis.de\/kam-bbs\/wp-json\/wp\/v2\/pages"}],"about":[{"href":"https:\/\/wordpress.nibis.de\/kam-bbs\/wp-json\/wp\/v2\/types\/page"}],"author":[{"embeddable":true,"href":"https:\/\/wordpress.nibis.de\/kam-bbs\/wp-json\/wp\/v2\/users\/9194395"}],"replies":[{"embeddable":true,"href":"https:\/\/wordpress.nibis.de\/kam-bbs\/wp-json\/wp\/v2\/comments?post=2"}],"version-history":[{"count":7,"href":"https:\/\/wordpress.nibis.de\/kam-bbs\/wp-json\/wp\/v2\/pages\/2\/revisions"}],"predecessor-version":[{"id":286,"href":"https:\/\/wordpress.nibis.de\/kam-bbs\/wp-json\/wp\/v2\/pages\/2\/revisions\/286"}],"wp:attachment":[{"href":"https:\/\/wordpress.nibis.de\/kam-bbs\/wp-json\/wp\/v2\/media?parent=2"}],"curies":[{"name":"wp","href":"https:\/\/api.w.org\/{rel}","templated":true}]}}