{"id":59,"date":"2025-04-06T06:54:16","date_gmt":"2025-04-06T04:54:16","guid":{"rendered":"https:\/\/wordpress.nibis.de\/kam-bbs\/?page_id=59"},"modified":"2025-04-15T20:58:14","modified_gmt":"2025-04-15T18:58:14","slug":"personal-fuehren","status":"publish","type":"page","link":"https:\/\/wordpress.nibis.de\/kam-bbs\/personal-fuehren\/","title":{"rendered":"Personal f\u00fchren"},"content":{"rendered":"\n<p>Die Schule steuert die Prozesse des Personalmanagements. Sie f\u00f6rdert die Kompetenzen und die Kreativit\u00e4t aller Verantwortlichen und Beteiligten und schafft eine Kultur der Verantwortung, des Vertrauens und der Wertsch\u00e4tzung.<\/p>\n\n\n\n<table style=\"margin-left: auto;margin-right: auto;height: 487px\" width=\"394\">\n<tbody>\n<tr>\n<td style=\"text-align: center\" valign=\"MIDDLE\" height=\"20\"><br>\n<h2><span style=\"color: #000000\"><strong>Personal f\u00fchren<\/strong><\/span><\/h2>\n<\/td>\n<\/tr>\n<tr>\n<td style=\"text-align: center\"><a href=\"https:\/\/wordpress.nibis.de\/kam-bbs\/personal-beschaffen-2\/\"><img loading=\"lazy\" decoding=\"async\" src=\"https:\/\/wordpress.nibis.de\/kam-bbs\/files\/2025\/04\/Personal-beschaffen.png\" alt=\"\" width=\"380\" height=\"164\"><\/a><\/td>\n<\/tr>\n<tr>\n<td style=\"text-align: center\"><a href=\"https:\/\/wordpress.nibis.de\/kam-bbs\/personal-entwickeln\/\"><img loading=\"lazy\" decoding=\"async\" src=\"https:\/\/wordpress.nibis.de\/kam-bbs\/files\/2025\/04\/Personal-entwickeln.png\" alt=\"\" width=\"380\" height=\"206\"><\/a><\/td>\n<\/tr>\n<tr>\n<td style=\"text-align: center\"><a href=\"https:\/\/wordpress.nibis.de\/kam-bbs\/personal-verwalten\/\"><img loading=\"lazy\" decoding=\"async\" src=\"https:\/\/wordpress.nibis.de\/kam-bbs\/files\/2025\/04\/Personal-verwalten.png\" alt=\"\" width=\"380\" height=\"76\"><\/a><\/td>\n<\/tr>\n<\/tbody>\n<\/table>\n","protected":false},"excerpt":{"rendered":"<p>Die Schule steuert die Prozesse des Personalmanagements. Sie f\u00f6rdert die Kompetenzen und die Kreativit\u00e4t aller Verantwortlichen und Beteiligten und schafft eine Kultur der Verantwortung, des Vertrauens und der Wertsch\u00e4tzung. Personal f\u00fchren<\/p>\n","protected":false},"author":9194395,"featured_media":0,"parent":0,"menu_order":0,"comment_status":"closed","ping_status":"closed","template":"","meta":{"footnotes":""},"class_list":["post-59","page","type-page","status-publish","hentry"],"_links":{"self":[{"href":"https:\/\/wordpress.nibis.de\/kam-bbs\/wp-json\/wp\/v2\/pages\/59","targetHints":{"allow":["GET"]}}],"collection":[{"href":"https:\/\/wordpress.nibis.de\/kam-bbs\/wp-json\/wp\/v2\/pages"}],"about":[{"href":"https:\/\/wordpress.nibis.de\/kam-bbs\/wp-json\/wp\/v2\/types\/page"}],"author":[{"embeddable":true,"href":"https:\/\/wordpress.nibis.de\/kam-bbs\/wp-json\/wp\/v2\/users\/9194395"}],"replies":[{"embeddable":true,"href":"https:\/\/wordpress.nibis.de\/kam-bbs\/wp-json\/wp\/v2\/comments?post=59"}],"version-history":[{"count":8,"href":"https:\/\/wordpress.nibis.de\/kam-bbs\/wp-json\/wp\/v2\/pages\/59\/revisions"}],"predecessor-version":[{"id":302,"href":"https:\/\/wordpress.nibis.de\/kam-bbs\/wp-json\/wp\/v2\/pages\/59\/revisions\/302"}],"wp:attachment":[{"href":"https:\/\/wordpress.nibis.de\/kam-bbs\/wp-json\/wp\/v2\/media?parent=59"}],"curies":[{"name":"wp","href":"https:\/\/api.w.org\/{rel}","templated":true}]}}