{"id":86,"date":"2025-04-06T07:05:00","date_gmt":"2025-04-06T05:05:00","guid":{"rendered":"https:\/\/wordpress.nibis.de\/kam-bbs\/?page_id=86"},"modified":"2025-05-14T05:49:31","modified_gmt":"2025-05-14T03:49:31","slug":"schule-entwickeln","status":"publish","type":"page","link":"https:\/\/wordpress.nibis.de\/kam-bbs\/schule-entwickeln\/","title":{"rendered":"Schule entwickeln"},"content":{"rendered":"\n<p>Die Schule hat die Strategie und Ziele ihrer Schulentwicklung auf die strategischen Steuerungsvorgaben des Landes abgestimmt, setzt Projekte und Ma\u00dfnahmen um und \u00fcberpr\u00fcft deren Wirksamkeit.<\/p>\n\n\n\n<table style=\"margin-left: auto;margin-right: auto;height: 205px\" width=\"394\">\n<tbody>\n<tr>\n<td style=\"text-align: center\" valign=\"MIDDLE\" height=\"20\"><br>\n<h2><span style=\"color: #000000\"><strong>Schule entwickeln<\/strong><\/span><\/h2>\n<\/td>\n<\/tr>\n<tr>\n<td style=\"text-align: center\"><a href=\"https:\/\/wordpress.nibis.de\/kam-bbs\/schulische-strategie-entwickeln\/\">\n<img loading=\"lazy\" decoding=\"async\" src=\"https:\/\/wordpress.nibis.de\/kam-bbs\/files\/2025\/05\/schulische-Strategie-entwickeln.png\" alt=\"\" width=\"380\" height=\"162\"><\/a><\/td>\n<\/tr>\n<tr>\n<td style=\"text-align: center\"><a href=\"https:\/\/wordpress.nibis.de\/kam-bbs\/schulische-strategie-umsetzen\/\"><img loading=\"lazy\" decoding=\"async\" src=\"https:\/\/wordpress.nibis.de\/kam-bbs\/files\/2025\/05\/schulische-Strategie-umsetzen.png\" alt=\"\" width=\"380\" height=\"124\"><\/a><\/td>\n<\/tr>\n<\/tbody>\n<\/table>\n\n\n\n<p><\/p>\n","protected":false},"excerpt":{"rendered":"<p>Die Schule hat die Strategie und Ziele ihrer Schulentwicklung auf die strategischen Steuerungsvorgaben des Landes abgestimmt, setzt Projekte und Ma\u00dfnahmen um und \u00fcberpr\u00fcft deren Wirksamkeit. Schule entwickeln<\/p>\n","protected":false},"author":9194395,"featured_media":0,"parent":0,"menu_order":0,"comment_status":"closed","ping_status":"closed","template":"","meta":{"footnotes":""},"class_list":["post-86","page","type-page","status-publish","hentry"],"_links":{"self":[{"href":"https:\/\/wordpress.nibis.de\/kam-bbs\/wp-json\/wp\/v2\/pages\/86","targetHints":{"allow":["GET"]}}],"collection":[{"href":"https:\/\/wordpress.nibis.de\/kam-bbs\/wp-json\/wp\/v2\/pages"}],"about":[{"href":"https:\/\/wordpress.nibis.de\/kam-bbs\/wp-json\/wp\/v2\/types\/page"}],"author":[{"embeddable":true,"href":"https:\/\/wordpress.nibis.de\/kam-bbs\/wp-json\/wp\/v2\/users\/9194395"}],"replies":[{"embeddable":true,"href":"https:\/\/wordpress.nibis.de\/kam-bbs\/wp-json\/wp\/v2\/comments?post=86"}],"version-history":[{"count":12,"href":"https:\/\/wordpress.nibis.de\/kam-bbs\/wp-json\/wp\/v2\/pages\/86\/revisions"}],"predecessor-version":[{"id":391,"href":"https:\/\/wordpress.nibis.de\/kam-bbs\/wp-json\/wp\/v2\/pages\/86\/revisions\/391"}],"wp:attachment":[{"href":"https:\/\/wordpress.nibis.de\/kam-bbs\/wp-json\/wp\/v2\/media?parent=86"}],"curies":[{"name":"wp","href":"https:\/\/api.w.org\/{rel}","templated":true}]}}