{"id":88,"date":"2025-04-06T07:05:25","date_gmt":"2025-04-06T05:05:25","guid":{"rendered":"https:\/\/wordpress.nibis.de\/kam-bbs\/?page_id=88"},"modified":"2025-05-14T05:54:29","modified_gmt":"2025-05-14T03:54:29","slug":"schulische-strategie-entwickeln","status":"publish","type":"page","link":"https:\/\/wordpress.nibis.de\/kam-bbs\/schulische-strategie-entwickeln\/","title":{"rendered":"Schulische Strategie entwickeln"},"content":{"rendered":"\n<div style=\"text-align: center\"><img loading=\"lazy\" decoding=\"async\" width=\"447\" height=\"190\" src=\"https:\/\/wordpress.nibis.de\/kam-bbs\/files\/2025\/05\/schulische-Strategie-entwickeln.png\" alt=\"\" class=\"wp-image-378\" srcset=\"https:\/\/wordpress.nibis.de\/kam-bbs\/files\/2025\/05\/schulische-Strategie-entwickeln.png 447w, https:\/\/wordpress.nibis.de\/kam-bbs\/files\/2025\/05\/schulische-Strategie-entwickeln-300x128.png 300w\" sizes=\"auto, (max-width: 447px) 100vw, 447px\" \/><\/div>\n\n\n\n<table style=\"height: 278px;border-color: black\" border=\"0\" width=\"658\">\n<tbody>\n<tr>\n<td style=\"background-color: #ffff99;width: 37px;border-color: black;vertical-align: middle\" rowspan=\"7\" width=\"37\">\n<p style=\"text-align: center\"><span style=\"color: #000000\"><strong>S1<\/strong><\/span><\/p>\n<\/td>\n<td style=\"background-color: #ffff99;width: 285px;border-color: black\" width=\"285\">\n<p><span style=\"color: #000000\"><strong>Leitbild entwickeln und implementieren<\/strong><\/span><\/p>\n<\/td>\n<\/tr>\n<tr>\n<td style=\"border-color: black;width: 285px\" width=\"285\">\n<p><span style=\"color: #000000\"><strong>Die Schule \u00fcberpr\u00fcft kontinuierlich die innerschulische Bedeutung sowie die Wirksamkeit des Leitbildes und passt es bei Bedarf an.<\/strong><\/span><\/p>\n<\/td>\n<\/tr>\n<tr>\n<td style=\"border-color: black;width: 285px\" width=\"285\"><span style=\"color: #000000\"><strong>Anforderung (A):<\/strong><\/span><br><span style=\"color: #000000\">An der Entwicklung und Pflege des Leitbildes ist die Schulgemeinschaft beteiligt.<\/span><\/td>\n<\/tr>\n<tr>\n<td style=\"width: 285px;background-color: #dcdcdc;border-color: black;vertical-align: bottom\" width=\"285\"><span style=\"color: #000000\">Die folgenden Hinweise dienen den Schulen zur <strong>Unterst\u00fctzung bei der Bearbeitung der Kernaufgaben<\/strong>. Sie sind jedoch <strong>nicht verbindlich<\/strong> und somit <strong>nicht Erlassbestandteil<\/strong>.<\/span><\/td>\n<\/tr>\n<tr>\n<td style=\"border-color: black;width: 285px\" rowspan=\"3\" width=\"285\">\n<ul>\n<li><span style=\"color: #000000\"><em>Der Strategische Handlungsrahmen-BBS ist ber\u00fccksichtigt.<\/em><\/span><\/li>\n<li><span style=\"color: #000000\"><em>Das Leitbild ist in geeigneter Weise ver\u00f6ffentlicht und kommuniziert.<\/em><\/span><\/li>\n<li><span style=\"color: #000000\"><em>\u201eBildung f\u00fcr nachhaltige Entwicklung (BNE)\u201c ist im Leitbild verankert.<\/em><\/span><\/li>\n<li><span style=\"color: #000000\"><em>Die schulischen Prozesse beziehen sich auf das Leitbild.<\/em><\/span><\/li>\n<\/ul>\n<\/td>\n<\/tr>\n<\/tbody>\n<\/table>\n<p>&nbsp;<\/p>\n\n\n\n<hr class=\"wp-block-separator is-style-wide\" \/>\n\n\n\n<table style=\"height: 278px;border-color: black\" border=\"0\" width=\"658\">\n<tbody>\n<tr>\n<td style=\"background-color: #ffff99;width: 37px;border-color: black;vertical-align: middle\" rowspan=\"7\" width=\"37\">\n<p style=\"text-align: center\"><span style=\"color: #000000\"><strong>S2<\/strong><\/span><\/p>\n<\/td>\n<td style=\"background-color: #ffff99;width: 285px;border-color: black\" width=\"285\">\n<p><span style=\"color: #000000\"><strong>Strategie und Ziele abstimmen<\/strong><\/span><\/p>\n<\/td>\n<\/tr>\n<tr>\n<td style=\"border-color: black;width: 285px\" width=\"285\">\n<p><span style=\"color: #000000\"><strong>Die Schule entwickelt ihre Strategie und ihre allgemeinen operativen Ziele auf Basis des Leitbildes, \u00fcberpr\u00fcft sie und passt sie regelm\u00e4\u00dfig an.<\/strong><\/span><\/p>\n<\/td>\n<\/tr>\n<tr>\n<td style=\"border-color: black;width: 285px\" width=\"285\"><span style=\"color: #000000\"><strong>Anforderung (A):<\/strong><\/span><br><span style=\"color: #000000\">Vorgehensweisen der Strategie- und Zielentwicklung sind kommuniziert.<\/span><\/td>\n<\/tr>\n<tr>\n<td style=\"width: 285px;background-color: #dcdcdc;border-color: black;vertical-align: bottom\" width=\"285\"><span style=\"color: #000000\">Die folgenden Hinweise dienen den Schulen zur <strong>Unterst\u00fctzung bei der Bearbeitung der Kernaufgaben<\/strong>. Sie sind jedoch <strong>nicht verbindlich<\/strong> und somit <strong>nicht Erlassbestandteil<\/strong>.<\/span><\/td>\n<\/tr>\n<tr>\n<td style=\"border-color: black;width: 285px\" rowspan=\"3\" width=\"285\">\n<ul>\n<li><span style=\"color: #000000\"><em>Die Anspruchsgruppen sind an der Strategie- und Zielentwicklung beteiligt.<\/em><\/span><\/li>\n<li><span style=\"color: #000000\"><em>Die Strategie und Ziele der Schule sind auf das Leitbild bezogen.<\/em><\/span><\/li>\n<li><span style=\"color: #000000\"><em>Die Steuerungsvorgaben des Landes, wie z. B. der Strategische Handlungsrahmen-BBS und die externen Zielvereinbarungen sind ber\u00fccksichtigt.<\/em><\/span><\/li>\n<\/ul>\n<\/td>\n<\/tr>\n<\/tbody>\n<\/table>\n\n\n\n<hr class=\"wp-block-separator is-style-wide\" \/>\n\n\n\n<table style=\"height: 278px;border-color: black\" border=\"0\" width=\"658\">\n<tbody>\n<tr>\n<td style=\"background-color: #ffff99;width: 37px;border-color: black;vertical-align: middle\" rowspan=\"7\" width=\"37\">\n<p style=\"text-align: center\"><span style=\"color: #000000\"><strong>S3<\/strong><\/span><\/p>\n<\/td>\n<td style=\"background-color: #ffff99;width: 285px;border-color: black\" width=\"285\">\n<p><span style=\"color: #000000\"><strong>Schulprogramm fortschreiben<\/strong><\/span><\/p>\n<\/td>\n<\/tr>\n<tr>\n<td style=\"border-color: black;width: 285px\" width=\"285\">\n<p><span style=\"color: #000000\"><strong>Die Schule entwickelt ein Schulprogramm, das regelm\u00e4\u00dfig fortgeschrieben wird.<\/strong><\/span><\/p>\n<\/td>\n<\/tr>\n<tr>\n<td style=\"border-color: black;width: 285px\" width=\"285\"><span style=\"color: #000000\"><strong>Anforderung (A):<\/strong><\/span><br><span style=\"color: #000000\">Leitbild, Strategie und Ziele sind in die Entwicklung des Schulprogramms eingeflossen. <\/span><\/td>\n<\/tr>\n<tr>\n<td style=\"width: 285px;background-color: #dcdcdc;border-color: black;vertical-align: bottom\" width=\"285\"><span style=\"color: #000000\">Die folgenden Hinweise dienen den Schulen zur <strong>Unterst\u00fctzung bei der Bearbeitung der Kernaufgaben<\/strong>. Sie sind jedoch <strong>nicht verbindlich<\/strong> und somit <strong>nicht Erlassbestandteil<\/strong>.<\/span><\/td>\n<\/tr>\n<tr>\n<td style=\"border-color: black;width: 285px\" rowspan=\"3\" width=\"285\">\n<ul>\n<li><span style=\"color: #000000\"><em>Ein von den zust\u00e4ndigen Gremien (z. B. Schulvorstand) verabschiedetes Schulprogramm liegt vor.<\/em><\/span><\/li>\n<li><span style=\"color: #000000\"><em>Das Schulprogramm ist in geeigneter Weise ver\u00f6ffentlicht und kommuniziert.<\/em><\/span><\/li>\n<li><span style=\"color: #000000\"><em>\u201eBildung f\u00fcr nachhaltige Entwicklung (BNE)\u201c ist im Schulprogramm verankert.<\/em><\/span><\/li>\n<\/ul>\n<\/td>\n<\/tr>\n<\/tbody>\n<\/table>\n","protected":false},"excerpt":{"rendered":"<p>S1 Leitbild entwickeln und implementieren Die Schule \u00fcberpr\u00fcft kontinuierlich die innerschulische Bedeutung sowie die Wirksamkeit des Leitbildes und passt es bei Bedarf an. Anforderung (A):An der Entwicklung und Pflege des Leitbildes ist die Schulgemeinschaft beteiligt. Die folgenden Hinweise dienen den Schulen zur Unterst\u00fctzung bei der Bearbeitung der Kernaufgaben. Sie sind jedoch nicht verbindlich und somit &hellip; <a href=\"https:\/\/wordpress.nibis.de\/kam-bbs\/schulische-strategie-entwickeln\/\" class=\"more-link\"><span class=\"screen-reader-text\">Schulische Strategie entwickeln<\/span> weiterlesen <span class=\"meta-nav\">&rarr;<\/span><\/a><\/p>\n","protected":false},"author":9194395,"featured_media":0,"parent":0,"menu_order":0,"comment_status":"closed","ping_status":"closed","template":"","meta":{"footnotes":""},"class_list":["post-88","page","type-page","status-publish","hentry"],"_links":{"self":[{"href":"https:\/\/wordpress.nibis.de\/kam-bbs\/wp-json\/wp\/v2\/pages\/88","targetHints":{"allow":["GET"]}}],"collection":[{"href":"https:\/\/wordpress.nibis.de\/kam-bbs\/wp-json\/wp\/v2\/pages"}],"about":[{"href":"https:\/\/wordpress.nibis.de\/kam-bbs\/wp-json\/wp\/v2\/types\/page"}],"author":[{"embeddable":true,"href":"https:\/\/wordpress.nibis.de\/kam-bbs\/wp-json\/wp\/v2\/users\/9194395"}],"replies":[{"embeddable":true,"href":"https:\/\/wordpress.nibis.de\/kam-bbs\/wp-json\/wp\/v2\/comments?post=88"}],"version-history":[{"count":6,"href":"https:\/\/wordpress.nibis.de\/kam-bbs\/wp-json\/wp\/v2\/pages\/88\/revisions"}],"predecessor-version":[{"id":397,"href":"https:\/\/wordpress.nibis.de\/kam-bbs\/wp-json\/wp\/v2\/pages\/88\/revisions\/397"}],"wp:attachment":[{"href":"https:\/\/wordpress.nibis.de\/kam-bbs\/wp-json\/wp\/v2\/media?parent=88"}],"curies":[{"name":"wp","href":"https:\/\/api.w.org\/{rel}","templated":true}]}}