{"id":135,"date":"2023-10-18T16:00:48","date_gmt":"2023-10-18T14:00:48","guid":{"rendered":"https:\/\/wordpress.nibis.de\/kgssalzh\/?page_id=135"},"modified":"2026-03-20T13:04:29","modified_gmt":"2026-03-20T12:04:29","slug":"cafeteria","status":"publish","type":"page","link":"https:\/\/wordpress.nibis.de\/kgssalzh\/cafeteria\/","title":{"rendered":"Cafeteria"},"content":{"rendered":"\n<p class=\"has-text-align-center tw-mb-0 has-large-font-size\"><strong>Unsere Cafeteria<\/strong><\/p>\n\n\n\n<div class=\"wp-block-columns is-layout-flex wp-container-core-columns-is-layout-abceabcf wp-block-columns-is-layout-flex\">\n<div class=\"wp-block-column is-layout-flow wp-block-column-is-layout-flow\" style=\"--col-width:100%;flex-basis:100%\">\n<div class=\"wp-block-columns is-layout-flex wp-container-core-columns-is-layout-abceabcf wp-block-columns-is-layout-flex\">\n<div class=\"wp-block-column is-layout-flow wp-block-column-is-layout-flow\">\n<div class=\"wp-block-columns is-layout-flex wp-container-core-columns-is-layout-abceabcf wp-block-columns-is-layout-flex\">\n<div class=\"wp-block-column is-layout-flow wp-block-column-is-layout-flow\">\n<div class=\"wp-block-file tw-mt-0\"><a id=\"wp-block-file--media-1e429b48-1cc2-4758-8d0b-a85cc3351039\" href=\"https:\/\/wordpress.nibis.de\/kgssalzh\/files\/2026\/03\/Foto-folgt.jpg\" target=\"_blank\" rel=\"noreferrer noopener\">Foto folgt<\/a><a href=\"https:\/\/wordpress.nibis.de\/kgssalzh\/files\/2026\/03\/Foto-folgt.jpg\" class=\"wp-block-file__button wp-element-button\" download aria-describedby=\"wp-block-file--media-1e429b48-1cc2-4758-8d0b-a85cc3351039\">Speiseplan herunterladen<\/a><\/div>\n<\/div>\n<\/div>\n<\/div>\n<\/div>\n<\/div>\n<\/div>\n\n\n<div class=\"wp-block-image is-resized is-style-rounded\">\n<figure class=\"aligncenter size-full\"><img loading=\"lazy\" decoding=\"async\" width=\"600\" height=\"343\" src=\"https:\/\/wordpress.nibis.de\/kgssalzh\/files\/2023\/11\/2023_Cafeteria.jpg\" alt=\"\" class=\"wp-image-533\" \/><\/figure>\n<\/div>\n\n\n<p><\/p>\n\n\n\n<p>Die Cafeteria wird von unserem Elternverein gef\u00fchrt. Heute arbeiten in der Cafeteria in t\u00e4glich wechselnden Teams ca. 20 Helfer ehrenamtlich, um die hungrigen Kunden zufrieden zu stellen. Alle Einnahmen kommen dem \u201eVerein der Eltern und F\u00f6rderer der Schule am Kanstein\u201c und damit direkt den Sch\u00fclern zugute.<br>Das Schulleben kann so auf vielf\u00e4ltige Weise finanziell unterst\u00fctzt und mitgestaltet werden.<\/p>\n\n\n\n<p>Von montags bis freitags gibt es ein vielf\u00e4ltiges Angebot. Dazu geh\u00f6ren verschiedene Arten von belegten Br\u00f6tchen, S\u00fc\u00dfes und Salziges, die beliebten K\u00e4sestangen und vieles mehr. Ein t\u00e4glich wechselndes Zusatzangebot wie Waffeln, Muffins, Pizzabr\u00f6tchen, Hot Dogs und Sandwiches erweitert den Speiseplan. Alles wird frisch zubereitet!<br>Die Backwaren werden t\u00e4glich vom B\u00e4cker geliefert. Alle Lebensmittel werden vom ortsans\u00e4ssigen Supermarkt gebracht. Die Eier stammen von \u201egl\u00fccklichen\u201c H\u00fchnern vom Bauernhof.<\/p>\n\n\n\n<p>Tatkr\u00e4ftige Unterst\u00fctzung findet das Cafeteria-Team dabei durch das Sekretariat, den Schulassistenten und den Hausmeistern.<br>Auf diesem Wege m\u00f6chten wir allen Mitwirkenden herzlich danken!<br>Wer Zeit und Lust hat, in unserem Team mitzuarbeiten, ist herzlich willkommen. Wir brauchen immer neue Helferinnen und Helfer. Lernen Sie die Schule aus einer v\u00f6llig anderen Perspektive \u2013 als \u201eInsider\u201c \u2013 kennen.<\/p>\n","protected":false},"excerpt":{"rendered":"<p>Unsere Cafeteria Die Cafeteria wird von unserem Elternverein gef\u00fchrt. Heute arbeiten in der Cafeteria in t\u00e4glich wechselnden Teams ca. 20 Helfer ehrenamtlich, um die hungrigen &hellip; <\/p>\n","protected":false},"author":9194300,"featured_media":0,"parent":0,"menu_order":0,"comment_status":"closed","ping_status":"closed","template":"","meta":{"footnotes":""},"class_list":["post-135","page","type-page","status-publish","hentry"],"_links":{"self":[{"href":"https:\/\/wordpress.nibis.de\/kgssalzh\/wp-json\/wp\/v2\/pages\/135","targetHints":{"allow":["GET"]}}],"collection":[{"href":"https:\/\/wordpress.nibis.de\/kgssalzh\/wp-json\/wp\/v2\/pages"}],"about":[{"href":"https:\/\/wordpress.nibis.de\/kgssalzh\/wp-json\/wp\/v2\/types\/page"}],"author":[{"embeddable":true,"href":"https:\/\/wordpress.nibis.de\/kgssalzh\/wp-json\/wp\/v2\/users\/9194300"}],"replies":[{"embeddable":true,"href":"https:\/\/wordpress.nibis.de\/kgssalzh\/wp-json\/wp\/v2\/comments?post=135"}],"version-history":[{"count":62,"href":"https:\/\/wordpress.nibis.de\/kgssalzh\/wp-json\/wp\/v2\/pages\/135\/revisions"}],"predecessor-version":[{"id":5269,"href":"https:\/\/wordpress.nibis.de\/kgssalzh\/wp-json\/wp\/v2\/pages\/135\/revisions\/5269"}],"wp:attachment":[{"href":"https:\/\/wordpress.nibis.de\/kgssalzh\/wp-json\/wp\/v2\/media?parent=135"}],"curies":[{"name":"wp","href":"https:\/\/api.w.org\/{rel}","templated":true}]}}