{"id":137,"date":"2023-10-18T16:01:04","date_gmt":"2023-10-18T14:01:04","guid":{"rendered":"https:\/\/wordpress.nibis.de\/kgssalzh\/?page_id=137"},"modified":"2026-03-20T15:03:08","modified_gmt":"2026-03-20T14:03:08","slug":"anmeldung","status":"publish","type":"page","link":"https:\/\/wordpress.nibis.de\/kgssalzh\/anmeldung\/","title":{"rendered":"Anmeldung"},"content":{"rendered":"\n<p class=\"has-text-align-center tw-mb-0 tw-mt-0 has-x-large-font-size\"><strong>Anmeldung<\/strong><\/p>\n\n\n\n<div class=\"wp-block-buttons is-content-justification-center is-layout-flex wp-container-core-buttons-is-layout-16018d1d wp-block-buttons-is-layout-flex\">\n<div class=\"wp-block-button\"><a class=\"wp-block-button__link has-text-align-center wp-element-button\" href=\"https:\/\/haneke.de\/schueleranmeldung\/Eingabe?id=435239744\">Hier klicken f\u00fcr die Online Anmeldung<\/a><\/div>\n<\/div>\n\n\n<div class=\"wp-block-image is-resized tw-mt-0 tw-mb-0 is-style-tw-rounded-corners\">\n<figure class=\"aligncenter size-full\"><img loading=\"lazy\" decoding=\"async\" width=\"2560\" height=\"770\" src=\"https:\/\/wordpress.nibis.de\/kgssalzh\/files\/2023\/10\/2023_Allgemein_Willkommen-scaled.jpg\" alt=\"\" class=\"wp-image-399\" srcset=\"https:\/\/wordpress.nibis.de\/kgssalzh\/files\/2023\/10\/2023_Allgemein_Willkommen-scaled.jpg 2560w, https:\/\/wordpress.nibis.de\/kgssalzh\/files\/2023\/10\/2023_Allgemein_Willkommen-768x231.jpg 768w, https:\/\/wordpress.nibis.de\/kgssalzh\/files\/2023\/10\/2023_Allgemein_Willkommen-1536x462.jpg 1536w, https:\/\/wordpress.nibis.de\/kgssalzh\/files\/2023\/10\/2023_Allgemein_Willkommen-2048x616.jpg 2048w\" sizes=\"auto, (max-width: 2560px) 100vw, 2560px\" \/><\/figure>\n<\/div>\n\n\n<p class=\"has-text-align-center has-vivid-red-background-color has-background has-medium-font-size\"><a href=\"https:\/\/wordpress.nibis.de\/kgssalzh\/anmeldung-jg-5-informationen-fuer-die-derzeitigen-viertklaesslerinnen\/\"><strong><span class=\"tadv-color\" style=\"color:#000000\">Hier klicken f\u00fcr AKTUELLE TERMINE<\/span><\/strong><\/a><\/p>\n\n\n\n<p class=\"tw-mb-0 tw-mt-0 has-medium-font-size\">Sehr geehrte Damen und Herren,<\/p>\n\n\n\n<p class=\"has-medium-font-size\">wir freuen uns, dass Sie sich \u00fcber die Anmeldung an unserer Schule informieren m\u00f6chten. Auf diesen Seiten finden Sie alle Informationen rund um die Anmeldung an der KGS Salzhemmendorf. Bitte klicken Sie einfach auf einen Button dann kommen Sie zu den einzelnen Informationsseiten.<\/p>\n\n\n\n<div class=\"wp-block-columns is-layout-flex wp-container-core-columns-is-layout-abceabcf wp-block-columns-is-layout-flex\">\n<div class=\"wp-block-column is-layout-flow wp-block-column-is-layout-flow\">\n<div class=\"wp-block-buttons is-layout-flex wp-block-buttons-is-layout-flex\">\n<div class=\"wp-block-button\"><a class=\"wp-block-button__link has-background has-custom-font-size wp-element-button\" href=\"https:\/\/wordpress.nibis.de\/kgssalzh\/anmeldung-jahrgang-5\/\" style=\"background-color:#69a243;font-size:28px\">Jahrgang 5<\/a><\/div>\n<\/div>\n<\/div>\n\n\n\n<div class=\"wp-block-column is-layout-flow wp-block-column-is-layout-flow\">\n<div class=\"wp-block-buttons is-layout-flex wp-block-buttons-is-layout-flex\">\n<div class=\"wp-block-button\"><a class=\"wp-block-button__link has-background has-custom-font-size wp-element-button\" href=\"https:\/\/wordpress.nibis.de\/kgssalzh\/anmeldung-jahrgang-6-13\/\" style=\"background-color:#69a243;font-size:28px\">Jahrgang 6-11<\/a><\/div>\n<\/div>\n<\/div>\n\n\n\n<div class=\"wp-block-column is-layout-flow wp-block-column-is-layout-flow\">\n<div class=\"wp-block-buttons is-layout-flex wp-block-buttons-is-layout-flex\">\n<div class=\"wp-block-button\"><a class=\"wp-block-button__link has-background has-custom-font-size wp-element-button\" href=\"https:\/\/wordpress.nibis.de\/kgssalzh\/schulformwechsel\/\" style=\"background-color:#69a243;font-size:28px\">Schulformwechsel<\/a><\/div>\n<\/div>\n<\/div>\n<\/div>\n\n\n\n<div class=\"wp-block-columns is-layout-flex wp-container-core-columns-is-layout-abceabcf wp-block-columns-is-layout-flex\">\n<div class=\"wp-block-column is-layout-flow wp-block-column-is-layout-flow\">\n<figure class=\"wp-block-embed is-type-video is-provider-youtube wp-block-embed-youtube wp-embed-aspect-16-9 wp-has-aspect-ratio\"><div class=\"wp-block-embed__wrapper\">\n<iframe loading=\"lazy\"  style=\"display: block; margin: 0px auto;\"  id=\"_ytid_51743\"  width=\"800\" height=\"450\"  data-origwidth=\"800\" data-origheight=\"450\" src=\"https:\/\/www.youtube.com\/embed\/1cW0arFv0RI?enablejsapi=1&#038;autoplay=0&#038;cc_load_policy=0&#038;cc_lang_pref=&#038;iv_load_policy=1&#038;loop=0&#038;rel=1&#038;fs=1&#038;playsinline=0&#038;autohide=2&#038;theme=dark&#038;color=red&#038;controls=1&#038;disablekb=0&#038;\" class=\"__youtube_prefs__  epyt-is-override  no-lazyload\" title=\"YouTube player\"  allow=\"fullscreen; accelerometer; autoplay; clipboard-write; encrypted-media; gyroscope; picture-in-picture; web-share\" referrerpolicy=\"strict-origin-when-cross-origin\" allowfullscreen data-no-lazy=\"1\" data-skipgform_ajax_framebjll=\"\"><\/iframe>\n<\/div><\/figure>\n<\/div>\n\n\n\n<div class=\"wp-block-column is-layout-flow wp-block-column-is-layout-flow\">\n<figure class=\"wp-block-embed is-type-video is-provider-youtube wp-block-embed-youtube wp-embed-aspect-16-9 wp-has-aspect-ratio\"><div class=\"wp-block-embed__wrapper\">\n<iframe loading=\"lazy\"  style=\"display: block; margin: 0px auto;\"  id=\"_ytid_30561\"  width=\"800\" height=\"450\"  data-origwidth=\"800\" data-origheight=\"450\" src=\"https:\/\/www.youtube.com\/embed\/ymT86Q7TM0k?enablejsapi=1&#038;autoplay=0&#038;cc_load_policy=0&#038;cc_lang_pref=&#038;iv_load_policy=1&#038;loop=0&#038;rel=1&#038;fs=1&#038;playsinline=0&#038;autohide=2&#038;theme=dark&#038;color=red&#038;controls=1&#038;disablekb=0&#038;\" class=\"__youtube_prefs__  epyt-is-override  no-lazyload\" title=\"YouTube player\"  allow=\"fullscreen; accelerometer; autoplay; clipboard-write; encrypted-media; gyroscope; picture-in-picture; web-share\" referrerpolicy=\"strict-origin-when-cross-origin\" allowfullscreen data-no-lazy=\"1\" data-skipgform_ajax_framebjll=\"\"><\/iframe>\n<\/div><\/figure>\n<\/div>\n\n\n\n<div class=\"wp-block-column is-layout-flow wp-block-column-is-layout-flow\">\n<figure class=\"wp-block-embed is-type-video is-provider-youtube wp-block-embed-youtube wp-embed-aspect-16-9 wp-has-aspect-ratio\"><div class=\"wp-block-embed__wrapper\">\n<iframe loading=\"lazy\"  style=\"display: block; margin: 0px auto;\"  id=\"_ytid_32168\"  width=\"800\" height=\"450\"  data-origwidth=\"800\" data-origheight=\"450\" src=\"https:\/\/www.youtube.com\/embed\/7euJNYnFjnQ?enablejsapi=1&#038;autoplay=0&#038;cc_load_policy=0&#038;cc_lang_pref=&#038;iv_load_policy=1&#038;loop=0&#038;rel=1&#038;fs=1&#038;playsinline=0&#038;autohide=2&#038;theme=dark&#038;color=red&#038;controls=1&#038;disablekb=0&#038;\" class=\"__youtube_prefs__  epyt-is-override  no-lazyload\" title=\"YouTube player\"  allow=\"fullscreen; accelerometer; autoplay; clipboard-write; encrypted-media; gyroscope; picture-in-picture; web-share\" referrerpolicy=\"strict-origin-when-cross-origin\" allowfullscreen data-no-lazy=\"1\" data-skipgform_ajax_framebjll=\"\"><\/iframe>\n<\/div><\/figure>\n<\/div>\n<\/div>\n","protected":false},"excerpt":{"rendered":"<p>Anmeldung Hier klicken f\u00fcr AKTUELLE TERMINE Sehr geehrte Damen und Herren, wir freuen uns, dass Sie sich \u00fcber die Anmeldung an unserer Schule informieren m\u00f6chten. &hellip; <\/p>\n","protected":false},"author":9194300,"featured_media":0,"parent":0,"menu_order":0,"comment_status":"closed","ping_status":"closed","template":"","meta":{"footnotes":""},"class_list":["post-137","page","type-page","status-publish","hentry"],"_links":{"self":[{"href":"https:\/\/wordpress.nibis.de\/kgssalzh\/wp-json\/wp\/v2\/pages\/137","targetHints":{"allow":["GET"]}}],"collection":[{"href":"https:\/\/wordpress.nibis.de\/kgssalzh\/wp-json\/wp\/v2\/pages"}],"about":[{"href":"https:\/\/wordpress.nibis.de\/kgssalzh\/wp-json\/wp\/v2\/types\/page"}],"author":[{"embeddable":true,"href":"https:\/\/wordpress.nibis.de\/kgssalzh\/wp-json\/wp\/v2\/users\/9194300"}],"replies":[{"embeddable":true,"href":"https:\/\/wordpress.nibis.de\/kgssalzh\/wp-json\/wp\/v2\/comments?post=137"}],"version-history":[{"count":20,"href":"https:\/\/wordpress.nibis.de\/kgssalzh\/wp-json\/wp\/v2\/pages\/137\/revisions"}],"predecessor-version":[{"id":5280,"href":"https:\/\/wordpress.nibis.de\/kgssalzh\/wp-json\/wp\/v2\/pages\/137\/revisions\/5280"}],"wp:attachment":[{"href":"https:\/\/wordpress.nibis.de\/kgssalzh\/wp-json\/wp\/v2\/media?parent=137"}],"curies":[{"name":"wp","href":"https:\/\/api.w.org\/{rel}","templated":true}]}}