{"id":169,"date":"2023-10-18T16:41:13","date_gmt":"2023-10-18T14:41:13","guid":{"rendered":"https:\/\/wordpress.nibis.de\/kgssalzh\/?page_id=169"},"modified":"2023-10-25T16:38:58","modified_gmt":"2023-10-25T14:38:58","slug":"leitbild-und-schulprogramm","status":"publish","type":"page","link":"https:\/\/wordpress.nibis.de\/kgssalzh\/leitbild-und-schulprogramm\/","title":{"rendered":"Leitbild und Schulprogramm"},"content":{"rendered":"\n<p class=\"has-text-align-center has-x-large-font-size\"><strong><span style=\"color:#69a243\" class=\"tadv-color\">Unser Leitbild<\/span><\/strong><\/p>\n\n\n\n<p>Unsere Schule hat es sich zum Ziel gesetzt, f\u00fcr alle Sch\u00fclerinnen und Sch\u00fcler aus den Gemeinden Salzhemmendorf und Coppenbr\u00fcgge sowie aus den umliegenden Regionen ein Lern- und Lebensort zu sein, an dem die <strong>KOOPERATION<\/strong>, also die Zusammenarbeit, im Vordergrund steht. Mit dem Begriff \u201evielf\u00e4ltiges Lernen\u201c verbinden wir Bildung, Erziehung und Betreuung.<br><br>Die unterschiedlichen farblich miteinander verkn\u00fcpften Formen unseres Logos stehen nicht nur f\u00fcr die sichtbare und gelebte Kooperation der Schulzweige unter einem Dach,<br><br>sie stehen auch f\u00fcr<\/p>\n\n\n\n<ul class=\"wp-block-list\"><li>die gemeinsame Anstrengung von Lehrkr\u00e4ften, Mitarbeiterinnen und Mitarbeitern, Sch\u00fclern und Sch\u00fclerinnen sowie deren Eltern, unsere Schulgemeinschaft durch Freundlichkeit, gegenseitige Wertsch\u00e4tzung, Kommunikation untereinander und klare Regeln als einen Ort demokratischen Zusammenlebens zu gestalten und weiterzuentwickeln.<\/li><li>die verschiedenen Pers\u00f6nlichkeiten, die mit ihren individuellen Voraussetzungen, ihren Meinungen, Erfahrungen und St\u00e4rken die Vielfalt in unserer Schulgemeinschaft repr\u00e4sentieren.<\/li><li>unsere Schule als Ort des Lernens, des Lebens und des Wohlf\u00fchlens als Voraussetzung f\u00fcr gemeinsames Wachsen.<\/li><li>im Unterricht sichtbare und gelebte Kooperationen der verschiedenen Schulzweige.<\/li><\/ul>\n\n\n\n<p><br>Den Mittelpunkt der schulischen Arbeit bildet die individuelle F\u00f6rderung der Sch\u00fclerinnen und Sch\u00fcler in ihrer Vielfalt und Unterschiedlichkeit. Wir f\u00f6rdern Leistungen und fordern die Leistungsbereitschaft der Kinder und der Jugendlichen. Zur Qualit\u00e4tssicherung des Unterrichts nehmen Lehrer und Lehrerinnen regelm\u00e4\u00dfig an Fortbildungen teil. Neben der Vermittlung von Wissen steht die Entwicklung von Sozialkompetenz, Verantwortungsbewusstsein, Selbstst\u00e4ndigkeit und Teamf\u00e4higkeit als Schwerpunkt der gemeinsamen Arbeit mit dem Ziel, die Lernenden lebensnah auf ihre gesellschaftliche Zukunft vorzubereiten.<\/p>\n\n\n\n<p class=\"has-text-align-center has-x-large-font-size\"><strong><span style=\"color:#69a243\" class=\"tadv-color\">Unser Schulprogramm<\/span> <\/strong><\/p>\n\n\n\n<p>tba<\/p>\n","protected":false},"excerpt":{"rendered":"<p>Unser Leitbild Unsere Schule hat es sich zum Ziel gesetzt, f\u00fcr alle Sch\u00fclerinnen und Sch\u00fcler aus den Gemeinden Salzhemmendorf und Coppenbr\u00fcgge sowie aus den umliegenden &hellip; <\/p>\n","protected":false},"author":9194300,"featured_media":0,"parent":0,"menu_order":0,"comment_status":"closed","ping_status":"closed","template":"","meta":{"footnotes":""},"class_list":["post-169","page","type-page","status-publish","hentry"],"_links":{"self":[{"href":"https:\/\/wordpress.nibis.de\/kgssalzh\/wp-json\/wp\/v2\/pages\/169","targetHints":{"allow":["GET"]}}],"collection":[{"href":"https:\/\/wordpress.nibis.de\/kgssalzh\/wp-json\/wp\/v2\/pages"}],"about":[{"href":"https:\/\/wordpress.nibis.de\/kgssalzh\/wp-json\/wp\/v2\/types\/page"}],"author":[{"embeddable":true,"href":"https:\/\/wordpress.nibis.de\/kgssalzh\/wp-json\/wp\/v2\/users\/9194300"}],"replies":[{"embeddable":true,"href":"https:\/\/wordpress.nibis.de\/kgssalzh\/wp-json\/wp\/v2\/comments?post=169"}],"version-history":[{"count":3,"href":"https:\/\/wordpress.nibis.de\/kgssalzh\/wp-json\/wp\/v2\/pages\/169\/revisions"}],"predecessor-version":[{"id":305,"href":"https:\/\/wordpress.nibis.de\/kgssalzh\/wp-json\/wp\/v2\/pages\/169\/revisions\/305"}],"wp:attachment":[{"href":"https:\/\/wordpress.nibis.de\/kgssalzh\/wp-json\/wp\/v2\/media?parent=169"}],"curies":[{"name":"wp","href":"https:\/\/api.w.org\/{rel}","templated":true}]}}