{"id":187,"date":"2023-10-18T16:44:56","date_gmt":"2023-10-18T14:44:56","guid":{"rendered":"https:\/\/wordpress.nibis.de\/kgssalzh\/?page_id=187"},"modified":"2025-01-10T10:00:54","modified_gmt":"2025-01-10T09:00:54","slug":"faq","status":"publish","type":"page","link":"https:\/\/wordpress.nibis.de\/kgssalzh\/faq\/","title":{"rendered":"FAQ"},"content":{"rendered":"\n<p class=\"has-text-align-center has-large-font-size\"><strong>FAQ <\/strong><\/p>\n\n\n\n<p class=\"has-x-large-font-size\"><strong>In Arbeit<\/strong><\/p>\n\n\n\n<p>Ein FAQ, was f\u00fcr &#8222;Frequently Asked Questions&#8220; steht, ist eine Sammlung von h\u00e4ufig gestellten Fragen und deren Antworten. Diese Liste dient dazu, h\u00e4ufige Anfragen oder Unsicherheiten vorwegzunehmen und auf einfache Weise zu kl\u00e4ren.<\/p>\n\n\n\n<h3 id=\"faq-test1\" class=\"arconix-faq-term-title arconix-faq-term-test1\">test1<\/h3><div id=\"faq-1072\" class=\"arconix-faq-wrap\"><div id=\"faq-frge2\" class=\"arconix-faq-title faq-closed\">frge 2<\/div><div class=\"arconix-faq-content faq-closed\">uad<\/div><\/div>\n\n\n\n<p><\/p>\n","protected":false},"excerpt":{"rendered":"<p>FAQ In Arbeit Ein FAQ, was f\u00fcr &#8222;Frequently Asked Questions&#8220; steht, ist eine Sammlung von h\u00e4ufig gestellten Fragen und deren Antworten. Diese Liste dient dazu, &hellip; <\/p>\n","protected":false},"author":9194300,"featured_media":0,"parent":0,"menu_order":0,"comment_status":"closed","ping_status":"closed","template":"","meta":{"footnotes":""},"class_list":["post-187","page","type-page","status-publish","hentry"],"_links":{"self":[{"href":"https:\/\/wordpress.nibis.de\/kgssalzh\/wp-json\/wp\/v2\/pages\/187","targetHints":{"allow":["GET"]}}],"collection":[{"href":"https:\/\/wordpress.nibis.de\/kgssalzh\/wp-json\/wp\/v2\/pages"}],"about":[{"href":"https:\/\/wordpress.nibis.de\/kgssalzh\/wp-json\/wp\/v2\/types\/page"}],"author":[{"embeddable":true,"href":"https:\/\/wordpress.nibis.de\/kgssalzh\/wp-json\/wp\/v2\/users\/9194300"}],"replies":[{"embeddable":true,"href":"https:\/\/wordpress.nibis.de\/kgssalzh\/wp-json\/wp\/v2\/comments?post=187"}],"version-history":[{"count":9,"href":"https:\/\/wordpress.nibis.de\/kgssalzh\/wp-json\/wp\/v2\/pages\/187\/revisions"}],"predecessor-version":[{"id":2174,"href":"https:\/\/wordpress.nibis.de\/kgssalzh\/wp-json\/wp\/v2\/pages\/187\/revisions\/2174"}],"wp:attachment":[{"href":"https:\/\/wordpress.nibis.de\/kgssalzh\/wp-json\/wp\/v2\/media?parent=187"}],"curies":[{"name":"wp","href":"https:\/\/api.w.org\/{rel}","templated":true}]}}