{"id":1886,"date":"2024-10-23T16:02:17","date_gmt":"2024-10-23T14:02:17","guid":{"rendered":"https:\/\/wordpress.nibis.de\/kgssalzh\/?page_id=1886"},"modified":"2026-01-30T10:57:33","modified_gmt":"2026-01-30T09:57:33","slug":"krankmelden","status":"publish","type":"page","link":"https:\/\/wordpress.nibis.de\/kgssalzh\/krankmelden\/","title":{"rendered":"Krankmelden"},"content":{"rendered":"<div class=\"wp-block-image\">\n<figure class=\"aligncenter size-full is-resized\"><a href=\"tel:+49515380760\"><img loading=\"lazy\" decoding=\"async\" width=\"640\" height=\"800\" src=\"https:\/\/wordpress.nibis.de\/kgssalzh\/files\/2024\/02\/Button_2024_Krankmeldenjpg.jpg\" alt=\"\" class=\"wp-image-1027\" style=\"width:160px;height:200px\" \/><\/a><\/figure>\n<\/div>\n\n\n<p><\/p>\n\n\n\n<h2 class=\"wp-block-heading has-vivid-red-color has-text-color\"><a href=\"#sek2\">Hier direkt zur SEK II<\/a><\/h2>\n\n\n\n<p><\/p>\n\n\n\n<h2 class=\"wp-block-heading\" id=\"Sek1\">SEK I: Entschuldigungsregelungen f\u00fcr Sch\u00fclerinnen und Sch\u00fcler<\/h2>\n\n\n\n<p>Jahrgang 5-10<\/p>\n\n\n\n<h2 class=\"wp-block-heading\">Bei Krankheit:<\/h2>\n\n\n\n<p>Krankmeldung \u00fcber Erziehungsberechtigte an das Sekretariat morgens bis 8 Uhr<\/p>\n\n\n\n<ul class=\"wp-block-list\">\n<li><strong>per Untis-App \u00e0 \u201eAbwesenheiten\u201c (NICHT per Untis Mittteilung) oder<\/strong><\/li>\n\n\n\n<li>per Mail: <a href=\"m&#97;&#105;&#x6c;&#x74;o:&#75;&#114;&#x61;&#x6e;km&#101;&#108;&#x64;&#x75;ng&#64;&#x6b;&#x67;&#x73;-&#115;&#97;&#x6c;&#x7a;&#x68;e&#109;&#109;&#x65;&#x6e;&#x64;o&#114;&#102;&#x2e;&#x65;&#x75;\">&#75;&#x72;&#x61;n&#107;&#x6d;e&#108;&#x64;&#x75;&#110;&#x67;&#x40;k&#103;&#x73;-&#115;&#x61;&#x6c;&#122;&#x68;&#x65;m&#109;&#x65;n&#100;&#x6f;&#x72;&#102;&#x2e;&#x65;u<\/a> oder<\/li>\n\n\n\n<li>telefonisch 05153 8076 0<\/li>\n<\/ul>\n\n\n\n<p>Ab dem 3. Fehltag muss eine schriftliche Entschuldigung dem Sekretariat vorliegen (Mail\/ handschriftlich\/ \u00c4rztl. Bescheinigung). Die schriftliche Entschuldigung muss sp\u00e4testens am dritten Tag nach der R\u00fcckkehr in die Schule eingereicht werden.<\/p>\n\n\n\n<p><strong>Beispiele:<\/strong> <br>Ihr Kind ist am Montag wieder gesund in der Schule. Letzter Abgabetag der Entschuldigung: Mittwoch.<br>Ihr Kind ist am Freitag wieder gesund in der Schule. Letzter Abgabetag der Entschuldigung: Dienstag.<\/p>\n\n\n\n<h2 class=\"wp-block-heading\">Krankheit bei Klassenarbeiten:<\/h2>\n\n\n\n<p>Erziehungsberechtigte pr\u00fcfen selbstst\u00e4ndig \u00fcber Untis Mobile, ob an diesen Tagen eine Klassenarbeit geschrieben wurde.<br>Liegt keine Entschuldigung vor, gibt es kein Anrecht auf Nachschreiben.<\/p>\n\n\n\n<h2 class=\"wp-block-heading\">Krankheit bei Sprechpr\u00fcfungen und Abschlusspr\u00fcfungen:<\/h2>\n\n\n\n<p>Es muss am Tag des Fehlens eine \u00e4rztliche Bescheinigung im Sekretariat eingereicht werden.<\/p>\n\n\n\n<p><strong>Die Schulleitung kann entscheiden, dass auch bei k\u00fcrzeren Fehlzeiten eine schriftliche Entschuldigung und oder eine \u00e4rztliche Bescheinigung vorgelegt werden muss.<\/strong><\/p>\n\n\n\n<h2 class=\"wp-block-heading\" id=\"sek2\">Sek II: Entschuldigungsregelungen<\/h2>\n\n\n\n<p><strong>Jahrgang 11<\/strong><\/p>\n\n\n\n<h2 class=\"wp-block-heading\">Bei Krankheit:<\/h2>\n\n\n\n<p>Krankmeldung an das Sekretariat morgens bis 8 Uhr<\/p>\n\n\n\n<ul class=\"wp-block-list\">\n<li>telefonisch 05153 8076 0 oder<\/li>\n\n\n\n<li>per Mail: <a href=\"&#x6d;&#x61;&#x69;&#x6c;&#x74;&#x6f;&#x3a;&#x4b;&#x72;&#x61;&#x6e;&#x6b;&#x6d;&#x65;&#x6c;&#x64;&#x75;&#x6e;&#x67;&#x40;&#x6b;&#x67;&#x73;&#x2d;&#x73;&#x61;&#x6c;&#x7a;&#x68;&#x65;&#x6d;&#x6d;&#x65;&#x6e;&#x64;&#x6f;&#x72;&#x66;&#x2e;&#x65;&#x75;\">&#75;&#x72;&#97;&#x6e;k&#x6d;e&#108;&#x64;&#117;&#x6e;g&#x40;k&#103;&#x73;&#45;&#x73;a&#x6c;z&#104;&#x65;&#109;&#x6d;e&#x6e;d&#111;&#x72;&#102;&#x2e;e&#x75;<\/a> oder<\/li>\n\n\n\n<li>per Untis-App \u00e0 \u201eAbwesenheiten\u201c (NICHT per Untis Mittteilung)<\/li>\n<\/ul>\n\n\n\n<p>Ab dem 1. Fehltag muss eine schriftliche Entschuldigung dem Sekretariat vorliegen (handschriftlich\/ \u00c4rztl. Bescheinigung).<br>Ab dem 3. Fehltag (bei vollj\u00e4hrigen Sch\u00fclerInnen) muss eine schriftliche Entschuldigung dem Sekretariat vorliegen (\u00c4rztl. Bescheinigung).<\/p>\n\n\n\n<h2 class=\"wp-block-heading\">Krankheit bei Klausuren, Referaten. Pr\u00e4sentationen oder anderen terminierten Leistungsnachweisen:<\/h2>\n\n\n\n<p>Zus\u00e4tzlich zur schriftlichen Entschuldigung muss die unterrichtende Lehrkraft morgens informiert werden.<br>Eine \u00e4rztliche Bescheinigung muss sp\u00e4testens am dritten Tag nach der R\u00fcckkehr im Sekretariat eingereicht werden. Wird dieses Attest nicht vorgelegt, muss die Klausur\/ der Leistungsnachweis mit 00 Punkten gewertet werden.<br>Die schriftlichen Entschuldigungen m\u00fcssen sp\u00e4testens am dritten Tag nach der R\u00fcckkehr in die Schule eingereicht werden.<\/p>\n\n\n\n<p><strong>Die Schulleitung kann entscheiden, dass auch bei k\u00fcrzeren Fehlzeiten eine schriftliche Entschuldigung und oder (auch dauerhaft) eine \u00e4rztliche Bescheinigung vorgelegt werden muss.<\/strong><\/p>\n\n\n\n<p><strong>Jahrgang 12-13<\/strong><\/p>\n\n\n\n<h2 class=\"wp-block-heading\">Bei Krankheit:<\/h2>\n\n\n\n<p>Krankmeldung an das Sekretariat morgens bis 8 Uhr<\/p>\n\n\n\n<ul class=\"wp-block-list\">\n<li>telefonisch 05153 8076 0 oder<\/li>\n\n\n\n<li>per Mail: <a href=\"m&#97;&#105;&#108;&#x74;&#x6f;&#x3a;Kr&#97;&#110;&#x6b;&#x6d;&#x65;&#x6c;du&#110;&#103;&#x40;&#x6b;&#x67;&#x73;-&#115;&#97;&#108;&#x7a;&#x68;&#x65;mm&#101;&#110;&#100;&#x6f;&#x72;&#x66;&#46;e&#117;\">&#75;&#x72;a&#110;&#x6b;&#109;&#x65;l&#100;&#x75;n&#x67;&#x40;&#107;&#x67;s&#45;&#x73;a&#x6c;&#x7a;&#104;&#x65;m&#109;&#x65;&#110;&#x64;o&#114;&#x66;&#46;&#101;&#x75;<\/a> oder<\/li>\n\n\n\n<li>per Untis-App \u00e0 \u201eAbwesenheiten\u201c (NICHT per Untis Mittteilung)<\/li>\n<\/ul>\n\n\n\n<p>Nach Wiederkehr in die Schule werden s\u00e4mtliche Fehlzeiten schriftlich innerhalb von drei Werktagen \u00fcber das <strong>Vers\u00e4umnisheft<\/strong> entschuldigt. Hierzu werden die vom Fernbleiben betroffenen Unterrichte in das Vers\u00e4umnisheft eingetragen und anschlie\u00dfend im Sekretariat vorgelegt.<\/p>\n\n\n\n<p>Ab dem 3. Fehltag (bei vollj\u00e4hrigen Sch\u00fclerInnen) muss eine schriftliche Entschuldigung dem Sekretariat vorliegen (\u00c4rztl. Bescheinigung).<\/p>\n\n\n\n<h2 class=\"wp-block-heading\">Krankheit bei Klausuren, Referaten. Pr\u00e4sentationen oder anderen terminierten Leistungsnachweisen:<\/h2>\n\n\n\n<p>Zus\u00e4tzlich zur schriftlichen Entschuldigung muss die unterrichtende Lehrkraft morgens informiert werden.<\/p>\n\n\n\n<p>Eine \u00e4rztliche Bescheinigung muss sp\u00e4testens am dritten Tag nach der R\u00fcckkehr im Sekretariat eingereicht werden. Wird dieses Attest nicht vorgelegt, muss die Klausur\/ der Leistungsnachweis mit 00 Punkten gewertet werden.<\/p>\n\n\n\n<p>Die schriftlichen Entschuldigungen m\u00fcssen sp\u00e4testens am dritten Tag nach der R\u00fcckkehr in die Schule eingereicht werden.<\/p>\n\n\n\n<p><strong>Die Schulleitung kann entscheiden, dass auch bei k\u00fcrzeren Fehlzeiten eine schriftliche Entschuldigung und oder eine \u00e4rztliche Bescheinigung vorgelegt werden muss.<\/strong><\/p>\n\n\n\n<p>Rechtsgrundlagen:<\/p>\n\n\n\n<p>Nieders\u00e4chsisches Schulgesetz (NSchG) in der Fassung vom 03.M\u00e4rz 1998 (Nds. GVBI. S. 137), zuletzt ge\u00e4ndert durch Artikel 1 des Gesetzes vom 10.12.2020.<\/p>\n\n\n\n<p>Erg\u00e4nzende Bestimmungen zum Rechtsverh\u00e4ltnis zur Schule und zur Schulpflicht hier: \u00a7\u00a7 58 bis 59a, \u00a7\u00a763 und \u00a770 Nieders\u00e4chsisches Schulgesetz (NSchG)<\/p>\n","protected":false},"excerpt":{"rendered":"<p>Hier direkt zur SEK II SEK I: Entschuldigungsregelungen f\u00fcr Sch\u00fclerinnen und Sch\u00fcler Jahrgang 5-10 Bei Krankheit: Krankmeldung \u00fcber Erziehungsberechtigte an das Sekretariat morgens bis 8 &hellip; <\/p>\n","protected":false},"author":9194300,"featured_media":0,"parent":0,"menu_order":0,"comment_status":"closed","ping_status":"closed","template":"","meta":{"footnotes":""},"class_list":["post-1886","page","type-page","status-publish","hentry"],"_links":{"self":[{"href":"https:\/\/wordpress.nibis.de\/kgssalzh\/wp-json\/wp\/v2\/pages\/1886","targetHints":{"allow":["GET"]}}],"collection":[{"href":"https:\/\/wordpress.nibis.de\/kgssalzh\/wp-json\/wp\/v2\/pages"}],"about":[{"href":"https:\/\/wordpress.nibis.de\/kgssalzh\/wp-json\/wp\/v2\/types\/page"}],"author":[{"embeddable":true,"href":"https:\/\/wordpress.nibis.de\/kgssalzh\/wp-json\/wp\/v2\/users\/9194300"}],"replies":[{"embeddable":true,"href":"https:\/\/wordpress.nibis.de\/kgssalzh\/wp-json\/wp\/v2\/comments?post=1886"}],"version-history":[{"count":18,"href":"https:\/\/wordpress.nibis.de\/kgssalzh\/wp-json\/wp\/v2\/pages\/1886\/revisions"}],"predecessor-version":[{"id":4414,"href":"https:\/\/wordpress.nibis.de\/kgssalzh\/wp-json\/wp\/v2\/pages\/1886\/revisions\/4414"}],"wp:attachment":[{"href":"https:\/\/wordpress.nibis.de\/kgssalzh\/wp-json\/wp\/v2\/media?parent=1886"}],"curies":[{"name":"wp","href":"https:\/\/api.w.org\/{rel}","templated":true}]}}