{"id":1904,"date":"2024-10-23T16:24:02","date_gmt":"2024-10-23T14:24:02","guid":{"rendered":"https:\/\/wordpress.nibis.de\/kgssalzh\/?page_id=1904"},"modified":"2024-10-23T16:32:25","modified_gmt":"2024-10-23T14:32:25","slug":"anfahrt","status":"publish","type":"page","link":"https:\/\/wordpress.nibis.de\/kgssalzh\/anfahrt\/","title":{"rendered":"Anfahrt"},"content":{"rendered":"\n<div class=\"wp-block-group alignfull\"><div class=\"wp-block-group__inner-container is-layout-flow wp-block-group-is-layout-flow\">\n<p class=\"has-text-align-center\"><strong><em>Schule am Kanstein<\/em><\/strong><br>KGS Salzhemmendorf<\/p>\n\n\n\n<p class=\"has-text-align-center\">Lauensteiner Weg 24<br>31020 Salzhemmendorf<\/p>\n<\/div><\/div>\n\n\n\n<div class=\"wp-block-media-text alignwide is-stacked-on-mobile\"><figure class=\"wp-block-media-text__media\"><img loading=\"lazy\" decoding=\"async\" width=\"332\" height=\"300\" src=\"https:\/\/wordpress.nibis.de\/kgssalzh\/files\/2024\/10\/2024-10-23-logo-die-oeffis-nahverkehr-hameln-pyrmont-2x.jpg\" alt=\"\" class=\"wp-image-1913 size-full\" \/><\/figure><div class=\"wp-block-media-text__content\">\n<p><a href=\"https:\/\/www.oeffis.de\/\">https:\/\/www.oeffis.de\/<\/a><\/p>\n\n\n\n<p><strong>Linie 50<\/strong>\u00a0 Hameln-Diedersen-Bisperode-Coppenbr\u00fcgge-Lauenstein-Salzhemmendorf-Th\u00fcste<br><strong>Linie 51<\/strong>\u00a0 Hameln-Hastenbeck-Voremberg-Bisperode-Harderode-Halle-Bodenwerder<br><strong>Linie 52<\/strong>\u00a0 Bad M\u00fcnder-Brullsen-Br\u00fcnnighausen-Coppenbr\u00fcgge- Voldagsen-Salzhemmendorf\u00a0<br><strong>Linie 53<\/strong>\u00a0 Klein S\u00fcntel-Hohnsen-Coppenbr\u00fcgge-Salzhemmendorf\u00a0<br><strong>Linie 54<\/strong>\u00a0 Herkensen-Hohnsen-Bisperode-Lauenstein-Salzhemmendorf<br><strong>Linie 59<\/strong>\u00a0 Hehlen &#8211; Bodenwerder \/ Heyen &#8211; Harderode &#8211; Salzhemmendorf<br><strong>Linie 71<\/strong>\u00a0 Ahrenfeld\/Quanthof-Osterwald-Oldendorf-Salzhemmendorf\u00a0<br><strong>Linie 72<\/strong>\u00a0 Th\u00fcste-Wallensen-Ockensen-Levedagsen-Salzhemmendorf\u00a0<\/p>\n<\/div><\/div>\n\n\n\n<pre class=\"wp-block-code\"><code>\n<\/code><\/pre>\n","protected":false},"excerpt":{"rendered":"<p>Schule am KansteinKGS Salzhemmendorf Lauensteiner Weg 2431020 Salzhemmendorf https:\/\/www.oeffis.de\/ Linie 50\u00a0 Hameln-Diedersen-Bisperode-Coppenbr\u00fcgge-Lauenstein-Salzhemmendorf-Th\u00fcsteLinie 51\u00a0 Hameln-Hastenbeck-Voremberg-Bisperode-Harderode-Halle-BodenwerderLinie 52\u00a0 Bad M\u00fcnder-Brullsen-Br\u00fcnnighausen-Coppenbr\u00fcgge- Voldagsen-Salzhemmendorf\u00a0Linie 53\u00a0 Klein S\u00fcntel-Hohnsen-Coppenbr\u00fcgge-Salzhemmendorf\u00a0Linie 54\u00a0 Herkensen-Hohnsen-Bisperode-Lauenstein-SalzhemmendorfLinie 59\u00a0 Hehlen &hellip; <\/p>\n","protected":false},"author":9194300,"featured_media":0,"parent":0,"menu_order":0,"comment_status":"closed","ping_status":"closed","template":"","meta":{"footnotes":""},"class_list":["post-1904","page","type-page","status-publish","hentry"],"_links":{"self":[{"href":"https:\/\/wordpress.nibis.de\/kgssalzh\/wp-json\/wp\/v2\/pages\/1904","targetHints":{"allow":["GET"]}}],"collection":[{"href":"https:\/\/wordpress.nibis.de\/kgssalzh\/wp-json\/wp\/v2\/pages"}],"about":[{"href":"https:\/\/wordpress.nibis.de\/kgssalzh\/wp-json\/wp\/v2\/types\/page"}],"author":[{"embeddable":true,"href":"https:\/\/wordpress.nibis.de\/kgssalzh\/wp-json\/wp\/v2\/users\/9194300"}],"replies":[{"embeddable":true,"href":"https:\/\/wordpress.nibis.de\/kgssalzh\/wp-json\/wp\/v2\/comments?post=1904"}],"version-history":[{"count":8,"href":"https:\/\/wordpress.nibis.de\/kgssalzh\/wp-json\/wp\/v2\/pages\/1904\/revisions"}],"predecessor-version":[{"id":1918,"href":"https:\/\/wordpress.nibis.de\/kgssalzh\/wp-json\/wp\/v2\/pages\/1904\/revisions\/1918"}],"wp:attachment":[{"href":"https:\/\/wordpress.nibis.de\/kgssalzh\/wp-json\/wp\/v2\/media?parent=1904"}],"curies":[{"name":"wp","href":"https:\/\/api.w.org\/{rel}","templated":true}]}}