{"id":269,"date":"2023-10-25T15:53:37","date_gmt":"2023-10-25T13:53:37","guid":{"rendered":"https:\/\/wordpress.nibis.de\/kgssalzh\/?page_id=269"},"modified":"2023-11-19T18:36:54","modified_gmt":"2023-11-19T17:36:54","slug":"christina-mueller","status":"publish","type":"page","link":"https:\/\/wordpress.nibis.de\/kgssalzh\/christina-mueller\/","title":{"rendered":"Christina M\u00fcller"},"content":{"rendered":"\n<div class=\"wp-block-group alignfull\"><div class=\"wp-block-group__inner-container is-layout-flow wp-block-group-is-layout-flow\">\n<div class=\"wp-block-media-text alignwide has-media-on-the-right is-stacked-on-mobile is-style-tw-shadow tw-stack-md\" style=\"grid-template-columns:auto 30%\"><figure class=\"wp-block-media-text__media\"><img loading=\"lazy\" decoding=\"async\" width=\"1708\" height=\"2560\" src=\"https:\/\/wordpress.nibis.de\/kgssalzh\/files\/2023\/10\/Mueller-scaled.jpg\" alt=\"\" class=\"wp-image-251 size-full\" srcset=\"https:\/\/wordpress.nibis.de\/kgssalzh\/files\/2023\/10\/Mueller-scaled.jpg 1708w, https:\/\/wordpress.nibis.de\/kgssalzh\/files\/2023\/10\/Mueller-768x1151.jpg 768w, https:\/\/wordpress.nibis.de\/kgssalzh\/files\/2023\/10\/Mueller-1025x1536.jpg 1025w, https:\/\/wordpress.nibis.de\/kgssalzh\/files\/2023\/10\/Mueller-1367x2048.jpg 1367w\" sizes=\"auto, (max-width: 1708px) 100vw, 1708px\" \/><\/figure><div class=\"wp-block-media-text__content\">\n<h2 class=\"wp-block-heading\">Hallo!<\/h2>\n\n\n\n<p>Ich bin die Didaktische Leitung und k\u00fcmmere mich u.a. um die neuen 5. Jahrg\u00e4nge.<\/p>\n\n\n\n<h3 class=\"tw-mb-4 has-medium-font-size wp-block-heading\">Kontakt<\/h3>\n\n\n\n<p>Christina M\u00fcller<\/p>\n\n\n\n<p>Lauensteiner Weg 24<br>Salzhemmendorf Niedersachsen 31020 Deutschland<\/p>\n\n\n\n<p><a href=\"m&#97;&#105;&#x6c;&#x74;&#x6f;&#x3a;c&#104;&#114;&#105;&#x73;&#x74;&#x69;na&#46;&#109;&#x75;&#x65;&#x6c;le&#114;&#64;&#x6b;&#x67;&#x73;-s&#97;&#108;&#x7a;&#x68;&#x65;mm&#101;&#110;&#x64;&#x6f;&#x72;f&#46;&#101;&#117;\"><span style=\"color:#69a243\" class=\"tadv-color\">chr&#105;&#115;&#116;&#x69;&#x6e;&#x61;&#x2e;&#x6d;&#x75;ell&#101;&#114;&#64;&#107;&#x67;&#x73;&#x2d;&#x73;&#x61;&#x6c;zhe&#109;&#109;&#101;&#x6e;&#x64;&#x6f;&#x72;&#x66;&#x2e;eu<\/span><\/a><\/p>\n\n\n\n<p><span style=\"color:#69a243\" class=\"tadv-color\">05153 &#8211; 8076 0<\/span><\/p>\n\n\n\n<p><\/p>\n<\/div><\/div>\n<\/div><\/div>\n\n\n\n<div style=\"height:40px\" aria-hidden=\"true\" class=\"wp-block-spacer\"><\/div>\n\n\n\n<div class=\"wp-block-contact-form-7-contact-form-selector\">\n<div class=\"wpcf7 no-js\" id=\"wpcf7-f476-o1\" lang=\"de-DE\" dir=\"ltr\" data-wpcf7-id=\"476\">\n<div class=\"screen-reader-response\"><p role=\"status\" aria-live=\"polite\" aria-atomic=\"true\"><\/p> <ul><\/ul><\/div>\n<form action=\"\/kgssalzh\/wp-json\/wp\/v2\/pages\/269#wpcf7-f476-o1\" method=\"post\" class=\"wpcf7-form init\" aria-label=\"Kontaktformular\" novalidate=\"novalidate\" data-status=\"init\">\n<fieldset class=\"hidden-fields-container\"><input type=\"hidden\" name=\"_wpcf7\" value=\"476\" \/><input type=\"hidden\" name=\"_wpcf7_version\" value=\"6.1.5\" \/><input type=\"hidden\" name=\"_wpcf7_locale\" value=\"de_DE\" \/><input type=\"hidden\" name=\"_wpcf7_unit_tag\" value=\"wpcf7-f476-o1\" \/><input type=\"hidden\" name=\"_wpcf7_container_post\" value=\"0\" \/><input type=\"hidden\" name=\"_wpcf7_posted_data_hash\" value=\"\" \/>\n<\/fieldset>\n<div class=\"wpcf7-turnstile cf-turnstile\" data-sitekey=\"0x4AAAAAAA0jLh2IoAW-C2aO\" data-response-field-name=\"_wpcf7_turnstile_response\"><\/div>\n\n<p><label> Dein Name<br \/>\n<span class=\"wpcf7-form-control-wrap\" data-name=\"your-name\"><input size=\"40\" maxlength=\"400\" class=\"wpcf7-form-control wpcf7-text wpcf7-validates-as-required\" aria-required=\"true\" aria-invalid=\"false\" value=\"\" type=\"text\" name=\"your-name\" \/><\/span> <\/label>\n<\/p>\n<p><label> Deine E-Mail-Adresse<br \/>\n<span class=\"wpcf7-form-control-wrap\" data-name=\"your-email\"><input size=\"40\" maxlength=\"400\" class=\"wpcf7-form-control wpcf7-email wpcf7-validates-as-required wpcf7-text wpcf7-validates-as-email\" aria-required=\"true\" aria-invalid=\"false\" value=\"\" type=\"email\" name=\"your-email\" \/><\/span> <\/label>\n<\/p>\n<p><label> Betreff<br \/>\n<span class=\"wpcf7-form-control-wrap\" data-name=\"your-subject\"><input size=\"40\" maxlength=\"400\" class=\"wpcf7-form-control wpcf7-text wpcf7-validates-as-required\" aria-required=\"true\" aria-invalid=\"false\" value=\"\" type=\"text\" name=\"your-subject\" \/><\/span> <\/label>\n<\/p>\n<p><label> Deine Nachricht (optional)<br \/>\n<span class=\"wpcf7-form-control-wrap\" data-name=\"your-message\"><textarea cols=\"40\" rows=\"10\" maxlength=\"2000\" class=\"wpcf7-form-control wpcf7-textarea\" aria-invalid=\"false\" name=\"your-message\"><\/textarea><\/span> <\/label>\n<\/p>\n<p><input class=\"wpcf7-form-control wpcf7-submit has-spinner\" type=\"submit\" value=\"Senden\" \/>\n<\/p><div class=\"wpcf7-response-output\" aria-hidden=\"true\"><\/div>\n<\/form>\n<\/div>\n<\/div>\n","protected":false},"excerpt":{"rendered":"<p>Hallo! Ich bin die Didaktische Leitung und k\u00fcmmere mich u.a. um die neuen 5. Jahrg\u00e4nge. Kontakt Christina M\u00fcller Lauensteiner Weg 24Salzhemmendorf Niedersachsen 31020 Deutschland &#99;h&#x72;i&#x73;t&#x69;&#110;&#x61;&#46;&#x6d;&#117;e&#x6c;l&#x65;r&#x40;&#107;&#x67;&#115;&#x2d;&#115;&#x61;&#108;z&#x68;e&#x6d;m&#x65;&#110;&#x64;&#111;&#x72;&#102;&#x2e;&#101;u &hellip; <\/p>\n","protected":false},"author":9194300,"featured_media":0,"parent":0,"menu_order":0,"comment_status":"closed","ping_status":"closed","template":"","meta":{"footnotes":""},"class_list":["post-269","page","type-page","status-publish","hentry"],"_links":{"self":[{"href":"https:\/\/wordpress.nibis.de\/kgssalzh\/wp-json\/wp\/v2\/pages\/269","targetHints":{"allow":["GET"]}}],"collection":[{"href":"https:\/\/wordpress.nibis.de\/kgssalzh\/wp-json\/wp\/v2\/pages"}],"about":[{"href":"https:\/\/wordpress.nibis.de\/kgssalzh\/wp-json\/wp\/v2\/types\/page"}],"author":[{"embeddable":true,"href":"https:\/\/wordpress.nibis.de\/kgssalzh\/wp-json\/wp\/v2\/users\/9194300"}],"replies":[{"embeddable":true,"href":"https:\/\/wordpress.nibis.de\/kgssalzh\/wp-json\/wp\/v2\/comments?post=269"}],"version-history":[{"count":10,"href":"https:\/\/wordpress.nibis.de\/kgssalzh\/wp-json\/wp\/v2\/pages\/269\/revisions"}],"predecessor-version":[{"id":480,"href":"https:\/\/wordpress.nibis.de\/kgssalzh\/wp-json\/wp\/v2\/pages\/269\/revisions\/480"}],"wp:attachment":[{"href":"https:\/\/wordpress.nibis.de\/kgssalzh\/wp-json\/wp\/v2\/media?parent=269"}],"curies":[{"name":"wp","href":"https:\/\/api.w.org\/{rel}","templated":true}]}}