{"id":276,"date":"2023-10-25T15:58:27","date_gmt":"2023-10-25T13:58:27","guid":{"rendered":"https:\/\/wordpress.nibis.de\/kgssalzh\/?page_id=276"},"modified":"2024-02-04T17:47:11","modified_gmt":"2024-02-04T16:47:11","slug":"sebastian-happe","status":"publish","type":"page","link":"https:\/\/wordpress.nibis.de\/kgssalzh\/sebastian-happe\/","title":{"rendered":"Sebastian Happe"},"content":{"rendered":"\n<div class=\"wp-block-group alignfull\"><div class=\"wp-block-group__inner-container is-layout-flow wp-block-group-is-layout-flow\">\n<div class=\"wp-block-media-text alignwide has-media-on-the-right is-stacked-on-mobile is-style-default tw-stack-md\" style=\"grid-template-columns:auto 30%\"><figure class=\"wp-block-media-text__media\"><img loading=\"lazy\" decoding=\"async\" width=\"1708\" height=\"2560\" src=\"https:\/\/wordpress.nibis.de\/kgssalzh\/files\/2023\/10\/Happe-scaled.jpg\" alt=\"\" class=\"wp-image-253 size-full\" srcset=\"https:\/\/wordpress.nibis.de\/kgssalzh\/files\/2023\/10\/Happe-scaled.jpg 1708w, https:\/\/wordpress.nibis.de\/kgssalzh\/files\/2023\/10\/Happe-768x1151.jpg 768w, https:\/\/wordpress.nibis.de\/kgssalzh\/files\/2023\/10\/Happe-1025x1536.jpg 1025w, https:\/\/wordpress.nibis.de\/kgssalzh\/files\/2023\/10\/Happe-1367x2048.jpg 1367w\" sizes=\"auto, (max-width: 1708px) 100vw, 1708px\" \/><\/figure><div class=\"wp-block-media-text__content\">\n<h2 class=\"wp-block-heading\">Hallo!<\/h2>\n\n\n\n<p><br>Ich bin Sebastian Happe seit 2009 an der KGS und seit 2019 Direktorstellvertreter. An unserer Schule bin ich verantwortlich f\u00fcr den Stundenplan, Team-Leiter f\u00fcr den Vertretungsplan, Koordinator f\u00fcr Digitalisierung und Bauma\u00dfnahmen und Lehrkraft f\u00fcr Mathematik und Gestaltendes Werken.<\/p>\n\n\n\n<h3 class=\"tw-mb-4 has-medium-font-size wp-block-heading\">Kontakt<\/h3>\n\n\n\n<p>Lauensteiner Weg 24<br>Salzhemmendorf Niedersachsen 31020 Deutschland<\/p>\n\n\n\n<p><a href=\"&#x6d;&#97;&#x69;&#x6c;&#116;&#x6f;&#58;s&#x65;&#98;a&#x73;&#116;i&#x61;&#110;&#46;&#x68;&#97;&#x70;&#x70;&#101;&#x40;&#x6b;&#103;&#x73;&#45;s&#x61;&#108;z&#x68;&#101;m&#x6d;&#101;n&#x64;&#111;&#x72;&#x66;&#46;&#x65;&#x75;\">s&#101;&#x62;&#x61;s&#116;&#x69;&#x61;n&#46;&#104;&#x61;&#x70;p&#101;&#x40;&#x6b;g&#115;&#x2d;&#x73;a&#108;&#122;&#x68;&#x65;m&#109;&#x65;&#x6e;d&#111;&#x72;&#x66;&#46;&#101;&#117;<\/a><\/p>\n\n\n\n<p>05153 &#8211; 8076 0<\/p>\n\n\n\n<p><\/p>\n<\/div><\/div>\n<\/div><\/div>\n\n\n\n<div class=\"wp-block-contact-form-7-contact-form-selector\">\n<div class=\"wpcf7 no-js\" id=\"wpcf7-f503-o1\" lang=\"de-DE\" dir=\"ltr\" data-wpcf7-id=\"503\">\n<div class=\"screen-reader-response\"><p role=\"status\" aria-live=\"polite\" aria-atomic=\"true\"><\/p> <ul><\/ul><\/div>\n<form action=\"\/kgssalzh\/wp-json\/wp\/v2\/pages\/276#wpcf7-f503-o1\" method=\"post\" class=\"wpcf7-form init\" aria-label=\"Kontaktformular\" novalidate=\"novalidate\" data-status=\"init\">\n<fieldset class=\"hidden-fields-container\"><input type=\"hidden\" name=\"_wpcf7\" value=\"503\" \/><input type=\"hidden\" name=\"_wpcf7_version\" value=\"6.1.5\" \/><input type=\"hidden\" name=\"_wpcf7_locale\" value=\"de_DE\" \/><input type=\"hidden\" name=\"_wpcf7_unit_tag\" value=\"wpcf7-f503-o1\" \/><input type=\"hidden\" name=\"_wpcf7_container_post\" value=\"0\" \/><input type=\"hidden\" name=\"_wpcf7_posted_data_hash\" value=\"\" \/>\n<\/fieldset>\n<div class=\"wpcf7-turnstile cf-turnstile\" data-sitekey=\"0x4AAAAAAA0jLh2IoAW-C2aO\" data-response-field-name=\"_wpcf7_turnstile_response\"><\/div>\n\n<p><label> Dein Name<br \/>\n<span class=\"wpcf7-form-control-wrap\" data-name=\"your-name\"><input size=\"40\" maxlength=\"400\" class=\"wpcf7-form-control wpcf7-text wpcf7-validates-as-required\" aria-required=\"true\" aria-invalid=\"false\" value=\"\" type=\"text\" name=\"your-name\" \/><\/span> <\/label>\n<\/p>\n<p><label> Deine E-Mail-Adresse<br \/>\n<span class=\"wpcf7-form-control-wrap\" data-name=\"your-email\"><input size=\"40\" maxlength=\"400\" class=\"wpcf7-form-control wpcf7-email wpcf7-validates-as-required wpcf7-text wpcf7-validates-as-email\" aria-required=\"true\" aria-invalid=\"false\" value=\"\" type=\"email\" name=\"your-email\" \/><\/span> <\/label>\n<\/p>\n<p><label> Betreff<br \/>\n<span class=\"wpcf7-form-control-wrap\" data-name=\"your-subject\"><input size=\"40\" maxlength=\"400\" class=\"wpcf7-form-control wpcf7-text wpcf7-validates-as-required\" aria-required=\"true\" aria-invalid=\"false\" value=\"\" type=\"text\" name=\"your-subject\" \/><\/span> <\/label>\n<\/p>\n<p><label> Deine Nachricht (optional)<br \/>\n<span class=\"wpcf7-form-control-wrap\" data-name=\"your-message\"><textarea cols=\"40\" rows=\"10\" maxlength=\"2000\" class=\"wpcf7-form-control wpcf7-textarea\" aria-invalid=\"false\" name=\"your-message\"><\/textarea><\/span> <\/label>\n<\/p>\n<p><input class=\"wpcf7-form-control wpcf7-submit has-spinner\" type=\"submit\" value=\"Senden\" \/>\n<\/p><div class=\"wpcf7-response-output\" aria-hidden=\"true\"><\/div>\n<\/form>\n<\/div>\n<\/div>\n","protected":false},"excerpt":{"rendered":"<p>Hallo! Ich bin Sebastian Happe seit 2009 an der KGS und seit 2019 Direktorstellvertreter. An unserer Schule bin ich verantwortlich f\u00fcr den Stundenplan, Team-Leiter f\u00fcr &hellip; <\/p>\n","protected":false},"author":9194300,"featured_media":0,"parent":0,"menu_order":0,"comment_status":"closed","ping_status":"closed","template":"","meta":{"footnotes":""},"class_list":["post-276","page","type-page","status-publish","hentry"],"_links":{"self":[{"href":"https:\/\/wordpress.nibis.de\/kgssalzh\/wp-json\/wp\/v2\/pages\/276","targetHints":{"allow":["GET"]}}],"collection":[{"href":"https:\/\/wordpress.nibis.de\/kgssalzh\/wp-json\/wp\/v2\/pages"}],"about":[{"href":"https:\/\/wordpress.nibis.de\/kgssalzh\/wp-json\/wp\/v2\/types\/page"}],"author":[{"embeddable":true,"href":"https:\/\/wordpress.nibis.de\/kgssalzh\/wp-json\/wp\/v2\/users\/9194300"}],"replies":[{"embeddable":true,"href":"https:\/\/wordpress.nibis.de\/kgssalzh\/wp-json\/wp\/v2\/comments?post=276"}],"version-history":[{"count":6,"href":"https:\/\/wordpress.nibis.de\/kgssalzh\/wp-json\/wp\/v2\/pages\/276\/revisions"}],"predecessor-version":[{"id":1282,"href":"https:\/\/wordpress.nibis.de\/kgssalzh\/wp-json\/wp\/v2\/pages\/276\/revisions\/1282"}],"wp:attachment":[{"href":"https:\/\/wordpress.nibis.de\/kgssalzh\/wp-json\/wp\/v2\/media?parent=276"}],"curies":[{"name":"wp","href":"https:\/\/api.w.org\/{rel}","templated":true}]}}