{"id":29,"date":"2023-10-17T20:12:29","date_gmt":"2023-10-17T18:12:29","guid":{"rendered":"https:\/\/wordpress.nibis.de\/kgssalzh\/?page_id=29"},"modified":"2025-09-23T16:07:51","modified_gmt":"2025-09-23T14:07:51","slug":"kontakt","status":"publish","type":"page","link":"https:\/\/wordpress.nibis.de\/kgssalzh\/kontakt\/","title":{"rendered":"Kontakt"},"content":{"rendered":"\n<p><\/p>\n\n\n\n<div class=\"wp-block-group alignfull\"><div class=\"wp-block-group__inner-container is-layout-flow wp-block-group-is-layout-flow\">\n<h2 class=\"has-text-align-center wp-block-heading\">Das Sekretariat<\/h2>\n\n\n\n<div class=\"wp-block-columns alignwide tw-cols-stack-sm is-layout-flex wp-container-core-columns-is-layout-abceabcf wp-block-columns-is-layout-flex\">\n<div class=\"wp-block-column is-layout-flow wp-block-column-is-layout-flow\">\n<figure class=\"wp-block-image size-full is-style-tw-rounded-corners\"><a href=\"https:\/\/wordpress.nibis.de\/kgssalzh\/melanie-siegesmund\/\"><img loading=\"lazy\" decoding=\"async\" width=\"1708\" height=\"2560\" src=\"https:\/\/wordpress.nibis.de\/kgssalzh\/files\/2023\/10\/2023_Personen_-Siegesmund-scaled.jpg\" alt=\"\" class=\"wp-image-384\" srcset=\"https:\/\/wordpress.nibis.de\/kgssalzh\/files\/2023\/10\/2023_Personen_-Siegesmund-scaled.jpg 1708w, https:\/\/wordpress.nibis.de\/kgssalzh\/files\/2023\/10\/2023_Personen_-Siegesmund-768x1151.jpg 768w, https:\/\/wordpress.nibis.de\/kgssalzh\/files\/2023\/10\/2023_Personen_-Siegesmund-1025x1536.jpg 1025w, https:\/\/wordpress.nibis.de\/kgssalzh\/files\/2023\/10\/2023_Personen_-Siegesmund-1367x2048.jpg 1367w\" sizes=\"auto, (max-width: 1708px) 100vw, 1708px\" \/><\/a><\/figure>\n\n\n\n<h3 class=\"tw-mb-1 has-medium-font-size wp-block-heading\">Melanie Siegesmund<\/h3>\n\n\n\n<p class=\"has-small-font-size\">Gesch\u00e4ftszimmer<\/p>\n<\/div>\n\n\n\n<div class=\"wp-block-column is-layout-flow wp-block-column-is-layout-flow\">\n<figure class=\"wp-block-image size-full is-style-tw-rounded-corners\"><img loading=\"lazy\" decoding=\"async\" width=\"1708\" height=\"2560\" src=\"https:\/\/wordpress.nibis.de\/kgssalzh\/files\/2024\/08\/Personen_1-scaled.jpg\" alt=\"\" class=\"wp-image-1595\" srcset=\"https:\/\/wordpress.nibis.de\/kgssalzh\/files\/2024\/08\/Personen_1-scaled.jpg 1708w, https:\/\/wordpress.nibis.de\/kgssalzh\/files\/2024\/08\/Personen_1-768x1151.jpg 768w, https:\/\/wordpress.nibis.de\/kgssalzh\/files\/2024\/08\/Personen_1-1025x1536.jpg 1025w, https:\/\/wordpress.nibis.de\/kgssalzh\/files\/2024\/08\/Personen_1-1367x2048.jpg 1367w\" sizes=\"auto, (max-width: 1708px) 100vw, 1708px\" \/><\/figure>\n\n\n\n<h3 class=\"tw-mb-1 has-medium-font-size wp-block-heading\">Elisabeth Klemt<\/h3>\n\n\n\n<p class=\"has-small-font-size\">Gesch\u00e4ftszimmer<\/p>\n<\/div>\n\n\n\n<div class=\"wp-block-column is-layout-flow wp-block-column-is-layout-flow\">\n<figure class=\"wp-block-image size-full is-style-tw-rounded-corners\"><img loading=\"lazy\" decoding=\"async\" width=\"1708\" height=\"2560\" src=\"https:\/\/wordpress.nibis.de\/kgssalzh\/files\/2024\/08\/Personen_1-scaled.jpg\" alt=\"\" class=\"wp-image-1595\" srcset=\"https:\/\/wordpress.nibis.de\/kgssalzh\/files\/2024\/08\/Personen_1-scaled.jpg 1708w, https:\/\/wordpress.nibis.de\/kgssalzh\/files\/2024\/08\/Personen_1-768x1151.jpg 768w, https:\/\/wordpress.nibis.de\/kgssalzh\/files\/2024\/08\/Personen_1-1025x1536.jpg 1025w, https:\/\/wordpress.nibis.de\/kgssalzh\/files\/2024\/08\/Personen_1-1367x2048.jpg 1367w\" sizes=\"auto, (max-width: 1708px) 100vw, 1708px\" \/><\/figure>\n\n\n\n<h3 class=\"tw-mb-1 has-medium-font-size wp-block-heading\">Katrin Gro\u00df<\/h3>\n\n\n\n<p class=\"has-small-font-size\">Sch\u00fclersekretariat<\/p>\n<\/div>\n\n\n\n<div class=\"wp-block-column is-layout-flow wp-block-column-is-layout-flow\">\n<figure class=\"wp-block-image size-full is-style-tw-rounded-corners\"><a href=\"https:\/\/wordpress.nibis.de\/kgssalzh\/sabine-fuhrmeister\/\"><img loading=\"lazy\" decoding=\"async\" width=\"1708\" height=\"2560\" src=\"https:\/\/wordpress.nibis.de\/kgssalzh\/files\/2023\/10\/2023_Personen_Fuhrmeister-scaled.jpg\" alt=\"\" class=\"wp-image-386\" srcset=\"https:\/\/wordpress.nibis.de\/kgssalzh\/files\/2023\/10\/2023_Personen_Fuhrmeister-scaled.jpg 1708w, https:\/\/wordpress.nibis.de\/kgssalzh\/files\/2023\/10\/2023_Personen_Fuhrmeister-768x1151.jpg 768w, https:\/\/wordpress.nibis.de\/kgssalzh\/files\/2023\/10\/2023_Personen_Fuhrmeister-1025x1536.jpg 1025w, https:\/\/wordpress.nibis.de\/kgssalzh\/files\/2023\/10\/2023_Personen_Fuhrmeister-1367x2048.jpg 1367w\" sizes=\"auto, (max-width: 1708px) 100vw, 1708px\" \/><\/a><\/figure>\n\n\n\n<h3 class=\"tw-mb-1 has-medium-font-size wp-block-heading\">Sabine Fuhrmeister<\/h3>\n\n\n\n<p class=\"has-small-font-size\">Sch\u00fclersekretariat<\/p>\n<\/div>\n<\/div>\n<\/div><\/div>\n\n\n\n<div class=\"wp-block-group alignfull\"><div class=\"wp-block-group__inner-container is-layout-flow wp-block-group-is-layout-flow\">\n<div class=\"wp-block-group\"><div class=\"wp-block-group__inner-container is-layout-flow wp-block-group-is-layout-flow\">\n<div class=\"wp-block-columns is-layout-flex wp-container-core-columns-is-layout-abceabcf wp-block-columns-is-layout-flex\">\n<div class=\"wp-block-column is-layout-flow wp-block-column-is-layout-flow\" style=\"--col-width:100%;flex-basis:100%\">\n<div class=\"wp-block-columns alignwide are-vertically-aligned-center tw-gutter-large tw-cols-stack-md is-layout-flex wp-container-core-columns-is-layout-abceabcf wp-block-columns-is-layout-flex\">\n<div class=\"wp-block-column is-vertically-aligned-center is-layout-flow wp-block-column-is-layout-flow\" style=\"--col-width:33.33%;flex-basis:33.33%\">\n<h2 class=\"wp-block-heading\">Melden Sie sich gerne!<\/h2>\n\n\n\n<h3 class=\"has-medium-font-size wp-block-heading\">Telefonisch und pers\u00f6nlich sind wir f\u00fcr Sie erreichbar:<\/h3>\n\n\n\n<p>Montag bis Freitag 07:00-09:35 und 11:25-13:30 Uhr<\/p>\n\n\n\n<h3 class=\"has-medium-font-size wp-block-heading\">Addresse<\/h3>\n\n\n\n<p>Lauensteiner Weg 24<br>31020 Salzhemmendorf<\/p>\n\n\n\n<h3 class=\"has-medium-font-size wp-block-heading\"><\/h3>\n\n\n\n<p><a href=\"tel:+49515380160\">05153 &#8211; 80760<\/a><br><a href=\"&#x6d;&#97;&#105;&#x6c;&#x74;&#111;&#58;&#x69;&#x6e;&#102;&#111;&#x40;&#x6b;&#103;&#115;&#x2d;&#x73;&#97;&#108;&#x7a;&#x68;&#101;&#109;&#x6d;&#x65;&#110;&#100;&#x6f;&#x72;&#102;&#46;&#x64;&#x65;\">&#105;&#x6e;&#x66;o&#64;&#x6b;g&#115;&#x2d;&#x73;&#97;&#x6c;&#x7a;h&#101;&#x6d;m&#101;&#x6e;&#x64;&#111;&#x72;&#x66;&#46;&#100;&#x65;<\/a><\/p>\n<\/div>\n\n\n\n<div class=\"wp-block-column is-vertically-aligned-center is-layout-flow wp-block-column-is-layout-flow\" style=\"--col-width:66.66%;flex-basis:66.66%\"><\/div>\n<\/div>\n<\/div>\n<\/div>\n<\/div><\/div>\n<\/div><\/div>\n\n\n\n<div class=\"wp-block-group alignfull\"><div class=\"wp-block-group__inner-container is-layout-flow wp-block-group-is-layout-flow\"><\/div><\/div>\n","protected":false},"excerpt":{"rendered":"<p>Das Sekretariat Melanie Siegesmund Gesch\u00e4ftszimmer Elisabeth Klemt Gesch\u00e4ftszimmer Katrin Gro\u00df Sch\u00fclersekretariat Sabine Fuhrmeister Sch\u00fclersekretariat Melden Sie sich gerne! Telefonisch und pers\u00f6nlich sind wir f\u00fcr Sie &hellip; <\/p>\n","protected":false},"author":9194300,"featured_media":0,"parent":0,"menu_order":0,"comment_status":"closed","ping_status":"closed","template":"","meta":{"footnotes":""},"class_list":["post-29","page","type-page","status-publish","hentry"],"_links":{"self":[{"href":"https:\/\/wordpress.nibis.de\/kgssalzh\/wp-json\/wp\/v2\/pages\/29","targetHints":{"allow":["GET"]}}],"collection":[{"href":"https:\/\/wordpress.nibis.de\/kgssalzh\/wp-json\/wp\/v2\/pages"}],"about":[{"href":"https:\/\/wordpress.nibis.de\/kgssalzh\/wp-json\/wp\/v2\/types\/page"}],"author":[{"embeddable":true,"href":"https:\/\/wordpress.nibis.de\/kgssalzh\/wp-json\/wp\/v2\/users\/9194300"}],"replies":[{"embeddable":true,"href":"https:\/\/wordpress.nibis.de\/kgssalzh\/wp-json\/wp\/v2\/comments?post=29"}],"version-history":[{"count":19,"href":"https:\/\/wordpress.nibis.de\/kgssalzh\/wp-json\/wp\/v2\/pages\/29\/revisions"}],"predecessor-version":[{"id":2964,"href":"https:\/\/wordpress.nibis.de\/kgssalzh\/wp-json\/wp\/v2\/pages\/29\/revisions\/2964"}],"wp:attachment":[{"href":"https:\/\/wordpress.nibis.de\/kgssalzh\/wp-json\/wp\/v2\/media?parent=29"}],"curies":[{"name":"wp","href":"https:\/\/api.w.org\/{rel}","templated":true}]}}