{"id":326,"date":"2023-10-25T17:19:22","date_gmt":"2023-10-25T15:19:22","guid":{"rendered":"https:\/\/wordpress.nibis.de\/kgssalzh\/?page_id=326"},"modified":"2024-10-17T18:20:13","modified_gmt":"2024-10-17T16:20:13","slug":"hauptschule","status":"publish","type":"page","link":"https:\/\/wordpress.nibis.de\/kgssalzh\/hauptschule\/","title":{"rendered":"Hauptschulzweig"},"content":{"rendered":"\n<p class=\"has-text-align-center has-large-font-size\"><strong>Unser Hauptschulzweig<\/strong><\/p>\n\n\n\n<div class=\"wp-block-columns is-layout-flex wp-container-core-columns-is-layout-abceabcf wp-block-columns-is-layout-flex\">\n<div class=\"wp-block-column is-layout-flow wp-block-column-is-layout-flow\" style=\"--col-width:66.66%;flex-basis:66.66%\">\n<p>Die Hauptschule vermittelt den Sch\u00fcler:innen eine grundlegende Allgemeinbildung und erm\u00f6glicht eine individuelle Berufsorientierung sowie eine individuelle Schwerpunktbildung in der beruflichen Bildung bis hin zur Vermittlung der Anforderungen des ersten Ausbildungsjahres einer Berufsausbildung. Sie f\u00f6rdert die Entwicklung eines zunehmend tieferen Verst\u00e4ndnisses f\u00fcr lebensnahe Sachverhalte und stattet die Sch\u00fcler:innen mit dem Wissen und K\u00f6nnen, den Einstellungen und Verhaltensweisen aus, die f\u00fcr die Orientierung in ihrer Lebenswelt und die Bew\u00e4ltigung der Anforderungen des Alltags notwendig sind. Sie unterst\u00fctzt die Sch\u00fcler:innen in der Entwicklung ihrer Selbstst\u00e4ndigkeit und ihrer F\u00e4higkeit zur Kooperation und Mitbestimmung. Hierdurch und durch ein gemeinsames Schulleben f\u00f6rdert sie das soziale Lernen der Sch\u00fcler:innen. Um sich auf das Berufsleben vorzubereiten, liegt ein besonderer Schwerpunkt auf der Zusammenarbeit mit dem Fachbereich \u201eArbeit-Wirtschaft-Technik\u201c. In den Jahrgangsstufen<br>7-9 bieten wir insgesamt 80 Tage Berufsorientierung an. Ab Jahrgang 6 nehmen die Sch\u00fcler:innen an zwei Stunden in der Woche schulzweig\u00fcbergreifend am Wahlpflichtunterricht teil.<\/p>\n\n\n\n<p><br><\/p>\n\n\n\n<h2 class=\"wp-block-heading\">Die Vorteile an der KGS Salzhemmendorf:<\/h2>\n\n\n\n<ul class=\"wp-block-list\"><li>\u00dcberg\u00e4nge von der Hauptschule in die Realschule und umgekehrt sind unkompliziert<\/li><li>an der Hauptschule k\u00f6nnen der F\u00f6rderschulabschluss Lernen, der Hauptschulabschluss nach Klasse 9 wie auch der Sekundarabschluss I \u2013 Hauptschulabschluss, der Sekundarabschluss I &#8211; Realschulabschluss und der Sekundarabschluss I \u2013 Erweiterter Realschulabschluss im freiwilligen 10. Schuljahr erworben werden<\/li><li>die F\u00e4cher Religion, Werte und Normen sowie Sport werden von Klasse 5 bis einschlie\u00dflich Klasse 10 kooperativ mit Sch\u00fcler:innen der Realschule und des Gymnasiums unterrichtet<\/li><li>ein gemeinsamer, kooperativ erteilter Wahlpflichtbereich<\/li><li>Sch\u00fcler:innen mit besonderen Begabungen in den F\u00e4chern Englisch oder Mathematik erhalten nach Einsch\u00e4tzung der jeweiligen Fachlehrkraft die M\u00f6glichkeit, verbindlich am Fachunterricht in der Realschule teilzunehmen<\/li><\/ul>\n<\/div>\n\n\n\n<div class=\"wp-block-column is-layout-flow wp-block-column-is-layout-flow\">\n<figure class=\"wp-block-image size-full\"><a href=\"https:\/\/wordpress.nibis.de\/kgssalzh\/jennifer-breck\/\"><img loading=\"lazy\" decoding=\"async\" width=\"1708\" height=\"2560\" src=\"https:\/\/wordpress.nibis.de\/kgssalzh\/files\/2023\/12\/2023_Personen_-23-scaled.jpg\" alt=\"\" class=\"wp-image-842\" srcset=\"https:\/\/wordpress.nibis.de\/kgssalzh\/files\/2023\/12\/2023_Personen_-23-scaled.jpg 1708w, https:\/\/wordpress.nibis.de\/kgssalzh\/files\/2023\/12\/2023_Personen_-23-768x1151.jpg 768w, https:\/\/wordpress.nibis.de\/kgssalzh\/files\/2023\/12\/2023_Personen_-23-1025x1536.jpg 1025w, https:\/\/wordpress.nibis.de\/kgssalzh\/files\/2023\/12\/2023_Personen_-23-1367x2048.jpg 1367w\" sizes=\"auto, (max-width: 1708px) 100vw, 1708px\" \/><\/a><figcaption>Hauptschulzweigleitung: Frau Breck<\/figcaption><\/figure>\n<\/div>\n<\/div>\n\n\n\n<h2 class=\"wp-block-heading\">Fachleistungskurse<\/h2>\n\n\n\n<p>Ab der 9. Klasse werden unsere Sch\u00fcler:innen in den F\u00e4chern Englisch und Mathematik in die Fachleistungskurse G und E eingeteilt. Im Fachleistungskurs G werden Grundkenntnisse vermittelt, im Fachleistungskurs E erh\u00f6hte Anforderungen gestellt. So k\u00f6nnen die Sch\u00fcler:innen entsprechend ihrer Leistungsm\u00f6glichkeiten gef\u00f6rdert bzw. gefordert werden.<\/p>\n\n\n\n<p>Kurswechsel sind jeweils am Ende eines Schulhalbjahres m\u00f6glich und abh\u00e4ngig von den schriftlichen, m\u00fcndlichen und fachspezifischen Leistungen. Mit Blick auf die Gesamtpers\u00f6nlichkeit der Sch\u00fcler:innen informieren die Lehrkr\u00e4fte vorab die Sch\u00fcler:innen und deren Erziehungsberechtigte und schlagen einen Wechsel vor.<\/p>\n\n\n\n<h2 class=\"wp-block-heading\">Die Schullaufbahn im Hauptschulzweig<\/h2>\n\n\n\n<figure class=\"wp-block-table\"><table><tbody><tr><td>Klasse<\/td><td>&nbsp;<\/td><td>&nbsp;<\/td><\/tr><tr><td>10<\/td><td><strong>Sekundarabschluss I<\/strong><br><strong>&nbsp;<\/strong><br><strong>&nbsp;<\/strong><br><br>Elternabend \u201eSchule und was dann?\u201c<br>&nbsp;<br><br>Berufsberatung<br><br>Wahlpflichtbereich<br><br>Fachleistungskurse<\/td><td><em>abh\u00e4ngig vom Notenschnitt und den Fachleistungskursen k\u00f6nnen der Hauptschulabschluss, der Realschulabschluss wie auch der Erweiterte Realschulabschluss erworben werden<br><br>Informationsveranstaltung \u00fcber weiterf\u00fchrende Schulen des Landkreises nach Klasse 10<br>&nbsp;<\/em><br><em>externe Beratung \u00fcber die Bundesagentur f\u00fcr Arbeit in der Schule<br><br>Neigungsf\u00e4cher w\u00e4hlen<\/em><br><br>Einteilung in den F\u00e4chern Englisch und Mathematik<\/td><\/tr><tr><td><strong>9<\/strong><\/td><td><strong><strong>Hauptschulabschluss<\/strong><br>&nbsp;<br>&nbsp;<br><\/strong>Bewerbungstraining<br><br>Berufsvorbereitung im zweiten Praktikum<br>&nbsp;<br>Elternabend \u201eSchule und was dann?\u201c<br>&nbsp;<br>&nbsp;<br>Berufsberatung<br><br>Wahlpflichtbereich<br><br>Fachleistungskurse<\/td><td>Beginn einer Berufsausbildung bzw. Wechsel an eine BBS oder Besuch des freiwilligen 10. Schuljahres an der KGS<br>&nbsp;<br>dreit\u00e4giges Modul im Klassenverband<br>&nbsp;<br>dreiw\u00f6chiges Betriebspraktikum (Sept.\/ Okt.)<br><br><br>Informationsveranstaltung \u00fcber weiterf\u00fchrende Schulen des Landkreises nach Klasse 9<br>&nbsp;<br>externe Beratung \u00fcber die Bundesagentur f\u00fcr Arbeit in der Schule<br><br>Neigungsf\u00e4cher w\u00e4hlen<br><br>Einteilung in den F\u00e4chern Englisch und Mathematik<\/td><\/tr><tr><td>8<\/td><td>Berufsvorbereitung im ersten Betriebspraktikum<br>&nbsp;<br>Projekt \u201eSpiel das Leben\u201c<br>&nbsp;<br>Werkstatttage<br>&nbsp;<br>&nbsp;&nbsp;<br>Wahlpflichtbereich<\/td><td><em>zweiw\u00f6chiges Betriebspraktikum (Apr.)<br>&nbsp;<br><br>einw\u00f6chiges Modul im Klassenverband<br>&nbsp;<br>au\u00dferhalb von Schule werden im Zeitraum von zwei Wochen Erfahrungen in f\u00fcnf Berufsfeldern gesammelt<br>&nbsp;<\/em><em><br>Neigungsf\u00e4cher w\u00e4hlen<\/em><\/td><\/tr><tr><td>7<\/td><td>Kompetenzfeststellungsverfahren<br>&nbsp;<br>&nbsp;<br>&nbsp;<br>Wahlpflichtbereich<\/td><td>Praxistage in der Schule; Erhebung von berufsrelevanten sowie \u00fcberfachlichen F\u00e4higkeiten und Fertigkeiten<br>&nbsp;<br>Neigungsf\u00e4cher w\u00e4hlen; zus\u00e4tzliche Entscheidung ab Jg 7 zwischen k\u00fcnstlerischem bzw. technischem Bereich<\/td><\/tr><tr><td>6<\/td><td>Wahlpflichtbereich<br>&nbsp;<br>Besuch der offenen Ganztagsschule<br>(bis 15 Uhr)<\/td><td>erste Schwerpunkte legen; Neigungsf\u00e4cher finden<br>&nbsp;<br>Mittagessen in der Mensa; Teilnahme an der Hausaufgabenbetreuung; Teilnahme an Arbeitsgemeinschaften<\/td><\/tr><tr><td>5<\/td><td>Besuch der offenen Ganztagsschule <\/td><td>Mittagessen in der Mensa; Teilnahme an der Hausaufgabenbetreuung; Teilnahme an Arbeitsgemeinschaften<\/td><\/tr><\/tbody><\/table><\/figure>\n","protected":false},"excerpt":{"rendered":"<p>Unser Hauptschulzweig Die Hauptschule vermittelt den Sch\u00fcler:innen eine grundlegende Allgemeinbildung und erm\u00f6glicht eine individuelle Berufsorientierung sowie eine individuelle Schwerpunktbildung in der beruflichen Bildung bis hin &hellip; <\/p>\n","protected":false},"author":9194300,"featured_media":0,"parent":0,"menu_order":0,"comment_status":"closed","ping_status":"closed","template":"","meta":{"footnotes":""},"class_list":["post-326","page","type-page","status-publish","hentry"],"_links":{"self":[{"href":"https:\/\/wordpress.nibis.de\/kgssalzh\/wp-json\/wp\/v2\/pages\/326","targetHints":{"allow":["GET"]}}],"collection":[{"href":"https:\/\/wordpress.nibis.de\/kgssalzh\/wp-json\/wp\/v2\/pages"}],"about":[{"href":"https:\/\/wordpress.nibis.de\/kgssalzh\/wp-json\/wp\/v2\/types\/page"}],"author":[{"embeddable":true,"href":"https:\/\/wordpress.nibis.de\/kgssalzh\/wp-json\/wp\/v2\/users\/9194300"}],"replies":[{"embeddable":true,"href":"https:\/\/wordpress.nibis.de\/kgssalzh\/wp-json\/wp\/v2\/comments?post=326"}],"version-history":[{"count":9,"href":"https:\/\/wordpress.nibis.de\/kgssalzh\/wp-json\/wp\/v2\/pages\/326\/revisions"}],"predecessor-version":[{"id":1769,"href":"https:\/\/wordpress.nibis.de\/kgssalzh\/wp-json\/wp\/v2\/pages\/326\/revisions\/1769"}],"wp:attachment":[{"href":"https:\/\/wordpress.nibis.de\/kgssalzh\/wp-json\/wp\/v2\/media?parent=326"}],"curies":[{"name":"wp","href":"https:\/\/api.w.org\/{rel}","templated":true}]}}