{"id":330,"date":"2023-10-25T17:19:48","date_gmt":"2023-10-25T15:19:48","guid":{"rendered":"https:\/\/wordpress.nibis.de\/kgssalzh\/?page_id=330"},"modified":"2026-02-01T10:36:06","modified_gmt":"2026-02-01T09:36:06","slug":"gymnasium","status":"publish","type":"page","link":"https:\/\/wordpress.nibis.de\/kgssalzh\/gymnasium\/","title":{"rendered":"Gymnasialzweig"},"content":{"rendered":"\n<p class=\"has-text-align-center has-large-font-size\"><strong>Unser Gymnasialzweig<\/strong><\/p>\n\n\n\n<div class=\"wp-block-columns is-layout-flex wp-container-core-columns-is-layout-abceabcf wp-block-columns-is-layout-flex\">\n<div class=\"wp-block-column is-layout-flow wp-block-column-is-layout-flow\" style=\"--col-width:66.66%;flex-basis:66.66%\">\n<p>Die KGS Salzhemmendorf bietet mit ihren drei Schulzweigen sowie der gymnasialen Oberstufe im Gymnasialzweig ein vollst\u00e4ndiges und wohnortnahes schulisches Angebot von der Klasse 5 bis zum Jahrgang 13. <\/p>\n\n\n\n<p>Hier profitieren die Sch\u00fclerInnen von den Vorteilen der drei eigenst\u00e4ndigen Schulzweige in Verbindung mit den Besonderheiten einer Gesamtschule.<\/p>\n\n\n\n<p>Die Arbeit im Gymnasialzweig der KGS Salzhemmendorf orientiert sich an den Erlassen des Nieders\u00e4chsischen Kultusministeriums f\u00fcr die Arbeit in den Schuljahrg\u00e4ngen 5-10 der&nbsp;<a rel=\"noreferrer noopener\" href=\"https:\/\/www.mk.niedersachsen.de\/download\/100080\/Erlass_Die_Arbeit_in_den_Schuljahrgaengen_5_bis_10_der_Kooperativen_Gesamtschule_KGS_-_Stand_1.8.2015.pdf\" target=\"_blank\">Kooperativen Gesamtschule<\/a> und des&nbsp;<a rel=\"noreferrer noopener\" href=\"https:\/\/www.mk.niedersachsen.de\/download\/98074\/Erlass_Die_Arbeit_in_den_Schuljahrgaengen_5_bis_10_des_Gymnasiums_v._23.6.2015.pdf\" target=\"_blank\">Gymnasiums<\/a> und den jeweils geltenden Kerncurricula der einzelnen Unterrichtsf\u00e4cher. Dementsprechend gleichen die Ziele und Vorgaben denen eines eigenst\u00e4ndigen Gymnasiums. Die Sch\u00fclerInnen sollen die Kenntnisse, F\u00e4higkeiten und Fertigkeiten erwerben, die Interessen entwickeln sowie die Einstellungen und Erfahrungen gewinnen, die f\u00fcr den Besuch der gymnasialen Oberstufe erforderlich und Grundlage f\u00fcr eine Erfolg versprechende Mitarbeit in der gymnasialen Oberstufe sind. Die Sekundarstufe I bereitet somit den Erwerb der allgemeinen Studierf\u00e4higkeit vor und st\u00e4rkt selbst\u00e4ndiges Lernen und wissenschafts\u00adprop\u00e4deutisches Arbeiten.<\/p>\n\n\n\n<p><\/p>\n<\/div>\n\n\n\n<div class=\"wp-block-column is-layout-flow wp-block-column-is-layout-flow\" style=\"--col-width:33.33%;flex-basis:33.33%\">\n<figure class=\"wp-block-image size-full\"><img loading=\"lazy\" decoding=\"async\" width=\"614\" height=\"874\" src=\"https:\/\/wordpress.nibis.de\/kgssalzh\/files\/2026\/02\/72.095-01-002-1.jpg\" alt=\"\" class=\"wp-image-4519\" srcset=\"https:\/\/wordpress.nibis.de\/kgssalzh\/files\/2026\/02\/72.095-01-002-1.jpg 614w, https:\/\/wordpress.nibis.de\/kgssalzh\/files\/2026\/02\/72.095-01-002-1-100x142.jpg 100w\" sizes=\"auto, (max-width: 614px) 100vw, 614px\" \/><figcaption class=\"wp-element-caption\">Gymnasialzweigleitung: Roman Michalski<\/figcaption><\/figure>\n<\/div>\n<\/div>\n\n\n\n<p class=\"has-medium-font-size\"><strong>Sekundarstufe I<\/strong><strong><\/strong><\/p>\n\n\n\n<p class=\"has-medium-font-size\"><strong>Organisation des Unterrichts<\/strong><strong><\/strong><\/p>\n\n\n\n<p>Derzeit werden die Sch\u00fclerInnen im Gymnasialzweig nach den Vorgaben der Stundentafel 1 unterrichtet. Zum Schuljahr 2024\/25 erfolgte ein Wechsel der Stundentafel. Der Unterricht wird ab dem genannten Schuljahr f\u00fcr die Jahrg\u00e4nge 5 bis 8 nach Stundentafel 2 erteilt. Die Einf\u00fchrung der Stundentafel 2 f\u00fcr die Jahrg\u00e4nge 9 und 10 erfolgt hochwachsend in den Schuljahren 2025\/26 (Jg. 9) und 2026\/27 (Jg. 10). Verbunden mit dem Wechsel der Stundentafel ist die Einrichtung eines Wahlpflichtbereichs (WPB) in den Jahrgangsstufen 8, 9 und 10 des Gymnasialzweiges. <\/p>\n\n\n\n<p><strong>Integrativer Kursunterricht<\/strong><\/p>\n\n\n\n<p>In den Jahrgangsstufen 5 bis 10 findet der Unterricht in den F\u00e4chern Religion, Werte und Normen und Sport schulzweig\u00fcbergreifend statt. <\/p>\n\n\n\n<p><strong>Verf\u00fcgungsstunden, besonderer Klassenunterricht (BKU) und TeamKlassenleitung<\/strong><\/p>\n\n\n\n<p>In allen Jahrgangsstufen der Sekundarstufe I sowie in der Jahrgangsstufe 11 findet w\u00f6chentlich eine sogenannte Verf\u00fcgungs- bzw. Klassenleitungsstunde statt. In den Klassen 5 und 6 wird hier das Konzept des Besonderen Klassenunterrichts (BKU) umgesetzt. Die Klassen 5 und 6 werden in allen drei Schulzweigen in den Jahrgangsstufen 5 und 6 von zwei Klassenlehrkr\u00e4ften im Team gef\u00fchrt.<\/p>\n\n\n\n<p><strong>Fremdsprachenangebot<\/strong><\/p>\n\n\n\n<p>Die f\u00fcr die Sch\u00fclerInnen verpflichtende zweite Fremdsprache wird ab Klasse 6 in klassen\u00fcbergreifenden Kursen unterrichtet. Als zweite Fremdsprachen bietet die KGS Salzhemmendorf Franz\u00f6sisch und Latein an. Ab Klasse 8 ist im Rahmen des Wahlpflichtunterrichts eine Belegung von Spanisch als Wahlfremdsprache m\u00f6glich.<\/p>\n\n\n\n<p><strong>Wahlpflichbereich<\/strong><\/p>\n\n\n\n<p>In der Jahrgangsstufe 8 ist an der KGS Salzhemmendorf ein schulzweig\u00fcbergreifender Wahlpflichtbereich eingerichtet. Hier wird  den Sch\u00fclerInnen ein vielf\u00e4ltiges Wahlpflichkursangebot verschiedener F\u00e4cher und Fachbereiche bzw. Themen- und Fragestellungen unterbreitet. Im Schuljahr 2024\/25 konnten die Sch\u00fclerInnen einen der folgenden Kurse w\u00e4hlen: Medienscouts, Gestaltendes Werken, Nachhaltigkeit, Recycling, Schulwald, Trommeln, Tanzen, Darstellendes Spiel, Ern\u00e4hrung und Gesundheit, SporthelferInnenausbildung sowie Spanisch in G und Franz\u00f6sisch in R. Der Wahlplichtbereich in den Jahrgangsstufen 9 und 10 ist in Vorbereitung.<\/p>\n\n\n\n<p class=\"has-medium-font-size\"><strong>Abschl\u00fcsse<\/strong><strong><\/strong><\/p>\n\n\n\n<p>Mit der Versetzung am Ende der Klasse 10 erhalten die Sch\u00fclerInnen den Erweiterten Sekundarabschluss I sowie die Berechtigung, die Einf\u00fchrungsphase der gymnasialen Oberstufe zu besuchen.<\/p>\n\n\n\n<p class=\"has-medium-font-size\"><\/p>\n","protected":false},"excerpt":{"rendered":"<p>Unser Gymnasialzweig Die KGS Salzhemmendorf bietet mit ihren drei Schulzweigen sowie der gymnasialen Oberstufe im Gymnasialzweig ein vollst\u00e4ndiges und wohnortnahes schulisches Angebot von der Klasse &hellip; <\/p>\n","protected":false},"author":9194300,"featured_media":0,"parent":0,"menu_order":0,"comment_status":"closed","ping_status":"closed","template":"","meta":{"footnotes":""},"class_list":["post-330","page","type-page","status-publish","hentry"],"_links":{"self":[{"href":"https:\/\/wordpress.nibis.de\/kgssalzh\/wp-json\/wp\/v2\/pages\/330","targetHints":{"allow":["GET"]}}],"collection":[{"href":"https:\/\/wordpress.nibis.de\/kgssalzh\/wp-json\/wp\/v2\/pages"}],"about":[{"href":"https:\/\/wordpress.nibis.de\/kgssalzh\/wp-json\/wp\/v2\/types\/page"}],"author":[{"embeddable":true,"href":"https:\/\/wordpress.nibis.de\/kgssalzh\/wp-json\/wp\/v2\/users\/9194300"}],"replies":[{"embeddable":true,"href":"https:\/\/wordpress.nibis.de\/kgssalzh\/wp-json\/wp\/v2\/comments?post=330"}],"version-history":[{"count":12,"href":"https:\/\/wordpress.nibis.de\/kgssalzh\/wp-json\/wp\/v2\/pages\/330\/revisions"}],"predecessor-version":[{"id":4520,"href":"https:\/\/wordpress.nibis.de\/kgssalzh\/wp-json\/wp\/v2\/pages\/330\/revisions\/4520"}],"wp:attachment":[{"href":"https:\/\/wordpress.nibis.de\/kgssalzh\/wp-json\/wp\/v2\/media?parent=330"}],"curies":[{"name":"wp","href":"https:\/\/api.w.org\/{rel}","templated":true}]}}