{"id":392,"date":"2023-10-31T17:13:41","date_gmt":"2023-10-31T16:13:41","guid":{"rendered":"https:\/\/wordpress.nibis.de\/kgssalzh\/?page_id=392"},"modified":"2026-02-12T14:34:47","modified_gmt":"2026-02-12T13:34:47","slug":"anmeldung-jahrgang-5","status":"publish","type":"page","link":"https:\/\/wordpress.nibis.de\/kgssalzh\/anmeldung-jahrgang-5\/","title":{"rendered":"Anmeldung Jahrgang 5"},"content":{"rendered":"\n<p class=\"has-text-align-center has-background\" style=\"background-color:#69a243;font-size:25px\"><strong><span style=\"color:#000000\" class=\"tadv-color\">Anmeldung Jahrgang 5<\/span><\/strong><\/p>\n\n\n\n<p class=\"has-medium-font-size\">Sehr geehrte Damen und Herren,<\/p>\n\n\n\n<p class=\"has-medium-font-size\">Sie k\u00f6nnen sich ab sofort auch online Anmelden!<\/p>\n\n\n\n<div class=\"wp-block-buttons is-layout-flex wp-block-buttons-is-layout-flex\">\n<div class=\"wp-block-button\"><a class=\"wp-block-button__link has-background wp-element-button\" href=\"https:\/\/haneke.de\/schueleranmeldung\/Eingabe?id=435239744\" style=\"background-color:#69a243\" target=\"_blank\" rel=\"noreferrer noopener\">ONLINE ANMELDUNG<\/a><\/div>\n<\/div>\n\n\n\n<p class=\"has-medium-font-size\">Gerne k\u00f6nnen sie weiterhin auch pers\u00f6nlich vorbeikommen. <br>Bitte bringen Sie in beiden F\u00e4llen folgende Unterlagen zur Anmeldung mit oder \u00fcbersenden Sie diese gerne auch per Mail an:              <a href=\"&#x6d;&#97;i&#x6c;&#x74;&#111;:&#x69;&#x6e;&#102;o&#x40;&#107;g&#x73;&#x2d;&#115;a&#x6c;&#x7a;&#104;e&#x6d;&#109;&#101;&#x6e;&#x64;&#111;r&#x66;&#x2e;&#100;e\">&#x69;&#110;f&#x6f;&#64;k&#x67;&#115;-&#x73;&#97;l&#x7a;&#104;e&#x6d;&#109;e&#x6e;&#100;o&#x72;&#102;&#46;&#x64;&#101;<\/a><\/p>\n\n\n\n<div class=\"wp-block-file\"><a id=\"wp-block-file--media-57c688ac-f284-4d65-bf09-e588fc2fc0b6\" href=\"https:\/\/wordpress.nibis.de\/kgssalzh\/files\/2026\/01\/Anmeldebogen-26-27.pdf\" target=\"_blank\" rel=\"noreferrer noopener\"><strong>1. Anmeldebogen 26\/27<\/strong><\/a><a href=\"https:\/\/wordpress.nibis.de\/kgssalzh\/files\/2026\/01\/Anmeldebogen-26-27.pdf\" class=\"wp-block-file__button wp-element-button\" download aria-describedby=\"wp-block-file--media-57c688ac-f284-4d65-bf09-e588fc2fc0b6\"><mark>Herunterladen<\/mark><\/a><\/div>\n\n\n\n<div class=\"wp-block-file\"><a id=\"wp-block-file--media-0b710cec-550e-4711-9454-b46b1c85c2f1\" href=\"https:\/\/wordpress.nibis.de\/kgssalzh\/files\/2025\/02\/2-Erklaerung-zur-Sorgeberechtigung-25_26.pdf\" target=\"_blank\" rel=\"noreferrer noopener\"><strong>2. Erkl\u00e4rung zur Sorgeberechtigung<\/strong><\/a><a href=\"https:\/\/wordpress.nibis.de\/kgssalzh\/files\/2025\/02\/2-Erklaerung-zur-Sorgeberechtigung-25_26.pdf\" class=\"wp-block-file__button wp-element-button\" download aria-describedby=\"wp-block-file--media-0b710cec-550e-4711-9454-b46b1c85c2f1\"><mark>Herunterladen<\/mark><\/a><\/div>\n\n\n\n<div class=\"wp-block-file\"><a id=\"wp-block-file--media-2f404f1b-9c95-4bc8-947f-e4253f921441\" href=\"https:\/\/wordpress.nibis.de\/kgssalzh\/files\/2025\/02\/Allgemein_VerbindlichesRegelwerkKGS-3-1.pdf\" target=\"_blank\" rel=\"noreferrer noopener\"><strong>3. Verbindliches Regelwerk KGS<\/strong><\/a><a href=\"https:\/\/wordpress.nibis.de\/kgssalzh\/files\/2025\/02\/Allgemein_VerbindlichesRegelwerkKGS-3-1.pdf\" class=\"wp-block-file__button wp-element-button\" download aria-describedby=\"wp-block-file--media-2f404f1b-9c95-4bc8-947f-e4253f921441\"><mark>Herunterladen<\/mark><\/a><\/div>\n\n\n\n<div class=\"wp-block-file\"><a id=\"wp-block-file--media-68a94b62-adc5-4811-9e17-a1c8eb5855d6\" href=\"https:\/\/wordpress.nibis.de\/kgssalzh\/files\/2026\/01\/Anmeldung-zu-der-entgeltlichen-Ausleihe-von-Lernmitteln_26_27_neu.pdf\" target=\"_blank\" rel=\"noreferrer noopener\"><strong>4. Anmeldung zur Schulbuchausleihe 26\/27<\/strong><\/a><a href=\"https:\/\/wordpress.nibis.de\/kgssalzh\/files\/2026\/01\/Anmeldung-zu-der-entgeltlichen-Ausleihe-von-Lernmitteln_26_27_neu.pdf\" class=\"wp-block-file__button wp-element-button\" download aria-describedby=\"wp-block-file--media-68a94b62-adc5-4811-9e17-a1c8eb5855d6\"><mark>Herunterladen<\/mark><\/a><\/div>\n\n\n\n<p class=\"has-medium-font-size\"><br>Zus\u00e4tzlich ben\u00f6tigen wir eine <strong>Kopie des letzten Zeugnisses<\/strong>, eine Kopie der <strong>Geburtsurkunde\/Ausweis<\/strong><br>und den<strong> Masernschutzimpfnachweis<\/strong>.<br><\/p>\n\n\n\n<p class=\"has-text-align-center tw-mt-6 tw-mb-0 has-background\" style=\"background-color:#69a243;font-size:25px\"><strong><span style=\"color:#000000\" class=\"tadv-color\">Die Einstiegswoche in Jahrgang 5<\/span><\/strong><\/p>\n\n\n\n<ul class=\"wp-block-list\">\n<li>Einf\u00fchrungstage tragen zum gegenseitigen Kennenlernen und Vertrautwerden in der neuen schulischen Umgebung bei, und eine Rallye durch die Schule erleichtert die Orientierung im Geb\u00e4ude.<\/li>\n<\/ul>\n\n\n\n<ul class=\"wp-block-list\">\n<li>Ein Wandertag in der ersten Schulwoche bietet Spiel und Spa\u00df in der Umgebung der KGS<\/li>\n<\/ul>\n\n\n\n<ul class=\"wp-block-list\">\n<li>Ausgebildete Klassenpaten aus dem 10. Jahrgang betreuen die Kinder in der Anfangsphase besonders intensiv und helfen bei kleinen und gro\u00dfen Sorgen.<\/li>\n<\/ul>\n\n\n\n<ul class=\"wp-block-list\">\n<li>Die M\u00f6glichkeit der Anmietung von Schlie\u00dff\u00e4chern \u201eerleichtert\u201c den Ranzen, weil einige B\u00fccher und Materialien verschlossen in der Schule aufbewahrt werden k\u00f6nnen.  Infos dazu gibt es hier: <a href=\"https:\/\/wordpress.nibis.de\/kgssalzh\/files\/2023\/10\/Schliessfaecher-Mietra.pdf\" target=\"_blank\" rel=\"noreferrer noopener\">Schliessf\u00e4ch<\/a><a href=\"https:\/\/wordpress.nibis.de\/kgssalzh\/files\/2023\/10\/Schliessfaecher-Mietra.pdf\" data-type=\"URL\" data-id=\"https:\/\/wordpress.nibis.de\/kgssalzh\/files\/2023\/10\/Schliessfaecher-Mietra.pdf\" target=\"_blank\" rel=\"noreferrer noopener\">er Mietra<\/a><\/li>\n<\/ul>\n\n\n\n<div class=\"wp-block-group\"><div class=\"wp-block-group__inner-container is-layout-flow wp-block-group-is-layout-flow\">\n<p class=\"has-text-align-center tw-mt-5 has-background\" style=\"background-color:#69a243;font-size:25px\"><strong><span style=\"color:#000000\" class=\"tadv-color\">So k\u00f6nnte die erste Schulwoche bei uns aussehen:<\/span><\/strong><\/p>\n<\/div><\/div>\n\n\n\n<div data-wp-interactive=\"core\/file\" class=\"wp-block-file\"><object data-wp-bind--hidden=\"!state.hasPdfPreview\" hidden class=\"wp-block-file__embed\" data=\"https:\/\/wordpress.nibis.de\/kgssalzh\/files\/2025\/02\/Meine-erste-Schulwoche-an-der-KGS-korrigiert.pdf\" type=\"application\/pdf\" style=\"width:100%;height:600px\" aria-label=\"Einbettung von Meine erste Schulwoche an der KGS.\"><\/object><a id=\"wp-block-file--media-918b6465-3838-4024-91f6-9caeb8c39328\" href=\"https:\/\/wordpress.nibis.de\/kgssalzh\/files\/2025\/02\/Meine-erste-Schulwoche-an-der-KGS-korrigiert.pdf\" target=\"_blank\" rel=\"noreferrer noopener\">Meine erste Schulwoche an der KGS<\/a><a href=\"https:\/\/wordpress.nibis.de\/kgssalzh\/files\/2025\/02\/Meine-erste-Schulwoche-an-der-KGS-korrigiert.pdf\" class=\"wp-block-file__button wp-element-button\" download aria-describedby=\"wp-block-file--media-918b6465-3838-4024-91f6-9caeb8c39328\"><mark>Herunterladen<\/mark><\/a><\/div>\n\n\n\n<p class=\"has-text-align-center tw-mt-6 has-background\" style=\"background-color:#69a243;font-size:25px\"><strong><span style=\"color:#000000\" class=\"tadv-color\">Schwerpunkte in Jahrgang 5<\/span><\/strong><\/p>\n\n\n\n<div class=\"wp-block-columns has-text-align-center tw-cols-card tw-cols-card-shadow is-layout-flex wp-container-core-columns-is-layout-abceabcf wp-block-columns-is-layout-flex\">\n<div class=\"wp-block-column is-layout-flow wp-block-column-is-layout-flow\">\n<p class=\"has-text-align-center has-medium-font-size\"><strong>Schl\u00fcsselqualifikationen<\/strong><\/p>\n\n\n\n<p>Methodenkompetenz<\/p>\n\n\n\n<p> Lern- und Arbeitskompetenz<\/p>\n\n\n\n<p> Medienkompetenz<\/p>\n\n\n\n<p>selbstgesteuertes Lernen<\/p>\n\n\n\n<p>Teamentwicklung<\/p>\n\n\n\n<p>Kommunikationskompetenz<\/p>\n<\/div>\n\n\n\n<div class=\"wp-block-column is-layout-flow wp-block-column-is-layout-flow\">\n<p class=\"has-medium-font-size\"><strong>Beratung, Begleitung und Betreuung durch<\/strong><\/p>\n\n\n\n<p>unsere Sozialp\u00e4dagogin sowie Beratungslehrkr\u00e4ft<\/p>\n\n\n\n<p>die Schulseelsorge<\/p>\n\n\n\n<p>Buddys, die z. B. unsere J\u00fcngsten als Klassenpaten betreuen<\/p>\n\n\n\n<p>ausgebildete Streitschlichterinnen und Streitschlichter<\/p>\n\n\n\n<p> die Durchf\u00fchrung von Sozialtrainings zu unterschiedlichen Schwerpunkten<\/p>\n<\/div>\n\n\n\n<div class=\"wp-block-column is-layout-flow wp-block-column-is-layout-flow\">\n<p class=\"has-medium-font-size\"><strong>Lern- und Arbeitstechniken<\/strong><\/p>\n\n\n\n<p>Hausaufgaben (Strukturierung und Planung)<\/p>\n\n\n\n<p>Heft- und Mappenf\u00fchrung<\/p>\n\n\n\n<p>Nachschlagen und Recherchieren<\/p>\n\n\n\n<p>Lesetechniken<\/p>\n\n\n\n<p>Mind Map<\/p>\n\n\n\n<p>Vorbereitung einer Klassenarbeit<\/p>\n\n\n\n<p>Zeitplanung, Lerntechniken<\/p>\n\n\n\n<p>EDV-Grundbildung<\/p>\n<\/div>\n<\/div>\n\n\n\n<p><strong><a href=\"https:\/\/wordpress.nibis.de\/kgssalzh\/anmeldung\/\" data-type=\"page\" data-id=\"137\">zur\u00fcck<\/a><\/strong><\/p>\n","protected":false},"excerpt":{"rendered":"<p>Anmeldung Jahrgang 5 Sehr geehrte Damen und Herren, Sie k\u00f6nnen sich ab sofort auch online Anmelden! Gerne k\u00f6nnen sie weiterhin auch pers\u00f6nlich vorbeikommen. Bitte bringen &hellip; <\/p>\n","protected":false},"author":9194300,"featured_media":0,"parent":0,"menu_order":0,"comment_status":"closed","ping_status":"closed","template":"","meta":{"footnotes":""},"class_list":["post-392","page","type-page","status-publish","hentry"],"_links":{"self":[{"href":"https:\/\/wordpress.nibis.de\/kgssalzh\/wp-json\/wp\/v2\/pages\/392","targetHints":{"allow":["GET"]}}],"collection":[{"href":"https:\/\/wordpress.nibis.de\/kgssalzh\/wp-json\/wp\/v2\/pages"}],"about":[{"href":"https:\/\/wordpress.nibis.de\/kgssalzh\/wp-json\/wp\/v2\/types\/page"}],"author":[{"embeddable":true,"href":"https:\/\/wordpress.nibis.de\/kgssalzh\/wp-json\/wp\/v2\/users\/9194300"}],"replies":[{"embeddable":true,"href":"https:\/\/wordpress.nibis.de\/kgssalzh\/wp-json\/wp\/v2\/comments?post=392"}],"version-history":[{"count":40,"href":"https:\/\/wordpress.nibis.de\/kgssalzh\/wp-json\/wp\/v2\/pages\/392\/revisions"}],"predecessor-version":[{"id":4883,"href":"https:\/\/wordpress.nibis.de\/kgssalzh\/wp-json\/wp\/v2\/pages\/392\/revisions\/4883"}],"wp:attachment":[{"href":"https:\/\/wordpress.nibis.de\/kgssalzh\/wp-json\/wp\/v2\/media?parent=392"}],"curies":[{"name":"wp","href":"https:\/\/api.w.org\/{rel}","templated":true}]}}