{"id":394,"date":"2023-10-31T17:13:55","date_gmt":"2023-10-31T16:13:55","guid":{"rendered":"https:\/\/wordpress.nibis.de\/kgssalzh\/?page_id=394"},"modified":"2025-06-17T13:52:49","modified_gmt":"2025-06-17T11:52:49","slug":"anmeldung-jahrgang-6-13","status":"publish","type":"page","link":"https:\/\/wordpress.nibis.de\/kgssalzh\/anmeldung-jahrgang-6-13\/","title":{"rendered":"Anmeldung Jahrgang 6-13"},"content":{"rendered":"\n<p class=\"has-text-align-center has-background\" style=\"background-color:#69a243;font-size:25px\"><strong><span style=\"color:#000000\" class=\"tadv-color\">Anmeldung Jahrgang 6-13<\/span><\/strong><\/p>\n\n\n\n<p class=\"has-medium-font-size\">Sehr geehrte Damen und Herren,<br>nehmen Sie bitte vorab pers\u00f6nlichen Kontakt zur Schulzweigleitung auf.<\/p>\n\n\n\n<p>F\u00fcr den Gymnasialzweig: <a href=\"https:\/\/wordpress.nibis.de\/kgssalzh\/michael-ehrhardt\/\" data-type=\"page\" data-id=\"294\"><strong>Herr Ehrhardt<\/strong><\/a><\/p>\n\n\n\n<p>F\u00fcr den Realschulzweig: <a href=\"https:\/\/wordpress.nibis.de\/kgssalzh\/jennifer-hardt\/\" data-type=\"page\" data-id=\"1523\"><strong>Frau Hardt<\/strong><\/a><\/p>\n\n\n\n<p>F\u00fcr den Hauptschulzweig: <a href=\"https:\/\/wordpress.nibis.de\/kgssalzh\/jennifer-breck\/\" data-type=\"page\" data-id=\"292\"><strong>Frau Breck<\/strong><\/a><\/p>\n\n\n\n<p class=\"has-medium-font-size\">Zur Anmeldung m\u00fcssen anschlie\u00dfend f\u00fcnf Schritte erfolgen, die Sie durch Herunterladen der Formulare erledigen k\u00f6nnen. Zudem stehen Formulare in der Schule zur Verf\u00fcgung :<\/p>\n\n\n\n<p class=\"has-medium-font-size\">Sie k\u00f6nnen sich ab sofort auch online Anmelden!<\/p>\n\n\n\n<div class=\"wp-block-buttons is-layout-flex wp-block-buttons-is-layout-flex\">\n<div class=\"wp-block-button\"><a class=\"wp-block-button__link has-background\" href=\"https:\/\/haneke.de\/schueleranmeldung\/Eingabe?id=1743278720\" style=\"background-color:#69a243\" target=\"_blank\" rel=\"noreferrer noopener\">ONLINE ANMELDUNG<\/a><\/div>\n<\/div>\n\n\n\n<p class=\"has-medium-font-size\">Gerne k\u00f6nnen sie weiterhin auch pers\u00f6nlich vorbeikommen. <br>Bitte bringen Sie in beiden F\u00e4llen folgende Unterlagen zur Anmeldung mit oder \u00fcbersenden Sie diese gerne auch per Mail an:              <a href=\"m&#97;&#x69;&#x6c;&#x74;o&#58;&#105;&#x6e;&#x66;o&#64;&#107;&#x67;&#x73;-s&#97;&#x6c;&#x7a;&#x68;e&#109;&#x6d;&#x65;&#x6e;d&#111;&#114;&#x66;&#x2e;d&#101;\">&#x69;n&#x66;&#111;&#x40;&#107;&#x67;&#x73;-&#x73;&#97;&#x6c;&#122;&#x68;&#101;m&#x6d;&#101;&#x6e;&#100;&#x6f;&#114;f&#x2e;&#100;&#x65;<\/a><\/p>\n\n\n\n<div class=\"wp-block-file\"><a id=\"wp-block-file--media-c23317c5-7eb2-4f35-b969-ced5353552d3\" href=\"https:\/\/wordpress.nibis.de\/kgssalzh\/files\/2023\/10\/Anmeldeformular.pdf\" target=\"_blank\" rel=\"noreferrer noopener\">1. Das Anmeldeformular<\/a><a href=\"https:\/\/wordpress.nibis.de\/kgssalzh\/files\/2023\/10\/Anmeldeformular.pdf\" class=\"wp-block-file__button\" download aria-describedby=\"wp-block-file--media-c23317c5-7eb2-4f35-b969-ced5353552d3\">Herunterladen<\/a><\/div>\n\n\n\n<div class=\"wp-block-file\"><a id=\"wp-block-file--media-ae57be6b-b7b5-4e9e-9cb3-64660b34ff30\" href=\"https:\/\/wordpress.nibis.de\/kgssalzh\/files\/2023\/10\/2-Sorgerechtserklaerung.pdf\" target=\"_blank\" rel=\"noreferrer noopener\">2. Die Sorgerechtserkl\u00e4rung<\/a><a href=\"https:\/\/wordpress.nibis.de\/kgssalzh\/files\/2023\/10\/2-Sorgerechtserklaerung.pdf\" class=\"wp-block-file__button\" download aria-describedby=\"wp-block-file--media-ae57be6b-b7b5-4e9e-9cb3-64660b34ff30\">Herunterladen<\/a><\/div>\n\n\n\n<p class=\"tw-mt-5\">3. Eine Kopie des letzten Zeugnis<\/p>\n\n\n\n<div class=\"wp-block-file\"><a id=\"wp-block-file--media-92a47ac3-3e0a-44d8-bfca-dcf0aa61570a\" href=\"https:\/\/wordpress.nibis.de\/kgssalzh\/files\/2023\/10\/Masernschutz-Neuaufnahme.pdf\" target=\"_blank\" rel=\"noreferrer noopener\">4. Masernschutznachweis<\/a><a href=\"https:\/\/wordpress.nibis.de\/kgssalzh\/files\/2023\/10\/Masernschutz-Neuaufnahme.pdf\" class=\"wp-block-file__button\" download aria-describedby=\"wp-block-file--media-92a47ac3-3e0a-44d8-bfca-dcf0aa61570a\">Herunterladen<\/a><\/div>\n\n\n\n<div class=\"wp-block-file\"><a id=\"wp-block-file--media-b2f92993-0238-4311-98ed-e93fc01afd6a\" href=\"https:\/\/wordpress.nibis.de\/kgssalzh\/files\/2025\/02\/Information-ueber-die-entgeltliche-Ausleihe-von-Lernmitteln.pdf\" target=\"_blank\" rel=\"noreferrer noopener\">5. Information \u00fcber die entgeltliche Ausleihe von Lernmitteln<\/a><a href=\"https:\/\/wordpress.nibis.de\/kgssalzh\/files\/2025\/02\/Information-ueber-die-entgeltliche-Ausleihe-von-Lernmitteln.pdf\" class=\"wp-block-file__button\" download aria-describedby=\"wp-block-file--media-b2f92993-0238-4311-98ed-e93fc01afd6a\">Herunterladen<\/a><\/div>\n\n\n\n<div class=\"wp-block-file\"><a id=\"wp-block-file--media-50ef2ecc-2269-4368-ac7f-d924b3f3c4ed\" href=\"https:\/\/wordpress.nibis.de\/kgssalzh\/files\/2025\/02\/Anmeldung-zu-der-entgeltlichen-Ausleihe-von-Lernmitteln.pdf\" target=\"_blank\" rel=\"noreferrer noopener\">6. Anmeldung zu der entgeltlichen Ausleihe von Lernmitteln<\/a><a href=\"https:\/\/wordpress.nibis.de\/kgssalzh\/files\/2025\/02\/Anmeldung-zu-der-entgeltlichen-Ausleihe-von-Lernmitteln.pdf\" class=\"wp-block-file__button\" download aria-describedby=\"wp-block-file--media-50ef2ecc-2269-4368-ac7f-d924b3f3c4ed\">Herunterladen<\/a><\/div>\n\n\n\n<div class=\"wp-block-file\"><a id=\"wp-block-file--media-5ef37503-8085-46f6-9a6a-158ea8741ff1\" href=\"https:\/\/wordpress.nibis.de\/kgssalzh\/files\/2025\/06\/Zusatzfragebogen-Jahrgang-11.pdf\" target=\"_blank\" rel=\"noreferrer noopener\">7. Zusatzfragebogen Jahrgang 11<\/a><a href=\"https:\/\/wordpress.nibis.de\/kgssalzh\/files\/2025\/06\/Zusatzfragebogen-Jahrgang-11.pdf\" class=\"wp-block-file__button\" download aria-describedby=\"wp-block-file--media-5ef37503-8085-46f6-9a6a-158ea8741ff1\">Herunterladen<\/a><\/div>\n\n\n\n<p><strong><a href=\"https:\/\/wordpress.nibis.de\/kgssalzh\/anmeldung\/\" data-type=\"page\" data-id=\"137\">zur\u00fcck<\/a><\/strong><\/p>\n","protected":false},"excerpt":{"rendered":"<p>Anmeldung Jahrgang 6-13 Sehr geehrte Damen und Herren,nehmen Sie bitte vorab pers\u00f6nlichen Kontakt zur Schulzweigleitung auf. F\u00fcr den Gymnasialzweig: Herr Ehrhardt F\u00fcr den Realschulzweig: Frau &hellip; <\/p>\n","protected":false},"author":9194300,"featured_media":0,"parent":0,"menu_order":0,"comment_status":"closed","ping_status":"closed","template":"","meta":{"footnotes":""},"class_list":["post-394","page","type-page","status-publish","hentry"],"_links":{"self":[{"href":"https:\/\/wordpress.nibis.de\/kgssalzh\/wp-json\/wp\/v2\/pages\/394","targetHints":{"allow":["GET"]}}],"collection":[{"href":"https:\/\/wordpress.nibis.de\/kgssalzh\/wp-json\/wp\/v2\/pages"}],"about":[{"href":"https:\/\/wordpress.nibis.de\/kgssalzh\/wp-json\/wp\/v2\/types\/page"}],"author":[{"embeddable":true,"href":"https:\/\/wordpress.nibis.de\/kgssalzh\/wp-json\/wp\/v2\/users\/9194300"}],"replies":[{"embeddable":true,"href":"https:\/\/wordpress.nibis.de\/kgssalzh\/wp-json\/wp\/v2\/comments?post=394"}],"version-history":[{"count":12,"href":"https:\/\/wordpress.nibis.de\/kgssalzh\/wp-json\/wp\/v2\/pages\/394\/revisions"}],"predecessor-version":[{"id":2727,"href":"https:\/\/wordpress.nibis.de\/kgssalzh\/wp-json\/wp\/v2\/pages\/394\/revisions\/2727"}],"wp:attachment":[{"href":"https:\/\/wordpress.nibis.de\/kgssalzh\/wp-json\/wp\/v2\/media?parent=394"}],"curies":[{"name":"wp","href":"https:\/\/api.w.org\/{rel}","templated":true}]}}