{"id":396,"date":"2023-10-31T17:14:04","date_gmt":"2023-10-31T16:14:04","guid":{"rendered":"https:\/\/wordpress.nibis.de\/kgssalzh\/?page_id=396"},"modified":"2024-08-04T20:04:29","modified_gmt":"2024-08-04T18:04:29","slug":"schulformwechsel","status":"publish","type":"page","link":"https:\/\/wordpress.nibis.de\/kgssalzh\/schulformwechsel\/","title":{"rendered":"Schulformwechsel"},"content":{"rendered":"\n<p class=\"has-text-align-center has-large-font-size\"><strong>Schulformwechsel an der KGS<\/strong><\/p>\n\n\n\n<p>Ein Schulformwechsel an einer Kooperativen Gesamtschule (KGS) in Niedersachsen bietet Sch\u00fclern die M\u00f6glichkeit, ihre Schullaufbahn innerhalb der Schule anzupassen, um bestm\u00f6glich gef\u00f6rdert zu werden. An einer KGS sind verschiedene Schulformen wie Hauptschule, Realschule und Gymnasium unter einem Dach vereint. Sch\u00fcler k\u00f6nnen entsprechend ihrer Leistungen und Bed\u00fcrfnisse zwischen diesen Schulzweigen wechseln. Dies erm\u00f6glicht eine flexible und individuelle Bildungsbiografie, die den Sch\u00fclern optimalen Erfolg und pers\u00f6nliche Entwicklungschancen bietet. Der Schulformwechsel wird dabei stets eng durch die Lehrkr\u00e4fte begleitet und unterst\u00fctzt.<\/p>\n\n\n\n<p>Sie haben Ihre Tochter\/Ihren Sohn f\u00fcr das kommende\/laufende Schuljahr\/Schulhalbjahr bei uns angemeldet. Wir freuen uns darauf, sie\/ihn in unsere Schulgemeinschaft aufnehmen zu k\u00f6nnen.<\/p>\n\n\n\n<p>Damit die Aufnahme rechtsg\u00fcltig ist, legen Sie bitte unmittelbar nach Empfang des Versetzungs-\/Halbjahreszeugnisses eine Kopie des Zeugnisses bei uns vor.<\/p>\n\n\n\n<p>Das Zeugnis muss beim Wechsel von<\/p>\n\n\n\n<ul class=\"wp-block-list\"><li>einer Oberschule oder einer IGS nach \u00a712, Abs. 2 WeSchVo eine Aussage&nbsp; der abgebenden Klassenkonferenz&nbsp; dar\u00fcber enthalten, welchem Jahrgang und welchem Schulzweig (Hauptschul-, Realschul- oder Gymnasialzweig) Ihr Kind zugewiesen werden soll.<\/li><li>Dazu stellen Sie bitte rechtzeitig vor der Versetzungskonferenz bei der abgebenden Schule einen schriftlichen Antrag auf \u00dcbergang in den gew\u00fcnschten Jahrgang und Schulzweig einer KGS.<\/li><li>Beim Wechsel von einer Hauptschule, einer Realschule, einem Gymnasium oder einer anderen KGS gegebenenfalls den Beschluss der Klassenkonferenz \u00fcber Schulformwechsel (z.B. vom Gymnasium in den Realschulzweig einer KGS) oder\/und freiwilliges Zur\u00fccktreten enthalten. Dazu stellen Sie bitte rechtzeitig vor der Versetzungskonferenz bei der abgebenden Schule schriftlich den entsprechenden Antrag.<\/li><\/ul>\n\n\n\n<p>Sollte das Zeugnis keinen Beschluss \u00fcber einen Antrag der Eltern enthalten, so k\u00f6nnen Sie ihr Kind nur in der im Zeugnis vorgegebenen Schulform und im vorgegebenen Jahrgang anmelden!<\/p>\n\n\n\n<p>Die Kopie des Zeugnisses k\u00f6nnen Sie bis sp\u00e4testens am zweiten Sommerferientag pers\u00f6nlich bis 13.30 Uhr bei uns abgeben oder uns mit der Post zusenden.<\/p>\n\n\n\n<p>Sollte der Beschluss der Klassenkonferenz von der Anmeldung abweichen, so setzen Sie uns bitte unmittelbar nach der Zeugniskonferenz dar\u00fcber in Kenntnis.<\/p>\n\n\n\n<p>Sollten Sie noch Fragen haben, so k\u00f6nnen Sie uns von Montag bis Freitag in der Zeit von 8.00 Uhr bis 13.30 Uhr telefonisch (05153\/80760) erreichen.<\/p>\n\n\n\n<p><strong><a href=\"https:\/\/wordpress.nibis.de\/kgssalzh\/anmeldung\/\" data-type=\"page\" data-id=\"137\">zur\u00fcck<\/a><\/strong><\/p>\n","protected":false},"excerpt":{"rendered":"<p>Schulformwechsel an der KGS Ein Schulformwechsel an einer Kooperativen Gesamtschule (KGS) in Niedersachsen bietet Sch\u00fclern die M\u00f6glichkeit, ihre Schullaufbahn innerhalb der Schule anzupassen, um bestm\u00f6glich &hellip; <\/p>\n","protected":false},"author":9194300,"featured_media":0,"parent":0,"menu_order":0,"comment_status":"closed","ping_status":"closed","template":"","meta":{"footnotes":""},"class_list":["post-396","page","type-page","status-publish","hentry"],"_links":{"self":[{"href":"https:\/\/wordpress.nibis.de\/kgssalzh\/wp-json\/wp\/v2\/pages\/396","targetHints":{"allow":["GET"]}}],"collection":[{"href":"https:\/\/wordpress.nibis.de\/kgssalzh\/wp-json\/wp\/v2\/pages"}],"about":[{"href":"https:\/\/wordpress.nibis.de\/kgssalzh\/wp-json\/wp\/v2\/types\/page"}],"author":[{"embeddable":true,"href":"https:\/\/wordpress.nibis.de\/kgssalzh\/wp-json\/wp\/v2\/users\/9194300"}],"replies":[{"embeddable":true,"href":"https:\/\/wordpress.nibis.de\/kgssalzh\/wp-json\/wp\/v2\/comments?post=396"}],"version-history":[{"count":2,"href":"https:\/\/wordpress.nibis.de\/kgssalzh\/wp-json\/wp\/v2\/pages\/396\/revisions"}],"predecessor-version":[{"id":1602,"href":"https:\/\/wordpress.nibis.de\/kgssalzh\/wp-json\/wp\/v2\/pages\/396\/revisions\/1602"}],"wp:attachment":[{"href":"https:\/\/wordpress.nibis.de\/kgssalzh\/wp-json\/wp\/v2\/media?parent=396"}],"curies":[{"name":"wp","href":"https:\/\/api.w.org\/{rel}","templated":true}]}}